{"id":15253,"date":"2023-04-03T10:12:56","date_gmt":"2023-04-03T10:12:56","guid":{"rendered":"https:\/\/www.peter.secondlevelserver.de\/?post_type=product&#038;p=15253"},"modified":"2026-04-22T10:09:55","modified_gmt":"2026-04-22T08:09:55","slug":"versidrive-i-43c2-0-75-30kw","status":"publish","type":"product","link":"https:\/\/www.peter-electronic.com\/produkt\/versidrive-i-43c2-0-75-30kw\/","title":{"rendered":"VersiDrive i 43C2+ [0,75 &#8211; 30kW]"},"content":{"rendered":"","protected":false},"excerpt":{"rendered":"<p>Die 3-phasigen Frequenzumrichter von PETER electronic bis 30kW<br \/>\n&#8220;VersiDrive i 43C2+&#8221; bieten effiziente L\u00f6sungen f\u00fcr alle Arten von Antriebsanwendungen.<br \/>\nSie verf\u00fcgen \u00fcber Funktionen zur pr\u00e4zisen Drehzahl-, Drehmoment- und Lageregelung, die sowohl f\u00fcr Synchron- und Asynchronmotoren mit als auch ohne Impulsgeber geeignet sind.<br \/>\nF\u00fcr h\u00f6chste Systemflexibilit\u00e4t und einen schnellen Datenaustausch sind die 3-phasigen Frequenzumrichter der<br \/>\nVersiDrive i &#8230; C2+ Serie mit einer integrierten SPS-Funktionalit\u00e4t ausgestattet und sie unterst\u00fctzen die CANopen-Master\/<br \/>\nSlave-Erweiterung.<\/p>\n","protected":false},"featured_media":15266,"template":"","meta":{"_acf_changed":false},"product_cat":[2275,2277,2273,2293],"product_tag":[],"class_list":{"0":"post-15253","1":"product","2":"type-product","3":"status-publish","4":"has-post-thumbnail","6":"product_cat-frequenzumrichter","7":"product_cat-performance-reihe","8":"product_cat-produkte","9":"product_cat-schaltschrankinstallation","10":"pa_application-area-2357","11":"pa_bevorzugte-einsatzgebiete-zentrifugen-ventilatoren-pumpen-forderanlagen-schleifmaschinen-holzbearbeitungsmaschinen-druckmaschinen-verpackungsmaschinen-textilmaschinen","12":"pa_downloads-https-www-peter-electronic-com-wp-wp-content-uploads-frequenzumrichter-3-phasig-bis-30kw-versidrive-i-43c2-0-75-30kw-datenblatt-de-pdf-pdf-technisches-datenblatt-https-www-peter-electronic-com-wp-wp-c","13":"pa_funktionen-steuerung-und-sollwertvorgabe-uber-klemmen-bedieneinheit-und-bussysteme-eingebaute-sps-funktion-potentialfreie-steuer-und-meldekontakte-motorfangfunktion-pwm-ein-ausgang-pid-regler","14":"pa_menu-filter-kategorie-schaltschrankinstallation-6","15":"pa_merkmale-drehzahl-drehmoment-und-lageregelung-induktionsmotoren-pm-motoren-sichere-drehmomentabschaltung-sto-abnehmbare-bedieneinheit-maximale-drehfeldfrequenz-599hz-bremschopper-integriert-schutzart-ip20-netz","16":"pa_motor-type-2571","17":"pa_nennleistung-0-37-kw","18":"pa_nennleistung-0-75-kw","19":"pa_nennleistung-0-2-kw","20":"pa_nennleistung-1-1-kw","21":"pa_nennleistung-1-5-kw","22":"pa_nennleistung-2-2-kw","23":"pa_nennleistung-3-7-kw","24":"pa_nennleistung-4-0-kw","25":"pa_nennleistung-5-5-kw","26":"pa_nennleistung-7-5-kw","27":"pa_nennleistung-11-kw","28":"pa_nennleistung-15-kw","29":"pa_nennleistung-18-5-kw","30":"pa_nennleistung-22-kw","31":"pa_nennleistung-25-kw","32":"pa_nennleistung-30-kw","33":"pa_nennleistung-37-kw","34":"pa_nennleistung-45-kw","35":"pa_nennleistung-55-kw","36":"pa_nennleistung-75-kw","37":"pa_nennleistung-90-kw","38":"pa_nennleistung-110-kw","39":"pa_nennleistung-132-kw","40":"pa_nennleistung-160-kw","41":"pa_nennleistung-200-kw","42":"pa_nennleistung-250-kw","43":"pa_nennspannung-380-480-v-10-15","44":"pa_optionen-optionen-siehe-zubehor-profibus-dp-modbus-tcp-ip-ethernet-ip-ethercat-devicenet-profinet-bacnet-e-a-erweiterungen-betriebssoftware","45":"pa_power-rating-2359","46":"pa_prafix-name-frequenzumrichter-3-phasig-bis-30kw","47":"pa_protection-class-2573","48":"pa_rated-frequency-2574","49":"pa_supply-voltage-2358","50":"pa_type-of-installation-2572","52":"first","53":"instock","54":"taxable","55":"shipping-taxable","56":"purchasable","57":"product-type-variable"},"acf":[],"yoast_head":"<!-- This site is optimized with the Yoast SEO plugin v23.9 - https:\/\/yoast.com\/wordpress\/plugins\/seo\/ -->\n<title>VersiDrive i 43C2+ [0,75 - 30kW] - Frequenzumrichter, Softstarter und Bremsger\u00e4te direkt vom Hersteller<\/title>\n<meta name=\"robots\" content=\"index, follow, max-snippet:-1, max-image-preview:large, max-video-preview:-1\" \/>\n<link rel=\"canonical\" href=\"https:\/\/www.peter-electronic.com\/produkt\/versidrive-i-43c2-0-75-30kw\/\" \/>\n<script type=\"application\/ld+json\" class=\"yoast-schema-graph\">{\"@context\":\"https:\/\/schema.org\",\"@graph\":[{\"@type\":\"WebPage\",\"@id\":\"https:\/\/www.peter-electronic.com\/produkt\/versidrive-i-43c2-0-75-30kw\/\",\"url\":\"https:\/\/www.peter-electronic.com\/produkt\/versidrive-i-43c2-0-75-30kw\/\",\"name\":\"VersiDrive i 43C2+ [0,75 - 30kW] - Frequenzumrichter, Softstarter und Bremsger\u00e4te direkt vom Hersteller\",\"isPartOf\":{\"@id\":\"https:\/\/www.peter-electronic.com\/#website\"},\"primaryImageOfPage\":{\"@id\":\"https:\/\/www.peter-electronic.com\/produkt\/versidrive-i-43c2-0-75-30kw\/#primaryimage\"},\"image\":{\"@id\":\"https:\/\/www.peter-electronic.com\/produkt\/versidrive-i-43c2-0-75-30kw\/#primaryimage\"},\"thumbnailUrl\":\"https:\/\/www.peter-electronic.com\/wp-content\/uploads\/2023\/04\/products-frequenzumrichter_frequenzumrichter-3-phasig-bis-30kw_vd-i-43c2-e-0-75-30kw_2_2.png\",\"datePublished\":\"2023-04-03T10:12:56+00:00\",\"dateModified\":\"2026-04-22T08:09:55+00:00\",\"breadcrumb\":{\"@id\":\"https:\/\/www.peter-electronic.com\/produkt\/versidrive-i-43c2-0-75-30kw\/#breadcrumb\"},\"inLanguage\":\"de\",\"potentialAction\":[{\"@type\":\"ReadAction\",\"target\":[\"https:\/\/www.peter-electronic.com\/produkt\/versidrive-i-43c2-0-75-30kw\/\"]}]},{\"@type\":\"ImageObject\",\"inLanguage\":\"de\",\"@id\":\"https:\/\/www.peter-electronic.com\/produkt\/versidrive-i-43c2-0-75-30kw\/#primaryimage\",\"url\":\"https:\/\/www.peter-electronic.com\/wp-content\/uploads\/2023\/04\/products-frequenzumrichter_frequenzumrichter-3-phasig-bis-30kw_vd-i-43c2-e-0-75-30kw_2_2.png\",\"contentUrl\":\"https:\/\/www.peter-electronic.com\/wp-content\/uploads\/2023\/04\/products-frequenzumrichter_frequenzumrichter-3-phasig-bis-30kw_vd-i-43c2-e-0-75-30kw_2_2.png\",\"width\":620,\"height\":440},{\"@type\":\"BreadcrumbList\",\"@id\":\"https:\/\/www.peter-electronic.com\/produkt\/versidrive-i-43c2-0-75-30kw\/#breadcrumb\",\"itemListElement\":[{\"@type\":\"ListItem\",\"position\":1,\"name\":\"Startseite\",\"item\":\"https:\/\/www.peter-electronic.com\/\"},{\"@type\":\"ListItem\",\"position\":2,\"name\":\"Shop\",\"item\":\"https:\/\/www.peter-electronic.com\/shop\/\"},{\"@type\":\"ListItem\",\"position\":3,\"name\":\"VersiDrive i 43C2+ [0,75 &#8211; 30kW]\"}]},{\"@type\":\"WebSite\",\"@id\":\"https:\/\/www.peter-electronic.com\/#website\",\"url\":\"https:\/\/www.peter-electronic.com\/\",\"name\":\"Frequenzumrichter, Softstarter und Bremsger\u00e4te direkt vom Hersteller\",\"description\":\"\",\"alternateName\":\"Frequenzumrichter, Softstarter und Bremsger\u00e4te direkt vom Hersteller\",\"potentialAction\":[{\"@type\":\"SearchAction\",\"target\":{\"@type\":\"EntryPoint\",\"urlTemplate\":\"https:\/\/www.peter-electronic.com\/?s={search_term_string}\"},\"query-input\":{\"@type\":\"PropertyValueSpecification\",\"valueRequired\":true,\"valueName\":\"search_term_string\"}}],\"inLanguage\":\"de\"}]}<\/script>\n<!-- \/ Yoast SEO plugin. -->","yoast_head_json":{"title":"VersiDrive i 43C2+ [0,75 - 30kW] - Frequenzumrichter, Softstarter und Bremsger\u00e4te direkt vom Hersteller","robots":{"index":"index","follow":"follow","max-snippet":"max-snippet:-1","max-image-preview":"max-image-preview:large","max-video-preview":"max-video-preview:-1"},"canonical":"https:\/\/www.peter-electronic.com\/produkt\/versidrive-i-43c2-0-75-30kw\/","schema":{"@context":"https:\/\/schema.org","@graph":[{"@type":"WebPage","@id":"https:\/\/www.peter-electronic.com\/produkt\/versidrive-i-43c2-0-75-30kw\/","url":"https:\/\/www.peter-electronic.com\/produkt\/versidrive-i-43c2-0-75-30kw\/","name":"VersiDrive i 43C2+ [0,75 - 30kW] - Frequenzumrichter, Softstarter und Bremsger\u00e4te direkt vom Hersteller","isPartOf":{"@id":"https:\/\/www.peter-electronic.com\/#website"},"primaryImageOfPage":{"@id":"https:\/\/www.peter-electronic.com\/produkt\/versidrive-i-43c2-0-75-30kw\/#primaryimage"},"image":{"@id":"https:\/\/www.peter-electronic.com\/produkt\/versidrive-i-43c2-0-75-30kw\/#primaryimage"},"thumbnailUrl":"https:\/\/www.peter-electronic.com\/wp-content\/uploads\/2023\/04\/products-frequenzumrichter_frequenzumrichter-3-phasig-bis-30kw_vd-i-43c2-e-0-75-30kw_2_2.png","datePublished":"2023-04-03T10:12:56+00:00","dateModified":"2026-04-22T08:09:55+00:00","breadcrumb":{"@id":"https:\/\/www.peter-electronic.com\/produkt\/versidrive-i-43c2-0-75-30kw\/#breadcrumb"},"inLanguage":"de","potentialAction":[{"@type":"ReadAction","target":["https:\/\/www.peter-electronic.com\/produkt\/versidrive-i-43c2-0-75-30kw\/"]}]},{"@type":"ImageObject","inLanguage":"de","@id":"https:\/\/www.peter-electronic.com\/produkt\/versidrive-i-43c2-0-75-30kw\/#primaryimage","url":"https:\/\/www.peter-electronic.com\/wp-content\/uploads\/2023\/04\/products-frequenzumrichter_frequenzumrichter-3-phasig-bis-30kw_vd-i-43c2-e-0-75-30kw_2_2.png","contentUrl":"https:\/\/www.peter-electronic.com\/wp-content\/uploads\/2023\/04\/products-frequenzumrichter_frequenzumrichter-3-phasig-bis-30kw_vd-i-43c2-e-0-75-30kw_2_2.png","width":620,"height":440},{"@type":"BreadcrumbList","@id":"https:\/\/www.peter-electronic.com\/produkt\/versidrive-i-43c2-0-75-30kw\/#breadcrumb","itemListElement":[{"@type":"ListItem","position":1,"name":"Startseite","item":"https:\/\/www.peter-electronic.com\/"},{"@type":"ListItem","position":2,"name":"Shop","item":"https:\/\/www.peter-electronic.com\/shop\/"},{"@type":"ListItem","position":3,"name":"VersiDrive i 43C2+ [0,75 &#8211; 30kW]"}]},{"@type":"WebSite","@id":"https:\/\/www.peter-electronic.com\/#website","url":"https:\/\/www.peter-electronic.com\/","name":"Frequenzumrichter, Softstarter und Bremsger\u00e4te direkt vom Hersteller","description":"","alternateName":"Frequenzumrichter, Softstarter und Bremsger\u00e4te direkt vom Hersteller","potentialAction":[{"@type":"SearchAction","target":{"@type":"EntryPoint","urlTemplate":"https:\/\/www.peter-electronic.com\/?s={search_term_string}"},"query-input":{"@type":"PropertyValueSpecification","valueRequired":true,"valueName":"search_term_string"}}],"inLanguage":"de"}]}},"_links":{"self":[{"href":"https:\/\/www.peter-electronic.com\/index.php?rest_route=\/wp\/v2\/product\/15253","targetHints":{"allow":["GET"]}}],"collection":[{"href":"https:\/\/www.peter-electronic.com\/index.php?rest_route=\/wp\/v2\/product"}],"about":[{"href":"https:\/\/www.peter-electronic.com\/index.php?rest_route=\/wp\/v2\/types\/product"}],"wp:featuredmedia":[{"embeddable":true,"href":"https:\/\/www.peter-electronic.com\/index.php?rest_route=\/wp\/v2\/media\/15266"}],"wp:attachment":[{"href":"https:\/\/www.peter-electronic.com\/index.php?rest_route=%2Fwp%2Fv2%2Fmedia&parent=15253"}],"wp:term":[{"taxonomy":"product_cat","embeddable":true,"href":"https:\/\/www.peter-electronic.com\/index.php?rest_route=%2Fwp%2Fv2%2Fproduct_cat&post=15253"},{"taxonomy":"product_tag","embeddable":true,"href":"https:\/\/www.peter-electronic.com\/index.php?rest_route=%2Fwp%2Fv2%2Fproduct_tag&post=15253"}],"curies":[{"name":"wp","href":"https:\/\/api.w.org\/{rel}","templated":true}]}}