{"id":15203,"date":"2021-10-12T12:07:38","date_gmt":"2021-10-12T10:07:38","guid":{"rendered":"https:\/\/www.peter.secondlevelserver.de\/?post_type=product&#038;p=15203"},"modified":"2025-04-30T12:19:00","modified_gmt":"2025-04-30T12:19:00","slug":"versistart-p-iii-835-1250a-2","status":"publish","type":"product","link":"https:\/\/www.peter-electronic.com\/en\/produkt\/versistart-p-iii-835-1250a-2\/","title":{"rendered":"VersiStart p III [835 &#8211; 1250A]"},"content":{"rendered":"","protected":false},"excerpt":{"rendered":"<p>Die Anlaufstrombegrenzer Produktfamilie VersiStart p III \u00fcberzeugt im Kern mit der f\u00fcr PETER electronic typischen Softstarter-Produktqualit\u00e4t und einer Vielfalt an Funktionen, die f\u00fcr optimale Sanftanlauf-, sowie Auslauf-Bedingungen und hochwertigen Schutz von Elektromotoren sorgen.<\/p>\n","protected":false},"featured_media":15224,"template":"","meta":{"_acf_changed":false},"product_cat":[2286,2274,2282],"product_tag":[],"class_list":{"0":"post-15203","1":"product","2":"type-product","3":"status-publish","4":"has-post-thumbnail","6":"product_cat-performance-range-soft-starters","7":"product_cat-products","8":"product_cat-soft-starters","9":"pa_bevorzugte-einsatzgebiete-centrifuges","10":"pa_bevorzugte-einsatzgebiete-compressors","11":"pa_bevorzugte-einsatzgebiete-conveyors","12":"pa_bevorzugte-einsatzgebiete-drives-with-high-load","13":"pa_bevorzugte-einsatzgebiete-electric-pumps","14":"pa_bevorzugte-einsatzgebiete-extraction-systems","15":"pa_bevorzugte-einsatzgebiete-grinding-machines","16":"pa_bevorzugte-einsatzgebiete-heat-pumps","17":"pa_bevorzugte-einsatzgebiete-others","18":"pa_bevorzugte-einsatzgebiete-packaging-machines","19":"pa_bevorzugte-einsatzgebiete-printing-machines","20":"pa_bevorzugte-einsatzgebiete-saws","21":"pa_bevorzugte-einsatzgebiete-stirrers","22":"pa_bevorzugte-einsatzgebiete-textile-machines","23":"pa_bevorzugte-einsatzgebiete-travelling-cranes","24":"pa_bevorzugte-einsatzgebiete-vacuum-pumps","25":"pa_bevorzugte-einsatzgebiete-ventilators-and-fans","26":"pa_bevorzugte-einsatzgebiete-woodworking-machines","27":"pa_downloads-https-www-peter-electronic-com-wp-wp-content-uploads-anlaufstrombegrenzer-bis-1250a-versistart-p-3-835-1250a-datenblatt-de-pdf-pdf-technisches-datenblatt-https-www-peter-electronic-com-wp-wp-content-u","28":"pa_funktionen-functions-soft-starter","29":"pa_funktionen-2-motor-sets-forward-or-reverse-jog-direction","30":"pa_funktionen-24vdc-output","31":"pa_funktionen-2x-programmable","32":"pa_funktionen-adjustable-initial-start-current-level-up-to-600-of-nominal-rating","33":"pa_funktionen-analog-output","34":"pa_funktionen-divers-soft-start-stop-control-types","35":"pa_funktionen-emergency-run","36":"pa_funktionen-relay-outputs-3x-programmable","37":"pa_funktionen-remote-control-inputs-2x-fixed","38":"pa_funktionen-units-with-690v-upon-request","39":"pa_geratenennstrom-3-5-a-en-2","40":"pa_geratenennstrom-6-a-en-2","41":"pa_geratenennstrom-6-5-a-en-2","42":"pa_geratenennstrom-9-a-en-2","43":"pa_geratenennstrom-12-a-en-2","44":"pa_geratenennstrom-15-a-en-2","45":"pa_geratenennstrom-16-a-2-en","46":"pa_geratenennstrom-17-a-en","47":"pa_geratenennstrom-18-a-en-2","48":"pa_geratenennstrom-22-a-en-2","49":"pa_geratenennstrom-23-a-en-2","50":"pa_geratenennstrom-24-a-en-2","51":"pa_geratenennstrom-25-a-en-2","52":"pa_geratenennstrom-30-a-en-2","53":"pa_geratenennstrom-32-a-en-2","54":"pa_geratenennstrom-34-a-en-2","55":"pa_geratenennstrom-36-a-en-2","56":"pa_geratenennstrom-37-a-en-2","57":"pa_geratenennstrom-38-a-en-2","58":"pa_geratenennstrom-40-a-en-2","59":"pa_geratenennstrom-42-a-en-2","60":"pa_geratenennstrom-43-a-en-2","61":"pa_geratenennstrom-45-a-en-2","62":"pa_geratenennstrom-48-a-en-2","63":"pa_geratenennstrom-52-a-en-2","64":"pa_geratenennstrom-53-a-en-2","65":"pa_geratenennstrom-60-a-en-2","66":"pa_geratenennstrom-65-a-en","67":"pa_geratenennstrom-69-a-en","68":"pa_geratenennstrom-72-a-en","69":"pa_geratenennstrom-75-a-en","70":"pa_geratenennstrom-76-a-en","71":"pa_geratenennstrom-80-a-en","72":"pa_geratenennstrom-85-a-en","73":"pa_geratenennstrom-100-a-en","74":"pa_geratenennstrom-105-a-en","75":"pa_geratenennstrom-132-a-en","76":"pa_geratenennstrom-135-a-en","77":"pa_geratenennstrom-140-a-en","78":"pa_geratenennstrom-145-a-en","79":"pa_geratenennstrom-170-a-en","80":"pa_geratenennstrom-184-a-en","81":"pa_geratenennstrom-200-a-en","82":"pa_geratenennstrom-220-a-en","83":"pa_geratenennstrom-222-a-en","84":"pa_geratenennstrom-229-a-en","85":"pa_geratenennstrom-250-a-en","86":"pa_geratenennstrom-255-a-en","87":"pa_geratenennstrom-350-a-en","88":"pa_geratenennstrom-352-a-en","89":"pa_geratenennstrom-360-a-en","90":"pa_geratenennstrom-397-a-en","91":"pa_geratenennstrom-400-a-en","92":"pa_geratenennstrom-410-a-en","93":"pa_geratenennstrom-425-a-en","94":"pa_geratenennstrom-500-a-en","95":"pa_geratenennstrom-550-a-en","96":"pa_geratenennstrom-580-a-en","97":"pa_geratenennstrom-600-a-en","98":"pa_geratenennstrom-700-a-en","99":"pa_geratenennstrom-820-a-en","100":"pa_geratenennstrom-835-a-en","101":"pa_geratenennstrom-920-a-en","102":"pa_geratenennstrom-940-a-en","103":"pa_geratenennstrom-1000-a-en","104":"pa_geratenennstrom-1070-a-en","105":"pa_geratenennstrom-1230-a-en","106":"pa_geratenennstrom-1250-a-en","107":"pa_menu-filter-kategorie-softstarter-dreiphasig-en","108":"pa_merkmale-features-soft-starter","109":"pa_merkmale-comprehensive-and-customizable-motor-protection","110":"pa_merkmale-current-and-torque-reduction-during-acceleration","111":"pa_merkmale-display-graphical-lcd-real-time-graphs-of-motor-operating-performance","112":"pa_merkmale-inside-delta-6-wire-connection","113":"pa_merkmale-integrated-bypass","114":"pa_merkmale-motor-ptc-connection","115":"pa_merkmale-three-phase-controlled-dgital-soft-starter-400-600kw","116":"pa_merkmale-usb-port","117":"pa_netzspannung-3x-200-480vac-15-10-en","118":"pa_netzspannung-200-575-v-en","119":"pa_netzspannung-200-525-v-en","120":"pa_netzspannung-200-480-v-10-en","121":"pa_netzspannung-200-440-v-en","122":"pa_netzspannung-220-240-v-10-en","123":"pa_netzspannung-380-480-v-10-en","124":"pa_netzspannung-380-415-v-10-en","125":"pa_netzspannung-400-v-10-en","126":"pa_netzspannung-400-600-v-10-en","127":"pa_option-apc-braking-current-display-plug-in-control-terminals-motor-ptc-monitoring-star-delta-starting-control-standstill-signalling-relay-braking-current-monitoring","128":"pa_option-c1-control-voltage-configuration-110-240-vac-or-380-440-vac-10-15","129":"pa_option-c2-control-voltage-configuration-24-vac-vdc-20","130":"pa_option-i-signalling-contacts-motor-ptc-current-control-heat-sink-temperature-monitoring","131":"pa_option-l-version-ip-20","132":"pa_option-lp-version-ip-00","133":"pa_option-p-with-isolating-module","134":"pa_option-st-pluggable-with-pin-connector-din-41617","135":"pa_option-st-p-pluggable-with-isolating-module","136":"pa_option-ul-version","137":"pa_option-with-switch","138":"pa_option-without-switch","139":"pa_option-b-200-575-v-10-en","140":"pa_option-c1-ansteuerungsspannung-110-120-vac-oder-220-240-vac-10-15-en","141":"pa_option-c2-ansteuerungsspannung-24-vac-vdc-20-en","142":"pa_option-standard-en","143":"pa_optionen-options-soft-starter","144":"pa_optionen-card-cable","145":"pa_optionen-deveicenet-interface","146":"pa_optionen-ethernet-ip-interface","147":"pa_optionen-modbus-rtu-interface","148":"pa_optionen-modbus-tcp-interface","149":"pa_optionen-profibus-interface","150":"pa_optionen-profinet-interface","151":"pa_optionen-remote-keypad","152":"pa_optionen-remote-keypad-cable","153":"pa_optionen-remote-keypad-card","154":"pa_optionen-smartcard-pump-application","155":"pa_power-rating-2375","156":"pa_supply-voltage-2374","158":"first","159":"instock","160":"taxable","161":"shipping-taxable","162":"purchasable","163":"product-type-variable"},"acf":[],"yoast_head":"<!-- This site is optimized with the Yoast SEO plugin v23.9 - https:\/\/yoast.com\/wordpress\/plugins\/seo\/ -->\n<title>Softstarter mit Anlaufstrombegrenzer bis 1250AVersiStart p III [835 - 1250A]<\/title>\n<meta name=\"description\" content=\"Dreiphasengesteuerter volldigitaler Softstarter mit Anlaufstrombegrenzer bis 1250A\u2713 Notlauf-Funktion \u2713 Vorw\u00e4rts oder R\u00fcckw\u00e4rts Jog Funktion \u2713 bis 525V \/ VS p III [835 - 1250A]\" \/>\n<meta name=\"robots\" content=\"index, follow, max-snippet:-1, max-image-preview:large, max-video-preview:-1\" \/>\n<link rel=\"canonical\" href=\"https:\/\/www.peter-electronic.com\/produkt\/versistart-p-iii-835-1250a-2\/\" \/>\n<script type=\"application\/ld+json\" class=\"yoast-schema-graph\">{\"@context\":\"https:\/\/schema.org\",\"@graph\":[{\"@type\":\"WebPage\",\"@id\":\"https:\/\/www.peter-electronic.com\/en\/produkt\/versistart-p-iii-835-1250a-2\/\",\"url\":\"https:\/\/www.peter-electronic.com\/en\/produkt\/versistart-p-iii-835-1250a-2\/\",\"name\":\"Softstarter mit Anlaufstrombegrenzer bis 1250AVersiStart p III [835 - 1250A]\",\"isPartOf\":{\"@id\":\"https:\/\/www.peter-electronic.com\/#website\"},\"primaryImageOfPage\":{\"@id\":\"https:\/\/www.peter-electronic.com\/en\/produkt\/versistart-p-iii-835-1250a-2\/#primaryimage\"},\"image\":{\"@id\":\"https:\/\/www.peter-electronic.com\/en\/produkt\/versistart-p-iii-835-1250a-2\/#primaryimage\"},\"thumbnailUrl\":\"https:\/\/www.peter-electronic.com\/wp-content\/uploads\/2021\/10\/products-softstarter_anlaufstrombegrenzer_vs-p-3-250-580a_2-1.png\",\"datePublished\":\"2021-10-12T10:07:38+00:00\",\"dateModified\":\"2025-04-30T12:19:00+00:00\",\"description\":\"Dreiphasengesteuerter volldigitaler Softstarter mit Anlaufstrombegrenzer bis 1250A\u2713 Notlauf-Funktion \u2713 Vorw\u00e4rts oder R\u00fcckw\u00e4rts Jog Funktion \u2713 bis 525V \/ VS p III [835 - 1250A]\",\"breadcrumb\":{\"@id\":\"https:\/\/www.peter-electronic.com\/en\/produkt\/versistart-p-iii-835-1250a-2\/#breadcrumb\"},\"inLanguage\":\"de\",\"potentialAction\":[{\"@type\":\"ReadAction\",\"target\":[\"https:\/\/www.peter-electronic.com\/en\/produkt\/versistart-p-iii-835-1250a-2\/\"]}]},{\"@type\":\"ImageObject\",\"inLanguage\":\"de\",\"@id\":\"https:\/\/www.peter-electronic.com\/en\/produkt\/versistart-p-iii-835-1250a-2\/#primaryimage\",\"url\":\"https:\/\/www.peter-electronic.com\/wp-content\/uploads\/2021\/10\/products-softstarter_anlaufstrombegrenzer_vs-p-3-250-580a_2-1.png\",\"contentUrl\":\"https:\/\/www.peter-electronic.com\/wp-content\/uploads\/2021\/10\/products-softstarter_anlaufstrombegrenzer_vs-p-3-250-580a_2-1.png\",\"width\":620,\"height\":440},{\"@type\":\"BreadcrumbList\",\"@id\":\"https:\/\/www.peter-electronic.com\/en\/produkt\/versistart-p-iii-835-1250a-2\/#breadcrumb\",\"itemListElement\":[{\"@type\":\"ListItem\",\"position\":1,\"name\":\"Startseite\",\"item\":\"https:\/\/www.peter-electronic.com\/\"},{\"@type\":\"ListItem\",\"position\":2,\"name\":\"Shop\",\"item\":\"https:\/\/www.peter-electronic.com\/shop\/\"},{\"@type\":\"ListItem\",\"position\":3,\"name\":\"VersiStart p III [835 &#8211; 1250A]\"}]},{\"@type\":\"WebSite\",\"@id\":\"https:\/\/www.peter-electronic.com\/#website\",\"url\":\"https:\/\/www.peter-electronic.com\/\",\"name\":\"Frequenzumrichter, Softstarter und Bremsger\u00e4te direkt vom Hersteller\",\"description\":\"\",\"alternateName\":\"Frequenzumrichter, Softstarter und Bremsger\u00e4te direkt vom Hersteller\",\"potentialAction\":[{\"@type\":\"SearchAction\",\"target\":{\"@type\":\"EntryPoint\",\"urlTemplate\":\"https:\/\/www.peter-electronic.com\/?s={search_term_string}\"},\"query-input\":{\"@type\":\"PropertyValueSpecification\",\"valueRequired\":true,\"valueName\":\"search_term_string\"}}],\"inLanguage\":\"de\"}]}<\/script>\n<!-- \/ Yoast SEO plugin. -->","yoast_head_json":{"title":"Softstarter mit Anlaufstrombegrenzer bis 1250AVersiStart p III [835 - 1250A]","description":"Dreiphasengesteuerter volldigitaler Softstarter mit Anlaufstrombegrenzer bis 1250A\u2713 Notlauf-Funktion \u2713 Vorw\u00e4rts oder R\u00fcckw\u00e4rts Jog Funktion \u2713 bis 525V \/ VS p III [835 - 1250A]","robots":{"index":"index","follow":"follow","max-snippet":"max-snippet:-1","max-image-preview":"max-image-preview:large","max-video-preview":"max-video-preview:-1"},"canonical":"https:\/\/www.peter-electronic.com\/produkt\/versistart-p-iii-835-1250a-2\/","schema":{"@context":"https:\/\/schema.org","@graph":[{"@type":"WebPage","@id":"https:\/\/www.peter-electronic.com\/en\/produkt\/versistart-p-iii-835-1250a-2\/","url":"https:\/\/www.peter-electronic.com\/en\/produkt\/versistart-p-iii-835-1250a-2\/","name":"Softstarter mit Anlaufstrombegrenzer bis 1250AVersiStart p III [835 - 1250A]","isPartOf":{"@id":"https:\/\/www.peter-electronic.com\/#website"},"primaryImageOfPage":{"@id":"https:\/\/www.peter-electronic.com\/en\/produkt\/versistart-p-iii-835-1250a-2\/#primaryimage"},"image":{"@id":"https:\/\/www.peter-electronic.com\/en\/produkt\/versistart-p-iii-835-1250a-2\/#primaryimage"},"thumbnailUrl":"https:\/\/www.peter-electronic.com\/wp-content\/uploads\/2021\/10\/products-softstarter_anlaufstrombegrenzer_vs-p-3-250-580a_2-1.png","datePublished":"2021-10-12T10:07:38+00:00","dateModified":"2025-04-30T12:19:00+00:00","description":"Dreiphasengesteuerter volldigitaler Softstarter mit Anlaufstrombegrenzer bis 1250A\u2713 Notlauf-Funktion \u2713 Vorw\u00e4rts oder R\u00fcckw\u00e4rts Jog Funktion \u2713 bis 525V \/ VS p III [835 - 1250A]","breadcrumb":{"@id":"https:\/\/www.peter-electronic.com\/en\/produkt\/versistart-p-iii-835-1250a-2\/#breadcrumb"},"inLanguage":"de","potentialAction":[{"@type":"ReadAction","target":["https:\/\/www.peter-electronic.com\/en\/produkt\/versistart-p-iii-835-1250a-2\/"]}]},{"@type":"ImageObject","inLanguage":"de","@id":"https:\/\/www.peter-electronic.com\/en\/produkt\/versistart-p-iii-835-1250a-2\/#primaryimage","url":"https:\/\/www.peter-electronic.com\/wp-content\/uploads\/2021\/10\/products-softstarter_anlaufstrombegrenzer_vs-p-3-250-580a_2-1.png","contentUrl":"https:\/\/www.peter-electronic.com\/wp-content\/uploads\/2021\/10\/products-softstarter_anlaufstrombegrenzer_vs-p-3-250-580a_2-1.png","width":620,"height":440},{"@type":"BreadcrumbList","@id":"https:\/\/www.peter-electronic.com\/en\/produkt\/versistart-p-iii-835-1250a-2\/#breadcrumb","itemListElement":[{"@type":"ListItem","position":1,"name":"Startseite","item":"https:\/\/www.peter-electronic.com\/"},{"@type":"ListItem","position":2,"name":"Shop","item":"https:\/\/www.peter-electronic.com\/shop\/"},{"@type":"ListItem","position":3,"name":"VersiStart p III [835 &#8211; 1250A]"}]},{"@type":"WebSite","@id":"https:\/\/www.peter-electronic.com\/#website","url":"https:\/\/www.peter-electronic.com\/","name":"Frequenzumrichter, Softstarter und Bremsger\u00e4te direkt vom Hersteller","description":"","alternateName":"Frequenzumrichter, Softstarter und Bremsger\u00e4te direkt vom Hersteller","potentialAction":[{"@type":"SearchAction","target":{"@type":"EntryPoint","urlTemplate":"https:\/\/www.peter-electronic.com\/?s={search_term_string}"},"query-input":{"@type":"PropertyValueSpecification","valueRequired":true,"valueName":"search_term_string"}}],"inLanguage":"de"}]}},"_links":{"self":[{"href":"https:\/\/www.peter-electronic.com\/index.php?rest_route=\/wp\/v2\/product\/15203","targetHints":{"allow":["GET"]}}],"collection":[{"href":"https:\/\/www.peter-electronic.com\/index.php?rest_route=\/wp\/v2\/product"}],"about":[{"href":"https:\/\/www.peter-electronic.com\/index.php?rest_route=\/wp\/v2\/types\/product"}],"wp:featuredmedia":[{"embeddable":true,"href":"https:\/\/www.peter-electronic.com\/index.php?rest_route=\/wp\/v2\/media\/15224"}],"wp:attachment":[{"href":"https:\/\/www.peter-electronic.com\/index.php?rest_route=%2Fwp%2Fv2%2Fmedia&parent=15203"}],"wp:term":[{"taxonomy":"product_cat","embeddable":true,"href":"https:\/\/www.peter-electronic.com\/index.php?rest_route=%2Fwp%2Fv2%2Fproduct_cat&post=15203"},{"taxonomy":"product_tag","embeddable":true,"href":"https:\/\/www.peter-electronic.com\/index.php?rest_route=%2Fwp%2Fv2%2Fproduct_tag&post=15203"}],"curies":[{"name":"wp","href":"https:\/\/api.w.org\/{rel}","templated":true}]}}