{"id":14825,"date":"2019-09-13T10:20:01","date_gmt":"2019-09-13T10:20:01","guid":{"rendered":"https:\/\/www.peter.secondlevelserver.de\/?post_type=product&#038;p=14825"},"modified":"2026-03-10T10:11:33","modified_gmt":"2026-03-10T09:11:33","slug":"versidrive-i-21ms3-f-43ms3-f-0-2-22kw","status":"publish","type":"product","link":"https:\/\/www.peter-electronic.com\/produkt\/versidrive-i-21ms3-f-43ms3-f-0-2-22kw\/","title":{"rendered":"VersiDrive i 21MS3-F\/43MS3-F [0,2 &#8211; 22kW]"},"content":{"rendered":"","protected":false},"excerpt":{"rendered":"<p>Unsere Frequenzumrichter mit SPS-Funktion, Typenreihe VersiDrive i MS3 sind die neue Generation leistungsstarker und kompakter vektorgeregelter Frequenzumrichter, die \u00fcber die einzigartige Antriebstechnologie von PETER electronic verf\u00fcgen \u2013 und das alles in einem Umrichter, der bis zu 40% kleiner baut als herk\u00f6mmliche Frequenzumrichter im Kleinleistungsbereich.<br \/>\nEine Vielzahl der wesentlichen Funktionen ist standardm\u00e4\u00dfig integriert, darunter:<br \/>\nSPS-Funktionalit\u00e4t f\u00fcr einfache Programmieranwendungen, Steckpl\u00e4tze f\u00fcr unterschiedliche Kommunikationskarten sowie einen USB-Anschluss, der ein einfaches und schnelles Hoch- und Herunterladen von Daten erm\u00f6glicht.<\/p>\n","protected":false},"featured_media":14858,"template":"","meta":{"_acf_changed":false},"product_cat":[2327,2275,2273,2293],"product_tag":[],"class_list":{"0":"post-14825","1":"product","2":"type-product","3":"status-publish","4":"has-post-thumbnail","6":"product_cat-economy-reihe-2","7":"product_cat-frequenzumrichter","8":"product_cat-produkte","9":"product_cat-schaltschrankinstallation","10":"pa_application-area-2357","11":"pa_bevorzugte-einsatzgebiete-zentrifugen-pumpen-ventilatoren-schleifmaschinen-forderanlagen-druckmaschinen-holzbearbeitungsmaschinen-textilmaschinen-verpackungsmaschinen-sonstige","12":"pa_downloads-https-www-peter-electronic-com-wp-wp-content-uploads-frequenzumrichter-sps-funktion-versidrive-i-21ms3-f-43ms3-f-0-2-22kw-datenblatt-de-pdf-pdf-technisches-datenblatt-https-www-peter-electronic-com-wp","13":"pa_funktionen-150-ueberlast-fuer-60s","14":"pa_funktionen-4-motorparametersaetze","15":"pa_funktionen-eingebaute-sps-funktion","16":"pa_funktionen-pid-regler","17":"pa_funktionen-potentialfreie-steuer-und-meldekontakte","18":"pa_funktionen-pwm-ein-ausgang","19":"pa_funktionen-steuerung-und-sollwertvorgabe-ueber-klemmen-bedieneinheit-und-bussysteme","20":"pa_menu-filter-kategorie-schaltschrankinstallation-6","21":"pa_merkmale-abnehmbare-bedieneinheit","22":"pa_merkmale-bremschopper-integriert","23":"pa_merkmale-induktionsmotoren-pm-motoren-2","24":"pa_merkmale-luefter-austauschbar","25":"pa_merkmale-maximale-drehfeldfrequenz-599hz","26":"pa_merkmale-modbus-integriert","27":"pa_merkmale-netzfilter-integriert","28":"pa_merkmale-open-loop-vektorsteuerung","29":"pa_merkmale-schutzart-ip20","30":"pa_merkmale-sichere-drehmomentabschaltung-sto","31":"pa_merkmale-u-f-kennlinien-steuerung","32":"pa_merkmale-usb-port","33":"pa_motor-type-2571","34":"pa_nennleistung-0-37-kw","35":"pa_nennleistung-0-75-kw","36":"pa_nennleistung-0-2-kw","37":"pa_nennleistung-1-1-kw","38":"pa_nennleistung-1-5-kw","39":"pa_nennleistung-2-2-kw","40":"pa_nennleistung-3-7-kw","41":"pa_nennleistung-4-0-kw","42":"pa_nennleistung-5-5-kw","43":"pa_nennleistung-7-5-kw","44":"pa_nennleistung-11-kw","45":"pa_nennleistung-15-kw","46":"pa_nennleistung-18-5-kw","47":"pa_nennleistung-22-kw","48":"pa_nennleistung-25-kw","49":"pa_nennleistung-30-kw","50":"pa_nennleistung-37-kw","51":"pa_nennleistung-45-kw","52":"pa_nennleistung-55-kw","53":"pa_nennleistung-75-kw","54":"pa_nennleistung-90-kw","55":"pa_nennleistung-110-kw","56":"pa_nennleistung-132-kw","57":"pa_nennleistung-160-kw","58":"pa_nennleistung-200-kw","59":"pa_nennleistung-250-kw","60":"pa_nennspannung-200-240-v-10","61":"pa_nennspannung-200-240-v-10-15","62":"pa_nennspannung-200-480-v-10-2","63":"pa_nennspannung-200-240-v","64":"pa_nennspannung-220-240-v-10-2","65":"pa_nennspannung-380-480-v-10-2","66":"pa_nennspannung-380-480-v","67":"pa_nennspannung-380-460-v-10-15","68":"pa_nennspannung-380-460-v-10","69":"pa_nennspannung-380-415-v-10-2","70":"pa_nennspannung-380-480-v-10-15","71":"pa_nennspannung-400-575-v-10","72":"pa_optionen-optionen-siehe-zubehor-verlangerungskabel-fur-bedieneinheit-profibus-dp-modbus-tcp-ethernet-ip-ethercat-devicenet-canopen-betriebssoftware","73":"pa_power-rating-2359","74":"pa_prafix-name-frequenzumrichter-mit-sps-funktion","75":"pa_protection-class-2573","76":"pa_rated-frequency-2574","77":"pa_supply-voltage-2358","78":"pa_type-of-installation-2572","80":"first","81":"instock","82":"taxable","83":"shipping-taxable","84":"purchasable","85":"product-type-variable"},"acf":[],"yoast_head":"<!-- This site is optimized with the Yoast SEO plugin v23.9 - https:\/\/yoast.com\/wordpress\/plugins\/seo\/ -->\n<title>Frequenzumrichter SPS Funktion<\/title>\n<meta name=\"description\" content=\"Frequenzumrichter mit SPS Funktion \u2713 Schutzart IP20 \u2713 Bremschopper integriert \u2713 Netzfilter integriert \/ VDi 21MS3-F\/43MS3-F [0,2 - 22kW] \u27a4 direkt vom Hersteller\" \/>\n<meta name=\"robots\" content=\"index, follow, max-snippet:-1, max-image-preview:large, max-video-preview:-1\" \/>\n<link rel=\"canonical\" href=\"https:\/\/www.peter-electronic.com\/produkt\/versidrive-i-21ms3-f-43ms3-f-0-2-22kw\/\" \/>\n<script type=\"application\/ld+json\" class=\"yoast-schema-graph\">{\"@context\":\"https:\/\/schema.org\",\"@graph\":[{\"@type\":\"WebPage\",\"@id\":\"https:\/\/www.peter-electronic.com\/produkt\/versidrive-i-21ms3-f-43ms3-f-0-2-22kw\/\",\"url\":\"https:\/\/www.peter-electronic.com\/produkt\/versidrive-i-21ms3-f-43ms3-f-0-2-22kw\/\",\"name\":\"Frequenzumrichter SPS Funktion\",\"isPartOf\":{\"@id\":\"https:\/\/www.peter-electronic.com\/#website\"},\"primaryImageOfPage\":{\"@id\":\"https:\/\/www.peter-electronic.com\/produkt\/versidrive-i-21ms3-f-43ms3-f-0-2-22kw\/#primaryimage\"},\"image\":{\"@id\":\"https:\/\/www.peter-electronic.com\/produkt\/versidrive-i-21ms3-f-43ms3-f-0-2-22kw\/#primaryimage\"},\"thumbnailUrl\":\"https:\/\/www.peter-electronic.com\/wp-content\/uploads\/2020\/05\/products-frequenzumrichter_frequenzumrichter-sps-funktion_vd-i-21ms3-f-43ms3-0-2-22kw.png\",\"datePublished\":\"2019-09-13T10:20:01+00:00\",\"dateModified\":\"2026-03-10T09:11:33+00:00\",\"description\":\"Frequenzumrichter mit SPS Funktion \u2713 Schutzart IP20 \u2713 Bremschopper integriert \u2713 Netzfilter integriert \/ VDi 21MS3-F\/43MS3-F [0,2 - 22kW] \u27a4 direkt vom Hersteller\",\"breadcrumb\":{\"@id\":\"https:\/\/www.peter-electronic.com\/produkt\/versidrive-i-21ms3-f-43ms3-f-0-2-22kw\/#breadcrumb\"},\"inLanguage\":\"de\",\"potentialAction\":[{\"@type\":\"ReadAction\",\"target\":[\"https:\/\/www.peter-electronic.com\/produkt\/versidrive-i-21ms3-f-43ms3-f-0-2-22kw\/\"]}]},{\"@type\":\"ImageObject\",\"inLanguage\":\"de\",\"@id\":\"https:\/\/www.peter-electronic.com\/produkt\/versidrive-i-21ms3-f-43ms3-f-0-2-22kw\/#primaryimage\",\"url\":\"https:\/\/www.peter-electronic.com\/wp-content\/uploads\/2020\/05\/products-frequenzumrichter_frequenzumrichter-sps-funktion_vd-i-21ms3-f-43ms3-0-2-22kw.png\",\"contentUrl\":\"https:\/\/www.peter-electronic.com\/wp-content\/uploads\/2020\/05\/products-frequenzumrichter_frequenzumrichter-sps-funktion_vd-i-21ms3-f-43ms3-0-2-22kw.png\",\"width\":620,\"height\":440},{\"@type\":\"BreadcrumbList\",\"@id\":\"https:\/\/www.peter-electronic.com\/produkt\/versidrive-i-21ms3-f-43ms3-f-0-2-22kw\/#breadcrumb\",\"itemListElement\":[{\"@type\":\"ListItem\",\"position\":1,\"name\":\"Startseite\",\"item\":\"https:\/\/www.peter-electronic.com\/\"},{\"@type\":\"ListItem\",\"position\":2,\"name\":\"Shop\",\"item\":\"https:\/\/www.peter-electronic.com\/shop\/\"},{\"@type\":\"ListItem\",\"position\":3,\"name\":\"VersiDrive i 21MS3-F\/43MS3-F [0,2 &#8211; 22kW]\"}]},{\"@type\":\"WebSite\",\"@id\":\"https:\/\/www.peter-electronic.com\/#website\",\"url\":\"https:\/\/www.peter-electronic.com\/\",\"name\":\"Frequenzumrichter, Softstarter und Bremsger\u00e4te direkt vom Hersteller\",\"description\":\"\",\"alternateName\":\"Frequenzumrichter, Softstarter und Bremsger\u00e4te direkt vom Hersteller\",\"potentialAction\":[{\"@type\":\"SearchAction\",\"target\":{\"@type\":\"EntryPoint\",\"urlTemplate\":\"https:\/\/www.peter-electronic.com\/?s={search_term_string}\"},\"query-input\":{\"@type\":\"PropertyValueSpecification\",\"valueRequired\":true,\"valueName\":\"search_term_string\"}}],\"inLanguage\":\"de\"}]}<\/script>\n<!-- \/ Yoast SEO plugin. -->","yoast_head_json":{"title":"Frequenzumrichter SPS Funktion","description":"Frequenzumrichter mit SPS Funktion \u2713 Schutzart IP20 \u2713 Bremschopper integriert \u2713 Netzfilter integriert \/ VDi 21MS3-F\/43MS3-F [0,2 - 22kW] \u27a4 direkt vom Hersteller","robots":{"index":"index","follow":"follow","max-snippet":"max-snippet:-1","max-image-preview":"max-image-preview:large","max-video-preview":"max-video-preview:-1"},"canonical":"https:\/\/www.peter-electronic.com\/produkt\/versidrive-i-21ms3-f-43ms3-f-0-2-22kw\/","schema":{"@context":"https:\/\/schema.org","@graph":[{"@type":"WebPage","@id":"https:\/\/www.peter-electronic.com\/produkt\/versidrive-i-21ms3-f-43ms3-f-0-2-22kw\/","url":"https:\/\/www.peter-electronic.com\/produkt\/versidrive-i-21ms3-f-43ms3-f-0-2-22kw\/","name":"Frequenzumrichter SPS Funktion","isPartOf":{"@id":"https:\/\/www.peter-electronic.com\/#website"},"primaryImageOfPage":{"@id":"https:\/\/www.peter-electronic.com\/produkt\/versidrive-i-21ms3-f-43ms3-f-0-2-22kw\/#primaryimage"},"image":{"@id":"https:\/\/www.peter-electronic.com\/produkt\/versidrive-i-21ms3-f-43ms3-f-0-2-22kw\/#primaryimage"},"thumbnailUrl":"https:\/\/www.peter-electronic.com\/wp-content\/uploads\/2020\/05\/products-frequenzumrichter_frequenzumrichter-sps-funktion_vd-i-21ms3-f-43ms3-0-2-22kw.png","datePublished":"2019-09-13T10:20:01+00:00","dateModified":"2026-03-10T09:11:33+00:00","description":"Frequenzumrichter mit SPS Funktion \u2713 Schutzart IP20 \u2713 Bremschopper integriert \u2713 Netzfilter integriert \/ VDi 21MS3-F\/43MS3-F [0,2 - 22kW] \u27a4 direkt vom Hersteller","breadcrumb":{"@id":"https:\/\/www.peter-electronic.com\/produkt\/versidrive-i-21ms3-f-43ms3-f-0-2-22kw\/#breadcrumb"},"inLanguage":"de","potentialAction":[{"@type":"ReadAction","target":["https:\/\/www.peter-electronic.com\/produkt\/versidrive-i-21ms3-f-43ms3-f-0-2-22kw\/"]}]},{"@type":"ImageObject","inLanguage":"de","@id":"https:\/\/www.peter-electronic.com\/produkt\/versidrive-i-21ms3-f-43ms3-f-0-2-22kw\/#primaryimage","url":"https:\/\/www.peter-electronic.com\/wp-content\/uploads\/2020\/05\/products-frequenzumrichter_frequenzumrichter-sps-funktion_vd-i-21ms3-f-43ms3-0-2-22kw.png","contentUrl":"https:\/\/www.peter-electronic.com\/wp-content\/uploads\/2020\/05\/products-frequenzumrichter_frequenzumrichter-sps-funktion_vd-i-21ms3-f-43ms3-0-2-22kw.png","width":620,"height":440},{"@type":"BreadcrumbList","@id":"https:\/\/www.peter-electronic.com\/produkt\/versidrive-i-21ms3-f-43ms3-f-0-2-22kw\/#breadcrumb","itemListElement":[{"@type":"ListItem","position":1,"name":"Startseite","item":"https:\/\/www.peter-electronic.com\/"},{"@type":"ListItem","position":2,"name":"Shop","item":"https:\/\/www.peter-electronic.com\/shop\/"},{"@type":"ListItem","position":3,"name":"VersiDrive i 21MS3-F\/43MS3-F [0,2 &#8211; 22kW]"}]},{"@type":"WebSite","@id":"https:\/\/www.peter-electronic.com\/#website","url":"https:\/\/www.peter-electronic.com\/","name":"Frequenzumrichter, Softstarter und Bremsger\u00e4te direkt vom Hersteller","description":"","alternateName":"Frequenzumrichter, Softstarter und Bremsger\u00e4te direkt vom Hersteller","potentialAction":[{"@type":"SearchAction","target":{"@type":"EntryPoint","urlTemplate":"https:\/\/www.peter-electronic.com\/?s={search_term_string}"},"query-input":{"@type":"PropertyValueSpecification","valueRequired":true,"valueName":"search_term_string"}}],"inLanguage":"de"}]}},"_links":{"self":[{"href":"https:\/\/www.peter-electronic.com\/index.php?rest_route=\/wp\/v2\/product\/14825","targetHints":{"allow":["GET"]}}],"collection":[{"href":"https:\/\/www.peter-electronic.com\/index.php?rest_route=\/wp\/v2\/product"}],"about":[{"href":"https:\/\/www.peter-electronic.com\/index.php?rest_route=\/wp\/v2\/types\/product"}],"wp:featuredmedia":[{"embeddable":true,"href":"https:\/\/www.peter-electronic.com\/index.php?rest_route=\/wp\/v2\/media\/14858"}],"wp:attachment":[{"href":"https:\/\/www.peter-electronic.com\/index.php?rest_route=%2Fwp%2Fv2%2Fmedia&parent=14825"}],"wp:term":[{"taxonomy":"product_cat","embeddable":true,"href":"https:\/\/www.peter-electronic.com\/index.php?rest_route=%2Fwp%2Fv2%2Fproduct_cat&post=14825"},{"taxonomy":"product_tag","embeddable":true,"href":"https:\/\/www.peter-electronic.com\/index.php?rest_route=%2Fwp%2Fv2%2Fproduct_tag&post=14825"}],"curies":[{"name":"wp","href":"https:\/\/api.w.org\/{rel}","templated":true}]}}