{"id":14783,"date":"2018-10-18T11:20:54","date_gmt":"2018-10-18T11:20:54","guid":{"rendered":"https:\/\/www.peter.secondlevelserver.de\/?post_type=product&#038;p=14783"},"modified":"2025-12-19T13:39:37","modified_gmt":"2025-12-19T12:39:37","slug":"versibrake-safe-72-360a","status":"publish","type":"product","link":"https:\/\/www.peter-electronic.com\/produkt\/versibrake-safe-72-360a\/","title":{"rendered":"VersiBrake Safe [72 &#8211; 360A]"},"content":{"rendered":"","protected":false},"excerpt":{"rendered":"<p>Die Gleichstrombremse mit Ger\u00e4teschutz VersiBrake Safe bietet maximale Kontrolle und Sicherheit f\u00fcr den schonenden Stillstand.<br \/>\nDas Bremsger\u00e4t VersiBrake Safe stellt sicher, dass Motoren der Wirkungsklassen IE1 bis IE3 schonend, verschlei\u00dfarm und sicher abgebremst werden.<br \/>\nDabei werden im Besonderen die einschl\u00e4gigen Vorgaben bzw. europ\u00e4ischen DIN-Normen (wie DIN EN 12750:2013) in \u00dcbereinstimmung mit den Anforderungen der Kategorie 2, PL c aus EN13849-1:2008 sowie SIL1 nach DIN EN 61508 f\u00fcr die Sicherheit von Holzbearbeitungsmaschinen erf\u00fcllt.<br \/>\nZu den Sicherheitsfunktionen z\u00e4hlen beispielsweise, dass ein unbeabsichtigtes, st\u00f6rungsbedingtes Anlaufen verhindert wird, das \u00fcberwachte gesteuerte Stillsetzen, die Ansteuerung der (Schutz-) T\u00fcrverriegelung oder auch die externe Stillstands\u00fcberwachung mit intelligenter Stillstandserkennung.<\/p>\n","protected":false},"featured_media":14800,"template":"","meta":{"_acf_changed":false},"product_cat":[2279,2325,2273,2307],"product_tag":[],"class_list":{"0":"post-14783","1":"product","2":"type-product","3":"status-publish","4":"has-post-thumbnail","6":"product_cat-bremsgeraete","7":"product_cat-bremsgerate-2","8":"product_cat-produkte","9":"product_cat-schaltschrankinstallation-2","10":"pa_application-area-2357","11":"pa_bevorzugte-einsatzgebiete-zentrifugen-vibrationssiebmaschinen-holzbearbeitungsmaschinen-schleifmaschinen-mischer-sonstige","12":"pa_downloads-https-www-peter-electronic-com-wp-wp-content-uploads-gleichstrombremse-mit-geraeteschutz-versibrake-safe-72-360a-datenblatt-de-pdf-pdf-technisches-datenblatt-https-www-peter-electronic-com-wp-wp-conte","13":"pa_funktionen-parametrierung-via-bedienfeld-oder-can-bus-potentialfreie-steuerein-und-ausgange-motortemperaturuberwachung-ptc-kty-pt1000-gerateschutzfunktion-drehzahluberwachung-externer-drehzahlgeber-notwendig-sic","14":"pa_geratenennstrom-3-5-a","15":"pa_geratenennstrom-6-a","16":"pa_geratenennstrom-6-5-a","17":"pa_geratenennstrom-9-a","18":"pa_geratenennstrom-12-a","19":"pa_geratenennstrom-15-a","20":"pa_geratenennstrom-16-a-2","21":"pa_geratenennstrom-17-a","22":"pa_geratenennstrom-18-a","23":"pa_geratenennstrom-22-a","24":"pa_geratenennstrom-23-a","25":"pa_geratenennstrom-24-a","26":"pa_geratenennstrom-25-a","27":"pa_geratenennstrom-30-a","28":"pa_geratenennstrom-32-a","29":"pa_geratenennstrom-34-a","30":"pa_geratenennstrom-36-a","31":"pa_geratenennstrom-37-a","32":"pa_geratenennstrom-38-a","33":"pa_geratenennstrom-40-a","34":"pa_geratenennstrom-42-a","35":"pa_geratenennstrom-43-a","36":"pa_geratenennstrom-45-a","37":"pa_geratenennstrom-48-a","38":"pa_geratenennstrom-52-a","39":"pa_geratenennstrom-53-a","40":"pa_geratenennstrom-60-a","41":"pa_geratenennstrom-65-a","42":"pa_geratenennstrom-69-a","43":"pa_geratenennstrom-72-a","44":"pa_geratenennstrom-75-a","45":"pa_geratenennstrom-76-a","46":"pa_geratenennstrom-80-a","47":"pa_geratenennstrom-85-a","48":"pa_geratenennstrom-100-a","49":"pa_geratenennstrom-105-a","50":"pa_geratenennstrom-132-a","51":"pa_geratenennstrom-135-a","52":"pa_geratenennstrom-140-a","53":"pa_geratenennstrom-145-a","54":"pa_geratenennstrom-170-a","55":"pa_geratenennstrom-184-a","56":"pa_geratenennstrom-200-a","57":"pa_geratenennstrom-220-a","58":"pa_geratenennstrom-222-a","59":"pa_geratenennstrom-229-a","60":"pa_geratenennstrom-250-a","61":"pa_geratenennstrom-255-a","62":"pa_geratenennstrom-350-a","63":"pa_geratenennstrom-352-a","64":"pa_geratenennstrom-360-a","65":"pa_geratenennstrom-397-a","66":"pa_geratenennstrom-400-a","67":"pa_geratenennstrom-410-a","68":"pa_geratenennstrom-425-a","69":"pa_geratenennstrom-500-a","70":"pa_geratenennstrom-550-a","71":"pa_geratenennstrom-580-a","72":"pa_geratenennstrom-600-a","73":"pa_geratenennstrom-700-a","74":"pa_geratenennstrom-820-a","75":"pa_geratenennstrom-835-a","76":"pa_geratenennstrom-920-a","77":"pa_geratenennstrom-940-a","78":"pa_geratenennstrom-1000-a","79":"pa_geratenennstrom-1070-a","80":"pa_geratenennstrom-1230-a","81":"pa_geratenennstrom-1250-a","82":"pa_menu-filter-kategorie-schaltschrankinstallation-6","83":"pa_merkmale-gleichstrombremsung-mit-gesteuerter-einweggleichrichtung-integriertes-bremsschutz-integrierte-stillstandserkennung-berwachung-der-stillsetzzeit-fur-alle-asynchronmotoren-geeignet-geeignet-fur-ie1-ie2-","84":"pa_netzspannung-3x-200-480vac-15-10","85":"pa_netzspannung-200-575-v","86":"pa_netzspannung-200-525-v","87":"pa_netzspannung-200-480-v-10","88":"pa_netzspannung-200-440-v","89":"pa_netzspannung-220-240-v-10","90":"pa_netzspannung-380-480-v-10","91":"pa_netzspannung-380-415-v-10","92":"pa_netzspannung-400-v-10","93":"pa_netzspannung-400-600-v-10","94":"pa_optionen-breitspannung-480-690vac-auf-anfrage","95":"pa_power-rating-2359","96":"pa_prafix-name-gleichstrombremse-mit-gerateschutz","97":"pa_supply-voltage-2358","99":"first","100":"instock","101":"taxable","102":"shipping-taxable","103":"purchasable","104":"product-type-variable"},"acf":[],"yoast_head":"<!-- This site is optimized with the Yoast SEO plugin v23.9 - https:\/\/yoast.com\/wordpress\/plugins\/seo\/ -->\n<title>VersiBrake Safe [72 - 360A] - Frequenzumrichter, Softstarter und Bremsger\u00e4te direkt vom Hersteller<\/title>\n<meta name=\"robots\" content=\"index, follow, max-snippet:-1, max-image-preview:large, max-video-preview:-1\" \/>\n<link rel=\"canonical\" href=\"https:\/\/www.peter-electronic.com\/produkt\/versibrake-safe-72-360a\/\" \/>\n<script type=\"application\/ld+json\" class=\"yoast-schema-graph\">{\"@context\":\"https:\/\/schema.org\",\"@graph\":[{\"@type\":\"WebPage\",\"@id\":\"https:\/\/www.peter-electronic.com\/produkt\/versibrake-safe-72-360a\/\",\"url\":\"https:\/\/www.peter-electronic.com\/produkt\/versibrake-safe-72-360a\/\",\"name\":\"VersiBrake Safe [72 - 360A] - Frequenzumrichter, Softstarter und Bremsger\u00e4te direkt vom Hersteller\",\"isPartOf\":{\"@id\":\"https:\/\/www.peter-electronic.com\/#website\"},\"primaryImageOfPage\":{\"@id\":\"https:\/\/www.peter-electronic.com\/produkt\/versibrake-safe-72-360a\/#primaryimage\"},\"image\":{\"@id\":\"https:\/\/www.peter-electronic.com\/produkt\/versibrake-safe-72-360a\/#primaryimage\"},\"thumbnailUrl\":\"https:\/\/www.peter-electronic.com\/wp-content\/uploads\/2020\/05\/products-bremsgeraet_brakingdevice_vb-s-72-360a_2.png\",\"datePublished\":\"2018-10-18T11:20:54+00:00\",\"dateModified\":\"2025-12-19T12:39:37+00:00\",\"breadcrumb\":{\"@id\":\"https:\/\/www.peter-electronic.com\/produkt\/versibrake-safe-72-360a\/#breadcrumb\"},\"inLanguage\":\"de\",\"potentialAction\":[{\"@type\":\"ReadAction\",\"target\":[\"https:\/\/www.peter-electronic.com\/produkt\/versibrake-safe-72-360a\/\"]}]},{\"@type\":\"ImageObject\",\"inLanguage\":\"de\",\"@id\":\"https:\/\/www.peter-electronic.com\/produkt\/versibrake-safe-72-360a\/#primaryimage\",\"url\":\"https:\/\/www.peter-electronic.com\/wp-content\/uploads\/2020\/05\/products-bremsgeraet_brakingdevice_vb-s-72-360a_2.png\",\"contentUrl\":\"https:\/\/www.peter-electronic.com\/wp-content\/uploads\/2020\/05\/products-bremsgeraet_brakingdevice_vb-s-72-360a_2.png\",\"width\":620,\"height\":440},{\"@type\":\"BreadcrumbList\",\"@id\":\"https:\/\/www.peter-electronic.com\/produkt\/versibrake-safe-72-360a\/#breadcrumb\",\"itemListElement\":[{\"@type\":\"ListItem\",\"position\":1,\"name\":\"Startseite\",\"item\":\"https:\/\/www.peter-electronic.com\/\"},{\"@type\":\"ListItem\",\"position\":2,\"name\":\"Shop\",\"item\":\"https:\/\/www.peter-electronic.com\/shop\/\"},{\"@type\":\"ListItem\",\"position\":3,\"name\":\"VersiBrake Safe [72 &#8211; 360A]\"}]},{\"@type\":\"WebSite\",\"@id\":\"https:\/\/www.peter-electronic.com\/#website\",\"url\":\"https:\/\/www.peter-electronic.com\/\",\"name\":\"Frequenzumrichter, Softstarter und Bremsger\u00e4te direkt vom Hersteller\",\"description\":\"\",\"alternateName\":\"Frequenzumrichter, Softstarter und Bremsger\u00e4te direkt vom Hersteller\",\"potentialAction\":[{\"@type\":\"SearchAction\",\"target\":{\"@type\":\"EntryPoint\",\"urlTemplate\":\"https:\/\/www.peter-electronic.com\/?s={search_term_string}\"},\"query-input\":{\"@type\":\"PropertyValueSpecification\",\"valueRequired\":true,\"valueName\":\"search_term_string\"}}],\"inLanguage\":\"de\"}]}<\/script>\n<!-- \/ Yoast SEO plugin. -->","yoast_head_json":{"title":"VersiBrake Safe [72 - 360A] - Frequenzumrichter, Softstarter und Bremsger\u00e4te direkt vom Hersteller","robots":{"index":"index","follow":"follow","max-snippet":"max-snippet:-1","max-image-preview":"max-image-preview:large","max-video-preview":"max-video-preview:-1"},"canonical":"https:\/\/www.peter-electronic.com\/produkt\/versibrake-safe-72-360a\/","schema":{"@context":"https:\/\/schema.org","@graph":[{"@type":"WebPage","@id":"https:\/\/www.peter-electronic.com\/produkt\/versibrake-safe-72-360a\/","url":"https:\/\/www.peter-electronic.com\/produkt\/versibrake-safe-72-360a\/","name":"VersiBrake Safe [72 - 360A] - Frequenzumrichter, Softstarter und Bremsger\u00e4te direkt vom Hersteller","isPartOf":{"@id":"https:\/\/www.peter-electronic.com\/#website"},"primaryImageOfPage":{"@id":"https:\/\/www.peter-electronic.com\/produkt\/versibrake-safe-72-360a\/#primaryimage"},"image":{"@id":"https:\/\/www.peter-electronic.com\/produkt\/versibrake-safe-72-360a\/#primaryimage"},"thumbnailUrl":"https:\/\/www.peter-electronic.com\/wp-content\/uploads\/2020\/05\/products-bremsgeraet_brakingdevice_vb-s-72-360a_2.png","datePublished":"2018-10-18T11:20:54+00:00","dateModified":"2025-12-19T12:39:37+00:00","breadcrumb":{"@id":"https:\/\/www.peter-electronic.com\/produkt\/versibrake-safe-72-360a\/#breadcrumb"},"inLanguage":"de","potentialAction":[{"@type":"ReadAction","target":["https:\/\/www.peter-electronic.com\/produkt\/versibrake-safe-72-360a\/"]}]},{"@type":"ImageObject","inLanguage":"de","@id":"https:\/\/www.peter-electronic.com\/produkt\/versibrake-safe-72-360a\/#primaryimage","url":"https:\/\/www.peter-electronic.com\/wp-content\/uploads\/2020\/05\/products-bremsgeraet_brakingdevice_vb-s-72-360a_2.png","contentUrl":"https:\/\/www.peter-electronic.com\/wp-content\/uploads\/2020\/05\/products-bremsgeraet_brakingdevice_vb-s-72-360a_2.png","width":620,"height":440},{"@type":"BreadcrumbList","@id":"https:\/\/www.peter-electronic.com\/produkt\/versibrake-safe-72-360a\/#breadcrumb","itemListElement":[{"@type":"ListItem","position":1,"name":"Startseite","item":"https:\/\/www.peter-electronic.com\/"},{"@type":"ListItem","position":2,"name":"Shop","item":"https:\/\/www.peter-electronic.com\/shop\/"},{"@type":"ListItem","position":3,"name":"VersiBrake Safe [72 &#8211; 360A]"}]},{"@type":"WebSite","@id":"https:\/\/www.peter-electronic.com\/#website","url":"https:\/\/www.peter-electronic.com\/","name":"Frequenzumrichter, Softstarter und Bremsger\u00e4te direkt vom Hersteller","description":"","alternateName":"Frequenzumrichter, Softstarter und Bremsger\u00e4te direkt vom Hersteller","potentialAction":[{"@type":"SearchAction","target":{"@type":"EntryPoint","urlTemplate":"https:\/\/www.peter-electronic.com\/?s={search_term_string}"},"query-input":{"@type":"PropertyValueSpecification","valueRequired":true,"valueName":"search_term_string"}}],"inLanguage":"de"}]}},"_links":{"self":[{"href":"https:\/\/www.peter-electronic.com\/index.php?rest_route=\/wp\/v2\/product\/14783","targetHints":{"allow":["GET"]}}],"collection":[{"href":"https:\/\/www.peter-electronic.com\/index.php?rest_route=\/wp\/v2\/product"}],"about":[{"href":"https:\/\/www.peter-electronic.com\/index.php?rest_route=\/wp\/v2\/types\/product"}],"wp:featuredmedia":[{"embeddable":true,"href":"https:\/\/www.peter-electronic.com\/index.php?rest_route=\/wp\/v2\/media\/14800"}],"wp:attachment":[{"href":"https:\/\/www.peter-electronic.com\/index.php?rest_route=%2Fwp%2Fv2%2Fmedia&parent=14783"}],"wp:term":[{"taxonomy":"product_cat","embeddable":true,"href":"https:\/\/www.peter-electronic.com\/index.php?rest_route=%2Fwp%2Fv2%2Fproduct_cat&post=14783"},{"taxonomy":"product_tag","embeddable":true,"href":"https:\/\/www.peter-electronic.com\/index.php?rest_route=%2Fwp%2Fv2%2Fproduct_tag&post=14783"}],"curies":[{"name":"wp","href":"https:\/\/api.w.org\/{rel}","templated":true}]}}