{"id":14683,"date":"2017-10-24T11:04:11","date_gmt":"2017-10-24T09:04:11","guid":{"rendered":"https:\/\/www.peter.secondlevelserver.de\/?post_type=product&#038;p=14683"},"modified":"2025-04-30T12:18:08","modified_gmt":"2025-04-30T12:18:08","slug":"versistart-p-ii-250-580a-2","status":"publish","type":"product","link":"https:\/\/www.peter-electronic.com\/en\/produkt\/versistart-p-ii-250-580a-2\/","title":{"rendered":"VersiStart p II [250 &#8211; 580A]"},"content":{"rendered":"","protected":false},"excerpt":{"rendered":"<p>Der Softstarter mit Einschaltstrombegrenzer VersiStart p II [250 &#8211; 580A] \u00fcberzeugt im Kern mit der f\u00fcr PETER electronic typischen Softstarter-Produktqualit\u00e4t und einer Vielfalt an Funktionen, die f\u00fcr optimale Sanftanlauf-, sowie Auslauf-Bedingungen und hochwertigen Schutz von Elektromotoren sorgen.<\/p>\n","protected":false},"featured_media":14709,"template":"","meta":{"_acf_changed":false},"product_cat":[2286,2274,2282,2304],"product_tag":[],"class_list":{"0":"post-14683","1":"product","2":"type-product","3":"status-publish","4":"has-post-thumbnail","6":"product_cat-performance-range-2","7":"product_cat-products","8":"product_cat-soft-starters-2","9":"product_cat-two-phase-controlled","10":"pa_application-area-holzbearbeitungsmaschinen-3","11":"pa_application-area-absauganlagen-en","12":"pa_application-area-antriebe-mit-hoher-last-en","13":"pa_application-area-druckmaschinen-en","14":"pa_application-area-elektrische-pumpen-en","15":"pa_application-area-forderanlagen-en","16":"pa_application-area-kompressoren-en","17":"pa_application-area-laufkrane-en","18":"pa_application-area-ruhrwerke-en","19":"pa_application-area-sagen-en","20":"pa_application-area-schleifmaschinen-en","21":"pa_application-area-sonstige-en","22":"pa_application-area-textilmaschinen-en","23":"pa_application-area-vakuumpumpen-en","24":"pa_application-area-ventilatoren-und-lufter-en","25":"pa_application-area-verpackungsmaschinen-en","26":"pa_application-area-warmepumpen-en","27":"pa_application-area-zentrifugen-en","28":"pa_bevorzugte-einsatzgebiete-centrifuges","29":"pa_bevorzugte-einsatzgebiete-compressors","30":"pa_bevorzugte-einsatzgebiete-conveyors","31":"pa_bevorzugte-einsatzgebiete-drives-with-high-load","32":"pa_bevorzugte-einsatzgebiete-electric-pumps","33":"pa_bevorzugte-einsatzgebiete-extraction-systems","34":"pa_bevorzugte-einsatzgebiete-grinding-machines","35":"pa_bevorzugte-einsatzgebiete-heat-pumps","36":"pa_bevorzugte-einsatzgebiete-others","37":"pa_bevorzugte-einsatzgebiete-packaging-machines","38":"pa_bevorzugte-einsatzgebiete-printing-machines","39":"pa_bevorzugte-einsatzgebiete-saws","40":"pa_bevorzugte-einsatzgebiete-stirrers","41":"pa_bevorzugte-einsatzgebiete-textile-machines","42":"pa_bevorzugte-einsatzgebiete-travelling-cranes","43":"pa_bevorzugte-einsatzgebiete-vacuum-pumps","44":"pa_bevorzugte-einsatzgebiete-ventilators-and-fans","45":"pa_bevorzugte-einsatzgebiete-woodworking-machines","46":"pa_downloads-https-www-peter-electronic-com-wp-wp-content-uploads-einschaltstrombegrenzer-versistart-p-2-250-580a-datenblatt-de-pdf-pdf-technisches-datenblatt-https-www-peter-electronic-com-wp-wp-content-uploads-e","47":"pa_funktionen-functions-soft-starter","48":"pa_funktionen-24vdc-output","49":"pa_funktionen-2x-programmable","50":"pa_funktionen-adjustable-initial-start-current-level-up-to-600-of-nominal-rating","51":"pa_funktionen-analog-output","52":"pa_funktionen-divers-soft-start-stop-control-types","53":"pa_funktionen-reay-outputs-3x-programmable","54":"pa_funktionen-remote-control-inputs-2x-fixed","55":"pa_funktionen-units-with-600v-upon-request","56":"pa_geratenennstrom-3-5-a-en-2","57":"pa_geratenennstrom-6-a-en-2","58":"pa_geratenennstrom-6-5-a-en-2","59":"pa_geratenennstrom-9-a-en-2","60":"pa_geratenennstrom-12-a-en-2","61":"pa_geratenennstrom-15-a-en-2","62":"pa_geratenennstrom-16-a-2-en","63":"pa_geratenennstrom-17-a-en","64":"pa_geratenennstrom-18-a-en-2","65":"pa_geratenennstrom-22-a-en-2","66":"pa_geratenennstrom-23-a-en-2","67":"pa_geratenennstrom-24-a-en-2","68":"pa_geratenennstrom-25-a-en-2","69":"pa_geratenennstrom-30-a-en-2","70":"pa_geratenennstrom-32-a-en-2","71":"pa_geratenennstrom-34-a-en-2","72":"pa_geratenennstrom-36-a-en-2","73":"pa_geratenennstrom-37-a-en-2","74":"pa_geratenennstrom-38-a-en-2","75":"pa_geratenennstrom-40-a-en-2","76":"pa_geratenennstrom-42-a-en-2","77":"pa_geratenennstrom-43-a-en-2","78":"pa_geratenennstrom-45-a-en-2","79":"pa_geratenennstrom-48-a-en-2","80":"pa_geratenennstrom-52-a-en-2","81":"pa_geratenennstrom-53-a-en-2","82":"pa_geratenennstrom-60-a-en-2","83":"pa_geratenennstrom-65-a-en","84":"pa_geratenennstrom-69-a-en","85":"pa_geratenennstrom-72-a-en","86":"pa_geratenennstrom-75-a-en","87":"pa_geratenennstrom-76-a-en","88":"pa_geratenennstrom-80-a-en","89":"pa_geratenennstrom-85-a-en","90":"pa_geratenennstrom-100-a-en","91":"pa_geratenennstrom-105-a-en","92":"pa_geratenennstrom-132-a-en","93":"pa_geratenennstrom-135-a-en","94":"pa_geratenennstrom-140-a-en","95":"pa_geratenennstrom-145-a-en","96":"pa_geratenennstrom-170-a-en","97":"pa_geratenennstrom-184-a-en","98":"pa_geratenennstrom-200-a-en","99":"pa_geratenennstrom-220-a-en","100":"pa_geratenennstrom-222-a-en","101":"pa_geratenennstrom-229-a-en","102":"pa_geratenennstrom-250-a-en","103":"pa_geratenennstrom-255-a-en","104":"pa_geratenennstrom-350-a-en","105":"pa_geratenennstrom-352-a-en","106":"pa_geratenennstrom-360-a-en","107":"pa_geratenennstrom-397-a-en","108":"pa_geratenennstrom-400-a-en","109":"pa_geratenennstrom-410-a-en","110":"pa_geratenennstrom-425-a-en","111":"pa_geratenennstrom-500-a-en","112":"pa_geratenennstrom-550-a-en","113":"pa_geratenennstrom-580-a-en","114":"pa_geratenennstrom-600-a-en","115":"pa_geratenennstrom-700-a-en","116":"pa_geratenennstrom-820-a-en","117":"pa_geratenennstrom-835-a-en","118":"pa_geratenennstrom-920-a-en","119":"pa_geratenennstrom-940-a-en","120":"pa_geratenennstrom-1000-a-en","121":"pa_geratenennstrom-1070-a-en","122":"pa_geratenennstrom-1230-a-en","123":"pa_geratenennstrom-1250-a-en","124":"pa_menu-filter-kategorie-softstarter-zweiphasig-en","125":"pa_merkmale-features-soft-starter","126":"pa_merkmale-comprehensive-and-customizable-motor-operating-performance","127":"pa_merkmale-current-and-torque-reduction-during-acceleration","128":"pa_merkmale-degree-of-protection-ip20-up-to-135a","129":"pa_merkmale-display-graphical-lcd-real-time-graphs-of-motor-operating-performance","130":"pa_merkmale-integrated-bypass","131":"pa_merkmale-motor-ptc-connection","132":"pa_merkmale-two-phase-controlled-dgital-soft-starter-11-800kw","133":"pa_merkmale-usb-port","134":"pa_netzspannung-3x-200-480vac-15-10-en","135":"pa_netzspannung-200-575-v-en","136":"pa_netzspannung-200-525-v-en","137":"pa_netzspannung-200-480-v-10-en","138":"pa_netzspannung-200-440-v-en","139":"pa_netzspannung-220-240-v-10-en","140":"pa_netzspannung-380-480-v-10-en","141":"pa_netzspannung-380-415-v-10-en","142":"pa_netzspannung-400-v-10-en","143":"pa_netzspannung-400-600-v-10-en","144":"pa_option-apc-braking-current-display-plug-in-control-terminals-motor-ptc-monitoring-star-delta-starting-control-standstill-signalling-relay-braking-current-monitoring","145":"pa_option-c1-control-voltage-configuration-110-240-vac-or-380-440-vac-10-15","146":"pa_option-c2-control-voltage-configuration-24-vac-vdc-20","147":"pa_option-i-signalling-contacts-motor-ptc-current-control-heat-sink-temperature-monitoring","148":"pa_option-l-version-ip-20","149":"pa_option-lp-version-ip-00","150":"pa_option-p-with-isolating-module","151":"pa_option-st-pluggable-with-pin-connector-din-41617","152":"pa_option-st-p-pluggable-with-isolating-module","153":"pa_option-ul-version","154":"pa_option-with-switch","155":"pa_option-without-switch","156":"pa_option-b-200-575-v-10-en","157":"pa_option-c1-ansteuerungsspannung-110-120-vac-oder-220-240-vac-10-15-en","158":"pa_option-c2-ansteuerungsspannung-24-vac-vdc-20-en","159":"pa_option-standard-en","160":"pa_optionen-options-soft-starter","161":"pa_optionen-29000-2s811","162":"pa_optionen-card-cable-29000-2s809","163":"pa_optionen-deveicenet-interface-29000-2s802","164":"pa_optionen-ethernet-ip-interface-29000-2s803","165":"pa_optionen-finger-protection-from-184a-up-to-580a","166":"pa_optionen-modbus-rtu-interface-29000-2s804","167":"pa_optionen-modbus-tcp-interface-29000-2s805","168":"pa_optionen-profibus-interface-29000-2s806","169":"pa_optionen-profinet-interface-29000-2s807","170":"pa_optionen-remote-keypad","171":"pa_optionen-remote-keypad-cable-29000-2s801","172":"pa_optionen-remote-keypad-card-29000-2s808","173":"pa_optionen-smartcard-pump-application-29000-2s810","174":"pa_power-rating-132-kw-3","175":"pa_power-rating-160-kw-3","176":"pa_power-rating-315-kw-en","177":"pa_supply-voltage-2374","179":"first","180":"instock","181":"taxable","182":"shipping-taxable","183":"purchasable","184":"product-type-variable"},"acf":[],"yoast_head":"<!-- This site is optimized with the Yoast SEO plugin v23.9 - https:\/\/yoast.com\/wordpress\/plugins\/seo\/ -->\n<title>Softstarter mit Einschaltstrombegrenzer VersiStart p II [250 - 580A]<\/title>\n<meta name=\"description\" content=\"Zweiphasengesteuerter volldigitaler Softstarter mit Einschaltstrombegrenzer \u2713 mit \u00dcberbru\u0308ckungsrelais \u2713 bis 525V \u2713 USB-Anschluss \/ VS p II [250 - 580A] \u27a4 online bestellen\" \/>\n<meta name=\"robots\" content=\"index, follow, max-snippet:-1, max-image-preview:large, max-video-preview:-1\" \/>\n<link rel=\"canonical\" href=\"https:\/\/www.peter-electronic.com\/produkt\/versistart-p-ii-250-580a-2\/\" \/>\n<script type=\"application\/ld+json\" class=\"yoast-schema-graph\">{\"@context\":\"https:\/\/schema.org\",\"@graph\":[{\"@type\":\"WebPage\",\"@id\":\"https:\/\/www.peter-electronic.com\/en\/produkt\/versistart-p-ii-250-580a-2\/\",\"url\":\"https:\/\/www.peter-electronic.com\/en\/produkt\/versistart-p-ii-250-580a-2\/\",\"name\":\"Softstarter mit Einschaltstrombegrenzer VersiStart p II [250 - 580A]\",\"isPartOf\":{\"@id\":\"https:\/\/www.peter-electronic.com\/#website\"},\"primaryImageOfPage\":{\"@id\":\"https:\/\/www.peter-electronic.com\/en\/produkt\/versistart-p-ii-250-580a-2\/#primaryimage\"},\"image\":{\"@id\":\"https:\/\/www.peter-electronic.com\/en\/produkt\/versistart-p-ii-250-580a-2\/#primaryimage\"},\"thumbnailUrl\":\"https:\/\/www.peter-electronic.com\/wp-content\/uploads\/2020\/05\/products-softstarter_einschaltstrombegrenzer_vs-p-2-250-580a-1.png\",\"datePublished\":\"2017-10-24T09:04:11+00:00\",\"dateModified\":\"2025-04-30T12:18:08+00:00\",\"description\":\"Zweiphasengesteuerter volldigitaler Softstarter mit Einschaltstrombegrenzer \u2713 mit \u00dcberbru\u0308ckungsrelais \u2713 bis 525V \u2713 USB-Anschluss \/ VS p II [250 - 580A] \u27a4 online bestellen\",\"breadcrumb\":{\"@id\":\"https:\/\/www.peter-electronic.com\/en\/produkt\/versistart-p-ii-250-580a-2\/#breadcrumb\"},\"inLanguage\":\"de\",\"potentialAction\":[{\"@type\":\"ReadAction\",\"target\":[\"https:\/\/www.peter-electronic.com\/en\/produkt\/versistart-p-ii-250-580a-2\/\"]}]},{\"@type\":\"ImageObject\",\"inLanguage\":\"de\",\"@id\":\"https:\/\/www.peter-electronic.com\/en\/produkt\/versistart-p-ii-250-580a-2\/#primaryimage\",\"url\":\"https:\/\/www.peter-electronic.com\/wp-content\/uploads\/2020\/05\/products-softstarter_einschaltstrombegrenzer_vs-p-2-250-580a-1.png\",\"contentUrl\":\"https:\/\/www.peter-electronic.com\/wp-content\/uploads\/2020\/05\/products-softstarter_einschaltstrombegrenzer_vs-p-2-250-580a-1.png\",\"width\":620,\"height\":440},{\"@type\":\"BreadcrumbList\",\"@id\":\"https:\/\/www.peter-electronic.com\/en\/produkt\/versistart-p-ii-250-580a-2\/#breadcrumb\",\"itemListElement\":[{\"@type\":\"ListItem\",\"position\":1,\"name\":\"Startseite\",\"item\":\"https:\/\/www.peter-electronic.com\/\"},{\"@type\":\"ListItem\",\"position\":2,\"name\":\"Shop\",\"item\":\"https:\/\/www.peter-electronic.com\/shop\/\"},{\"@type\":\"ListItem\",\"position\":3,\"name\":\"VersiStart p II [250 &#8211; 580A]\"}]},{\"@type\":\"WebSite\",\"@id\":\"https:\/\/www.peter-electronic.com\/#website\",\"url\":\"https:\/\/www.peter-electronic.com\/\",\"name\":\"Frequenzumrichter, Softstarter und Bremsger\u00e4te direkt vom Hersteller\",\"description\":\"\",\"alternateName\":\"Frequenzumrichter, Softstarter und Bremsger\u00e4te direkt vom Hersteller\",\"potentialAction\":[{\"@type\":\"SearchAction\",\"target\":{\"@type\":\"EntryPoint\",\"urlTemplate\":\"https:\/\/www.peter-electronic.com\/?s={search_term_string}\"},\"query-input\":{\"@type\":\"PropertyValueSpecification\",\"valueRequired\":true,\"valueName\":\"search_term_string\"}}],\"inLanguage\":\"de\"}]}<\/script>\n<!-- \/ Yoast SEO plugin. -->","yoast_head_json":{"title":"Softstarter mit Einschaltstrombegrenzer VersiStart p II [250 - 580A]","description":"Zweiphasengesteuerter volldigitaler Softstarter mit Einschaltstrombegrenzer \u2713 mit \u00dcberbru\u0308ckungsrelais \u2713 bis 525V \u2713 USB-Anschluss \/ VS p II [250 - 580A] \u27a4 online bestellen","robots":{"index":"index","follow":"follow","max-snippet":"max-snippet:-1","max-image-preview":"max-image-preview:large","max-video-preview":"max-video-preview:-1"},"canonical":"https:\/\/www.peter-electronic.com\/produkt\/versistart-p-ii-250-580a-2\/","schema":{"@context":"https:\/\/schema.org","@graph":[{"@type":"WebPage","@id":"https:\/\/www.peter-electronic.com\/en\/produkt\/versistart-p-ii-250-580a-2\/","url":"https:\/\/www.peter-electronic.com\/en\/produkt\/versistart-p-ii-250-580a-2\/","name":"Softstarter mit Einschaltstrombegrenzer VersiStart p II [250 - 580A]","isPartOf":{"@id":"https:\/\/www.peter-electronic.com\/#website"},"primaryImageOfPage":{"@id":"https:\/\/www.peter-electronic.com\/en\/produkt\/versistart-p-ii-250-580a-2\/#primaryimage"},"image":{"@id":"https:\/\/www.peter-electronic.com\/en\/produkt\/versistart-p-ii-250-580a-2\/#primaryimage"},"thumbnailUrl":"https:\/\/www.peter-electronic.com\/wp-content\/uploads\/2020\/05\/products-softstarter_einschaltstrombegrenzer_vs-p-2-250-580a-1.png","datePublished":"2017-10-24T09:04:11+00:00","dateModified":"2025-04-30T12:18:08+00:00","description":"Zweiphasengesteuerter volldigitaler Softstarter mit Einschaltstrombegrenzer \u2713 mit \u00dcberbru\u0308ckungsrelais \u2713 bis 525V \u2713 USB-Anschluss \/ VS p II [250 - 580A] \u27a4 online bestellen","breadcrumb":{"@id":"https:\/\/www.peter-electronic.com\/en\/produkt\/versistart-p-ii-250-580a-2\/#breadcrumb"},"inLanguage":"de","potentialAction":[{"@type":"ReadAction","target":["https:\/\/www.peter-electronic.com\/en\/produkt\/versistart-p-ii-250-580a-2\/"]}]},{"@type":"ImageObject","inLanguage":"de","@id":"https:\/\/www.peter-electronic.com\/en\/produkt\/versistart-p-ii-250-580a-2\/#primaryimage","url":"https:\/\/www.peter-electronic.com\/wp-content\/uploads\/2020\/05\/products-softstarter_einschaltstrombegrenzer_vs-p-2-250-580a-1.png","contentUrl":"https:\/\/www.peter-electronic.com\/wp-content\/uploads\/2020\/05\/products-softstarter_einschaltstrombegrenzer_vs-p-2-250-580a-1.png","width":620,"height":440},{"@type":"BreadcrumbList","@id":"https:\/\/www.peter-electronic.com\/en\/produkt\/versistart-p-ii-250-580a-2\/#breadcrumb","itemListElement":[{"@type":"ListItem","position":1,"name":"Startseite","item":"https:\/\/www.peter-electronic.com\/"},{"@type":"ListItem","position":2,"name":"Shop","item":"https:\/\/www.peter-electronic.com\/shop\/"},{"@type":"ListItem","position":3,"name":"VersiStart p II [250 &#8211; 580A]"}]},{"@type":"WebSite","@id":"https:\/\/www.peter-electronic.com\/#website","url":"https:\/\/www.peter-electronic.com\/","name":"Frequenzumrichter, Softstarter und Bremsger\u00e4te direkt vom Hersteller","description":"","alternateName":"Frequenzumrichter, Softstarter und Bremsger\u00e4te direkt vom Hersteller","potentialAction":[{"@type":"SearchAction","target":{"@type":"EntryPoint","urlTemplate":"https:\/\/www.peter-electronic.com\/?s={search_term_string}"},"query-input":{"@type":"PropertyValueSpecification","valueRequired":true,"valueName":"search_term_string"}}],"inLanguage":"de"}]}},"_links":{"self":[{"href":"https:\/\/www.peter-electronic.com\/index.php?rest_route=\/wp\/v2\/product\/14683","targetHints":{"allow":["GET"]}}],"collection":[{"href":"https:\/\/www.peter-electronic.com\/index.php?rest_route=\/wp\/v2\/product"}],"about":[{"href":"https:\/\/www.peter-electronic.com\/index.php?rest_route=\/wp\/v2\/types\/product"}],"wp:featuredmedia":[{"embeddable":true,"href":"https:\/\/www.peter-electronic.com\/index.php?rest_route=\/wp\/v2\/media\/14709"}],"wp:attachment":[{"href":"https:\/\/www.peter-electronic.com\/index.php?rest_route=%2Fwp%2Fv2%2Fmedia&parent=14683"}],"wp:term":[{"taxonomy":"product_cat","embeddable":true,"href":"https:\/\/www.peter-electronic.com\/index.php?rest_route=%2Fwp%2Fv2%2Fproduct_cat&post=14683"},{"taxonomy":"product_tag","embeddable":true,"href":"https:\/\/www.peter-electronic.com\/index.php?rest_route=%2Fwp%2Fv2%2Fproduct_tag&post=14683"}],"curies":[{"name":"wp","href":"https:\/\/api.w.org\/{rel}","templated":true}]}}