{"id":14655,"date":"2017-10-24T11:04:11","date_gmt":"2017-10-24T11:04:11","guid":{"rendered":"https:\/\/www.peter.secondlevelserver.de\/?post_type=product&#038;p=14655"},"modified":"2025-12-19T13:39:39","modified_gmt":"2025-12-19T12:39:39","slug":"versistart-p-ii-250-580a","status":"publish","type":"product","link":"https:\/\/www.peter-electronic.com\/produkt\/versistart-p-ii-250-580a\/","title":{"rendered":"VersiStart p II [250 &#8211; 580A]"},"content":{"rendered":"","protected":false},"excerpt":{"rendered":"<p>Der Softstarter mit Einschaltstrombegrenzer VersiStart p II [250 &#8211; 580A] \u00fcberzeugt im Kern mit der f\u00fcr PETER electronic typischen Softstarter-Produktqualit\u00e4t und einer Vielfalt an Funktionen, die f\u00fcr optimale Sanftanlauf-, sowie Auslauf-Bedingungen und hochwertigen Schutz von Elektromotoren sorgen.<\/p>\n","protected":false},"featured_media":14681,"template":"","meta":{"_acf_changed":false},"product_cat":[2285,2273,2281,2303],"product_tag":[],"class_list":{"0":"post-14655","1":"product","2":"type-product","3":"status-publish","4":"has-post-thumbnail","6":"product_cat-performance-reihe-2","7":"product_cat-produkte","8":"product_cat-softstarter","9":"product_cat-zweiphasig-gesteuert","10":"pa_application-area-absauganlagen","11":"pa_application-area-antriebe-mit-hoher-last","12":"pa_application-area-druckmaschinen","13":"pa_application-area-elektrische-pumpen","14":"pa_application-area-forderanlagen","15":"pa_application-area-holzbearbeitungsmaschinen-2","16":"pa_application-area-kompressoren","17":"pa_application-area-laufkrane","18":"pa_application-area-ruhrwerke","19":"pa_application-area-sagen","20":"pa_application-area-schleifmaschinen","21":"pa_application-area-sonstige","22":"pa_application-area-textilmaschinen","23":"pa_application-area-vakuumpumpen","24":"pa_application-area-ventilatoren-und-lufter","25":"pa_application-area-verpackungsmaschinen","26":"pa_application-area-warmepumpen","27":"pa_application-area-zentrifugen","28":"pa_bevorzugte-einsatzgebiete-elektrische-pumpen-warmepumpen-vakuumpumpen-ventilatoren-und-lufter-laufkrane-absauganlagen-kompressoren-ruhrwerke-zentrifugen-sagen-forderanlagen-holzbearbeitungsmaschinen-schleifmaschinen-textilmasc","29":"pa_downloads-https-www-peter-electronic-com-wp-wp-content-uploads-einschaltstrombegrenzer-versistart-p-2-250-580a-datenblatt-de-pdf-pdf-technisches-datenblatt-https-www-peter-electronic-com-wp-wp-content-uploads-e","30":"pa_funktionen-funktion-softstarter-einstellbarer-start-anlaufstrom-bis-zu-600-des-geratenennstomes-steuereingange-2x-fest-2x-programmierbar-relaisausgange-3x-programmierbar-24vdc-ausgang-analogausgang-verschiedene-","31":"pa_geratenennstrom-3-5-a","32":"pa_geratenennstrom-6-a","33":"pa_geratenennstrom-6-5-a","34":"pa_geratenennstrom-9-a","35":"pa_geratenennstrom-12-a","36":"pa_geratenennstrom-15-a","37":"pa_geratenennstrom-16-a-2","38":"pa_geratenennstrom-17-a","39":"pa_geratenennstrom-18-a","40":"pa_geratenennstrom-22-a","41":"pa_geratenennstrom-23-a","42":"pa_geratenennstrom-24-a","43":"pa_geratenennstrom-25-a","44":"pa_geratenennstrom-30-a","45":"pa_geratenennstrom-32-a","46":"pa_geratenennstrom-34-a","47":"pa_geratenennstrom-36-a","48":"pa_geratenennstrom-37-a","49":"pa_geratenennstrom-38-a","50":"pa_geratenennstrom-40-a","51":"pa_geratenennstrom-42-a","52":"pa_geratenennstrom-43-a","53":"pa_geratenennstrom-45-a","54":"pa_geratenennstrom-48-a","55":"pa_geratenennstrom-52-a","56":"pa_geratenennstrom-53-a","57":"pa_geratenennstrom-60-a","58":"pa_geratenennstrom-65-a","59":"pa_geratenennstrom-69-a","60":"pa_geratenennstrom-72-a","61":"pa_geratenennstrom-75-a","62":"pa_geratenennstrom-76-a","63":"pa_geratenennstrom-80-a","64":"pa_geratenennstrom-85-a","65":"pa_geratenennstrom-100-a","66":"pa_geratenennstrom-105-a","67":"pa_geratenennstrom-132-a","68":"pa_geratenennstrom-135-a","69":"pa_geratenennstrom-140-a","70":"pa_geratenennstrom-145-a","71":"pa_geratenennstrom-170-a","72":"pa_geratenennstrom-184-a","73":"pa_geratenennstrom-200-a","74":"pa_geratenennstrom-220-a","75":"pa_geratenennstrom-222-a","76":"pa_geratenennstrom-229-a","77":"pa_geratenennstrom-250-a","78":"pa_geratenennstrom-255-a","79":"pa_geratenennstrom-350-a","80":"pa_geratenennstrom-352-a","81":"pa_geratenennstrom-360-a","82":"pa_geratenennstrom-397-a","83":"pa_geratenennstrom-400-a","84":"pa_geratenennstrom-410-a","85":"pa_geratenennstrom-425-a","86":"pa_geratenennstrom-500-a","87":"pa_geratenennstrom-550-a","88":"pa_geratenennstrom-580-a","89":"pa_geratenennstrom-600-a","90":"pa_geratenennstrom-700-a","91":"pa_geratenennstrom-820-a","92":"pa_geratenennstrom-835-a","93":"pa_geratenennstrom-920-a","94":"pa_geratenennstrom-940-a","95":"pa_geratenennstrom-1000-a","96":"pa_geratenennstrom-1070-a","97":"pa_geratenennstrom-1230-a","98":"pa_geratenennstrom-1250-a","99":"pa_menu-filter-kategorie-softstarter-zweiphasig","100":"pa_merkmale-merkmale-softstarter-zweiphasengesteuerter-volldigitaler-softstarter-11-800kw-berbru-ckungsrelais-integriert-strom-und-drehmomentreduzierung-beim-anlauf-usb-anschluss-umfangreiche-und-kundenspezifisch","101":"pa_netzspannung-3x-200-480vac-15-10","102":"pa_netzspannung-200-575-v","103":"pa_netzspannung-200-525-v","104":"pa_netzspannung-200-480-v-10","105":"pa_netzspannung-200-440-v","106":"pa_netzspannung-220-240-v-10","107":"pa_netzspannung-380-480-v-10","108":"pa_netzspannung-380-415-v-10","109":"pa_netzspannung-400-v-10","110":"pa_netzspannung-400-600-v-10","111":"pa_option-apc-bremsstromanzeige-steckbare-steuerklemmen-motor-ptc-berwachung-stern-dreieck-anlaufansteuerung-stillstandsmelderelais-bremsstromuberwachung","112":"pa_option-b-200-575-v-10","113":"pa_option-c1-ansteuerungsspannung-110-120-vac-oder-220-240-vac-10-15","114":"pa_option-c1-steuerspannungs-konfiguration-110-240-vac-oder-380-440-vac-10-15","115":"pa_option-c2-ansteuerungsspannung-24-vac-vdc-20","116":"pa_option-c2-steuerspannungs-konfiguration-24-vac-vdc-20","117":"pa_option-i-meldekontakt-motor-ptc-stromregelfunktion-kuhlkorpertemparaturuberwachung","118":"pa_option-l-ausfuhrung-ip-20","119":"pa_option-lp-ausfuhrung-ip-00","120":"pa_option-mit-schalter","121":"pa_option-ohne-schalter","122":"pa_option-p-mit-potentialtrennung","123":"pa_option-st-steckbar-mit-stiftleiste-din-41617","124":"pa_option-st-p-steckbar-mit-potentialtrennung","125":"pa_option-standard","126":"pa_option-ul-ausfuhrung","127":"pa_optionen-option-softstarter-fernbedieneinheit-kabel-29000-2s801-devicenet-interface-29000-2s802-ethernet-ip-interface-29000-2s803-modbus-rtu-interface-29000-2s804-modbus-tcp-interface-29000-2s805-profibus-inte","128":"pa_power-rating-132-kw-2","129":"pa_power-rating-160-kw-2","130":"pa_power-rating-185-kw","131":"pa_power-rating-220-kw","132":"pa_power-rating-280-kw","133":"pa_power-rating-315-kw","134":"pa_prafix-name-softstarter-mit-einschaltstrombegrenzer","135":"pa_supply-voltage-2358","137":"first","138":"instock","139":"taxable","140":"shipping-taxable","141":"purchasable","142":"product-type-variable"},"acf":[],"yoast_head":"<!-- This site is optimized with the Yoast SEO plugin v23.9 - https:\/\/yoast.com\/wordpress\/plugins\/seo\/ -->\n<title>Softstarter mit Einschaltstrombegrenzer VersiStart p II [250 - 580A]<\/title>\n<meta name=\"description\" content=\"Zweiphasengesteuerter volldigitaler Softstarter mit Einschaltstrombegrenzer \u2713 mit \u00dcberbru\u0308ckungsrelais \u2713 bis 525V \u2713 USB-Anschluss \/ VS p II [250 - 580A] \u27a4 online bestellen\" \/>\n<meta name=\"robots\" content=\"index, follow, max-snippet:-1, max-image-preview:large, max-video-preview:-1\" \/>\n<link rel=\"canonical\" href=\"https:\/\/www.peter-electronic.com\/produkt\/versistart-p-ii-250-580a\/\" \/>\n<script type=\"application\/ld+json\" class=\"yoast-schema-graph\">{\"@context\":\"https:\/\/schema.org\",\"@graph\":[{\"@type\":\"WebPage\",\"@id\":\"https:\/\/www.peter-electronic.com\/produkt\/versistart-p-ii-250-580a\/\",\"url\":\"https:\/\/www.peter-electronic.com\/produkt\/versistart-p-ii-250-580a\/\",\"name\":\"Softstarter mit Einschaltstrombegrenzer VersiStart p II [250 - 580A]\",\"isPartOf\":{\"@id\":\"https:\/\/www.peter-electronic.com\/#website\"},\"primaryImageOfPage\":{\"@id\":\"https:\/\/www.peter-electronic.com\/produkt\/versistart-p-ii-250-580a\/#primaryimage\"},\"image\":{\"@id\":\"https:\/\/www.peter-electronic.com\/produkt\/versistart-p-ii-250-580a\/#primaryimage\"},\"thumbnailUrl\":\"https:\/\/www.peter-electronic.com\/wp-content\/uploads\/2020\/05\/products-softstarter_einschaltstrombegrenzer_vs-p-2-250-580a.png\",\"datePublished\":\"2017-10-24T11:04:11+00:00\",\"dateModified\":\"2025-12-19T12:39:39+00:00\",\"description\":\"Zweiphasengesteuerter volldigitaler Softstarter mit Einschaltstrombegrenzer \u2713 mit \u00dcberbru\u0308ckungsrelais \u2713 bis 525V \u2713 USB-Anschluss \/ VS p II [250 - 580A] \u27a4 online bestellen\",\"breadcrumb\":{\"@id\":\"https:\/\/www.peter-electronic.com\/produkt\/versistart-p-ii-250-580a\/#breadcrumb\"},\"inLanguage\":\"de\",\"potentialAction\":[{\"@type\":\"ReadAction\",\"target\":[\"https:\/\/www.peter-electronic.com\/produkt\/versistart-p-ii-250-580a\/\"]}]},{\"@type\":\"ImageObject\",\"inLanguage\":\"de\",\"@id\":\"https:\/\/www.peter-electronic.com\/produkt\/versistart-p-ii-250-580a\/#primaryimage\",\"url\":\"https:\/\/www.peter-electronic.com\/wp-content\/uploads\/2020\/05\/products-softstarter_einschaltstrombegrenzer_vs-p-2-250-580a.png\",\"contentUrl\":\"https:\/\/www.peter-electronic.com\/wp-content\/uploads\/2020\/05\/products-softstarter_einschaltstrombegrenzer_vs-p-2-250-580a.png\",\"width\":620,\"height\":440},{\"@type\":\"BreadcrumbList\",\"@id\":\"https:\/\/www.peter-electronic.com\/produkt\/versistart-p-ii-250-580a\/#breadcrumb\",\"itemListElement\":[{\"@type\":\"ListItem\",\"position\":1,\"name\":\"Startseite\",\"item\":\"https:\/\/www.peter-electronic.com\/\"},{\"@type\":\"ListItem\",\"position\":2,\"name\":\"Shop\",\"item\":\"https:\/\/www.peter-electronic.com\/shop\/\"},{\"@type\":\"ListItem\",\"position\":3,\"name\":\"VersiStart p II [250 &#8211; 580A]\"}]},{\"@type\":\"WebSite\",\"@id\":\"https:\/\/www.peter-electronic.com\/#website\",\"url\":\"https:\/\/www.peter-electronic.com\/\",\"name\":\"Frequenzumrichter, Softstarter und Bremsger\u00e4te direkt vom Hersteller\",\"description\":\"\",\"alternateName\":\"Frequenzumrichter, Softstarter und Bremsger\u00e4te direkt vom Hersteller\",\"potentialAction\":[{\"@type\":\"SearchAction\",\"target\":{\"@type\":\"EntryPoint\",\"urlTemplate\":\"https:\/\/www.peter-electronic.com\/?s={search_term_string}\"},\"query-input\":{\"@type\":\"PropertyValueSpecification\",\"valueRequired\":true,\"valueName\":\"search_term_string\"}}],\"inLanguage\":\"de\"}]}<\/script>\n<!-- \/ Yoast SEO plugin. -->","yoast_head_json":{"title":"Softstarter mit Einschaltstrombegrenzer VersiStart p II [250 - 580A]","description":"Zweiphasengesteuerter volldigitaler Softstarter mit Einschaltstrombegrenzer \u2713 mit \u00dcberbru\u0308ckungsrelais \u2713 bis 525V \u2713 USB-Anschluss \/ VS p II [250 - 580A] \u27a4 online bestellen","robots":{"index":"index","follow":"follow","max-snippet":"max-snippet:-1","max-image-preview":"max-image-preview:large","max-video-preview":"max-video-preview:-1"},"canonical":"https:\/\/www.peter-electronic.com\/produkt\/versistart-p-ii-250-580a\/","schema":{"@context":"https:\/\/schema.org","@graph":[{"@type":"WebPage","@id":"https:\/\/www.peter-electronic.com\/produkt\/versistart-p-ii-250-580a\/","url":"https:\/\/www.peter-electronic.com\/produkt\/versistart-p-ii-250-580a\/","name":"Softstarter mit Einschaltstrombegrenzer VersiStart p II [250 - 580A]","isPartOf":{"@id":"https:\/\/www.peter-electronic.com\/#website"},"primaryImageOfPage":{"@id":"https:\/\/www.peter-electronic.com\/produkt\/versistart-p-ii-250-580a\/#primaryimage"},"image":{"@id":"https:\/\/www.peter-electronic.com\/produkt\/versistart-p-ii-250-580a\/#primaryimage"},"thumbnailUrl":"https:\/\/www.peter-electronic.com\/wp-content\/uploads\/2020\/05\/products-softstarter_einschaltstrombegrenzer_vs-p-2-250-580a.png","datePublished":"2017-10-24T11:04:11+00:00","dateModified":"2025-12-19T12:39:39+00:00","description":"Zweiphasengesteuerter volldigitaler Softstarter mit Einschaltstrombegrenzer \u2713 mit \u00dcberbru\u0308ckungsrelais \u2713 bis 525V \u2713 USB-Anschluss \/ VS p II [250 - 580A] \u27a4 online bestellen","breadcrumb":{"@id":"https:\/\/www.peter-electronic.com\/produkt\/versistart-p-ii-250-580a\/#breadcrumb"},"inLanguage":"de","potentialAction":[{"@type":"ReadAction","target":["https:\/\/www.peter-electronic.com\/produkt\/versistart-p-ii-250-580a\/"]}]},{"@type":"ImageObject","inLanguage":"de","@id":"https:\/\/www.peter-electronic.com\/produkt\/versistart-p-ii-250-580a\/#primaryimage","url":"https:\/\/www.peter-electronic.com\/wp-content\/uploads\/2020\/05\/products-softstarter_einschaltstrombegrenzer_vs-p-2-250-580a.png","contentUrl":"https:\/\/www.peter-electronic.com\/wp-content\/uploads\/2020\/05\/products-softstarter_einschaltstrombegrenzer_vs-p-2-250-580a.png","width":620,"height":440},{"@type":"BreadcrumbList","@id":"https:\/\/www.peter-electronic.com\/produkt\/versistart-p-ii-250-580a\/#breadcrumb","itemListElement":[{"@type":"ListItem","position":1,"name":"Startseite","item":"https:\/\/www.peter-electronic.com\/"},{"@type":"ListItem","position":2,"name":"Shop","item":"https:\/\/www.peter-electronic.com\/shop\/"},{"@type":"ListItem","position":3,"name":"VersiStart p II [250 &#8211; 580A]"}]},{"@type":"WebSite","@id":"https:\/\/www.peter-electronic.com\/#website","url":"https:\/\/www.peter-electronic.com\/","name":"Frequenzumrichter, Softstarter und Bremsger\u00e4te direkt vom Hersteller","description":"","alternateName":"Frequenzumrichter, Softstarter und Bremsger\u00e4te direkt vom Hersteller","potentialAction":[{"@type":"SearchAction","target":{"@type":"EntryPoint","urlTemplate":"https:\/\/www.peter-electronic.com\/?s={search_term_string}"},"query-input":{"@type":"PropertyValueSpecification","valueRequired":true,"valueName":"search_term_string"}}],"inLanguage":"de"}]}},"_links":{"self":[{"href":"https:\/\/www.peter-electronic.com\/index.php?rest_route=\/wp\/v2\/product\/14655","targetHints":{"allow":["GET"]}}],"collection":[{"href":"https:\/\/www.peter-electronic.com\/index.php?rest_route=\/wp\/v2\/product"}],"about":[{"href":"https:\/\/www.peter-electronic.com\/index.php?rest_route=\/wp\/v2\/types\/product"}],"wp:featuredmedia":[{"embeddable":true,"href":"https:\/\/www.peter-electronic.com\/index.php?rest_route=\/wp\/v2\/media\/14681"}],"wp:attachment":[{"href":"https:\/\/www.peter-electronic.com\/index.php?rest_route=%2Fwp%2Fv2%2Fmedia&parent=14655"}],"wp:term":[{"taxonomy":"product_cat","embeddable":true,"href":"https:\/\/www.peter-electronic.com\/index.php?rest_route=%2Fwp%2Fv2%2Fproduct_cat&post=14655"},{"taxonomy":"product_tag","embeddable":true,"href":"https:\/\/www.peter-electronic.com\/index.php?rest_route=%2Fwp%2Fv2%2Fproduct_tag&post=14655"}],"curies":[{"name":"wp","href":"https:\/\/api.w.org\/{rel}","templated":true}]}}