{"id":14527,"date":"2017-07-10T09:06:22","date_gmt":"2017-07-10T07:06:22","guid":{"rendered":"https:\/\/www.peter.secondlevelserver.de\/?post_type=product&#038;p=14527"},"modified":"2019-01-29T07:30:24","modified_gmt":"2019-01-29T07:30:24","slug":"versisafe-speed-2","status":"publish","type":"product","link":"https:\/\/www.peter-electronic.com\/en\/produkt\/versisafe-speed-2\/","title":{"rendered":"VersiSafe Speed"},"content":{"rendered":"","protected":false},"excerpt":{"rendered":"<p>Der Sicherheits- Drehzahlw\u00e4chter VersiSafe Speed dient zur sicherheitsgerichteten Erkennung bzw. \u00dcberwachung von \u00dcber-, Unterfrequenz oder zur \u00dcberwachung eines eingestellten Frequenzfensters.<\/p>\n","protected":false},"featured_media":14530,"template":"","meta":{"_acf_changed":false},"product_cat":[2292,2316,2274],"product_tag":[],"class_list":{"0":"post-14527","1":"product","2":"type-product","3":"status-publish","4":"has-post-thumbnail","6":"product_cat-automation-safety-technology","7":"product_cat-cabinet-installation-4","8":"product_cat-products","9":"pa_bevorzugte-einsatzgebiete-crane-applications","10":"pa_bevorzugte-einsatzgebiete-machine-tools","11":"pa_bevorzugte-einsatzgebiete-monitoring-of-output-frequency-of-inverters","12":"pa_bevorzugte-einsatzgebiete-platform-technics","13":"pa_bevorzugte-einsatzgebiete-wind-generator-machines","14":"pa_bevorzugte-einsatzgebiete-wood-working-machinery","15":"pa_downloads-https-www-peter-electronic-com-wp-wp-content-uploads-drehzahlwaechter-versisafe-speed-datenblatt-de-pdf-pdf-technisches-datenblatt-https-www-peter-electronic-com-wp-wp-content-uploads-drehzahlwaechter","16":"pa_funktionen-of-input-frequency","17":"pa_funktionen-1-100-s","18":"pa_funktionen-adjustable-alarm-delay-from-0","19":"pa_funktionen-adjustable-hysteresis","20":"pa_funktionen-adjustable-reset-delay-function-from-0-100-s","21":"pa_funktionen-adjustable-start-up-time-delay-from-0-100-s","22":"pa_funktionen-fast-reaction-time-by-measuring-duration-of-cycle","23":"pa_menu-filter-kategorie-schaltschrankinstallation-7","24":"pa_merkmale-comfortable","25":"pa_merkmale-for-set-point-and-actual-value-of-hz","26":"pa_merkmale-e-g-automatic","27":"pa_merkmale-auxiliary-voltage-and-output-contacts","28":"pa_merkmale-2-channel-function","29":"pa_merkmale-analog-output","30":"pa_merkmale-extensive-diagnostic-functions","31":"pa_merkmale-forcibly-guided-output-contacts","32":"pa_merkmale-galvanic-separation-between-measuring-input","33":"pa_merkmale-installation-or-service-operation","34":"pa_merkmale-led-indicators-and-2-semiconductor-monitoring-output","35":"pa_merkmale-manual-or-auto-reset","36":"pa_merkmale-menu-guided-configuration","37":"pa_merkmale-over","38":"pa_merkmale-possibility-of-overriding-the-speed-by-a-supervisory-function-muting","39":"pa_merkmale-safe","40":"pa_merkmale-sensorless-drive-monitoring","41":"pa_merkmale-simple-and-time-saving-setup-without-pc","42":"pa_merkmale-underfrequency-or-window-monitoring-of-single-phase-or-3-phase-ac-systems","43":"pa_merkmale-up-to-4-activatable-operating-modes","44":"pa_merkmale-up-to-4-frequency-modes-selectable","45":"pa_merkmale-user-friendly-frontside-display","46":"pa_merkmale-width-45mm","47":"pa_optionen-safety-rated-data","48":"pa_optionen-sls-safety-limited-speed","49":"pa_optionen-sos-safe-operating-stop","50":"pa_optionen-ssm-safe-speed-monitor","51":"pa_optionen-ssr-safe-speed-range","52":"pa_optionen-sto-safe-torque-off","53":"pa_optionen-safety-category-4-performance-level-pl-e-to-din-en-iso-13849-1","54":"pa_optionen-safety-functions-according-to-en-61800-5-2","55":"pa_optionen-sil-3-to-iec-61508-and-en-61511","56":"pa_optionen-sil-claimed-level-cl-3-to-en-62061-and-en-61800-5-2","57":"pa_power-rating-2375","58":"pa_supply-voltage-2374","60":"first","61":"instock","62":"taxable","63":"shipping-taxable","64":"purchasable","65":"product-type-variable"},"acf":[],"yoast_head":"<!-- This site is optimized with the Yoast SEO plugin v23.9 - https:\/\/yoast.com\/wordpress\/plugins\/seo\/ -->\n<title>Drehzahlw\u00e4chter VersiSafe Speed mit sensorloser Antriebs\u00fcberwachung<\/title>\n<meta name=\"description\" content=\"Drehzahlw\u00e4chter f\u00fcr einphasige oder dreiphasige Wechselspannung \u2713 Muting \u2713 Inbetriebnahme ohne PC \/ Drehzahlw\u00e4chter bis 690V \u27a4 direkt beim Hersteller online bestellen\" \/>\n<meta name=\"robots\" content=\"index, follow, max-snippet:-1, max-image-preview:large, max-video-preview:-1\" \/>\n<link rel=\"canonical\" href=\"https:\/\/www.peter-electronic.com\/produkt\/versisafe-speed-2\/\" \/>\n<script type=\"application\/ld+json\" class=\"yoast-schema-graph\">{\"@context\":\"https:\/\/schema.org\",\"@graph\":[{\"@type\":\"WebPage\",\"@id\":\"https:\/\/www.peter-electronic.com\/en\/produkt\/versisafe-speed-2\/\",\"url\":\"https:\/\/www.peter-electronic.com\/en\/produkt\/versisafe-speed-2\/\",\"name\":\"Drehzahlw\u00e4chter VersiSafe Speed mit sensorloser Antriebs\u00fcberwachung\",\"isPartOf\":{\"@id\":\"https:\/\/www.peter-electronic.com\/#website\"},\"primaryImageOfPage\":{\"@id\":\"https:\/\/www.peter-electronic.com\/en\/produkt\/versisafe-speed-2\/#primaryimage\"},\"image\":{\"@id\":\"https:\/\/www.peter-electronic.com\/en\/produkt\/versisafe-speed-2\/#primaryimage\"},\"thumbnailUrl\":\"https:\/\/www.peter-electronic.com\/wp-content\/uploads\/2020\/05\/products-sicherheitstechnik_drehzahlwaechter_versisafe-speed-1.png\",\"datePublished\":\"2017-07-10T07:06:22+00:00\",\"dateModified\":\"2019-01-29T07:30:24+00:00\",\"description\":\"Drehzahlw\u00e4chter f\u00fcr einphasige oder dreiphasige Wechselspannung \u2713 Muting \u2713 Inbetriebnahme ohne PC \/ Drehzahlw\u00e4chter bis 690V \u27a4 direkt beim Hersteller online bestellen\",\"breadcrumb\":{\"@id\":\"https:\/\/www.peter-electronic.com\/en\/produkt\/versisafe-speed-2\/#breadcrumb\"},\"inLanguage\":\"de\",\"potentialAction\":[{\"@type\":\"ReadAction\",\"target\":[\"https:\/\/www.peter-electronic.com\/en\/produkt\/versisafe-speed-2\/\"]}]},{\"@type\":\"ImageObject\",\"inLanguage\":\"de\",\"@id\":\"https:\/\/www.peter-electronic.com\/en\/produkt\/versisafe-speed-2\/#primaryimage\",\"url\":\"https:\/\/www.peter-electronic.com\/wp-content\/uploads\/2020\/05\/products-sicherheitstechnik_drehzahlwaechter_versisafe-speed-1.png\",\"contentUrl\":\"https:\/\/www.peter-electronic.com\/wp-content\/uploads\/2020\/05\/products-sicherheitstechnik_drehzahlwaechter_versisafe-speed-1.png\",\"width\":620,\"height\":440},{\"@type\":\"BreadcrumbList\",\"@id\":\"https:\/\/www.peter-electronic.com\/en\/produkt\/versisafe-speed-2\/#breadcrumb\",\"itemListElement\":[{\"@type\":\"ListItem\",\"position\":1,\"name\":\"Startseite\",\"item\":\"https:\/\/www.peter-electronic.com\/\"},{\"@type\":\"ListItem\",\"position\":2,\"name\":\"Shop\",\"item\":\"https:\/\/www.peter-electronic.com\/shop\/\"},{\"@type\":\"ListItem\",\"position\":3,\"name\":\"VersiSafe Speed\"}]},{\"@type\":\"WebSite\",\"@id\":\"https:\/\/www.peter-electronic.com\/#website\",\"url\":\"https:\/\/www.peter-electronic.com\/\",\"name\":\"Frequenzumrichter, Softstarter und Bremsger\u00e4te direkt vom Hersteller\",\"description\":\"\",\"alternateName\":\"Frequenzumrichter, Softstarter und Bremsger\u00e4te direkt vom Hersteller\",\"potentialAction\":[{\"@type\":\"SearchAction\",\"target\":{\"@type\":\"EntryPoint\",\"urlTemplate\":\"https:\/\/www.peter-electronic.com\/?s={search_term_string}\"},\"query-input\":{\"@type\":\"PropertyValueSpecification\",\"valueRequired\":true,\"valueName\":\"search_term_string\"}}],\"inLanguage\":\"de\"}]}<\/script>\n<!-- \/ Yoast SEO plugin. -->","yoast_head_json":{"title":"Drehzahlw\u00e4chter VersiSafe Speed mit sensorloser Antriebs\u00fcberwachung","description":"Drehzahlw\u00e4chter f\u00fcr einphasige oder dreiphasige Wechselspannung \u2713 Muting \u2713 Inbetriebnahme ohne PC \/ Drehzahlw\u00e4chter bis 690V \u27a4 direkt beim Hersteller online bestellen","robots":{"index":"index","follow":"follow","max-snippet":"max-snippet:-1","max-image-preview":"max-image-preview:large","max-video-preview":"max-video-preview:-1"},"canonical":"https:\/\/www.peter-electronic.com\/produkt\/versisafe-speed-2\/","schema":{"@context":"https:\/\/schema.org","@graph":[{"@type":"WebPage","@id":"https:\/\/www.peter-electronic.com\/en\/produkt\/versisafe-speed-2\/","url":"https:\/\/www.peter-electronic.com\/en\/produkt\/versisafe-speed-2\/","name":"Drehzahlw\u00e4chter VersiSafe Speed mit sensorloser Antriebs\u00fcberwachung","isPartOf":{"@id":"https:\/\/www.peter-electronic.com\/#website"},"primaryImageOfPage":{"@id":"https:\/\/www.peter-electronic.com\/en\/produkt\/versisafe-speed-2\/#primaryimage"},"image":{"@id":"https:\/\/www.peter-electronic.com\/en\/produkt\/versisafe-speed-2\/#primaryimage"},"thumbnailUrl":"https:\/\/www.peter-electronic.com\/wp-content\/uploads\/2020\/05\/products-sicherheitstechnik_drehzahlwaechter_versisafe-speed-1.png","datePublished":"2017-07-10T07:06:22+00:00","dateModified":"2019-01-29T07:30:24+00:00","description":"Drehzahlw\u00e4chter f\u00fcr einphasige oder dreiphasige Wechselspannung \u2713 Muting \u2713 Inbetriebnahme ohne PC \/ Drehzahlw\u00e4chter bis 690V \u27a4 direkt beim Hersteller online bestellen","breadcrumb":{"@id":"https:\/\/www.peter-electronic.com\/en\/produkt\/versisafe-speed-2\/#breadcrumb"},"inLanguage":"de","potentialAction":[{"@type":"ReadAction","target":["https:\/\/www.peter-electronic.com\/en\/produkt\/versisafe-speed-2\/"]}]},{"@type":"ImageObject","inLanguage":"de","@id":"https:\/\/www.peter-electronic.com\/en\/produkt\/versisafe-speed-2\/#primaryimage","url":"https:\/\/www.peter-electronic.com\/wp-content\/uploads\/2020\/05\/products-sicherheitstechnik_drehzahlwaechter_versisafe-speed-1.png","contentUrl":"https:\/\/www.peter-electronic.com\/wp-content\/uploads\/2020\/05\/products-sicherheitstechnik_drehzahlwaechter_versisafe-speed-1.png","width":620,"height":440},{"@type":"BreadcrumbList","@id":"https:\/\/www.peter-electronic.com\/en\/produkt\/versisafe-speed-2\/#breadcrumb","itemListElement":[{"@type":"ListItem","position":1,"name":"Startseite","item":"https:\/\/www.peter-electronic.com\/"},{"@type":"ListItem","position":2,"name":"Shop","item":"https:\/\/www.peter-electronic.com\/shop\/"},{"@type":"ListItem","position":3,"name":"VersiSafe Speed"}]},{"@type":"WebSite","@id":"https:\/\/www.peter-electronic.com\/#website","url":"https:\/\/www.peter-electronic.com\/","name":"Frequenzumrichter, Softstarter und Bremsger\u00e4te direkt vom Hersteller","description":"","alternateName":"Frequenzumrichter, Softstarter und Bremsger\u00e4te direkt vom Hersteller","potentialAction":[{"@type":"SearchAction","target":{"@type":"EntryPoint","urlTemplate":"https:\/\/www.peter-electronic.com\/?s={search_term_string}"},"query-input":{"@type":"PropertyValueSpecification","valueRequired":true,"valueName":"search_term_string"}}],"inLanguage":"de"}]}},"_links":{"self":[{"href":"https:\/\/www.peter-electronic.com\/index.php?rest_route=\/wp\/v2\/product\/14527","targetHints":{"allow":["GET"]}}],"collection":[{"href":"https:\/\/www.peter-electronic.com\/index.php?rest_route=\/wp\/v2\/product"}],"about":[{"href":"https:\/\/www.peter-electronic.com\/index.php?rest_route=\/wp\/v2\/types\/product"}],"wp:featuredmedia":[{"embeddable":true,"href":"https:\/\/www.peter-electronic.com\/index.php?rest_route=\/wp\/v2\/media\/14530"}],"wp:attachment":[{"href":"https:\/\/www.peter-electronic.com\/index.php?rest_route=%2Fwp%2Fv2%2Fmedia&parent=14527"}],"wp:term":[{"taxonomy":"product_cat","embeddable":true,"href":"https:\/\/www.peter-electronic.com\/index.php?rest_route=%2Fwp%2Fv2%2Fproduct_cat&post=14527"},{"taxonomy":"product_tag","embeddable":true,"href":"https:\/\/www.peter-electronic.com\/index.php?rest_route=%2Fwp%2Fv2%2Fproduct_tag&post=14527"}],"curies":[{"name":"wp","href":"https:\/\/api.w.org\/{rel}","templated":true}]}}