{"id":14523,"date":"2017-07-10T09:06:22","date_gmt":"2017-07-10T09:06:22","guid":{"rendered":"https:\/\/www.peter.secondlevelserver.de\/?post_type=product&#038;p=14523"},"modified":"2025-12-19T13:39:37","modified_gmt":"2025-12-19T12:39:37","slug":"versisafe-speed","status":"publish","type":"product","link":"https:\/\/www.peter-electronic.com\/produkt\/versisafe-speed\/","title":{"rendered":"VersiSafe Speed"},"content":{"rendered":"","protected":false},"excerpt":{"rendered":"<p>Der Sicherheits- Drehzahlw\u00e4chter VersiSafe Speed dient zur sicherheitsgerichteten Erkennung bzw. \u00dcberwachung von \u00dcber-, Unterfrequenz oder zur \u00dcberwachung eines eingestellten Frequenzfensters.<\/p>\n","protected":false},"featured_media":14526,"template":"","meta":{"_acf_changed":false},"product_cat":[2273,2315,2291],"product_tag":[],"class_list":{"0":"post-14523","1":"product","2":"type-product","3":"status-publish","4":"has-post-thumbnail","6":"product_cat-produkte","7":"product_cat-schaltschrankinstallation-sicherheitstechnik","8":"product_cat-sicherheitstechnik","9":"pa_application-area-2357","10":"pa_bevorzugte-einsatzgebiete-berwachung-der-ausgangsfrequenz-von-frequenzumrichtern-buhnentechnik-holzbearbeitung-werkzeugmaschinen-windkraftanlagen-krananlagen","11":"pa_downloads-https-www-peter-electronic-com-wp-wp-content-uploads-drehzahlwaechter-versisafe-speed-datenblatt-de-pdf-pdf-technisches-datenblatt-https-www-peter-electronic-com-wp-wp-content-uploads-drehzahlwaechter","12":"pa_funktionen-funktionen-drehzahlwachter-schnelle-ansprechzeit-durch-periodendauermessung-der-eingangsfrequenz-einstellbare-hysterese-einstellbare-freigabeverzogerung-von-0-100-s-einstellbare-anlaufuberbruckungszei","13":"pa_hilfsspannung-dc-24-v","14":"pa_hilfsspannung-ac-230-v","15":"pa_hilfsspannung-ac-400-v","16":"pa_hilfsspannung-dc-24-v-typ-3-2w","17":"pa_hilfsspannung-dc-24v-0-2-4v","18":"pa_hilfsspannung-ac-230v-0-2-4v","19":"pa_hilfsspannung-ac-400v-0-2-4v","20":"pa_menu-filter-kategorie-schaltschrankinstallation-6","21":"pa_merkmale-merkmale-drehzahlwachter-sichere-sensorlose-antriebsuberwachung-ber-unterfrequenz-oder-fensteruberwachung-von-einphasigen-oder-dreiphasigen-wechselspannungen-benutzerfreundliches-frontseitiges-display","22":"pa_optionen-sicherheitstechnische-kenndaten-kat-4-pl-e-nach-din-en-iso-13849-1-sil-cl-3-nach-en-62061-und-en-61800-5-2-sil-3-nach-iec-61508-und-en-61511-sicherheitsfunktionen-gemab-en-61800-5-2-sto-sicher-abgesch","23":"pa_power-rating-2359","24":"pa_prafix-name-drehzahlwachter","25":"pa_supply-voltage-2358","27":"first","28":"instock","29":"taxable","30":"shipping-taxable","31":"purchasable","32":"product-type-variable"},"acf":[],"yoast_head":"<!-- This site is optimized with the Yoast SEO plugin v23.9 - https:\/\/yoast.com\/wordpress\/plugins\/seo\/ -->\n<title>Drehzahlw\u00e4chter VersiSafe Speed mit sensorloser Antriebs\u00fcberwachung<\/title>\n<meta name=\"description\" content=\"Drehzahlw\u00e4chter f\u00fcr einphasige oder dreiphasige Wechselspannung \u2713 Muting \u2713 Inbetriebnahme ohne PC \/ Drehzahlw\u00e4chter bis 690V \u27a4 direkt beim Hersteller online bestellen\" \/>\n<meta name=\"robots\" content=\"index, follow, max-snippet:-1, max-image-preview:large, max-video-preview:-1\" \/>\n<link rel=\"canonical\" href=\"https:\/\/www.peter-electronic.com\/produkt\/versisafe-speed\/\" \/>\n<script type=\"application\/ld+json\" class=\"yoast-schema-graph\">{\"@context\":\"https:\/\/schema.org\",\"@graph\":[{\"@type\":\"WebPage\",\"@id\":\"https:\/\/www.peter-electronic.com\/produkt\/versisafe-speed\/\",\"url\":\"https:\/\/www.peter-electronic.com\/produkt\/versisafe-speed\/\",\"name\":\"Drehzahlw\u00e4chter VersiSafe Speed mit sensorloser Antriebs\u00fcberwachung\",\"isPartOf\":{\"@id\":\"https:\/\/www.peter-electronic.com\/#website\"},\"primaryImageOfPage\":{\"@id\":\"https:\/\/www.peter-electronic.com\/produkt\/versisafe-speed\/#primaryimage\"},\"image\":{\"@id\":\"https:\/\/www.peter-electronic.com\/produkt\/versisafe-speed\/#primaryimage\"},\"thumbnailUrl\":\"https:\/\/www.peter-electronic.com\/wp-content\/uploads\/2020\/05\/products-sicherheitstechnik_drehzahlwaechter_versisafe-speed.png\",\"datePublished\":\"2017-07-10T09:06:22+00:00\",\"dateModified\":\"2025-12-19T12:39:37+00:00\",\"description\":\"Drehzahlw\u00e4chter f\u00fcr einphasige oder dreiphasige Wechselspannung \u2713 Muting \u2713 Inbetriebnahme ohne PC \/ Drehzahlw\u00e4chter bis 690V \u27a4 direkt beim Hersteller online bestellen\",\"breadcrumb\":{\"@id\":\"https:\/\/www.peter-electronic.com\/produkt\/versisafe-speed\/#breadcrumb\"},\"inLanguage\":\"de\",\"potentialAction\":[{\"@type\":\"ReadAction\",\"target\":[\"https:\/\/www.peter-electronic.com\/produkt\/versisafe-speed\/\"]}]},{\"@type\":\"ImageObject\",\"inLanguage\":\"de\",\"@id\":\"https:\/\/www.peter-electronic.com\/produkt\/versisafe-speed\/#primaryimage\",\"url\":\"https:\/\/www.peter-electronic.com\/wp-content\/uploads\/2020\/05\/products-sicherheitstechnik_drehzahlwaechter_versisafe-speed.png\",\"contentUrl\":\"https:\/\/www.peter-electronic.com\/wp-content\/uploads\/2020\/05\/products-sicherheitstechnik_drehzahlwaechter_versisafe-speed.png\",\"width\":620,\"height\":440},{\"@type\":\"BreadcrumbList\",\"@id\":\"https:\/\/www.peter-electronic.com\/produkt\/versisafe-speed\/#breadcrumb\",\"itemListElement\":[{\"@type\":\"ListItem\",\"position\":1,\"name\":\"Startseite\",\"item\":\"https:\/\/www.peter-electronic.com\/\"},{\"@type\":\"ListItem\",\"position\":2,\"name\":\"Shop\",\"item\":\"https:\/\/www.peter-electronic.com\/shop\/\"},{\"@type\":\"ListItem\",\"position\":3,\"name\":\"VersiSafe Speed\"}]},{\"@type\":\"WebSite\",\"@id\":\"https:\/\/www.peter-electronic.com\/#website\",\"url\":\"https:\/\/www.peter-electronic.com\/\",\"name\":\"Frequenzumrichter, Softstarter und Bremsger\u00e4te direkt vom Hersteller\",\"description\":\"\",\"alternateName\":\"Frequenzumrichter, Softstarter und Bremsger\u00e4te direkt vom Hersteller\",\"potentialAction\":[{\"@type\":\"SearchAction\",\"target\":{\"@type\":\"EntryPoint\",\"urlTemplate\":\"https:\/\/www.peter-electronic.com\/?s={search_term_string}\"},\"query-input\":{\"@type\":\"PropertyValueSpecification\",\"valueRequired\":true,\"valueName\":\"search_term_string\"}}],\"inLanguage\":\"de\"}]}<\/script>\n<!-- \/ Yoast SEO plugin. -->","yoast_head_json":{"title":"Drehzahlw\u00e4chter VersiSafe Speed mit sensorloser Antriebs\u00fcberwachung","description":"Drehzahlw\u00e4chter f\u00fcr einphasige oder dreiphasige Wechselspannung \u2713 Muting \u2713 Inbetriebnahme ohne PC \/ Drehzahlw\u00e4chter bis 690V \u27a4 direkt beim Hersteller online bestellen","robots":{"index":"index","follow":"follow","max-snippet":"max-snippet:-1","max-image-preview":"max-image-preview:large","max-video-preview":"max-video-preview:-1"},"canonical":"https:\/\/www.peter-electronic.com\/produkt\/versisafe-speed\/","schema":{"@context":"https:\/\/schema.org","@graph":[{"@type":"WebPage","@id":"https:\/\/www.peter-electronic.com\/produkt\/versisafe-speed\/","url":"https:\/\/www.peter-electronic.com\/produkt\/versisafe-speed\/","name":"Drehzahlw\u00e4chter VersiSafe Speed mit sensorloser Antriebs\u00fcberwachung","isPartOf":{"@id":"https:\/\/www.peter-electronic.com\/#website"},"primaryImageOfPage":{"@id":"https:\/\/www.peter-electronic.com\/produkt\/versisafe-speed\/#primaryimage"},"image":{"@id":"https:\/\/www.peter-electronic.com\/produkt\/versisafe-speed\/#primaryimage"},"thumbnailUrl":"https:\/\/www.peter-electronic.com\/wp-content\/uploads\/2020\/05\/products-sicherheitstechnik_drehzahlwaechter_versisafe-speed.png","datePublished":"2017-07-10T09:06:22+00:00","dateModified":"2025-12-19T12:39:37+00:00","description":"Drehzahlw\u00e4chter f\u00fcr einphasige oder dreiphasige Wechselspannung \u2713 Muting \u2713 Inbetriebnahme ohne PC \/ Drehzahlw\u00e4chter bis 690V \u27a4 direkt beim Hersteller online bestellen","breadcrumb":{"@id":"https:\/\/www.peter-electronic.com\/produkt\/versisafe-speed\/#breadcrumb"},"inLanguage":"de","potentialAction":[{"@type":"ReadAction","target":["https:\/\/www.peter-electronic.com\/produkt\/versisafe-speed\/"]}]},{"@type":"ImageObject","inLanguage":"de","@id":"https:\/\/www.peter-electronic.com\/produkt\/versisafe-speed\/#primaryimage","url":"https:\/\/www.peter-electronic.com\/wp-content\/uploads\/2020\/05\/products-sicherheitstechnik_drehzahlwaechter_versisafe-speed.png","contentUrl":"https:\/\/www.peter-electronic.com\/wp-content\/uploads\/2020\/05\/products-sicherheitstechnik_drehzahlwaechter_versisafe-speed.png","width":620,"height":440},{"@type":"BreadcrumbList","@id":"https:\/\/www.peter-electronic.com\/produkt\/versisafe-speed\/#breadcrumb","itemListElement":[{"@type":"ListItem","position":1,"name":"Startseite","item":"https:\/\/www.peter-electronic.com\/"},{"@type":"ListItem","position":2,"name":"Shop","item":"https:\/\/www.peter-electronic.com\/shop\/"},{"@type":"ListItem","position":3,"name":"VersiSafe Speed"}]},{"@type":"WebSite","@id":"https:\/\/www.peter-electronic.com\/#website","url":"https:\/\/www.peter-electronic.com\/","name":"Frequenzumrichter, Softstarter und Bremsger\u00e4te direkt vom Hersteller","description":"","alternateName":"Frequenzumrichter, Softstarter und Bremsger\u00e4te direkt vom Hersteller","potentialAction":[{"@type":"SearchAction","target":{"@type":"EntryPoint","urlTemplate":"https:\/\/www.peter-electronic.com\/?s={search_term_string}"},"query-input":{"@type":"PropertyValueSpecification","valueRequired":true,"valueName":"search_term_string"}}],"inLanguage":"de"}]}},"_links":{"self":[{"href":"https:\/\/www.peter-electronic.com\/index.php?rest_route=\/wp\/v2\/product\/14523","targetHints":{"allow":["GET"]}}],"collection":[{"href":"https:\/\/www.peter-electronic.com\/index.php?rest_route=\/wp\/v2\/product"}],"about":[{"href":"https:\/\/www.peter-electronic.com\/index.php?rest_route=\/wp\/v2\/types\/product"}],"wp:featuredmedia":[{"embeddable":true,"href":"https:\/\/www.peter-electronic.com\/index.php?rest_route=\/wp\/v2\/media\/14526"}],"wp:attachment":[{"href":"https:\/\/www.peter-electronic.com\/index.php?rest_route=%2Fwp%2Fv2%2Fmedia&parent=14523"}],"wp:term":[{"taxonomy":"product_cat","embeddable":true,"href":"https:\/\/www.peter-electronic.com\/index.php?rest_route=%2Fwp%2Fv2%2Fproduct_cat&post=14523"},{"taxonomy":"product_tag","embeddable":true,"href":"https:\/\/www.peter-electronic.com\/index.php?rest_route=%2Fwp%2Fv2%2Fproduct_tag&post=14523"}],"curies":[{"name":"wp","href":"https:\/\/api.w.org\/{rel}","templated":true}]}}