{"id":14455,"date":"2017-06-22T09:25:03","date_gmt":"2017-06-22T09:25:03","guid":{"rendered":"https:\/\/www.peter.secondlevelserver.de\/?post_type=product&#038;p=14455"},"modified":"2025-12-19T13:39:40","modified_gmt":"2025-12-19T12:39:40","slug":"versistart-p-iii-24-229a","status":"publish","type":"product","link":"https:\/\/www.peter-electronic.com\/produkt\/versistart-p-iii-24-229a\/","title":{"rendered":"VersiStart p III [24 &#8211; 229A]"},"content":{"rendered":"","protected":false},"excerpt":{"rendered":"<p>Die Softstarter VersiStart p III Serie ist mit umfassenden Funktionen f\u00fcr den Sanftanlauf, Motor- und Systemschutz ausgestattet und damit f\u00fcr unterschiedlichste Motoren &#8211; insbesondere auch f\u00fcr hocheffiziente IE3 Motor Anforderungen &#8211; und Anwendungsbereiche pr\u00e4destiniert.<\/p>\n","protected":false},"featured_media":14488,"template":"","meta":{"_acf_changed":false},"product_cat":[2305,2285,2273,2281],"product_tag":[],"class_list":{"0":"post-14455","1":"product","2":"type-product","3":"status-publish","4":"has-post-thumbnail","6":"product_cat-dreiphasig-gesteuert","7":"product_cat-performance-reihe-2","8":"product_cat-produkte","9":"product_cat-softstarter","10":"pa_application-area-2357","11":"pa_bevorzugte-einsatzgebiete-elektrische-pumpen-warmepumpen-vakuumpumpen-ventilatoren-und-lufter-laufkrane-absauganlagen-kompressoren-ruhrwerke-zentrifugen-sagen-forderanlagen-holzbearbeitungsmaschinen-schleifmaschinen-textilmasc","12":"pa_downloads-https-www-peter-electronic-com-wp-wp-content-uploads-sanftanlauf-versistart-p-3-24-229a-datenblatt-de-pdf-pdf-technisches-datenblatt-https-www-peter-electronic-com-wp-wp-content-uploads-sanftanlauf-ve","13":"pa_funktionen-funktion-softstarter-einstellbarer-start-anlaufstrom-bis-zu-600-des-geratenennstomes-notlauf-funktion-vorwarts-oder-ru-ckwarts-jog-funktion-steuereingange-2x-fest-2x-programmierbar-relaisausgange-3x-p","14":"pa_geratenennstrom-3-5-a","15":"pa_geratenennstrom-6-a","16":"pa_geratenennstrom-6-5-a","17":"pa_geratenennstrom-9-a","18":"pa_geratenennstrom-12-a","19":"pa_geratenennstrom-15-a","20":"pa_geratenennstrom-16-a-2","21":"pa_geratenennstrom-17-a","22":"pa_geratenennstrom-18-a","23":"pa_geratenennstrom-22-a","24":"pa_geratenennstrom-23-a","25":"pa_geratenennstrom-24-a","26":"pa_geratenennstrom-25-a","27":"pa_geratenennstrom-30-a","28":"pa_geratenennstrom-32-a","29":"pa_geratenennstrom-34-a","30":"pa_geratenennstrom-36-a","31":"pa_geratenennstrom-37-a","32":"pa_geratenennstrom-38-a","33":"pa_geratenennstrom-40-a","34":"pa_geratenennstrom-42-a","35":"pa_geratenennstrom-43-a","36":"pa_geratenennstrom-45-a","37":"pa_geratenennstrom-48-a","38":"pa_geratenennstrom-52-a","39":"pa_geratenennstrom-53-a","40":"pa_geratenennstrom-60-a","41":"pa_geratenennstrom-65-a","42":"pa_geratenennstrom-69-a","43":"pa_geratenennstrom-72-a","44":"pa_geratenennstrom-75-a","45":"pa_geratenennstrom-76-a","46":"pa_geratenennstrom-80-a","47":"pa_geratenennstrom-85-a","48":"pa_geratenennstrom-100-a","49":"pa_geratenennstrom-105-a","50":"pa_geratenennstrom-132-a","51":"pa_geratenennstrom-135-a","52":"pa_geratenennstrom-140-a","53":"pa_geratenennstrom-145-a","54":"pa_geratenennstrom-170-a","55":"pa_geratenennstrom-184-a","56":"pa_geratenennstrom-200-a","57":"pa_geratenennstrom-220-a","58":"pa_geratenennstrom-222-a","59":"pa_geratenennstrom-229-a","60":"pa_geratenennstrom-250-a","61":"pa_geratenennstrom-255-a","62":"pa_geratenennstrom-350-a","63":"pa_geratenennstrom-352-a","64":"pa_geratenennstrom-360-a","65":"pa_geratenennstrom-397-a","66":"pa_geratenennstrom-400-a","67":"pa_geratenennstrom-410-a","68":"pa_geratenennstrom-425-a","69":"pa_geratenennstrom-500-a","70":"pa_geratenennstrom-550-a","71":"pa_geratenennstrom-580-a","72":"pa_geratenennstrom-600-a","73":"pa_geratenennstrom-700-a","74":"pa_geratenennstrom-820-a","75":"pa_geratenennstrom-835-a","76":"pa_geratenennstrom-920-a","77":"pa_geratenennstrom-940-a","78":"pa_geratenennstrom-1000-a","79":"pa_geratenennstrom-1070-a","80":"pa_geratenennstrom-1230-a","81":"pa_geratenennstrom-1250-a","82":"pa_menu-filter-kategorie-softstarter-dreiphasig","83":"pa_merkmale-merkmale-softstarter-dreiphasengesteuerter-volldigitaler-softstarter-11-800kw-berbru-ckungsrelais-integriert-strom-und-drehmomentreduzierung-beim-anlauf-usb-anschluss-umfangreiche-und-kundenspezifisch","84":"pa_netzspannung-3x-200-480vac-15-10","85":"pa_netzspannung-200-575-v","86":"pa_netzspannung-200-525-v","87":"pa_netzspannung-200-480-v-10","88":"pa_netzspannung-200-440-v","89":"pa_netzspannung-220-240-v-10","90":"pa_netzspannung-380-480-v-10","91":"pa_netzspannung-380-415-v-10","92":"pa_netzspannung-400-v-10","93":"pa_netzspannung-400-600-v-10","94":"pa_option-apc-bremsstromanzeige-steckbare-steuerklemmen-motor-ptc-berwachung-stern-dreieck-anlaufansteuerung-stillstandsmelderelais-bremsstromuberwachung","95":"pa_option-b-200-575-v-10","96":"pa_option-c1-ansteuerungsspannung-110-120-vac-oder-220-240-vac-10-15","97":"pa_option-c1-steuerspannungs-konfiguration-110-240-vac-oder-380-440-vac-10-15","98":"pa_option-c2-ansteuerungsspannung-24-vac-vdc-20","99":"pa_option-c2-steuerspannungs-konfiguration-24-vac-vdc-20","100":"pa_option-i-meldekontakt-motor-ptc-stromregelfunktion-kuhlkorpertemparaturuberwachung","101":"pa_option-l-ausfuhrung-ip-20","102":"pa_option-lp-ausfuhrung-ip-00","103":"pa_option-mit-schalter","104":"pa_option-ohne-schalter","105":"pa_option-p-mit-potentialtrennung","106":"pa_option-st-steckbar-mit-stiftleiste-din-41617","107":"pa_option-st-p-steckbar-mit-potentialtrennung","108":"pa_option-standard","109":"pa_option-ul-ausfuhrung","110":"pa_optionen-option-softstarter-fernbedieneinheit-kabel-29000-2s801-devicenet-interface-29000-2s802-ethernet-ip-interface-29000-2s803-modbus-rtu-interface-29000-2s804-modbus-tcp-interface-29000-2s805-profibus-inte","111":"pa_power-rating-2359","112":"pa_prafix-name-sanftanlauf-softstarter","113":"pa_supply-voltage-2358","115":"first","116":"instock","117":"taxable","118":"shipping-taxable","119":"purchasable","120":"product-type-variable"},"acf":[],"yoast_head":"<!-- This site is optimized with the Yoast SEO plugin v23.9 - https:\/\/yoast.com\/wordpress\/plugins\/seo\/ -->\n<title>Volldigitaler Sanftanlauf Softstarter VersiStart p III [24 - 229A]<\/title>\n<meta name=\"description\" content=\"Dreiphasengesteuerter Sanftanlauf Softstarter \u2713 Notlauf-Funktion \u2713 Vorw\u00e4rts oder R\u00fcckw\u00e4rts Jog Funktion \u2713 USB-Anschluss \/ VS p III [24 - 229A] \u27a4 online bestellen\" \/>\n<meta name=\"robots\" content=\"index, follow, max-snippet:-1, max-image-preview:large, max-video-preview:-1\" \/>\n<link rel=\"canonical\" href=\"https:\/\/www.peter-electronic.com\/produkt\/versistart-p-iii-24-229a\/\" \/>\n<script type=\"application\/ld+json\" class=\"yoast-schema-graph\">{\"@context\":\"https:\/\/schema.org\",\"@graph\":[{\"@type\":\"WebPage\",\"@id\":\"https:\/\/www.peter-electronic.com\/produkt\/versistart-p-iii-24-229a\/\",\"url\":\"https:\/\/www.peter-electronic.com\/produkt\/versistart-p-iii-24-229a\/\",\"name\":\"Volldigitaler Sanftanlauf Softstarter VersiStart p III [24 - 229A]\",\"isPartOf\":{\"@id\":\"https:\/\/www.peter-electronic.com\/#website\"},\"primaryImageOfPage\":{\"@id\":\"https:\/\/www.peter-electronic.com\/produkt\/versistart-p-iii-24-229a\/#primaryimage\"},\"image\":{\"@id\":\"https:\/\/www.peter-electronic.com\/produkt\/versistart-p-iii-24-229a\/#primaryimage\"},\"thumbnailUrl\":\"https:\/\/www.peter-electronic.com\/wp-content\/uploads\/2020\/05\/products-softstarter_sanftanlauf_vs-p-3-24-229a.png\",\"datePublished\":\"2017-06-22T09:25:03+00:00\",\"dateModified\":\"2025-12-19T12:39:40+00:00\",\"description\":\"Dreiphasengesteuerter Sanftanlauf Softstarter \u2713 Notlauf-Funktion \u2713 Vorw\u00e4rts oder R\u00fcckw\u00e4rts Jog Funktion \u2713 USB-Anschluss \/ VS p III [24 - 229A] \u27a4 online bestellen\",\"breadcrumb\":{\"@id\":\"https:\/\/www.peter-electronic.com\/produkt\/versistart-p-iii-24-229a\/#breadcrumb\"},\"inLanguage\":\"de\",\"potentialAction\":[{\"@type\":\"ReadAction\",\"target\":[\"https:\/\/www.peter-electronic.com\/produkt\/versistart-p-iii-24-229a\/\"]}]},{\"@type\":\"ImageObject\",\"inLanguage\":\"de\",\"@id\":\"https:\/\/www.peter-electronic.com\/produkt\/versistart-p-iii-24-229a\/#primaryimage\",\"url\":\"https:\/\/www.peter-electronic.com\/wp-content\/uploads\/2020\/05\/products-softstarter_sanftanlauf_vs-p-3-24-229a.png\",\"contentUrl\":\"https:\/\/www.peter-electronic.com\/wp-content\/uploads\/2020\/05\/products-softstarter_sanftanlauf_vs-p-3-24-229a.png\",\"width\":620,\"height\":440},{\"@type\":\"BreadcrumbList\",\"@id\":\"https:\/\/www.peter-electronic.com\/produkt\/versistart-p-iii-24-229a\/#breadcrumb\",\"itemListElement\":[{\"@type\":\"ListItem\",\"position\":1,\"name\":\"Startseite\",\"item\":\"https:\/\/www.peter-electronic.com\/\"},{\"@type\":\"ListItem\",\"position\":2,\"name\":\"Shop\",\"item\":\"https:\/\/www.peter-electronic.com\/shop\/\"},{\"@type\":\"ListItem\",\"position\":3,\"name\":\"VersiStart p III [24 &#8211; 229A]\"}]},{\"@type\":\"WebSite\",\"@id\":\"https:\/\/www.peter-electronic.com\/#website\",\"url\":\"https:\/\/www.peter-electronic.com\/\",\"name\":\"Frequenzumrichter, Softstarter und Bremsger\u00e4te direkt vom Hersteller\",\"description\":\"\",\"alternateName\":\"Frequenzumrichter, Softstarter und Bremsger\u00e4te direkt vom Hersteller\",\"potentialAction\":[{\"@type\":\"SearchAction\",\"target\":{\"@type\":\"EntryPoint\",\"urlTemplate\":\"https:\/\/www.peter-electronic.com\/?s={search_term_string}\"},\"query-input\":{\"@type\":\"PropertyValueSpecification\",\"valueRequired\":true,\"valueName\":\"search_term_string\"}}],\"inLanguage\":\"de\"}]}<\/script>\n<!-- \/ Yoast SEO plugin. -->","yoast_head_json":{"title":"Volldigitaler Sanftanlauf Softstarter VersiStart p III [24 - 229A]","description":"Dreiphasengesteuerter Sanftanlauf Softstarter \u2713 Notlauf-Funktion \u2713 Vorw\u00e4rts oder R\u00fcckw\u00e4rts Jog Funktion \u2713 USB-Anschluss \/ VS p III [24 - 229A] \u27a4 online bestellen","robots":{"index":"index","follow":"follow","max-snippet":"max-snippet:-1","max-image-preview":"max-image-preview:large","max-video-preview":"max-video-preview:-1"},"canonical":"https:\/\/www.peter-electronic.com\/produkt\/versistart-p-iii-24-229a\/","schema":{"@context":"https:\/\/schema.org","@graph":[{"@type":"WebPage","@id":"https:\/\/www.peter-electronic.com\/produkt\/versistart-p-iii-24-229a\/","url":"https:\/\/www.peter-electronic.com\/produkt\/versistart-p-iii-24-229a\/","name":"Volldigitaler Sanftanlauf Softstarter VersiStart p III [24 - 229A]","isPartOf":{"@id":"https:\/\/www.peter-electronic.com\/#website"},"primaryImageOfPage":{"@id":"https:\/\/www.peter-electronic.com\/produkt\/versistart-p-iii-24-229a\/#primaryimage"},"image":{"@id":"https:\/\/www.peter-electronic.com\/produkt\/versistart-p-iii-24-229a\/#primaryimage"},"thumbnailUrl":"https:\/\/www.peter-electronic.com\/wp-content\/uploads\/2020\/05\/products-softstarter_sanftanlauf_vs-p-3-24-229a.png","datePublished":"2017-06-22T09:25:03+00:00","dateModified":"2025-12-19T12:39:40+00:00","description":"Dreiphasengesteuerter Sanftanlauf Softstarter \u2713 Notlauf-Funktion \u2713 Vorw\u00e4rts oder R\u00fcckw\u00e4rts Jog Funktion \u2713 USB-Anschluss \/ VS p III [24 - 229A] \u27a4 online bestellen","breadcrumb":{"@id":"https:\/\/www.peter-electronic.com\/produkt\/versistart-p-iii-24-229a\/#breadcrumb"},"inLanguage":"de","potentialAction":[{"@type":"ReadAction","target":["https:\/\/www.peter-electronic.com\/produkt\/versistart-p-iii-24-229a\/"]}]},{"@type":"ImageObject","inLanguage":"de","@id":"https:\/\/www.peter-electronic.com\/produkt\/versistart-p-iii-24-229a\/#primaryimage","url":"https:\/\/www.peter-electronic.com\/wp-content\/uploads\/2020\/05\/products-softstarter_sanftanlauf_vs-p-3-24-229a.png","contentUrl":"https:\/\/www.peter-electronic.com\/wp-content\/uploads\/2020\/05\/products-softstarter_sanftanlauf_vs-p-3-24-229a.png","width":620,"height":440},{"@type":"BreadcrumbList","@id":"https:\/\/www.peter-electronic.com\/produkt\/versistart-p-iii-24-229a\/#breadcrumb","itemListElement":[{"@type":"ListItem","position":1,"name":"Startseite","item":"https:\/\/www.peter-electronic.com\/"},{"@type":"ListItem","position":2,"name":"Shop","item":"https:\/\/www.peter-electronic.com\/shop\/"},{"@type":"ListItem","position":3,"name":"VersiStart p III [24 &#8211; 229A]"}]},{"@type":"WebSite","@id":"https:\/\/www.peter-electronic.com\/#website","url":"https:\/\/www.peter-electronic.com\/","name":"Frequenzumrichter, Softstarter und Bremsger\u00e4te direkt vom Hersteller","description":"","alternateName":"Frequenzumrichter, Softstarter und Bremsger\u00e4te direkt vom Hersteller","potentialAction":[{"@type":"SearchAction","target":{"@type":"EntryPoint","urlTemplate":"https:\/\/www.peter-electronic.com\/?s={search_term_string}"},"query-input":{"@type":"PropertyValueSpecification","valueRequired":true,"valueName":"search_term_string"}}],"inLanguage":"de"}]}},"_links":{"self":[{"href":"https:\/\/www.peter-electronic.com\/index.php?rest_route=\/wp\/v2\/product\/14455","targetHints":{"allow":["GET"]}}],"collection":[{"href":"https:\/\/www.peter-electronic.com\/index.php?rest_route=\/wp\/v2\/product"}],"about":[{"href":"https:\/\/www.peter-electronic.com\/index.php?rest_route=\/wp\/v2\/types\/product"}],"wp:featuredmedia":[{"embeddable":true,"href":"https:\/\/www.peter-electronic.com\/index.php?rest_route=\/wp\/v2\/media\/14488"}],"wp:attachment":[{"href":"https:\/\/www.peter-electronic.com\/index.php?rest_route=%2Fwp%2Fv2%2Fmedia&parent=14455"}],"wp:term":[{"taxonomy":"product_cat","embeddable":true,"href":"https:\/\/www.peter-electronic.com\/index.php?rest_route=%2Fwp%2Fv2%2Fproduct_cat&post=14455"},{"taxonomy":"product_tag","embeddable":true,"href":"https:\/\/www.peter-electronic.com\/index.php?rest_route=%2Fwp%2Fv2%2Fproduct_tag&post=14455"}],"curies":[{"name":"wp","href":"https:\/\/api.w.org\/{rel}","templated":true}]}}