{"id":14389,"date":"2017-05-11T06:42:51","date_gmt":"2017-05-11T06:42:51","guid":{"rendered":"https:\/\/www.peter.secondlevelserver.de\/?post_type=product&#038;p=14389"},"modified":"2025-11-13T11:34:29","modified_gmt":"2025-11-13T10:34:29","slug":"bremswiderstand-bw-e2-50-1","status":"publish","type":"product","link":"https:\/\/www.peter-electronic.com\/produkt\/bremswiderstand-bw-e2-50-1\/","title":{"rendered":"Bremswiderstand BW E2 50\/1"},"content":{"rendered":"","protected":false},"excerpt":{"rendered":"<p>Unsere Bremswiderst\u00e4nde wurden speziell f\u00fcr den Einsatz bei Umrichter Applikationen mit hohen Massentr\u00e4gheitsmomenten<br \/>\nentwickelt, welche schnell und gef\u00fchrt zum Stillstand gebracht werden m\u00fcssen. Der dynamische Bremswiderstand unterst\u00fctzt<br \/>\nunsere Umrichter, indem er die vom Motor \u00fcbersch\u00fcssige Energie in W\u00e4rme umwandelt.<\/p>\n","protected":false},"featured_media":0,"template":"","meta":{"_acf_changed":false},"product_cat":[2275,2273,2295],"product_tag":[],"class_list":{"0":"post-14389","1":"product","2":"type-product","3":"status-publish","5":"product_cat-frequenzumrichter","6":"product_cat-produkte","7":"product_cat-zubehor","8":"pa_canonical-auf-ubergeordnetes-0-2","9":"pa_menu-filter-kategorie-zubehor-7","11":"first","12":"instock","13":"taxable","14":"shipping-taxable","15":"purchasable","16":"product-type-simple"},"acf":[],"yoast_head":"<!-- This site is optimized with the Yoast SEO plugin v23.9 - https:\/\/yoast.com\/wordpress\/plugins\/seo\/ -->\n<title>Bremswiderstand f\u00fcr Versidrive Frequenzumrichter BW E2 50\/1<\/title>\n<meta name=\"description\" content=\"Bremswiderstand f\u00fcr Frequenzumrichter VersiDrive i E3\/3E3 [0,37 - 22kW] von PETER electronic, BW E2 50\/1 \u27a4 direkt beim Hersteller online bestellen\" \/>\n<meta name=\"robots\" content=\"index, follow, max-snippet:-1, max-image-preview:large, max-video-preview:-1\" \/>\n<link rel=\"canonical\" href=\"https:\/\/www.peter-electronic.com\/produkt\/bremswiderstand-bw-e2-50-1\/\" \/>\n<script type=\"application\/ld+json\" class=\"yoast-schema-graph\">{\"@context\":\"https:\/\/schema.org\",\"@graph\":[{\"@type\":\"WebPage\",\"@id\":\"https:\/\/www.peter-electronic.com\/produkt\/bremswiderstand-bw-e2-50-1\/\",\"url\":\"https:\/\/www.peter-electronic.com\/produkt\/bremswiderstand-bw-e2-50-1\/\",\"name\":\"Bremswiderstand f\u00fcr Versidrive Frequenzumrichter BW E2 50\/1\",\"isPartOf\":{\"@id\":\"https:\/\/www.peter-electronic.com\/#website\"},\"datePublished\":\"2017-05-11T06:42:51+00:00\",\"dateModified\":\"2025-11-13T10:34:29+00:00\",\"description\":\"Bremswiderstand f\u00fcr Frequenzumrichter VersiDrive i E3\/3E3 [0,37 - 22kW] von PETER electronic, BW E2 50\/1 \u27a4 direkt beim Hersteller online bestellen\",\"breadcrumb\":{\"@id\":\"https:\/\/www.peter-electronic.com\/produkt\/bremswiderstand-bw-e2-50-1\/#breadcrumb\"},\"inLanguage\":\"de\",\"potentialAction\":[{\"@type\":\"ReadAction\",\"target\":[\"https:\/\/www.peter-electronic.com\/produkt\/bremswiderstand-bw-e2-50-1\/\"]}]},{\"@type\":\"BreadcrumbList\",\"@id\":\"https:\/\/www.peter-electronic.com\/produkt\/bremswiderstand-bw-e2-50-1\/#breadcrumb\",\"itemListElement\":[{\"@type\":\"ListItem\",\"position\":1,\"name\":\"Startseite\",\"item\":\"https:\/\/www.peter-electronic.com\/\"},{\"@type\":\"ListItem\",\"position\":2,\"name\":\"Shop\",\"item\":\"https:\/\/www.peter-electronic.com\/shop\/\"},{\"@type\":\"ListItem\",\"position\":3,\"name\":\"Bremswiderstand BW E2 50\/1\"}]},{\"@type\":\"WebSite\",\"@id\":\"https:\/\/www.peter-electronic.com\/#website\",\"url\":\"https:\/\/www.peter-electronic.com\/\",\"name\":\"Frequenzumrichter, Softstarter und Bremsger\u00e4te direkt vom Hersteller\",\"description\":\"\",\"alternateName\":\"Frequenzumrichter, Softstarter und Bremsger\u00e4te direkt vom Hersteller\",\"potentialAction\":[{\"@type\":\"SearchAction\",\"target\":{\"@type\":\"EntryPoint\",\"urlTemplate\":\"https:\/\/www.peter-electronic.com\/?s={search_term_string}\"},\"query-input\":{\"@type\":\"PropertyValueSpecification\",\"valueRequired\":true,\"valueName\":\"search_term_string\"}}],\"inLanguage\":\"de\"}]}<\/script>\n<!-- \/ Yoast SEO plugin. -->","yoast_head_json":{"title":"Bremswiderstand f\u00fcr Versidrive Frequenzumrichter BW E2 50\/1","description":"Bremswiderstand f\u00fcr Frequenzumrichter VersiDrive i E3\/3E3 [0,37 - 22kW] von PETER electronic, BW E2 50\/1 \u27a4 direkt beim Hersteller online bestellen","robots":{"index":"index","follow":"follow","max-snippet":"max-snippet:-1","max-image-preview":"max-image-preview:large","max-video-preview":"max-video-preview:-1"},"canonical":"https:\/\/www.peter-electronic.com\/produkt\/bremswiderstand-bw-e2-50-1\/","schema":{"@context":"https:\/\/schema.org","@graph":[{"@type":"WebPage","@id":"https:\/\/www.peter-electronic.com\/produkt\/bremswiderstand-bw-e2-50-1\/","url":"https:\/\/www.peter-electronic.com\/produkt\/bremswiderstand-bw-e2-50-1\/","name":"Bremswiderstand f\u00fcr Versidrive Frequenzumrichter BW E2 50\/1","isPartOf":{"@id":"https:\/\/www.peter-electronic.com\/#website"},"datePublished":"2017-05-11T06:42:51+00:00","dateModified":"2025-11-13T10:34:29+00:00","description":"Bremswiderstand f\u00fcr Frequenzumrichter VersiDrive i E3\/3E3 [0,37 - 22kW] von PETER electronic, BW E2 50\/1 \u27a4 direkt beim Hersteller online bestellen","breadcrumb":{"@id":"https:\/\/www.peter-electronic.com\/produkt\/bremswiderstand-bw-e2-50-1\/#breadcrumb"},"inLanguage":"de","potentialAction":[{"@type":"ReadAction","target":["https:\/\/www.peter-electronic.com\/produkt\/bremswiderstand-bw-e2-50-1\/"]}]},{"@type":"BreadcrumbList","@id":"https:\/\/www.peter-electronic.com\/produkt\/bremswiderstand-bw-e2-50-1\/#breadcrumb","itemListElement":[{"@type":"ListItem","position":1,"name":"Startseite","item":"https:\/\/www.peter-electronic.com\/"},{"@type":"ListItem","position":2,"name":"Shop","item":"https:\/\/www.peter-electronic.com\/shop\/"},{"@type":"ListItem","position":3,"name":"Bremswiderstand BW E2 50\/1"}]},{"@type":"WebSite","@id":"https:\/\/www.peter-electronic.com\/#website","url":"https:\/\/www.peter-electronic.com\/","name":"Frequenzumrichter, Softstarter und Bremsger\u00e4te direkt vom Hersteller","description":"","alternateName":"Frequenzumrichter, Softstarter und Bremsger\u00e4te direkt vom Hersteller","potentialAction":[{"@type":"SearchAction","target":{"@type":"EntryPoint","urlTemplate":"https:\/\/www.peter-electronic.com\/?s={search_term_string}"},"query-input":{"@type":"PropertyValueSpecification","valueRequired":true,"valueName":"search_term_string"}}],"inLanguage":"de"}]}},"_links":{"self":[{"href":"https:\/\/www.peter-electronic.com\/index.php?rest_route=\/wp\/v2\/product\/14389","targetHints":{"allow":["GET"]}}],"collection":[{"href":"https:\/\/www.peter-electronic.com\/index.php?rest_route=\/wp\/v2\/product"}],"about":[{"href":"https:\/\/www.peter-electronic.com\/index.php?rest_route=\/wp\/v2\/types\/product"}],"wp:attachment":[{"href":"https:\/\/www.peter-electronic.com\/index.php?rest_route=%2Fwp%2Fv2%2Fmedia&parent=14389"}],"wp:term":[{"taxonomy":"product_cat","embeddable":true,"href":"https:\/\/www.peter-electronic.com\/index.php?rest_route=%2Fwp%2Fv2%2Fproduct_cat&post=14389"},{"taxonomy":"product_tag","embeddable":true,"href":"https:\/\/www.peter-electronic.com\/index.php?rest_route=%2Fwp%2Fv2%2Fproduct_tag&post=14389"}],"curies":[{"name":"wp","href":"https:\/\/api.w.org\/{rel}","templated":true}]}}