{"id":13245,"date":"2017-03-23T07:20:55","date_gmt":"2017-03-23T06:20:55","guid":{"rendered":"https:\/\/www.peter.secondlevelserver.de\/?post_type=product&#038;p=13245"},"modified":"2018-06-29T05:48:18","modified_gmt":"2018-06-29T05:48:18","slug":"vbms-20a-2","status":"publish","type":"product","link":"https:\/\/www.peter-electronic.com\/en\/produkt\/vbms-20a-2\/","title":{"rendered":"VBMS [20A]"},"content":{"rendered":"","protected":false},"excerpt":{"rendered":"<p>Die Motorstart-Bremskombination &#8220;VBMS&#8221; vereint eine einfache AC Motorsteuerung und eine elektrische Gleichstrombremse in einem Ger\u00e4t. Ein Motorsch\u00fctz und Bremssch\u00fctz sind integriert. Als AC Motorsteuerung bis 2,2kw geeignet.<\/p>\n","protected":false},"featured_media":13250,"template":"","meta":{"_acf_changed":false},"product_cat":[2312,2288,2274],"product_tag":[],"class_list":{"0":"post-13245","1":"product","2":"type-product","3":"status-publish","4":"has-post-thumbnail","6":"product_cat-cabinet-installation-3","7":"product_cat-combined-motor-start-and-braking-devices","8":"product_cat-products","9":"pa_bevorzugte-einsatzgebiete-milling-machines","10":"pa_bevorzugte-einsatzgebiete-other","11":"pa_bevorzugte-einsatzgebiete-saws","12":"pa_bevorzugte-einsatzgebiete-shakers","13":"pa_downloads-https-www-peter-electronic-com-wp-wp-content-uploads-ac-motorsteuerung-vbms-20a-datenblatt-de-pdf-pdf-technisches-datenblatt-https-www-peter-electronic-com-wp-wp-content-uploads-ac-motorsteuerung-vbms","14":"pa_funktionen-overload-protection","15":"pa_funktionen-braking-current-cutoff-after-motor-standstill","16":"pa_funktionen-braking-current-infinitely-adjustable","17":"pa_funktionen-control-via-buttons-or-via-switch","18":"pa_funktionen-dc-braking","19":"pa_funktionen-direct-online-start-via-motor-contactor","20":"pa_funktionen-monitoring-of-braking-frequency","21":"pa_funktionen-monitoring-of-exceeded-braking-time-of-10s","22":"pa_funktionen-standstill-threshold-adjustable","23":"pa_funktionen-start-interlock-in-case-of-safety-relevant-errors","24":"pa_menu-filter-kategorie-schaltschrankinstallation-7","25":"pa_merkmale-also-for-retrofitting-into-existing-plants","26":"pa_merkmale-connection-of-several-stop-buttons-possible","27":"pa_merkmale-controlled-by-microcontroller","28":"pa_merkmale-degree-of-protection-ip-20","29":"pa_merkmale-easy-mounting","30":"pa_merkmale-for-snap-mounting-onto-35mm-top-hat-rail","31":"pa_merkmale-intermateable-with-brms","32":"pa_merkmale-meets-trade-assoc-requirements-for-category-2-acc-to-gs-ho-01","33":"pa_merkmale-motor-contactor-and-dc-brake-in-a-single-device","34":"pa_merkmale-motor-contactor-with-contact-gap--3mm","35":"pa_merkmale-operators-controls-physically-separated-from-load-24v-extral-low-voltage","36":"pa_merkmale-simple-motor-control-with-only-a-few-elements","37":"pa_merkmale-suitable-for-all-asynchrohnous-motors","38":"pa_merkmale-utilization-category-ac-3","39":"pa_nennleistung-0-37-kw-en","40":"pa_nennleistung-0-75-kw-en","41":"pa_nennleistung-0-2-kw-en","42":"pa_nennleistung-1-1-kw-en","43":"pa_nennleistung-1-5-kw-en","44":"pa_nennleistung-2-2-kw-en","45":"pa_nennleistung-3-7-kw-en","46":"pa_nennleistung-4-0-kw-en","47":"pa_nennleistung-5-5-kw-en","48":"pa_nennleistung-7-5-kw-en","49":"pa_nennleistung-11-kw-en","50":"pa_nennleistung-15-kw-en","51":"pa_nennleistung-18-5-kw-en","52":"pa_nennleistung-22-kw-en","53":"pa_nennleistung-25-kw-en","54":"pa_nennleistung-30-kw-en","55":"pa_nennleistung-37-kw-en","56":"pa_nennleistung-45-kw-en","57":"pa_nennleistung-55-kw-en","58":"pa_nennleistung-75-kw-en","59":"pa_nennleistung-90-kw-en","60":"pa_nennleistung-110-kw-en","61":"pa_nennleistung-132-kw-en","62":"pa_nennleistung-160-kw-en","63":"pa_nennleistung-200-kw-en","64":"pa_nennleistung-250-kw-en","65":"pa_nennspannung-200-480-v-10-3","66":"pa_nennspannung-200-240-v-10-en","67":"pa_nennspannung-200-240-v-10-15-en","68":"pa_nennspannung-200-240-v-en","69":"pa_nennspannung-220-240-v-10-3","70":"pa_nennspannung-380-480-v-10-3","71":"pa_nennspannung-380-415-v-10-3","72":"pa_nennspannung-380-480-v-en","73":"pa_nennspannung-380-460-v-10-15-en","74":"pa_nennspannung-380-460-v-10-en","75":"pa_nennspannung-380-480-v-10-15-en","76":"pa_nennspannung-400-575-v-10-en","77":"pa_power-rating-2375","78":"pa_supply-voltage-2374","80":"first","81":"instock","82":"taxable","83":"shipping-taxable","84":"purchasable","85":"product-type-variable"},"acf":[],"yoast_head":"<!-- This site is optimized with the Yoast SEO plugin v23.9 - https:\/\/yoast.com\/wordpress\/plugins\/seo\/ -->\n<title>AC Motorsteuerung mit VBMS [20A], Motorsch\u00fctz und Gleichstrombremse<\/title>\n<meta name=\"description\" content=\"AC Motorsteuerung \u2713 Gleichstrombremsung \u2713 Motorstillstandserkennung \u2713 Motorsch\u00fctz \u2713 Startverriegelung \/ VBMS [20A] \u27a4 direkt vom Hersteller kaufen\" \/>\n<meta name=\"robots\" content=\"index, follow, max-snippet:-1, max-image-preview:large, max-video-preview:-1\" \/>\n<link rel=\"canonical\" href=\"https:\/\/www.peter-electronic.com\/produkt\/vbms-20a-2\/\" \/>\n<script type=\"application\/ld+json\" class=\"yoast-schema-graph\">{\"@context\":\"https:\/\/schema.org\",\"@graph\":[{\"@type\":\"WebPage\",\"@id\":\"https:\/\/www.peter-electronic.com\/en\/produkt\/vbms-20a-2\/\",\"url\":\"https:\/\/www.peter-electronic.com\/en\/produkt\/vbms-20a-2\/\",\"name\":\"AC Motorsteuerung mit VBMS [20A], Motorsch\u00fctz und Gleichstrombremse\",\"isPartOf\":{\"@id\":\"https:\/\/www.peter-electronic.com\/#website\"},\"primaryImageOfPage\":{\"@id\":\"https:\/\/www.peter-electronic.com\/en\/produkt\/vbms-20a-2\/#primaryimage\"},\"image\":{\"@id\":\"https:\/\/www.peter-electronic.com\/en\/produkt\/vbms-20a-2\/#primaryimage\"},\"thumbnailUrl\":\"https:\/\/www.peter-electronic.com\/wp-content\/uploads\/2020\/05\/products-motorstart-bremskombinationen_motorsteuerung_vbms_230-1_5-20-400-2_2-20_3-1.png\",\"datePublished\":\"2017-03-23T06:20:55+00:00\",\"dateModified\":\"2018-06-29T05:48:18+00:00\",\"description\":\"AC Motorsteuerung \u2713 Gleichstrombremsung \u2713 Motorstillstandserkennung \u2713 Motorsch\u00fctz \u2713 Startverriegelung \/ VBMS [20A] \u27a4 direkt vom Hersteller kaufen\",\"breadcrumb\":{\"@id\":\"https:\/\/www.peter-electronic.com\/en\/produkt\/vbms-20a-2\/#breadcrumb\"},\"inLanguage\":\"de\",\"potentialAction\":[{\"@type\":\"ReadAction\",\"target\":[\"https:\/\/www.peter-electronic.com\/en\/produkt\/vbms-20a-2\/\"]}]},{\"@type\":\"ImageObject\",\"inLanguage\":\"de\",\"@id\":\"https:\/\/www.peter-electronic.com\/en\/produkt\/vbms-20a-2\/#primaryimage\",\"url\":\"https:\/\/www.peter-electronic.com\/wp-content\/uploads\/2020\/05\/products-motorstart-bremskombinationen_motorsteuerung_vbms_230-1_5-20-400-2_2-20_3-1.png\",\"contentUrl\":\"https:\/\/www.peter-electronic.com\/wp-content\/uploads\/2020\/05\/products-motorstart-bremskombinationen_motorsteuerung_vbms_230-1_5-20-400-2_2-20_3-1.png\",\"width\":620,\"height\":440},{\"@type\":\"BreadcrumbList\",\"@id\":\"https:\/\/www.peter-electronic.com\/en\/produkt\/vbms-20a-2\/#breadcrumb\",\"itemListElement\":[{\"@type\":\"ListItem\",\"position\":1,\"name\":\"Startseite\",\"item\":\"https:\/\/www.peter-electronic.com\/\"},{\"@type\":\"ListItem\",\"position\":2,\"name\":\"Shop\",\"item\":\"https:\/\/www.peter-electronic.com\/shop\/\"},{\"@type\":\"ListItem\",\"position\":3,\"name\":\"VBMS [20A]\"}]},{\"@type\":\"WebSite\",\"@id\":\"https:\/\/www.peter-electronic.com\/#website\",\"url\":\"https:\/\/www.peter-electronic.com\/\",\"name\":\"Frequenzumrichter, Softstarter und Bremsger\u00e4te direkt vom Hersteller\",\"description\":\"\",\"alternateName\":\"Frequenzumrichter, Softstarter und Bremsger\u00e4te direkt vom Hersteller\",\"potentialAction\":[{\"@type\":\"SearchAction\",\"target\":{\"@type\":\"EntryPoint\",\"urlTemplate\":\"https:\/\/www.peter-electronic.com\/?s={search_term_string}\"},\"query-input\":{\"@type\":\"PropertyValueSpecification\",\"valueRequired\":true,\"valueName\":\"search_term_string\"}}],\"inLanguage\":\"de\"}]}<\/script>\n<!-- \/ Yoast SEO plugin. -->","yoast_head_json":{"title":"AC Motorsteuerung mit VBMS [20A], Motorsch\u00fctz und Gleichstrombremse","description":"AC Motorsteuerung \u2713 Gleichstrombremsung \u2713 Motorstillstandserkennung \u2713 Motorsch\u00fctz \u2713 Startverriegelung \/ VBMS [20A] \u27a4 direkt vom Hersteller kaufen","robots":{"index":"index","follow":"follow","max-snippet":"max-snippet:-1","max-image-preview":"max-image-preview:large","max-video-preview":"max-video-preview:-1"},"canonical":"https:\/\/www.peter-electronic.com\/produkt\/vbms-20a-2\/","schema":{"@context":"https:\/\/schema.org","@graph":[{"@type":"WebPage","@id":"https:\/\/www.peter-electronic.com\/en\/produkt\/vbms-20a-2\/","url":"https:\/\/www.peter-electronic.com\/en\/produkt\/vbms-20a-2\/","name":"AC Motorsteuerung mit VBMS [20A], Motorsch\u00fctz und Gleichstrombremse","isPartOf":{"@id":"https:\/\/www.peter-electronic.com\/#website"},"primaryImageOfPage":{"@id":"https:\/\/www.peter-electronic.com\/en\/produkt\/vbms-20a-2\/#primaryimage"},"image":{"@id":"https:\/\/www.peter-electronic.com\/en\/produkt\/vbms-20a-2\/#primaryimage"},"thumbnailUrl":"https:\/\/www.peter-electronic.com\/wp-content\/uploads\/2020\/05\/products-motorstart-bremskombinationen_motorsteuerung_vbms_230-1_5-20-400-2_2-20_3-1.png","datePublished":"2017-03-23T06:20:55+00:00","dateModified":"2018-06-29T05:48:18+00:00","description":"AC Motorsteuerung \u2713 Gleichstrombremsung \u2713 Motorstillstandserkennung \u2713 Motorsch\u00fctz \u2713 Startverriegelung \/ VBMS [20A] \u27a4 direkt vom Hersteller kaufen","breadcrumb":{"@id":"https:\/\/www.peter-electronic.com\/en\/produkt\/vbms-20a-2\/#breadcrumb"},"inLanguage":"de","potentialAction":[{"@type":"ReadAction","target":["https:\/\/www.peter-electronic.com\/en\/produkt\/vbms-20a-2\/"]}]},{"@type":"ImageObject","inLanguage":"de","@id":"https:\/\/www.peter-electronic.com\/en\/produkt\/vbms-20a-2\/#primaryimage","url":"https:\/\/www.peter-electronic.com\/wp-content\/uploads\/2020\/05\/products-motorstart-bremskombinationen_motorsteuerung_vbms_230-1_5-20-400-2_2-20_3-1.png","contentUrl":"https:\/\/www.peter-electronic.com\/wp-content\/uploads\/2020\/05\/products-motorstart-bremskombinationen_motorsteuerung_vbms_230-1_5-20-400-2_2-20_3-1.png","width":620,"height":440},{"@type":"BreadcrumbList","@id":"https:\/\/www.peter-electronic.com\/en\/produkt\/vbms-20a-2\/#breadcrumb","itemListElement":[{"@type":"ListItem","position":1,"name":"Startseite","item":"https:\/\/www.peter-electronic.com\/"},{"@type":"ListItem","position":2,"name":"Shop","item":"https:\/\/www.peter-electronic.com\/shop\/"},{"@type":"ListItem","position":3,"name":"VBMS [20A]"}]},{"@type":"WebSite","@id":"https:\/\/www.peter-electronic.com\/#website","url":"https:\/\/www.peter-electronic.com\/","name":"Frequenzumrichter, Softstarter und Bremsger\u00e4te direkt vom Hersteller","description":"","alternateName":"Frequenzumrichter, Softstarter und Bremsger\u00e4te direkt vom Hersteller","potentialAction":[{"@type":"SearchAction","target":{"@type":"EntryPoint","urlTemplate":"https:\/\/www.peter-electronic.com\/?s={search_term_string}"},"query-input":{"@type":"PropertyValueSpecification","valueRequired":true,"valueName":"search_term_string"}}],"inLanguage":"de"}]}},"_links":{"self":[{"href":"https:\/\/www.peter-electronic.com\/index.php?rest_route=\/wp\/v2\/product\/13245","targetHints":{"allow":["GET"]}}],"collection":[{"href":"https:\/\/www.peter-electronic.com\/index.php?rest_route=\/wp\/v2\/product"}],"about":[{"href":"https:\/\/www.peter-electronic.com\/index.php?rest_route=\/wp\/v2\/types\/product"}],"wp:featuredmedia":[{"embeddable":true,"href":"https:\/\/www.peter-electronic.com\/index.php?rest_route=\/wp\/v2\/media\/13250"}],"wp:attachment":[{"href":"https:\/\/www.peter-electronic.com\/index.php?rest_route=%2Fwp%2Fv2%2Fmedia&parent=13245"}],"wp:term":[{"taxonomy":"product_cat","embeddable":true,"href":"https:\/\/www.peter-electronic.com\/index.php?rest_route=%2Fwp%2Fv2%2Fproduct_cat&post=13245"},{"taxonomy":"product_tag","embeddable":true,"href":"https:\/\/www.peter-electronic.com\/index.php?rest_route=%2Fwp%2Fv2%2Fproduct_tag&post=13245"}],"curies":[{"name":"wp","href":"https:\/\/api.w.org\/{rel}","templated":true}]}}