{"id":13239,"date":"2017-03-23T07:20:55","date_gmt":"2017-03-23T07:20:55","guid":{"rendered":"https:\/\/www.peter.secondlevelserver.de\/?post_type=product&#038;p=13239"},"modified":"2025-12-19T13:39:37","modified_gmt":"2025-12-19T12:39:37","slug":"vbms-20a","status":"publish","type":"product","link":"https:\/\/www.peter-electronic.com\/produkt\/vbms-20a\/","title":{"rendered":"VBMS [20A]"},"content":{"rendered":"","protected":false},"excerpt":{"rendered":"<p>Die Motorstart-Bremskombination &#8220;VBMS&#8221; vereint eine einfache AC Motorsteuerung und eine elektrische Gleichstrombremse in einem Ger\u00e4t. Ein Motorsch\u00fctz und Bremssch\u00fctz sind integriert. Als AC Motorsteuerung bis 2,2kw geeignet.<\/p>\n","protected":false},"featured_media":13244,"template":"","meta":{"_acf_changed":false},"product_cat":[2287,2273,2311],"product_tag":[],"class_list":{"0":"post-13239","1":"product","2":"type-product","3":"status-publish","4":"has-post-thumbnail","6":"product_cat-motorstart-bremskombinationen","7":"product_cat-produkte","8":"product_cat-schaltschrankinstallation-3","9":"pa_application-area-2357","10":"pa_bevorzugte-einsatzgebiete-sagen-frasen-ruttler-sonstige","11":"pa_downloads-https-www-peter-electronic-com-wp-wp-content-uploads-ac-motorsteuerung-vbms-20a-datenblatt-de-pdf-pdf-technisches-datenblatt-https-www-peter-electronic-com-wp-wp-content-uploads-ac-motorsteuerung-vbms","12":"pa_funktionen-motorschutz-gleichstrombremsung-ansteuerung-uber-taster-oder-schalter-stufenlos-einstellbarer-geregelter-bremsstrom-einstellbare-motorstillstandserkennung-bremsstromabschaltung-nach-motorstillstand-be","13":"pa_menu-filter-kategorie-schaltschrankinstallation-6","14":"pa_merkmale-merkmale-motorsteuerung-einfache-motorsteuerung-mit-wenigen-elementen-motorschutz-und-gleichstrombremse-in-einem-gerat-fur-alle-asynchronmotoren-geeignet-microcontroller-gesteuert-einfacher-einbau-auc","15":"pa_nennleistung-0-37-kw","16":"pa_nennleistung-0-75-kw","17":"pa_nennleistung-0-2-kw","18":"pa_nennleistung-1-1-kw","19":"pa_nennleistung-1-5-kw","20":"pa_nennleistung-2-2-kw","21":"pa_nennleistung-3-7-kw","22":"pa_nennleistung-4-0-kw","23":"pa_nennleistung-5-5-kw","24":"pa_nennleistung-7-5-kw","25":"pa_nennleistung-11-kw","26":"pa_nennleistung-15-kw","27":"pa_nennleistung-18-5-kw","28":"pa_nennleistung-22-kw","29":"pa_nennleistung-25-kw","30":"pa_nennleistung-30-kw","31":"pa_nennleistung-37-kw","32":"pa_nennleistung-45-kw","33":"pa_nennleistung-55-kw","34":"pa_nennleistung-75-kw","35":"pa_nennleistung-90-kw","36":"pa_nennleistung-110-kw","37":"pa_nennleistung-132-kw","38":"pa_nennleistung-160-kw","39":"pa_nennleistung-200-kw","40":"pa_nennleistung-250-kw","41":"pa_nennspannung-200-240-v-10","42":"pa_nennspannung-200-240-v-10-15","43":"pa_nennspannung-200-480-v-10-2","44":"pa_nennspannung-200-240-v","45":"pa_nennspannung-220-240-v-10-2","46":"pa_nennspannung-380-480-v-10-2","47":"pa_nennspannung-380-480-v","48":"pa_nennspannung-380-460-v-10-15","49":"pa_nennspannung-380-460-v-10","50":"pa_nennspannung-380-415-v-10-2","51":"pa_nennspannung-380-480-v-10-15","52":"pa_nennspannung-400-575-v-10","53":"pa_power-rating-2359","54":"pa_prafix-name-ac-motorsteuerung","55":"pa_supply-voltage-2358","57":"first","58":"instock","59":"taxable","60":"shipping-taxable","61":"purchasable","62":"product-type-variable"},"acf":[],"yoast_head":"<!-- This site is optimized with the Yoast SEO plugin v23.9 - https:\/\/yoast.com\/wordpress\/plugins\/seo\/ -->\n<title>AC Motorsteuerung mit VBMS [20A], Motorsch\u00fctz und Gleichstrombremse<\/title>\n<meta name=\"description\" content=\"AC Motorsteuerung \u2713 Gleichstrombremsung \u2713 Motorstillstandserkennung \u2713 Motorsch\u00fctz \u2713 Startverriegelung \/ VBMS [20A] \u27a4 direkt vom Hersteller kaufen\" \/>\n<meta name=\"robots\" content=\"index, follow, max-snippet:-1, max-image-preview:large, max-video-preview:-1\" \/>\n<link rel=\"canonical\" href=\"https:\/\/www.peter-electronic.com\/produkt\/vbms-20a\/\" \/>\n<script type=\"application\/ld+json\" class=\"yoast-schema-graph\">{\"@context\":\"https:\/\/schema.org\",\"@graph\":[{\"@type\":\"WebPage\",\"@id\":\"https:\/\/www.peter-electronic.com\/produkt\/vbms-20a\/\",\"url\":\"https:\/\/www.peter-electronic.com\/produkt\/vbms-20a\/\",\"name\":\"AC Motorsteuerung mit VBMS [20A], Motorsch\u00fctz und Gleichstrombremse\",\"isPartOf\":{\"@id\":\"https:\/\/www.peter-electronic.com\/#website\"},\"primaryImageOfPage\":{\"@id\":\"https:\/\/www.peter-electronic.com\/produkt\/vbms-20a\/#primaryimage\"},\"image\":{\"@id\":\"https:\/\/www.peter-electronic.com\/produkt\/vbms-20a\/#primaryimage\"},\"thumbnailUrl\":\"https:\/\/www.peter-electronic.com\/wp-content\/uploads\/2020\/05\/products-motorstart-bremskombinationen_motorsteuerung_vbms_230-1_5-20-400-2_2-20_3.png\",\"datePublished\":\"2017-03-23T07:20:55+00:00\",\"dateModified\":\"2025-12-19T12:39:37+00:00\",\"description\":\"AC Motorsteuerung \u2713 Gleichstrombremsung \u2713 Motorstillstandserkennung \u2713 Motorsch\u00fctz \u2713 Startverriegelung \/ VBMS [20A] \u27a4 direkt vom Hersteller kaufen\",\"breadcrumb\":{\"@id\":\"https:\/\/www.peter-electronic.com\/produkt\/vbms-20a\/#breadcrumb\"},\"inLanguage\":\"de\",\"potentialAction\":[{\"@type\":\"ReadAction\",\"target\":[\"https:\/\/www.peter-electronic.com\/produkt\/vbms-20a\/\"]}]},{\"@type\":\"ImageObject\",\"inLanguage\":\"de\",\"@id\":\"https:\/\/www.peter-electronic.com\/produkt\/vbms-20a\/#primaryimage\",\"url\":\"https:\/\/www.peter-electronic.com\/wp-content\/uploads\/2020\/05\/products-motorstart-bremskombinationen_motorsteuerung_vbms_230-1_5-20-400-2_2-20_3.png\",\"contentUrl\":\"https:\/\/www.peter-electronic.com\/wp-content\/uploads\/2020\/05\/products-motorstart-bremskombinationen_motorsteuerung_vbms_230-1_5-20-400-2_2-20_3.png\",\"width\":620,\"height\":440},{\"@type\":\"BreadcrumbList\",\"@id\":\"https:\/\/www.peter-electronic.com\/produkt\/vbms-20a\/#breadcrumb\",\"itemListElement\":[{\"@type\":\"ListItem\",\"position\":1,\"name\":\"Startseite\",\"item\":\"https:\/\/www.peter-electronic.com\/\"},{\"@type\":\"ListItem\",\"position\":2,\"name\":\"Shop\",\"item\":\"https:\/\/www.peter-electronic.com\/shop\/\"},{\"@type\":\"ListItem\",\"position\":3,\"name\":\"VBMS [20A]\"}]},{\"@type\":\"WebSite\",\"@id\":\"https:\/\/www.peter-electronic.com\/#website\",\"url\":\"https:\/\/www.peter-electronic.com\/\",\"name\":\"Frequenzumrichter, Softstarter und Bremsger\u00e4te direkt vom Hersteller\",\"description\":\"\",\"alternateName\":\"Frequenzumrichter, Softstarter und Bremsger\u00e4te direkt vom Hersteller\",\"potentialAction\":[{\"@type\":\"SearchAction\",\"target\":{\"@type\":\"EntryPoint\",\"urlTemplate\":\"https:\/\/www.peter-electronic.com\/?s={search_term_string}\"},\"query-input\":{\"@type\":\"PropertyValueSpecification\",\"valueRequired\":true,\"valueName\":\"search_term_string\"}}],\"inLanguage\":\"de\"}]}<\/script>\n<!-- \/ Yoast SEO plugin. -->","yoast_head_json":{"title":"AC Motorsteuerung mit VBMS [20A], Motorsch\u00fctz und Gleichstrombremse","description":"AC Motorsteuerung \u2713 Gleichstrombremsung \u2713 Motorstillstandserkennung \u2713 Motorsch\u00fctz \u2713 Startverriegelung \/ VBMS [20A] \u27a4 direkt vom Hersteller kaufen","robots":{"index":"index","follow":"follow","max-snippet":"max-snippet:-1","max-image-preview":"max-image-preview:large","max-video-preview":"max-video-preview:-1"},"canonical":"https:\/\/www.peter-electronic.com\/produkt\/vbms-20a\/","schema":{"@context":"https:\/\/schema.org","@graph":[{"@type":"WebPage","@id":"https:\/\/www.peter-electronic.com\/produkt\/vbms-20a\/","url":"https:\/\/www.peter-electronic.com\/produkt\/vbms-20a\/","name":"AC Motorsteuerung mit VBMS [20A], Motorsch\u00fctz und Gleichstrombremse","isPartOf":{"@id":"https:\/\/www.peter-electronic.com\/#website"},"primaryImageOfPage":{"@id":"https:\/\/www.peter-electronic.com\/produkt\/vbms-20a\/#primaryimage"},"image":{"@id":"https:\/\/www.peter-electronic.com\/produkt\/vbms-20a\/#primaryimage"},"thumbnailUrl":"https:\/\/www.peter-electronic.com\/wp-content\/uploads\/2020\/05\/products-motorstart-bremskombinationen_motorsteuerung_vbms_230-1_5-20-400-2_2-20_3.png","datePublished":"2017-03-23T07:20:55+00:00","dateModified":"2025-12-19T12:39:37+00:00","description":"AC Motorsteuerung \u2713 Gleichstrombremsung \u2713 Motorstillstandserkennung \u2713 Motorsch\u00fctz \u2713 Startverriegelung \/ VBMS [20A] \u27a4 direkt vom Hersteller kaufen","breadcrumb":{"@id":"https:\/\/www.peter-electronic.com\/produkt\/vbms-20a\/#breadcrumb"},"inLanguage":"de","potentialAction":[{"@type":"ReadAction","target":["https:\/\/www.peter-electronic.com\/produkt\/vbms-20a\/"]}]},{"@type":"ImageObject","inLanguage":"de","@id":"https:\/\/www.peter-electronic.com\/produkt\/vbms-20a\/#primaryimage","url":"https:\/\/www.peter-electronic.com\/wp-content\/uploads\/2020\/05\/products-motorstart-bremskombinationen_motorsteuerung_vbms_230-1_5-20-400-2_2-20_3.png","contentUrl":"https:\/\/www.peter-electronic.com\/wp-content\/uploads\/2020\/05\/products-motorstart-bremskombinationen_motorsteuerung_vbms_230-1_5-20-400-2_2-20_3.png","width":620,"height":440},{"@type":"BreadcrumbList","@id":"https:\/\/www.peter-electronic.com\/produkt\/vbms-20a\/#breadcrumb","itemListElement":[{"@type":"ListItem","position":1,"name":"Startseite","item":"https:\/\/www.peter-electronic.com\/"},{"@type":"ListItem","position":2,"name":"Shop","item":"https:\/\/www.peter-electronic.com\/shop\/"},{"@type":"ListItem","position":3,"name":"VBMS [20A]"}]},{"@type":"WebSite","@id":"https:\/\/www.peter-electronic.com\/#website","url":"https:\/\/www.peter-electronic.com\/","name":"Frequenzumrichter, Softstarter und Bremsger\u00e4te direkt vom Hersteller","description":"","alternateName":"Frequenzumrichter, Softstarter und Bremsger\u00e4te direkt vom Hersteller","potentialAction":[{"@type":"SearchAction","target":{"@type":"EntryPoint","urlTemplate":"https:\/\/www.peter-electronic.com\/?s={search_term_string}"},"query-input":{"@type":"PropertyValueSpecification","valueRequired":true,"valueName":"search_term_string"}}],"inLanguage":"de"}]}},"_links":{"self":[{"href":"https:\/\/www.peter-electronic.com\/index.php?rest_route=\/wp\/v2\/product\/13239","targetHints":{"allow":["GET"]}}],"collection":[{"href":"https:\/\/www.peter-electronic.com\/index.php?rest_route=\/wp\/v2\/product"}],"about":[{"href":"https:\/\/www.peter-electronic.com\/index.php?rest_route=\/wp\/v2\/types\/product"}],"wp:featuredmedia":[{"embeddable":true,"href":"https:\/\/www.peter-electronic.com\/index.php?rest_route=\/wp\/v2\/media\/13244"}],"wp:attachment":[{"href":"https:\/\/www.peter-electronic.com\/index.php?rest_route=%2Fwp%2Fv2%2Fmedia&parent=13239"}],"wp:term":[{"taxonomy":"product_cat","embeddable":true,"href":"https:\/\/www.peter-electronic.com\/index.php?rest_route=%2Fwp%2Fv2%2Fproduct_cat&post=13239"},{"taxonomy":"product_tag","embeddable":true,"href":"https:\/\/www.peter-electronic.com\/index.php?rest_route=%2Fwp%2Fv2%2Fproduct_tag&post=13239"}],"curies":[{"name":"wp","href":"https:\/\/api.w.org\/{rel}","templated":true}]}}