{"id":13212,"date":"2017-03-23T06:52:36","date_gmt":"2017-03-23T05:52:36","guid":{"rendered":"https:\/\/www.peter.secondlevelserver.de\/?post_type=product&#038;p=13212"},"modified":"2021-05-06T11:53:07","modified_gmt":"2021-05-06T11:53:07","slug":"versicomb-ii-safe-12-60a-2","status":"publish","type":"product","link":"https:\/\/www.peter-electronic.com\/en\/produkt\/versicomb-ii-safe-12-60a-2\/","title":{"rendered":"VersiComb II Safe [12 &#8211; 60A]"},"content":{"rendered":"","protected":false},"excerpt":{"rendered":"<p>2 in 1 Sanftstarter und Bremsger\u00e4t in einem. &#8220;Die Motorstart-Bremskombination VersiComb II Safe&#8221; erf\u00fcllt heute schon die Anforderungen f\u00fcr Motoren der Effizienzklasse IE3.<br \/>\nDie Sicherheitsfunktionen nach Kategorie 2, PLC und SIL1 sind bereits implementiert.<br \/>\nF\u00fcr einen individuellen Einsatz nach ihren Anforderungen stehen unterschiedliche Leistungs- und Baugr\u00f6\u00dfen zur Verf\u00fcgung.<\/p>\n","protected":false},"featured_media":13236,"template":"","meta":{"_acf_changed":false},"product_cat":[2312,2288,2274],"product_tag":[],"class_list":{"0":"post-13212","1":"product","2":"type-product","3":"status-publish","4":"has-post-thumbnail","6":"product_cat-cabinet-installation-3","7":"product_cat-combined-motor-start-and-braking-devices","8":"product_cat-products","9":"pa_bevorzugte-einsatzgebiete-centrifuges","10":"pa_bevorzugte-einsatzgebiete-deburring-machines","11":"pa_bevorzugte-einsatzgebiete-edge-pressing-machines","12":"pa_bevorzugte-einsatzgebiete-grinding-machines","13":"pa_bevorzugte-einsatzgebiete-hydraulic-presses","14":"pa_bevorzugte-einsatzgebiete-industrial-dryers","15":"pa_bevorzugte-einsatzgebiete-meat-grinders","16":"pa_bevorzugte-einsatzgebiete-milling-machines","17":"pa_bevorzugte-einsatzgebiete-mixers","18":"pa_bevorzugte-einsatzgebiete-other","19":"pa_bevorzugte-einsatzgebiete-saws","20":"pa_bevorzugte-einsatzgebiete-shakers","21":"pa_bevorzugte-einsatzgebiete-vibration-machines","22":"pa_downloads-https-www-peter-electronic-com-wp-wp-content-uploads-sanftstarter-bremsgeraet-versicomb-2-safe-12-60a-datenblatt-de-pdf-pdf-technisches-datenblatt-https-www-peter-electronic-com-wp-wp-content-uploads-","23":"pa_funktionen-device-fault-relay-safety-relevant","24":"pa_funktionen-device-protection","25":"pa_funktionen-kty","26":"pa_funktionen-motor-auto-tuning","27":"pa_funktionen-motor-protection","28":"pa_funktionen-motor-temperature-monitoring-ptc","29":"pa_funktionen-parameterization-via-keypad-or-can-bus","30":"pa_funktionen-potential-free-control-inputs-and-outputs","31":"pa_funktionen-pt1000","32":"pa_funktionen-summary-fault-relay","33":"pa_funktionen-tool-speed-monitoring-external-speed-sensor-required","34":"pa_funktionen-tvr-or-current-controlled-soft-start","35":"pa_menu-filter-kategorie-schaltschrankinstallation-7","36":"pa_merkmale-acc-to-en13849-12008","37":"pa_merkmale-pl-c","38":"pa_merkmale-canopen-on-board","39":"pa_merkmale-dc-braking","40":"pa_merkmale-degree-of-protection-ip20","41":"pa_merkmale-ie2-and-ie3-motors","42":"pa_merkmale-integrated-braking-contactor","43":"pa_merkmale-integrated-by-pass-relay","44":"pa_merkmale-integrated-standstill-detection","45":"pa_merkmale-meets-trad-assoc-requirements-for","46":"pa_merkmale-monitoring-of-stopping-time","47":"pa_merkmale-plugable-push-in-control-terminals","48":"pa_merkmale-reduction-of-starting-current-peaks","49":"pa_merkmale-self-optimizing-soft-start-and-braking","50":"pa_merkmale-suitable-for-all-asynchronous-motors","51":"pa_merkmale-suitable-for-ie1","52":"pa_merkmale-two-phase-controlled-soft-start","53":"pa_nennleistung-0-37-kw-en","54":"pa_nennleistung-0-75-kw-en","55":"pa_nennleistung-0-2-kw-en","56":"pa_nennleistung-1-1-kw-en","57":"pa_nennleistung-1-5-kw-en","58":"pa_nennleistung-2-2-kw-en","59":"pa_nennleistung-3-7-kw-en","60":"pa_nennleistung-4-0-kw-en","61":"pa_nennleistung-5-5-kw-en","62":"pa_nennleistung-7-5-kw-en","63":"pa_nennleistung-11-kw-en","64":"pa_nennleistung-15-kw-en","65":"pa_nennleistung-18-5-kw-en","66":"pa_nennleistung-22-kw-en","67":"pa_nennleistung-25-kw-en","68":"pa_nennleistung-30-kw-en","69":"pa_nennleistung-37-kw-en","70":"pa_nennleistung-45-kw-en","71":"pa_nennleistung-55-kw-en","72":"pa_nennleistung-75-kw-en","73":"pa_nennleistung-90-kw-en","74":"pa_nennleistung-110-kw-en","75":"pa_nennleistung-132-kw-en","76":"pa_nennleistung-160-kw-en","77":"pa_nennleistung-200-kw-en","78":"pa_nennleistung-250-kw-en","79":"pa_nennspannung-200-480-v-10-3","80":"pa_nennspannung-200-240-v-10-en","81":"pa_nennspannung-200-240-v-10-15-en","82":"pa_nennspannung-200-240-v-en","83":"pa_nennspannung-220-240-v-10-3","84":"pa_nennspannung-380-480-v-10-3","85":"pa_nennspannung-380-415-v-10-3","86":"pa_nennspannung-380-480-v-en","87":"pa_nennspannung-380-460-v-10-15-en","88":"pa_nennspannung-380-460-v-10-en","89":"pa_nennspannung-380-480-v-10-15-en","90":"pa_nennspannung-400-575-v-10-en","91":"pa_optionen-accessory","92":"pa_optionen-onto-din-rail-order-nr-29000-29700","93":"pa_optionen-a-adaptor-for-vc-ii-safe-12a-37a-for-mounting","94":"pa_power-rating-2375","95":"pa_supply-voltage-2374","97":"first","98":"instock","99":"taxable","100":"shipping-taxable","101":"purchasable","102":"product-type-variable"},"acf":[],"yoast_head":"<!-- This site is optimized with the Yoast SEO plugin v23.9 - https:\/\/yoast.com\/wordpress\/plugins\/seo\/ -->\n<title>Kombination aus Sanftstarter und Bremsger\u00e4t, VC II Safe [12 - 60A]<\/title>\n<meta name=\"description\" content=\"Sanftstarter + Bremsger\u00e4t einfacher Einbau &amp; Bedienung \/ VersiComb II Safe [12 - 60A] \u27a4 Sanftstarter + Bremsger\u00e4t online kaufen\" \/>\n<meta name=\"robots\" content=\"index, follow, max-snippet:-1, max-image-preview:large, max-video-preview:-1\" \/>\n<link rel=\"canonical\" href=\"https:\/\/www.peter-electronic.com\/produkt\/versicomb-ii-safe-12-60a-2\/\" \/>\n<script type=\"application\/ld+json\" class=\"yoast-schema-graph\">{\"@context\":\"https:\/\/schema.org\",\"@graph\":[{\"@type\":\"WebPage\",\"@id\":\"https:\/\/www.peter-electronic.com\/en\/produkt\/versicomb-ii-safe-12-60a-2\/\",\"url\":\"https:\/\/www.peter-electronic.com\/en\/produkt\/versicomb-ii-safe-12-60a-2\/\",\"name\":\"Kombination aus Sanftstarter und Bremsger\u00e4t, VC II Safe [12 - 60A]\",\"isPartOf\":{\"@id\":\"https:\/\/www.peter-electronic.com\/#website\"},\"primaryImageOfPage\":{\"@id\":\"https:\/\/www.peter-electronic.com\/en\/produkt\/versicomb-ii-safe-12-60a-2\/#primaryimage\"},\"image\":{\"@id\":\"https:\/\/www.peter-electronic.com\/en\/produkt\/versicomb-ii-safe-12-60a-2\/#primaryimage\"},\"thumbnailUrl\":\"https:\/\/www.peter-electronic.com\/wp-content\/uploads\/2020\/05\/products-motorstart-bremskombinationen_motorsteuerung-elektromotor_vc-2-safe-12-60a_7-1.png\",\"datePublished\":\"2017-03-23T05:52:36+00:00\",\"dateModified\":\"2021-05-06T11:53:07+00:00\",\"description\":\"Sanftstarter + Bremsger\u00e4t einfacher Einbau & Bedienung \/ VersiComb II Safe [12 - 60A] \u27a4 Sanftstarter + Bremsger\u00e4t online kaufen\",\"breadcrumb\":{\"@id\":\"https:\/\/www.peter-electronic.com\/en\/produkt\/versicomb-ii-safe-12-60a-2\/#breadcrumb\"},\"inLanguage\":\"de\",\"potentialAction\":[{\"@type\":\"ReadAction\",\"target\":[\"https:\/\/www.peter-electronic.com\/en\/produkt\/versicomb-ii-safe-12-60a-2\/\"]}]},{\"@type\":\"ImageObject\",\"inLanguage\":\"de\",\"@id\":\"https:\/\/www.peter-electronic.com\/en\/produkt\/versicomb-ii-safe-12-60a-2\/#primaryimage\",\"url\":\"https:\/\/www.peter-electronic.com\/wp-content\/uploads\/2020\/05\/products-motorstart-bremskombinationen_motorsteuerung-elektromotor_vc-2-safe-12-60a_7-1.png\",\"contentUrl\":\"https:\/\/www.peter-electronic.com\/wp-content\/uploads\/2020\/05\/products-motorstart-bremskombinationen_motorsteuerung-elektromotor_vc-2-safe-12-60a_7-1.png\",\"width\":620,\"height\":440},{\"@type\":\"BreadcrumbList\",\"@id\":\"https:\/\/www.peter-electronic.com\/en\/produkt\/versicomb-ii-safe-12-60a-2\/#breadcrumb\",\"itemListElement\":[{\"@type\":\"ListItem\",\"position\":1,\"name\":\"Startseite\",\"item\":\"https:\/\/www.peter-electronic.com\/\"},{\"@type\":\"ListItem\",\"position\":2,\"name\":\"Shop\",\"item\":\"https:\/\/www.peter-electronic.com\/shop\/\"},{\"@type\":\"ListItem\",\"position\":3,\"name\":\"VersiComb II Safe [12 &#8211; 60A]\"}]},{\"@type\":\"WebSite\",\"@id\":\"https:\/\/www.peter-electronic.com\/#website\",\"url\":\"https:\/\/www.peter-electronic.com\/\",\"name\":\"Frequenzumrichter, Softstarter und Bremsger\u00e4te direkt vom Hersteller\",\"description\":\"\",\"alternateName\":\"Frequenzumrichter, Softstarter und Bremsger\u00e4te direkt vom Hersteller\",\"potentialAction\":[{\"@type\":\"SearchAction\",\"target\":{\"@type\":\"EntryPoint\",\"urlTemplate\":\"https:\/\/www.peter-electronic.com\/?s={search_term_string}\"},\"query-input\":{\"@type\":\"PropertyValueSpecification\",\"valueRequired\":true,\"valueName\":\"search_term_string\"}}],\"inLanguage\":\"de\"}]}<\/script>\n<!-- \/ Yoast SEO plugin. -->","yoast_head_json":{"title":"Kombination aus Sanftstarter und Bremsger\u00e4t, VC II Safe [12 - 60A]","description":"Sanftstarter + Bremsger\u00e4t einfacher Einbau & Bedienung \/ VersiComb II Safe [12 - 60A] \u27a4 Sanftstarter + Bremsger\u00e4t online kaufen","robots":{"index":"index","follow":"follow","max-snippet":"max-snippet:-1","max-image-preview":"max-image-preview:large","max-video-preview":"max-video-preview:-1"},"canonical":"https:\/\/www.peter-electronic.com\/produkt\/versicomb-ii-safe-12-60a-2\/","schema":{"@context":"https:\/\/schema.org","@graph":[{"@type":"WebPage","@id":"https:\/\/www.peter-electronic.com\/en\/produkt\/versicomb-ii-safe-12-60a-2\/","url":"https:\/\/www.peter-electronic.com\/en\/produkt\/versicomb-ii-safe-12-60a-2\/","name":"Kombination aus Sanftstarter und Bremsger\u00e4t, VC II Safe [12 - 60A]","isPartOf":{"@id":"https:\/\/www.peter-electronic.com\/#website"},"primaryImageOfPage":{"@id":"https:\/\/www.peter-electronic.com\/en\/produkt\/versicomb-ii-safe-12-60a-2\/#primaryimage"},"image":{"@id":"https:\/\/www.peter-electronic.com\/en\/produkt\/versicomb-ii-safe-12-60a-2\/#primaryimage"},"thumbnailUrl":"https:\/\/www.peter-electronic.com\/wp-content\/uploads\/2020\/05\/products-motorstart-bremskombinationen_motorsteuerung-elektromotor_vc-2-safe-12-60a_7-1.png","datePublished":"2017-03-23T05:52:36+00:00","dateModified":"2021-05-06T11:53:07+00:00","description":"Sanftstarter + Bremsger\u00e4t einfacher Einbau & Bedienung \/ VersiComb II Safe [12 - 60A] \u27a4 Sanftstarter + Bremsger\u00e4t online kaufen","breadcrumb":{"@id":"https:\/\/www.peter-electronic.com\/en\/produkt\/versicomb-ii-safe-12-60a-2\/#breadcrumb"},"inLanguage":"de","potentialAction":[{"@type":"ReadAction","target":["https:\/\/www.peter-electronic.com\/en\/produkt\/versicomb-ii-safe-12-60a-2\/"]}]},{"@type":"ImageObject","inLanguage":"de","@id":"https:\/\/www.peter-electronic.com\/en\/produkt\/versicomb-ii-safe-12-60a-2\/#primaryimage","url":"https:\/\/www.peter-electronic.com\/wp-content\/uploads\/2020\/05\/products-motorstart-bremskombinationen_motorsteuerung-elektromotor_vc-2-safe-12-60a_7-1.png","contentUrl":"https:\/\/www.peter-electronic.com\/wp-content\/uploads\/2020\/05\/products-motorstart-bremskombinationen_motorsteuerung-elektromotor_vc-2-safe-12-60a_7-1.png","width":620,"height":440},{"@type":"BreadcrumbList","@id":"https:\/\/www.peter-electronic.com\/en\/produkt\/versicomb-ii-safe-12-60a-2\/#breadcrumb","itemListElement":[{"@type":"ListItem","position":1,"name":"Startseite","item":"https:\/\/www.peter-electronic.com\/"},{"@type":"ListItem","position":2,"name":"Shop","item":"https:\/\/www.peter-electronic.com\/shop\/"},{"@type":"ListItem","position":3,"name":"VersiComb II Safe [12 &#8211; 60A]"}]},{"@type":"WebSite","@id":"https:\/\/www.peter-electronic.com\/#website","url":"https:\/\/www.peter-electronic.com\/","name":"Frequenzumrichter, Softstarter und Bremsger\u00e4te direkt vom Hersteller","description":"","alternateName":"Frequenzumrichter, Softstarter und Bremsger\u00e4te direkt vom Hersteller","potentialAction":[{"@type":"SearchAction","target":{"@type":"EntryPoint","urlTemplate":"https:\/\/www.peter-electronic.com\/?s={search_term_string}"},"query-input":{"@type":"PropertyValueSpecification","valueRequired":true,"valueName":"search_term_string"}}],"inLanguage":"de"}]}},"_links":{"self":[{"href":"https:\/\/www.peter-electronic.com\/index.php?rest_route=\/wp\/v2\/product\/13212","targetHints":{"allow":["GET"]}}],"collection":[{"href":"https:\/\/www.peter-electronic.com\/index.php?rest_route=\/wp\/v2\/product"}],"about":[{"href":"https:\/\/www.peter-electronic.com\/index.php?rest_route=\/wp\/v2\/types\/product"}],"wp:featuredmedia":[{"embeddable":true,"href":"https:\/\/www.peter-electronic.com\/index.php?rest_route=\/wp\/v2\/media\/13236"}],"wp:attachment":[{"href":"https:\/\/www.peter-electronic.com\/index.php?rest_route=%2Fwp%2Fv2%2Fmedia&parent=13212"}],"wp:term":[{"taxonomy":"product_cat","embeddable":true,"href":"https:\/\/www.peter-electronic.com\/index.php?rest_route=%2Fwp%2Fv2%2Fproduct_cat&post=13212"},{"taxonomy":"product_tag","embeddable":true,"href":"https:\/\/www.peter-electronic.com\/index.php?rest_route=%2Fwp%2Fv2%2Fproduct_tag&post=13212"}],"curies":[{"name":"wp","href":"https:\/\/api.w.org\/{rel}","templated":true}]}}