{"id":13001,"date":"2017-03-23T06:52:28","date_gmt":"2017-03-23T05:52:28","guid":{"rendered":"https:\/\/www.peter.secondlevelserver.de\/?post_type=product&#038;p=13001"},"modified":"2025-04-30T12:24:20","modified_gmt":"2025-04-30T12:24:20","slug":"versistart-iii-l-b-9-45a-2","status":"publish","type":"product","link":"https:\/\/www.peter-electronic.com\/en\/produkt\/versistart-iii-l-b-9-45a-2\/","title":{"rendered":"VersiStart III L B [9 &#8211; 45A]"},"content":{"rendered":"","protected":false},"excerpt":{"rendered":"<p>Mit dem Sanftanlasser f\u00fcr W\u00e4rmepumpen- und Kompressorenanwendungen<br \/>\nVersiStart III L B [9 &#8211; 45A] bietet PETER electronic ein dreiphasengesteuertes Sanftanlaufger\u00e4t:<br \/>\nEs vereint optimale Anlauf-Eigenschaften<br \/>\nmit hochwertigen Ger\u00e4te- und Motorschutz-<br \/>\nfunktionen in einem besonders kompakten Geh\u00e4use.<\/p>\n","protected":false},"featured_media":13012,"template":"","meta":{"_acf_changed":false},"product_cat":[2284,2274,2282,2306],"product_tag":[],"class_list":{"0":"post-13001","1":"product","2":"type-product","3":"status-publish","4":"has-post-thumbnail","6":"product_cat-economy-range","7":"product_cat-products","8":"product_cat-soft-starters-2","9":"product_cat-three-phase-controlled","10":"pa_bevorzugte-einsatzgebiete-compressors","11":"pa_bevorzugte-einsatzgebiete-heat-pumps","12":"pa_downloads-https-www-peter-electronic-com-wp-wp-content-uploads-sanftanlasser-waermepumpe-versistart-3-l-b-9-45a-datenblatt-de-pdf-pdf-technisches-datenblatt-https-www-peter-electronic-com-wp-wp-content-uploads-","13":"pa_funktionen-failure","14":"pa_funktionen-potential-free-control-input-for","15":"pa_funktionen-potential-free-relay-output-for-operating-state","16":"pa_funktionen-soft-acceleration-and-deceleration","17":"pa_geratenennstrom-3-5-a-en-2","18":"pa_geratenennstrom-6-a-en-2","19":"pa_geratenennstrom-6-5-a-en-2","20":"pa_geratenennstrom-9-a-en-2","21":"pa_geratenennstrom-12-a-en-2","22":"pa_geratenennstrom-15-a-en-2","23":"pa_geratenennstrom-16-a-2-en","24":"pa_geratenennstrom-17-a-en","25":"pa_geratenennstrom-18-a-en-2","26":"pa_geratenennstrom-22-a-en-2","27":"pa_geratenennstrom-23-a-en-2","28":"pa_geratenennstrom-24-a-en-2","29":"pa_geratenennstrom-25-a-en-2","30":"pa_geratenennstrom-30-a-en-2","31":"pa_geratenennstrom-32-a-en-2","32":"pa_geratenennstrom-34-a-en-2","33":"pa_geratenennstrom-36-a-en-2","34":"pa_geratenennstrom-37-a-en-2","35":"pa_geratenennstrom-38-a-en-2","36":"pa_geratenennstrom-40-a-en-2","37":"pa_geratenennstrom-42-a-en-2","38":"pa_geratenennstrom-43-a-en-2","39":"pa_geratenennstrom-45-a-en-2","40":"pa_geratenennstrom-48-a-en-2","41":"pa_geratenennstrom-52-a-en-2","42":"pa_geratenennstrom-53-a-en-2","43":"pa_geratenennstrom-60-a-en-2","44":"pa_geratenennstrom-65-a-en","45":"pa_geratenennstrom-69-a-en","46":"pa_geratenennstrom-72-a-en","47":"pa_geratenennstrom-75-a-en","48":"pa_geratenennstrom-76-a-en","49":"pa_geratenennstrom-80-a-en","50":"pa_geratenennstrom-85-a-en","51":"pa_geratenennstrom-100-a-en","52":"pa_geratenennstrom-105-a-en","53":"pa_geratenennstrom-132-a-en","54":"pa_geratenennstrom-135-a-en","55":"pa_geratenennstrom-140-a-en","56":"pa_geratenennstrom-145-a-en","57":"pa_geratenennstrom-170-a-en","58":"pa_geratenennstrom-184-a-en","59":"pa_geratenennstrom-200-a-en","60":"pa_geratenennstrom-220-a-en","61":"pa_geratenennstrom-222-a-en","62":"pa_geratenennstrom-229-a-en","63":"pa_geratenennstrom-250-a-en","64":"pa_geratenennstrom-255-a-en","65":"pa_geratenennstrom-350-a-en","66":"pa_geratenennstrom-352-a-en","67":"pa_geratenennstrom-360-a-en","68":"pa_geratenennstrom-397-a-en","69":"pa_geratenennstrom-400-a-en","70":"pa_geratenennstrom-410-a-en","71":"pa_geratenennstrom-425-a-en","72":"pa_geratenennstrom-500-a-en","73":"pa_geratenennstrom-550-a-en","74":"pa_geratenennstrom-580-a-en","75":"pa_geratenennstrom-600-a-en","76":"pa_geratenennstrom-700-a-en","77":"pa_geratenennstrom-820-a-en","78":"pa_geratenennstrom-835-a-en","79":"pa_geratenennstrom-920-a-en","80":"pa_geratenennstrom-940-a-en","81":"pa_geratenennstrom-1000-a-en","82":"pa_geratenennstrom-1070-a-en","83":"pa_geratenennstrom-1230-a-en","84":"pa_geratenennstrom-1250-a-en","85":"pa_menu-filter-kategorie-softstarter-dreiphasig-en","86":"pa_merkmale-45mm-up-to-45a","87":"pa_merkmale-compact-design","88":"pa_merkmale-controlled-by-microcontroller","89":"pa_merkmale-current-and-torque-reduction-during-acceleration","90":"pa_merkmale-degree-of-protection-ip20","91":"pa_merkmale-easy-mounting","92":"pa_merkmale-economically-priced-substitute-for-star-delta-starters","93":"pa_merkmale-for-snap-mounting-on-35mm-standard-rail","94":"pa_merkmale-heat-sink-temperature-monitoring","95":"pa_merkmale-integrated-bypass-relay","96":"pa_merkmale-motor-protection","97":"pa_merkmale-no-mains-neutral-conductor-n-required","98":"pa_merkmale-optimized-soft-start-and-current-control","99":"pa_merkmale-parameterization-by-means-of-a-potentiometer","100":"pa_merkmale-spring-loaded-terminals","101":"pa_merkmale-thermal-device-protection","102":"pa_merkmale-three-phase-controlled-soft-starter","103":"pa_netzspannung-3x-200-480vac-15-10-en","104":"pa_netzspannung-200-575-v-en","105":"pa_netzspannung-200-525-v-en","106":"pa_netzspannung-200-480-v-10-en","107":"pa_netzspannung-200-440-v-en","108":"pa_netzspannung-220-240-v-10-en","109":"pa_netzspannung-380-480-v-10-en","110":"pa_netzspannung-380-415-v-10-en","111":"pa_netzspannung-400-v-10-en","112":"pa_netzspannung-400-600-v-10-en","113":"pa_power-rating-2375","114":"pa_supply-voltage-2374","116":"first","117":"instock","118":"taxable","119":"shipping-taxable","120":"purchasable","121":"product-type-variable"},"acf":[],"yoast_head":"<!-- This site is optimized with the Yoast SEO plugin v23.9 - https:\/\/yoast.com\/wordpress\/plugins\/seo\/ -->\n<title>Sanftanlasser f\u00fcr W\u00e4rmepumpe und Kompressoren, VS III L B [9 - 45A]<\/title>\n<meta name=\"description\" content=\"Dreiphasengesteuertes Sanftanlasser f\u00fcr W\u00e4rmepumpe und Kompressoren \u2713 einfacher Einbau \u2713 Motorschutzfunktion \/ VersiStart III L B [9 - 45A] \u27a4 online kaufen\" \/>\n<meta name=\"robots\" content=\"index, follow, max-snippet:-1, max-image-preview:large, max-video-preview:-1\" \/>\n<link rel=\"canonical\" href=\"https:\/\/www.peter-electronic.com\/produkt\/versistart-iii-l-b-9-45a-2\/\" \/>\n<script type=\"application\/ld+json\" class=\"yoast-schema-graph\">{\"@context\":\"https:\/\/schema.org\",\"@graph\":[{\"@type\":\"WebPage\",\"@id\":\"https:\/\/www.peter-electronic.com\/en\/produkt\/versistart-iii-l-b-9-45a-2\/\",\"url\":\"https:\/\/www.peter-electronic.com\/en\/produkt\/versistart-iii-l-b-9-45a-2\/\",\"name\":\"Sanftanlasser f\u00fcr W\u00e4rmepumpe und Kompressoren, VS III L B [9 - 45A]\",\"isPartOf\":{\"@id\":\"https:\/\/www.peter-electronic.com\/#website\"},\"primaryImageOfPage\":{\"@id\":\"https:\/\/www.peter-electronic.com\/en\/produkt\/versistart-iii-l-b-9-45a-2\/#primaryimage\"},\"image\":{\"@id\":\"https:\/\/www.peter-electronic.com\/en\/produkt\/versistart-iii-l-b-9-45a-2\/#primaryimage\"},\"thumbnailUrl\":\"https:\/\/www.peter-electronic.com\/wp-content\/uploads\/2020\/05\/products-softstarter_stern-dreieck-anlauf_vs-3-l-b-9-45a_8-1.png\",\"datePublished\":\"2017-03-23T05:52:28+00:00\",\"dateModified\":\"2025-04-30T12:24:20+00:00\",\"description\":\"Dreiphasengesteuertes Sanftanlasser f\u00fcr W\u00e4rmepumpe und Kompressoren \u2713 einfacher Einbau \u2713 Motorschutzfunktion \/ VersiStart III L B [9 - 45A] \u27a4 online kaufen\",\"breadcrumb\":{\"@id\":\"https:\/\/www.peter-electronic.com\/en\/produkt\/versistart-iii-l-b-9-45a-2\/#breadcrumb\"},\"inLanguage\":\"de\",\"potentialAction\":[{\"@type\":\"ReadAction\",\"target\":[\"https:\/\/www.peter-electronic.com\/en\/produkt\/versistart-iii-l-b-9-45a-2\/\"]}]},{\"@type\":\"ImageObject\",\"inLanguage\":\"de\",\"@id\":\"https:\/\/www.peter-electronic.com\/en\/produkt\/versistart-iii-l-b-9-45a-2\/#primaryimage\",\"url\":\"https:\/\/www.peter-electronic.com\/wp-content\/uploads\/2020\/05\/products-softstarter_stern-dreieck-anlauf_vs-3-l-b-9-45a_8-1.png\",\"contentUrl\":\"https:\/\/www.peter-electronic.com\/wp-content\/uploads\/2020\/05\/products-softstarter_stern-dreieck-anlauf_vs-3-l-b-9-45a_8-1.png\",\"width\":620,\"height\":440},{\"@type\":\"BreadcrumbList\",\"@id\":\"https:\/\/www.peter-electronic.com\/en\/produkt\/versistart-iii-l-b-9-45a-2\/#breadcrumb\",\"itemListElement\":[{\"@type\":\"ListItem\",\"position\":1,\"name\":\"Startseite\",\"item\":\"https:\/\/www.peter-electronic.com\/\"},{\"@type\":\"ListItem\",\"position\":2,\"name\":\"Shop\",\"item\":\"https:\/\/www.peter-electronic.com\/shop\/\"},{\"@type\":\"ListItem\",\"position\":3,\"name\":\"VersiStart III L B [9 &#8211; 45A]\"}]},{\"@type\":\"WebSite\",\"@id\":\"https:\/\/www.peter-electronic.com\/#website\",\"url\":\"https:\/\/www.peter-electronic.com\/\",\"name\":\"Frequenzumrichter, Softstarter und Bremsger\u00e4te direkt vom Hersteller\",\"description\":\"\",\"alternateName\":\"Frequenzumrichter, Softstarter und Bremsger\u00e4te direkt vom Hersteller\",\"potentialAction\":[{\"@type\":\"SearchAction\",\"target\":{\"@type\":\"EntryPoint\",\"urlTemplate\":\"https:\/\/www.peter-electronic.com\/?s={search_term_string}\"},\"query-input\":{\"@type\":\"PropertyValueSpecification\",\"valueRequired\":true,\"valueName\":\"search_term_string\"}}],\"inLanguage\":\"de\"}]}<\/script>\n<!-- \/ Yoast SEO plugin. -->","yoast_head_json":{"title":"Sanftanlasser f\u00fcr W\u00e4rmepumpe und Kompressoren, VS III L B [9 - 45A]","description":"Dreiphasengesteuertes Sanftanlasser f\u00fcr W\u00e4rmepumpe und Kompressoren \u2713 einfacher Einbau \u2713 Motorschutzfunktion \/ VersiStart III L B [9 - 45A] \u27a4 online kaufen","robots":{"index":"index","follow":"follow","max-snippet":"max-snippet:-1","max-image-preview":"max-image-preview:large","max-video-preview":"max-video-preview:-1"},"canonical":"https:\/\/www.peter-electronic.com\/produkt\/versistart-iii-l-b-9-45a-2\/","schema":{"@context":"https:\/\/schema.org","@graph":[{"@type":"WebPage","@id":"https:\/\/www.peter-electronic.com\/en\/produkt\/versistart-iii-l-b-9-45a-2\/","url":"https:\/\/www.peter-electronic.com\/en\/produkt\/versistart-iii-l-b-9-45a-2\/","name":"Sanftanlasser f\u00fcr W\u00e4rmepumpe und Kompressoren, VS III L B [9 - 45A]","isPartOf":{"@id":"https:\/\/www.peter-electronic.com\/#website"},"primaryImageOfPage":{"@id":"https:\/\/www.peter-electronic.com\/en\/produkt\/versistart-iii-l-b-9-45a-2\/#primaryimage"},"image":{"@id":"https:\/\/www.peter-electronic.com\/en\/produkt\/versistart-iii-l-b-9-45a-2\/#primaryimage"},"thumbnailUrl":"https:\/\/www.peter-electronic.com\/wp-content\/uploads\/2020\/05\/products-softstarter_stern-dreieck-anlauf_vs-3-l-b-9-45a_8-1.png","datePublished":"2017-03-23T05:52:28+00:00","dateModified":"2025-04-30T12:24:20+00:00","description":"Dreiphasengesteuertes Sanftanlasser f\u00fcr W\u00e4rmepumpe und Kompressoren \u2713 einfacher Einbau \u2713 Motorschutzfunktion \/ VersiStart III L B [9 - 45A] \u27a4 online kaufen","breadcrumb":{"@id":"https:\/\/www.peter-electronic.com\/en\/produkt\/versistart-iii-l-b-9-45a-2\/#breadcrumb"},"inLanguage":"de","potentialAction":[{"@type":"ReadAction","target":["https:\/\/www.peter-electronic.com\/en\/produkt\/versistart-iii-l-b-9-45a-2\/"]}]},{"@type":"ImageObject","inLanguage":"de","@id":"https:\/\/www.peter-electronic.com\/en\/produkt\/versistart-iii-l-b-9-45a-2\/#primaryimage","url":"https:\/\/www.peter-electronic.com\/wp-content\/uploads\/2020\/05\/products-softstarter_stern-dreieck-anlauf_vs-3-l-b-9-45a_8-1.png","contentUrl":"https:\/\/www.peter-electronic.com\/wp-content\/uploads\/2020\/05\/products-softstarter_stern-dreieck-anlauf_vs-3-l-b-9-45a_8-1.png","width":620,"height":440},{"@type":"BreadcrumbList","@id":"https:\/\/www.peter-electronic.com\/en\/produkt\/versistart-iii-l-b-9-45a-2\/#breadcrumb","itemListElement":[{"@type":"ListItem","position":1,"name":"Startseite","item":"https:\/\/www.peter-electronic.com\/"},{"@type":"ListItem","position":2,"name":"Shop","item":"https:\/\/www.peter-electronic.com\/shop\/"},{"@type":"ListItem","position":3,"name":"VersiStart III L B [9 &#8211; 45A]"}]},{"@type":"WebSite","@id":"https:\/\/www.peter-electronic.com\/#website","url":"https:\/\/www.peter-electronic.com\/","name":"Frequenzumrichter, Softstarter und Bremsger\u00e4te direkt vom Hersteller","description":"","alternateName":"Frequenzumrichter, Softstarter und Bremsger\u00e4te direkt vom Hersteller","potentialAction":[{"@type":"SearchAction","target":{"@type":"EntryPoint","urlTemplate":"https:\/\/www.peter-electronic.com\/?s={search_term_string}"},"query-input":{"@type":"PropertyValueSpecification","valueRequired":true,"valueName":"search_term_string"}}],"inLanguage":"de"}]}},"_links":{"self":[{"href":"https:\/\/www.peter-electronic.com\/index.php?rest_route=\/wp\/v2\/product\/13001","targetHints":{"allow":["GET"]}}],"collection":[{"href":"https:\/\/www.peter-electronic.com\/index.php?rest_route=\/wp\/v2\/product"}],"about":[{"href":"https:\/\/www.peter-electronic.com\/index.php?rest_route=\/wp\/v2\/types\/product"}],"wp:featuredmedia":[{"embeddable":true,"href":"https:\/\/www.peter-electronic.com\/index.php?rest_route=\/wp\/v2\/media\/13012"}],"wp:attachment":[{"href":"https:\/\/www.peter-electronic.com\/index.php?rest_route=%2Fwp%2Fv2%2Fmedia&parent=13001"}],"wp:term":[{"taxonomy":"product_cat","embeddable":true,"href":"https:\/\/www.peter-electronic.com\/index.php?rest_route=%2Fwp%2Fv2%2Fproduct_cat&post=13001"},{"taxonomy":"product_tag","embeddable":true,"href":"https:\/\/www.peter-electronic.com\/index.php?rest_route=%2Fwp%2Fv2%2Fproduct_tag&post=13001"}],"curies":[{"name":"wp","href":"https:\/\/api.w.org\/{rel}","templated":true}]}}