{"id":12902,"date":"2017-03-23T06:52:16","date_gmt":"2017-03-23T05:52:16","guid":{"rendered":"https:\/\/www.peter.secondlevelserver.de\/?post_type=product&#038;p=12902"},"modified":"2023-10-09T14:40:40","modified_gmt":"2023-10-09T14:40:40","slug":"versibrake-lt-6-30a-2","status":"publish","type":"product","link":"https:\/\/www.peter-electronic.com\/en\/produkt\/versibrake-lt-6-30a-2\/","title":{"rendered":"VersiBrake LT [6 &#8211; 30A]"},"content":{"rendered":"","protected":false},"excerpt":{"rendered":"<p>Die elektronische Gleichstrombremse f\u00fcr Drehstrommotoren VersiBrake LT mit einstellbarer Bremszeit wurde speziell f\u00fcr Mehrmotorenbremsungen entwickelt.<br \/>\nPlatzsparend.<br \/>\nAuch als Leiterplattenvariante erh\u00e4ltlich. Geeigneter Ersatz f\u00fcr Bremsger\u00e4te der Typen BR und BR-L.<\/p>\n","protected":false},"featured_media":12927,"template":"","meta":{"_acf_changed":false},"product_cat":[2308,2280,2326,2274],"product_tag":[],"class_list":{"0":"post-12902","1":"product","2":"type-product","3":"status-publish","4":"has-post-thumbnail","6":"product_cat-cabinet-installation-2","7":"product_cat-dc-brakes-2","8":"product_cat-dc-brakes-3","9":"product_cat-products","10":"pa_bevorzugte-einsatzgebiete-conveyors","11":"pa_bevorzugte-einsatzgebiete-grinding-machines","12":"pa_bevorzugte-einsatzgebiete-others","13":"pa_bevorzugte-einsatzgebiete-saws","14":"pa_bevorzugte-einsatzgebiete-screening-machines","15":"pa_bevorzugte-einsatzgebiete-vibrating-feeders","16":"pa_bevorzugte-einsatzgebiete-woodworking-machines","17":"pa_downloads-https-www-peter-electronic-com-wp-wp-content-uploads-gleichstrombremse-drehstrommotor-versibrake-lt-6-30a-datenblatt-de-pdf-pdf-technisches-datenblatt-https-www-peter-electronic-com-wp-wp-content-uplo","18":"pa_funktionen-overload-protection","19":"pa_funktionen-also-usable-to-energize-the-star-contactor","20":"pa_funktionen-during-braking","21":"pa_funktionen-interlocking-during-braking","22":"pa_funktionen-2s-after-braking-interrupt","23":"pa_funktionen-automatic-remanence-time-optimization","24":"pa_funktionen-braking-current-control","25":"pa_funktionen-braking-current-infinitely-adjustable-10-100","26":"pa_funktionen-braking-interrupt-is-possible","27":"pa_funktionen-braking-time-adjustable","28":"pa_funktionen-direct-online-start-via-motor-contactor","29":"pa_funktionen-potential-free-output-for-motor-contactor","30":"pa_funktionen-restart-1","31":"pa_geratenennstrom-3-5-a-en-2","32":"pa_geratenennstrom-6-a-en-2","33":"pa_geratenennstrom-6-5-a-en-2","34":"pa_geratenennstrom-9-a-en-2","35":"pa_geratenennstrom-12-a-en-2","36":"pa_geratenennstrom-15-a-en-2","37":"pa_geratenennstrom-16-a-2-en","38":"pa_geratenennstrom-17-a-en","39":"pa_geratenennstrom-18-a-en-2","40":"pa_geratenennstrom-22-a-en-2","41":"pa_geratenennstrom-23-a-en-2","42":"pa_geratenennstrom-24-a-en-2","43":"pa_geratenennstrom-25-a-en-2","44":"pa_geratenennstrom-30-a-en-2","45":"pa_geratenennstrom-32-a-en-2","46":"pa_geratenennstrom-34-a-en-2","47":"pa_geratenennstrom-36-a-en-2","48":"pa_geratenennstrom-37-a-en-2","49":"pa_geratenennstrom-38-a-en-2","50":"pa_geratenennstrom-40-a-en-2","51":"pa_geratenennstrom-42-a-en-2","52":"pa_geratenennstrom-43-a-en-2","53":"pa_geratenennstrom-45-a-en-2","54":"pa_geratenennstrom-48-a-en-2","55":"pa_geratenennstrom-52-a-en-2","56":"pa_geratenennstrom-53-a-en-2","57":"pa_geratenennstrom-60-a-en-2","58":"pa_geratenennstrom-65-a-en","59":"pa_geratenennstrom-69-a-en","60":"pa_geratenennstrom-72-a-en","61":"pa_geratenennstrom-75-a-en","62":"pa_geratenennstrom-76-a-en","63":"pa_geratenennstrom-80-a-en","64":"pa_geratenennstrom-85-a-en","65":"pa_geratenennstrom-100-a-en","66":"pa_geratenennstrom-105-a-en","67":"pa_geratenennstrom-132-a-en","68":"pa_geratenennstrom-135-a-en","69":"pa_geratenennstrom-140-a-en","70":"pa_geratenennstrom-145-a-en","71":"pa_geratenennstrom-170-a-en","72":"pa_geratenennstrom-184-a-en","73":"pa_geratenennstrom-200-a-en","74":"pa_geratenennstrom-220-a-en","75":"pa_geratenennstrom-222-a-en","76":"pa_geratenennstrom-229-a-en","77":"pa_geratenennstrom-250-a-en","78":"pa_geratenennstrom-255-a-en","79":"pa_geratenennstrom-350-a-en","80":"pa_geratenennstrom-352-a-en","81":"pa_geratenennstrom-360-a-en","82":"pa_geratenennstrom-397-a-en","83":"pa_geratenennstrom-400-a-en","84":"pa_geratenennstrom-410-a-en","85":"pa_geratenennstrom-425-a-en","86":"pa_geratenennstrom-500-a-en","87":"pa_geratenennstrom-550-a-en","88":"pa_geratenennstrom-580-a-en","89":"pa_geratenennstrom-600-a-en","90":"pa_geratenennstrom-700-a-en","91":"pa_geratenennstrom-820-a-en","92":"pa_geratenennstrom-835-a-en","93":"pa_geratenennstrom-920-a-en","94":"pa_geratenennstrom-940-a-en","95":"pa_geratenennstrom-1000-a-en","96":"pa_geratenennstrom-1070-a-en","97":"pa_geratenennstrom-1230-a-en","98":"pa_geratenennstrom-1250-a-en","99":"pa_menu-filter-kategorie-schaltschrankinstallation-7","100":"pa_merkmale-also-for-retrofitting-into-existing-plants","101":"pa_merkmale-controlled-by-microcontroller","102":"pa_merkmale-dc-braking-with-one-way-rectification","103":"pa_merkmale-degree-of-protection-ip-20","104":"pa_merkmale-easy-mounting","105":"pa_merkmale-for-snap-on-mounting-onto-35mm-din-rail","106":"pa_merkmale-integrated-braking-contactor","107":"pa_merkmale-successor-for-braking-devices-type-br-und-br-l","108":"pa_merkmale-suitable-for-all-asynchronous-motors-and-for-mono-phase-motors","109":"pa_merkmale-wear-resistant-and-maintenance-free","110":"pa_netzspannung-3x-200-480vac-15-10-en","111":"pa_netzspannung-200-575-v-en","112":"pa_netzspannung-200-525-v-en","113":"pa_netzspannung-200-480-v-10-en","114":"pa_netzspannung-200-440-v-en","115":"pa_netzspannung-220-240-v-10-en","116":"pa_netzspannung-380-480-v-10-en","117":"pa_netzspannung-380-415-v-10-en","118":"pa_netzspannung-400-v-10-en","119":"pa_netzspannung-400-600-v-10-en","120":"pa_power-rating-2375","121":"pa_supply-voltage-2374","123":"first","124":"instock","125":"taxable","126":"shipping-taxable","127":"purchasable","128":"product-type-variable"},"acf":[],"yoast_head":"<!-- This site is optimized with the Yoast SEO plugin v23.9 - https:\/\/yoast.com\/wordpress\/plugins\/seo\/ -->\n<title>Wartungsfreie Gleichstrombremse f\u00fcr Drehstrommotor, VB LT [6 - 30A]<\/title>\n<meta name=\"description\" content=\"Gleichstrombremse f\u00fcr Drehstrommotor \u2713 einfacher Einbau in bestehende Anlagen \u2713 integriertes Bremsschu\u0308tz \u2713 U\u0308berlastschutz \/ VersiBrake LT [6 - 30A] \u27a4 direkt vom Hersteller\" \/>\n<meta name=\"robots\" content=\"index, follow, max-snippet:-1, max-image-preview:large, max-video-preview:-1\" \/>\n<link rel=\"canonical\" href=\"https:\/\/www.peter-electronic.com\/produkt\/versibrake-lt-6-30a-2\/\" \/>\n<script type=\"application\/ld+json\" class=\"yoast-schema-graph\">{\"@context\":\"https:\/\/schema.org\",\"@graph\":[{\"@type\":\"WebPage\",\"@id\":\"https:\/\/www.peter-electronic.com\/en\/produkt\/versibrake-lt-6-30a-2\/\",\"url\":\"https:\/\/www.peter-electronic.com\/en\/produkt\/versibrake-lt-6-30a-2\/\",\"name\":\"Wartungsfreie Gleichstrombremse f\u00fcr Drehstrommotor, VB LT [6 - 30A]\",\"isPartOf\":{\"@id\":\"https:\/\/www.peter-electronic.com\/#website\"},\"primaryImageOfPage\":{\"@id\":\"https:\/\/www.peter-electronic.com\/en\/produkt\/versibrake-lt-6-30a-2\/#primaryimage\"},\"image\":{\"@id\":\"https:\/\/www.peter-electronic.com\/en\/produkt\/versibrake-lt-6-30a-2\/#primaryimage\"},\"thumbnailUrl\":\"https:\/\/www.peter-electronic.com\/wp-content\/uploads\/2020\/05\/products-bremsgeraete_gleichstrombremse-drehstrommotor_vb-lt-6-30a_1-1.png\",\"datePublished\":\"2017-03-23T05:52:16+00:00\",\"dateModified\":\"2023-10-09T14:40:40+00:00\",\"description\":\"Gleichstrombremse f\u00fcr Drehstrommotor \u2713 einfacher Einbau in bestehende Anlagen \u2713 integriertes Bremsschu\u0308tz \u2713 U\u0308berlastschutz \/ VersiBrake LT [6 - 30A] \u27a4 direkt vom Hersteller\",\"breadcrumb\":{\"@id\":\"https:\/\/www.peter-electronic.com\/en\/produkt\/versibrake-lt-6-30a-2\/#breadcrumb\"},\"inLanguage\":\"de\",\"potentialAction\":[{\"@type\":\"ReadAction\",\"target\":[\"https:\/\/www.peter-electronic.com\/en\/produkt\/versibrake-lt-6-30a-2\/\"]}]},{\"@type\":\"ImageObject\",\"inLanguage\":\"de\",\"@id\":\"https:\/\/www.peter-electronic.com\/en\/produkt\/versibrake-lt-6-30a-2\/#primaryimage\",\"url\":\"https:\/\/www.peter-electronic.com\/wp-content\/uploads\/2020\/05\/products-bremsgeraete_gleichstrombremse-drehstrommotor_vb-lt-6-30a_1-1.png\",\"contentUrl\":\"https:\/\/www.peter-electronic.com\/wp-content\/uploads\/2020\/05\/products-bremsgeraete_gleichstrombremse-drehstrommotor_vb-lt-6-30a_1-1.png\",\"width\":620,\"height\":440},{\"@type\":\"BreadcrumbList\",\"@id\":\"https:\/\/www.peter-electronic.com\/en\/produkt\/versibrake-lt-6-30a-2\/#breadcrumb\",\"itemListElement\":[{\"@type\":\"ListItem\",\"position\":1,\"name\":\"Startseite\",\"item\":\"https:\/\/www.peter-electronic.com\/\"},{\"@type\":\"ListItem\",\"position\":2,\"name\":\"Shop\",\"item\":\"https:\/\/www.peter-electronic.com\/shop\/\"},{\"@type\":\"ListItem\",\"position\":3,\"name\":\"VersiBrake LT [6 &#8211; 30A]\"}]},{\"@type\":\"WebSite\",\"@id\":\"https:\/\/www.peter-electronic.com\/#website\",\"url\":\"https:\/\/www.peter-electronic.com\/\",\"name\":\"Frequenzumrichter, Softstarter und Bremsger\u00e4te direkt vom Hersteller\",\"description\":\"\",\"alternateName\":\"Frequenzumrichter, Softstarter und Bremsger\u00e4te direkt vom Hersteller\",\"potentialAction\":[{\"@type\":\"SearchAction\",\"target\":{\"@type\":\"EntryPoint\",\"urlTemplate\":\"https:\/\/www.peter-electronic.com\/?s={search_term_string}\"},\"query-input\":{\"@type\":\"PropertyValueSpecification\",\"valueRequired\":true,\"valueName\":\"search_term_string\"}}],\"inLanguage\":\"de\"}]}<\/script>\n<!-- \/ Yoast SEO plugin. -->","yoast_head_json":{"title":"Wartungsfreie Gleichstrombremse f\u00fcr Drehstrommotor, VB LT [6 - 30A]","description":"Gleichstrombremse f\u00fcr Drehstrommotor \u2713 einfacher Einbau in bestehende Anlagen \u2713 integriertes Bremsschu\u0308tz \u2713 U\u0308berlastschutz \/ VersiBrake LT [6 - 30A] \u27a4 direkt vom Hersteller","robots":{"index":"index","follow":"follow","max-snippet":"max-snippet:-1","max-image-preview":"max-image-preview:large","max-video-preview":"max-video-preview:-1"},"canonical":"https:\/\/www.peter-electronic.com\/produkt\/versibrake-lt-6-30a-2\/","schema":{"@context":"https:\/\/schema.org","@graph":[{"@type":"WebPage","@id":"https:\/\/www.peter-electronic.com\/en\/produkt\/versibrake-lt-6-30a-2\/","url":"https:\/\/www.peter-electronic.com\/en\/produkt\/versibrake-lt-6-30a-2\/","name":"Wartungsfreie Gleichstrombremse f\u00fcr Drehstrommotor, VB LT [6 - 30A]","isPartOf":{"@id":"https:\/\/www.peter-electronic.com\/#website"},"primaryImageOfPage":{"@id":"https:\/\/www.peter-electronic.com\/en\/produkt\/versibrake-lt-6-30a-2\/#primaryimage"},"image":{"@id":"https:\/\/www.peter-electronic.com\/en\/produkt\/versibrake-lt-6-30a-2\/#primaryimage"},"thumbnailUrl":"https:\/\/www.peter-electronic.com\/wp-content\/uploads\/2020\/05\/products-bremsgeraete_gleichstrombremse-drehstrommotor_vb-lt-6-30a_1-1.png","datePublished":"2017-03-23T05:52:16+00:00","dateModified":"2023-10-09T14:40:40+00:00","description":"Gleichstrombremse f\u00fcr Drehstrommotor \u2713 einfacher Einbau in bestehende Anlagen \u2713 integriertes Bremsschu\u0308tz \u2713 U\u0308berlastschutz \/ VersiBrake LT [6 - 30A] \u27a4 direkt vom Hersteller","breadcrumb":{"@id":"https:\/\/www.peter-electronic.com\/en\/produkt\/versibrake-lt-6-30a-2\/#breadcrumb"},"inLanguage":"de","potentialAction":[{"@type":"ReadAction","target":["https:\/\/www.peter-electronic.com\/en\/produkt\/versibrake-lt-6-30a-2\/"]}]},{"@type":"ImageObject","inLanguage":"de","@id":"https:\/\/www.peter-electronic.com\/en\/produkt\/versibrake-lt-6-30a-2\/#primaryimage","url":"https:\/\/www.peter-electronic.com\/wp-content\/uploads\/2020\/05\/products-bremsgeraete_gleichstrombremse-drehstrommotor_vb-lt-6-30a_1-1.png","contentUrl":"https:\/\/www.peter-electronic.com\/wp-content\/uploads\/2020\/05\/products-bremsgeraete_gleichstrombremse-drehstrommotor_vb-lt-6-30a_1-1.png","width":620,"height":440},{"@type":"BreadcrumbList","@id":"https:\/\/www.peter-electronic.com\/en\/produkt\/versibrake-lt-6-30a-2\/#breadcrumb","itemListElement":[{"@type":"ListItem","position":1,"name":"Startseite","item":"https:\/\/www.peter-electronic.com\/"},{"@type":"ListItem","position":2,"name":"Shop","item":"https:\/\/www.peter-electronic.com\/shop\/"},{"@type":"ListItem","position":3,"name":"VersiBrake LT [6 &#8211; 30A]"}]},{"@type":"WebSite","@id":"https:\/\/www.peter-electronic.com\/#website","url":"https:\/\/www.peter-electronic.com\/","name":"Frequenzumrichter, Softstarter und Bremsger\u00e4te direkt vom Hersteller","description":"","alternateName":"Frequenzumrichter, Softstarter und Bremsger\u00e4te direkt vom Hersteller","potentialAction":[{"@type":"SearchAction","target":{"@type":"EntryPoint","urlTemplate":"https:\/\/www.peter-electronic.com\/?s={search_term_string}"},"query-input":{"@type":"PropertyValueSpecification","valueRequired":true,"valueName":"search_term_string"}}],"inLanguage":"de"}]}},"_links":{"self":[{"href":"https:\/\/www.peter-electronic.com\/index.php?rest_route=\/wp\/v2\/product\/12902","targetHints":{"allow":["GET"]}}],"collection":[{"href":"https:\/\/www.peter-electronic.com\/index.php?rest_route=\/wp\/v2\/product"}],"about":[{"href":"https:\/\/www.peter-electronic.com\/index.php?rest_route=\/wp\/v2\/types\/product"}],"wp:featuredmedia":[{"embeddable":true,"href":"https:\/\/www.peter-electronic.com\/index.php?rest_route=\/wp\/v2\/media\/12927"}],"wp:attachment":[{"href":"https:\/\/www.peter-electronic.com\/index.php?rest_route=%2Fwp%2Fv2%2Fmedia&parent=12902"}],"wp:term":[{"taxonomy":"product_cat","embeddable":true,"href":"https:\/\/www.peter-electronic.com\/index.php?rest_route=%2Fwp%2Fv2%2Fproduct_cat&post=12902"},{"taxonomy":"product_tag","embeddable":true,"href":"https:\/\/www.peter-electronic.com\/index.php?rest_route=%2Fwp%2Fv2%2Fproduct_tag&post=12902"}],"curies":[{"name":"wp","href":"https:\/\/api.w.org\/{rel}","templated":true}]}}