{"id":12873,"date":"2017-03-23T06:52:16","date_gmt":"2017-03-23T06:52:16","guid":{"rendered":"https:\/\/www.peter.secondlevelserver.de\/?post_type=product&#038;p=12873"},"modified":"2025-12-19T13:39:37","modified_gmt":"2025-12-19T12:39:37","slug":"versibrake-lt-6-30a","status":"publish","type":"product","link":"https:\/\/www.peter-electronic.com\/produkt\/versibrake-lt-6-30a\/","title":{"rendered":"VersiBrake LT [6 &#8211; 30A]"},"content":{"rendered":"","protected":false},"excerpt":{"rendered":"<p>Die elektronische Gleichstrombremse f\u00fcr Drehstrommotoren VersiBrake LT mit einstellbarer Bremszeit wurde speziell f\u00fcr Mehrmotorenbremsungen entwickelt.<br \/>\nPlatzsparend.<br \/>\nAuch als Leiterplattenvariante erh\u00e4ltlich. Geeigneter Ersatz f\u00fcr Bremsger\u00e4te der Typen BR und BR-L.<\/p>\n","protected":false},"featured_media":12898,"template":"","meta":{"_acf_changed":false},"product_cat":[2279,2325,2273,2307],"product_tag":[],"class_list":{"0":"post-12873","1":"product","2":"type-product","3":"status-publish","4":"has-post-thumbnail","6":"product_cat-bremsgeraete","7":"product_cat-bremsgerate-2","8":"product_cat-produkte","9":"product_cat-schaltschrankinstallation-2","10":"pa_application-area-2357","11":"pa_bevorzugte-einsatzgebiete-sagen-forderanlagen-holzbearbeitungsmaschinen-schleifmaschinen-siebmaschinen-schwingrinnen-sonstige","12":"pa_downloads-https-www-peter-electronic-com-wp-wp-content-uploads-gleichstrombremse-drehstrommotor-versibrake-lt-6-30a-datenblatt-de-pdf-pdf-technisches-datenblatt-https-www-peter-electronic-com-wp-wp-content-uplo","13":"pa_funktionen-funktion-bremsgerat-ansteuerung-uber-motorschutz-berlastschutz-bremsstromregelung-automatische-remanenzzeitoptimierung-bremsstrom-stufenlos-einstellbar-10-100-bremsabbruch-moglich-wiederanlauf-1-2s-na","14":"pa_geratenennstrom-3-5-a","15":"pa_geratenennstrom-6-a","16":"pa_geratenennstrom-6-5-a","17":"pa_geratenennstrom-9-a","18":"pa_geratenennstrom-12-a","19":"pa_geratenennstrom-15-a","20":"pa_geratenennstrom-16-a-2","21":"pa_geratenennstrom-17-a","22":"pa_geratenennstrom-18-a","23":"pa_geratenennstrom-22-a","24":"pa_geratenennstrom-23-a","25":"pa_geratenennstrom-24-a","26":"pa_geratenennstrom-25-a","27":"pa_geratenennstrom-30-a","28":"pa_geratenennstrom-32-a","29":"pa_geratenennstrom-34-a","30":"pa_geratenennstrom-36-a","31":"pa_geratenennstrom-37-a","32":"pa_geratenennstrom-38-a","33":"pa_geratenennstrom-40-a","34":"pa_geratenennstrom-42-a","35":"pa_geratenennstrom-43-a","36":"pa_geratenennstrom-45-a","37":"pa_geratenennstrom-48-a","38":"pa_geratenennstrom-52-a","39":"pa_geratenennstrom-53-a","40":"pa_geratenennstrom-60-a","41":"pa_geratenennstrom-65-a","42":"pa_geratenennstrom-69-a","43":"pa_geratenennstrom-72-a","44":"pa_geratenennstrom-75-a","45":"pa_geratenennstrom-76-a","46":"pa_geratenennstrom-80-a","47":"pa_geratenennstrom-85-a","48":"pa_geratenennstrom-100-a","49":"pa_geratenennstrom-105-a","50":"pa_geratenennstrom-132-a","51":"pa_geratenennstrom-135-a","52":"pa_geratenennstrom-140-a","53":"pa_geratenennstrom-145-a","54":"pa_geratenennstrom-170-a","55":"pa_geratenennstrom-184-a","56":"pa_geratenennstrom-200-a","57":"pa_geratenennstrom-220-a","58":"pa_geratenennstrom-222-a","59":"pa_geratenennstrom-229-a","60":"pa_geratenennstrom-250-a","61":"pa_geratenennstrom-255-a","62":"pa_geratenennstrom-350-a","63":"pa_geratenennstrom-352-a","64":"pa_geratenennstrom-360-a","65":"pa_geratenennstrom-397-a","66":"pa_geratenennstrom-400-a","67":"pa_geratenennstrom-410-a","68":"pa_geratenennstrom-425-a","69":"pa_geratenennstrom-500-a","70":"pa_geratenennstrom-550-a","71":"pa_geratenennstrom-580-a","72":"pa_geratenennstrom-600-a","73":"pa_geratenennstrom-700-a","74":"pa_geratenennstrom-820-a","75":"pa_geratenennstrom-835-a","76":"pa_geratenennstrom-920-a","77":"pa_geratenennstrom-940-a","78":"pa_geratenennstrom-1000-a","79":"pa_geratenennstrom-1070-a","80":"pa_geratenennstrom-1230-a","81":"pa_geratenennstrom-1250-a","82":"pa_menu-filter-kategorie-schaltschrankinstallation-6","83":"pa_merkmale-merkmale-bremsgerat-gleichstrombremsung-mit-einweggleichrichtung-fur-alle-asynchronmotoren-und-fur-einphasenwechselstrommotoren-geeignet-microcontroller-gesteuert-einfacher-einbau-auch-in-bestehende-a","84":"pa_netzspannung-3x-200-480vac-15-10","85":"pa_netzspannung-200-575-v","86":"pa_netzspannung-200-525-v","87":"pa_netzspannung-200-480-v-10","88":"pa_netzspannung-200-440-v","89":"pa_netzspannung-220-240-v-10","90":"pa_netzspannung-380-480-v-10","91":"pa_netzspannung-380-415-v-10","92":"pa_netzspannung-400-v-10","93":"pa_netzspannung-400-600-v-10","94":"pa_power-rating-2359","95":"pa_prafix-name-gleichstrombremse-fur-drehstrommotor","96":"pa_supply-voltage-2358","98":"first","99":"instock","100":"taxable","101":"shipping-taxable","102":"purchasable","103":"product-type-variable"},"acf":[],"yoast_head":"<!-- This site is optimized with the Yoast SEO plugin v23.9 - https:\/\/yoast.com\/wordpress\/plugins\/seo\/ -->\n<title>Wartungsfreie Gleichstrombremse f\u00fcr Drehstrommotor, VB LT [6 - 30A]<\/title>\n<meta name=\"description\" content=\"Gleichstrombremse f\u00fcr Drehstrommotor \u2713 einfacher Einbau in bestehende Anlagen \u2713 integriertes Bremsschu\u0308tz \u2713 U\u0308berlastschutz \/ VersiBrake LT [6 - 30A] \u27a4 direkt vom Hersteller\" \/>\n<meta name=\"robots\" content=\"index, follow, max-snippet:-1, max-image-preview:large, max-video-preview:-1\" \/>\n<link rel=\"canonical\" href=\"https:\/\/www.peter-electronic.com\/produkt\/versibrake-lt-6-30a\/\" \/>\n<script type=\"application\/ld+json\" class=\"yoast-schema-graph\">{\"@context\":\"https:\/\/schema.org\",\"@graph\":[{\"@type\":\"WebPage\",\"@id\":\"https:\/\/www.peter-electronic.com\/produkt\/versibrake-lt-6-30a\/\",\"url\":\"https:\/\/www.peter-electronic.com\/produkt\/versibrake-lt-6-30a\/\",\"name\":\"Wartungsfreie Gleichstrombremse f\u00fcr Drehstrommotor, VB LT [6 - 30A]\",\"isPartOf\":{\"@id\":\"https:\/\/www.peter-electronic.com\/#website\"},\"primaryImageOfPage\":{\"@id\":\"https:\/\/www.peter-electronic.com\/produkt\/versibrake-lt-6-30a\/#primaryimage\"},\"image\":{\"@id\":\"https:\/\/www.peter-electronic.com\/produkt\/versibrake-lt-6-30a\/#primaryimage\"},\"thumbnailUrl\":\"https:\/\/www.peter-electronic.com\/wp-content\/uploads\/2020\/05\/products-bremsgeraete_gleichstrombremse-drehstrommotor_vb-lt-6-30a_1.png\",\"datePublished\":\"2017-03-23T06:52:16+00:00\",\"dateModified\":\"2025-12-19T12:39:37+00:00\",\"description\":\"Gleichstrombremse f\u00fcr Drehstrommotor \u2713 einfacher Einbau in bestehende Anlagen \u2713 integriertes Bremsschu\u0308tz \u2713 U\u0308berlastschutz \/ VersiBrake LT [6 - 30A] \u27a4 direkt vom Hersteller\",\"breadcrumb\":{\"@id\":\"https:\/\/www.peter-electronic.com\/produkt\/versibrake-lt-6-30a\/#breadcrumb\"},\"inLanguage\":\"de\",\"potentialAction\":[{\"@type\":\"ReadAction\",\"target\":[\"https:\/\/www.peter-electronic.com\/produkt\/versibrake-lt-6-30a\/\"]}]},{\"@type\":\"ImageObject\",\"inLanguage\":\"de\",\"@id\":\"https:\/\/www.peter-electronic.com\/produkt\/versibrake-lt-6-30a\/#primaryimage\",\"url\":\"https:\/\/www.peter-electronic.com\/wp-content\/uploads\/2020\/05\/products-bremsgeraete_gleichstrombremse-drehstrommotor_vb-lt-6-30a_1.png\",\"contentUrl\":\"https:\/\/www.peter-electronic.com\/wp-content\/uploads\/2020\/05\/products-bremsgeraete_gleichstrombremse-drehstrommotor_vb-lt-6-30a_1.png\",\"width\":620,\"height\":440},{\"@type\":\"BreadcrumbList\",\"@id\":\"https:\/\/www.peter-electronic.com\/produkt\/versibrake-lt-6-30a\/#breadcrumb\",\"itemListElement\":[{\"@type\":\"ListItem\",\"position\":1,\"name\":\"Startseite\",\"item\":\"https:\/\/www.peter-electronic.com\/\"},{\"@type\":\"ListItem\",\"position\":2,\"name\":\"Shop\",\"item\":\"https:\/\/www.peter-electronic.com\/shop\/\"},{\"@type\":\"ListItem\",\"position\":3,\"name\":\"VersiBrake LT [6 &#8211; 30A]\"}]},{\"@type\":\"WebSite\",\"@id\":\"https:\/\/www.peter-electronic.com\/#website\",\"url\":\"https:\/\/www.peter-electronic.com\/\",\"name\":\"Frequenzumrichter, Softstarter und Bremsger\u00e4te direkt vom Hersteller\",\"description\":\"\",\"alternateName\":\"Frequenzumrichter, Softstarter und Bremsger\u00e4te direkt vom Hersteller\",\"potentialAction\":[{\"@type\":\"SearchAction\",\"target\":{\"@type\":\"EntryPoint\",\"urlTemplate\":\"https:\/\/www.peter-electronic.com\/?s={search_term_string}\"},\"query-input\":{\"@type\":\"PropertyValueSpecification\",\"valueRequired\":true,\"valueName\":\"search_term_string\"}}],\"inLanguage\":\"de\"}]}<\/script>\n<!-- \/ Yoast SEO plugin. -->","yoast_head_json":{"title":"Wartungsfreie Gleichstrombremse f\u00fcr Drehstrommotor, VB LT [6 - 30A]","description":"Gleichstrombremse f\u00fcr Drehstrommotor \u2713 einfacher Einbau in bestehende Anlagen \u2713 integriertes Bremsschu\u0308tz \u2713 U\u0308berlastschutz \/ VersiBrake LT [6 - 30A] \u27a4 direkt vom Hersteller","robots":{"index":"index","follow":"follow","max-snippet":"max-snippet:-1","max-image-preview":"max-image-preview:large","max-video-preview":"max-video-preview:-1"},"canonical":"https:\/\/www.peter-electronic.com\/produkt\/versibrake-lt-6-30a\/","schema":{"@context":"https:\/\/schema.org","@graph":[{"@type":"WebPage","@id":"https:\/\/www.peter-electronic.com\/produkt\/versibrake-lt-6-30a\/","url":"https:\/\/www.peter-electronic.com\/produkt\/versibrake-lt-6-30a\/","name":"Wartungsfreie Gleichstrombremse f\u00fcr Drehstrommotor, VB LT [6 - 30A]","isPartOf":{"@id":"https:\/\/www.peter-electronic.com\/#website"},"primaryImageOfPage":{"@id":"https:\/\/www.peter-electronic.com\/produkt\/versibrake-lt-6-30a\/#primaryimage"},"image":{"@id":"https:\/\/www.peter-electronic.com\/produkt\/versibrake-lt-6-30a\/#primaryimage"},"thumbnailUrl":"https:\/\/www.peter-electronic.com\/wp-content\/uploads\/2020\/05\/products-bremsgeraete_gleichstrombremse-drehstrommotor_vb-lt-6-30a_1.png","datePublished":"2017-03-23T06:52:16+00:00","dateModified":"2025-12-19T12:39:37+00:00","description":"Gleichstrombremse f\u00fcr Drehstrommotor \u2713 einfacher Einbau in bestehende Anlagen \u2713 integriertes Bremsschu\u0308tz \u2713 U\u0308berlastschutz \/ VersiBrake LT [6 - 30A] \u27a4 direkt vom Hersteller","breadcrumb":{"@id":"https:\/\/www.peter-electronic.com\/produkt\/versibrake-lt-6-30a\/#breadcrumb"},"inLanguage":"de","potentialAction":[{"@type":"ReadAction","target":["https:\/\/www.peter-electronic.com\/produkt\/versibrake-lt-6-30a\/"]}]},{"@type":"ImageObject","inLanguage":"de","@id":"https:\/\/www.peter-electronic.com\/produkt\/versibrake-lt-6-30a\/#primaryimage","url":"https:\/\/www.peter-electronic.com\/wp-content\/uploads\/2020\/05\/products-bremsgeraete_gleichstrombremse-drehstrommotor_vb-lt-6-30a_1.png","contentUrl":"https:\/\/www.peter-electronic.com\/wp-content\/uploads\/2020\/05\/products-bremsgeraete_gleichstrombremse-drehstrommotor_vb-lt-6-30a_1.png","width":620,"height":440},{"@type":"BreadcrumbList","@id":"https:\/\/www.peter-electronic.com\/produkt\/versibrake-lt-6-30a\/#breadcrumb","itemListElement":[{"@type":"ListItem","position":1,"name":"Startseite","item":"https:\/\/www.peter-electronic.com\/"},{"@type":"ListItem","position":2,"name":"Shop","item":"https:\/\/www.peter-electronic.com\/shop\/"},{"@type":"ListItem","position":3,"name":"VersiBrake LT [6 &#8211; 30A]"}]},{"@type":"WebSite","@id":"https:\/\/www.peter-electronic.com\/#website","url":"https:\/\/www.peter-electronic.com\/","name":"Frequenzumrichter, Softstarter und Bremsger\u00e4te direkt vom Hersteller","description":"","alternateName":"Frequenzumrichter, Softstarter und Bremsger\u00e4te direkt vom Hersteller","potentialAction":[{"@type":"SearchAction","target":{"@type":"EntryPoint","urlTemplate":"https:\/\/www.peter-electronic.com\/?s={search_term_string}"},"query-input":{"@type":"PropertyValueSpecification","valueRequired":true,"valueName":"search_term_string"}}],"inLanguage":"de"}]}},"_links":{"self":[{"href":"https:\/\/www.peter-electronic.com\/index.php?rest_route=\/wp\/v2\/product\/12873","targetHints":{"allow":["GET"]}}],"collection":[{"href":"https:\/\/www.peter-electronic.com\/index.php?rest_route=\/wp\/v2\/product"}],"about":[{"href":"https:\/\/www.peter-electronic.com\/index.php?rest_route=\/wp\/v2\/types\/product"}],"wp:featuredmedia":[{"embeddable":true,"href":"https:\/\/www.peter-electronic.com\/index.php?rest_route=\/wp\/v2\/media\/12898"}],"wp:attachment":[{"href":"https:\/\/www.peter-electronic.com\/index.php?rest_route=%2Fwp%2Fv2%2Fmedia&parent=12873"}],"wp:term":[{"taxonomy":"product_cat","embeddable":true,"href":"https:\/\/www.peter-electronic.com\/index.php?rest_route=%2Fwp%2Fv2%2Fproduct_cat&post=12873"},{"taxonomy":"product_tag","embeddable":true,"href":"https:\/\/www.peter-electronic.com\/index.php?rest_route=%2Fwp%2Fv2%2Fproduct_tag&post=12873"}],"curies":[{"name":"wp","href":"https:\/\/api.w.org\/{rel}","templated":true}]}}