{"id":12838,"date":"2017-03-22T03:21:25","date_gmt":"2017-03-22T02:21:25","guid":{"rendered":"https:\/\/www.peter.secondlevelserver.de\/?post_type=product&#038;p=12838"},"modified":"2019-02-27T14:46:03","modified_gmt":"2019-02-27T14:46:03","slug":"versisafe-2","status":"publish","type":"product","link":"https:\/\/www.peter-electronic.com\/en\/produkt\/versisafe-2\/","title":{"rendered":"VersiSafe"},"content":{"rendered":"","protected":false},"excerpt":{"rendered":"<p>Sichere Stillstandserkennung durch den Stillstandsw\u00e4chter VersiSafe bei 3- und 1-phasigen Elektromotoren, z.B. zur Freigabe von Schutzt\u00fcrentriegelungen an Werkzeug-<br \/>\nmaschinen oder zur Aktivierung von Haltebremsen.<\/p>\n","protected":false},"featured_media":12852,"template":"","meta":{"_acf_changed":false},"product_cat":[2316,2274,2292],"product_tag":[],"class_list":{"0":"post-12838","1":"product","2":"type-product","3":"status-publish","4":"has-post-thumbnail","6":"product_cat-cabinet-installation-safety-modules-monitors","7":"product_cat-products","8":"product_cat-safety-modules-monitors","9":"pa_bevorzugte-einsatzgebiete-reliable-detection-of-the-stationary-condition-for","10":"pa_bevorzugte-einsatzgebiete-prevention-of-machine-damage-unexpected-start-up","11":"pa_bevorzugte-einsatzgebiete-safety-circuits-according-per-iec-en-60204-in-systems-with-hazardous-machine-parts-e-g-for-releasing-protective-devices","12":"pa_downloads-https-www-peter-electronic-com-wp-wp-content-uploads-stillstandswaechter-versisafe-datenblatt-de-pdf-pdf-technisches-datenblatt-https-www-peter-electronic-com-wp-wp-content-uploads-stillstandswaechter","13":"pa_funktionen-adaptable-to-various-motor-types-and-applications","14":"pa_funktionen-detection-of-standstill-via-monitoring-of-remanence-voltage","15":"pa_funktionen-redundant-measurement-via-two-independent-channels","16":"pa_funktionen-safe-standstill-detection-on-three-and-single-phase-motors","17":"pa_menu-filter-kategorie-schaltschrankinstallation-7","18":"pa_merkmale-1-nc-contact-for-ac-250v","19":"pa_merkmale-adjustable-standstill-time-delay","20":"pa_merkmale-adjustable-voltage-setting","21":"pa_merkmale-broken-wire-detection","22":"pa_merkmale-event-of-line-breakage-and-operation-voltage","23":"pa_merkmale-independent-of-direction","24":"pa_merkmale-led-indicators-for-standstill","25":"pa_merkmale-no-external-initiators-necessary","26":"pa_merkmale-nominal-motor-voltage-up-to-690v","27":"pa_merkmale-performance-level-e-according-to-din-en-iso-13849-1","28":"pa_merkmale-positive-guided-safety-contacts-3-no-contacts","29":"pa_merkmale-safety-category-4-according-to-din-en-954-1","30":"pa_merkmale-sil-3-according-to-din-en-61508-and-din-en-61511","31":"pa_merkmale-sil-cl-3-according-to-en-62061","32":"pa_merkmale-suitable-for-operating-with-inverters","33":"pa_merkmale-width-45-mm","34":"pa_optionen-safety-rated-data","35":"pa_optionen-dop-365-days-year","36":"pa_optionen-dcavg-99","37":"pa_optionen-hop-24-hours-day","38":"pa_optionen-hft-1-hardware-failure-tolerance","39":"pa_optionen-mttfd-93a","40":"pa_optionen-performance-level-e","41":"pa_optionen-pfhd-4","42":"pa_optionen-safety-category-4","43":"pa_optionen-sff-99","44":"pa_optionen-sil-3-iec-en-61508","45":"pa_optionen-sil-cl-3-iec-en-62061","46":"pa_optionen-tzyklus-28","47":"pa_optionen-10e-10-h-1","48":"pa_optionen-3s-zyklus-1-8-hours","49":"pa_optionen-4030","50":"pa_optionen-4023","51":"pa_optionen-values-according-to-en-iso-13849-1","52":"pa_optionen-values-according-to-iec-en-62061-iec-en-61508","53":"pa_power-rating-2375","54":"pa_supply-voltage-2374","56":"first","57":"instock","58":"taxable","59":"shipping-taxable","60":"purchasable","61":"product-type-variable"},"acf":[],"yoast_head":"<!-- This site is optimized with the Yoast SEO plugin v23.9 - https:\/\/yoast.com\/wordpress\/plugins\/seo\/ -->\n<title>Stillstandsw\u00e4chter f\u00fcr 3- &amp; 1-phasige Elektromotoren VersiSafe<\/title>\n<meta name=\"description\" content=\"Stillstandsw\u00e4chter \u2713 Vermeidung von Maschinenscha\u0308den \u2713 U\u0308berwachung fu\u0308r Sicherheitsstromkreise \/ Stillstandsw\u00e4chter bis 690V \u27a4 direkt beim Hersteller online bestellen\" \/>\n<meta name=\"robots\" content=\"index, follow, max-snippet:-1, max-image-preview:large, max-video-preview:-1\" \/>\n<link rel=\"canonical\" href=\"https:\/\/www.peter-electronic.com\/produkt\/versisafe-2\/\" \/>\n<script type=\"application\/ld+json\" class=\"yoast-schema-graph\">{\"@context\":\"https:\/\/schema.org\",\"@graph\":[{\"@type\":\"WebPage\",\"@id\":\"https:\/\/www.peter-electronic.com\/en\/produkt\/versisafe-2\/\",\"url\":\"https:\/\/www.peter-electronic.com\/en\/produkt\/versisafe-2\/\",\"name\":\"Stillstandsw\u00e4chter f\u00fcr 3- & 1-phasige Elektromotoren VersiSafe\",\"isPartOf\":{\"@id\":\"https:\/\/www.peter-electronic.com\/#website\"},\"primaryImageOfPage\":{\"@id\":\"https:\/\/www.peter-electronic.com\/en\/produkt\/versisafe-2\/#primaryimage\"},\"image\":{\"@id\":\"https:\/\/www.peter-electronic.com\/en\/produkt\/versisafe-2\/#primaryimage\"},\"thumbnailUrl\":\"https:\/\/www.peter-electronic.com\/wp-content\/uploads\/2020\/05\/products-sicherheitstechnik_stillstandswaechter_versisafe_1-1.png\",\"datePublished\":\"2017-03-22T02:21:25+00:00\",\"dateModified\":\"2019-02-27T14:46:03+00:00\",\"description\":\"Stillstandsw\u00e4chter \u2713 Vermeidung von Maschinenscha\u0308den \u2713 U\u0308berwachung fu\u0308r Sicherheitsstromkreise \/ Stillstandsw\u00e4chter bis 690V \u27a4 direkt beim Hersteller online bestellen\",\"breadcrumb\":{\"@id\":\"https:\/\/www.peter-electronic.com\/en\/produkt\/versisafe-2\/#breadcrumb\"},\"inLanguage\":\"de\",\"potentialAction\":[{\"@type\":\"ReadAction\",\"target\":[\"https:\/\/www.peter-electronic.com\/en\/produkt\/versisafe-2\/\"]}]},{\"@type\":\"ImageObject\",\"inLanguage\":\"de\",\"@id\":\"https:\/\/www.peter-electronic.com\/en\/produkt\/versisafe-2\/#primaryimage\",\"url\":\"https:\/\/www.peter-electronic.com\/wp-content\/uploads\/2020\/05\/products-sicherheitstechnik_stillstandswaechter_versisafe_1-1.png\",\"contentUrl\":\"https:\/\/www.peter-electronic.com\/wp-content\/uploads\/2020\/05\/products-sicherheitstechnik_stillstandswaechter_versisafe_1-1.png\",\"width\":620,\"height\":440},{\"@type\":\"BreadcrumbList\",\"@id\":\"https:\/\/www.peter-electronic.com\/en\/produkt\/versisafe-2\/#breadcrumb\",\"itemListElement\":[{\"@type\":\"ListItem\",\"position\":1,\"name\":\"Startseite\",\"item\":\"https:\/\/www.peter-electronic.com\/\"},{\"@type\":\"ListItem\",\"position\":2,\"name\":\"Shop\",\"item\":\"https:\/\/www.peter-electronic.com\/shop\/\"},{\"@type\":\"ListItem\",\"position\":3,\"name\":\"VersiSafe\"}]},{\"@type\":\"WebSite\",\"@id\":\"https:\/\/www.peter-electronic.com\/#website\",\"url\":\"https:\/\/www.peter-electronic.com\/\",\"name\":\"Frequenzumrichter, Softstarter und Bremsger\u00e4te direkt vom Hersteller\",\"description\":\"\",\"alternateName\":\"Frequenzumrichter, Softstarter und Bremsger\u00e4te direkt vom Hersteller\",\"potentialAction\":[{\"@type\":\"SearchAction\",\"target\":{\"@type\":\"EntryPoint\",\"urlTemplate\":\"https:\/\/www.peter-electronic.com\/?s={search_term_string}\"},\"query-input\":{\"@type\":\"PropertyValueSpecification\",\"valueRequired\":true,\"valueName\":\"search_term_string\"}}],\"inLanguage\":\"de\"}]}<\/script>\n<!-- \/ Yoast SEO plugin. -->","yoast_head_json":{"title":"Stillstandsw\u00e4chter f\u00fcr 3- & 1-phasige Elektromotoren VersiSafe","description":"Stillstandsw\u00e4chter \u2713 Vermeidung von Maschinenscha\u0308den \u2713 U\u0308berwachung fu\u0308r Sicherheitsstromkreise \/ Stillstandsw\u00e4chter bis 690V \u27a4 direkt beim Hersteller online bestellen","robots":{"index":"index","follow":"follow","max-snippet":"max-snippet:-1","max-image-preview":"max-image-preview:large","max-video-preview":"max-video-preview:-1"},"canonical":"https:\/\/www.peter-electronic.com\/produkt\/versisafe-2\/","schema":{"@context":"https:\/\/schema.org","@graph":[{"@type":"WebPage","@id":"https:\/\/www.peter-electronic.com\/en\/produkt\/versisafe-2\/","url":"https:\/\/www.peter-electronic.com\/en\/produkt\/versisafe-2\/","name":"Stillstandsw\u00e4chter f\u00fcr 3- & 1-phasige Elektromotoren VersiSafe","isPartOf":{"@id":"https:\/\/www.peter-electronic.com\/#website"},"primaryImageOfPage":{"@id":"https:\/\/www.peter-electronic.com\/en\/produkt\/versisafe-2\/#primaryimage"},"image":{"@id":"https:\/\/www.peter-electronic.com\/en\/produkt\/versisafe-2\/#primaryimage"},"thumbnailUrl":"https:\/\/www.peter-electronic.com\/wp-content\/uploads\/2020\/05\/products-sicherheitstechnik_stillstandswaechter_versisafe_1-1.png","datePublished":"2017-03-22T02:21:25+00:00","dateModified":"2019-02-27T14:46:03+00:00","description":"Stillstandsw\u00e4chter \u2713 Vermeidung von Maschinenscha\u0308den \u2713 U\u0308berwachung fu\u0308r Sicherheitsstromkreise \/ Stillstandsw\u00e4chter bis 690V \u27a4 direkt beim Hersteller online bestellen","breadcrumb":{"@id":"https:\/\/www.peter-electronic.com\/en\/produkt\/versisafe-2\/#breadcrumb"},"inLanguage":"de","potentialAction":[{"@type":"ReadAction","target":["https:\/\/www.peter-electronic.com\/en\/produkt\/versisafe-2\/"]}]},{"@type":"ImageObject","inLanguage":"de","@id":"https:\/\/www.peter-electronic.com\/en\/produkt\/versisafe-2\/#primaryimage","url":"https:\/\/www.peter-electronic.com\/wp-content\/uploads\/2020\/05\/products-sicherheitstechnik_stillstandswaechter_versisafe_1-1.png","contentUrl":"https:\/\/www.peter-electronic.com\/wp-content\/uploads\/2020\/05\/products-sicherheitstechnik_stillstandswaechter_versisafe_1-1.png","width":620,"height":440},{"@type":"BreadcrumbList","@id":"https:\/\/www.peter-electronic.com\/en\/produkt\/versisafe-2\/#breadcrumb","itemListElement":[{"@type":"ListItem","position":1,"name":"Startseite","item":"https:\/\/www.peter-electronic.com\/"},{"@type":"ListItem","position":2,"name":"Shop","item":"https:\/\/www.peter-electronic.com\/shop\/"},{"@type":"ListItem","position":3,"name":"VersiSafe"}]},{"@type":"WebSite","@id":"https:\/\/www.peter-electronic.com\/#website","url":"https:\/\/www.peter-electronic.com\/","name":"Frequenzumrichter, Softstarter und Bremsger\u00e4te direkt vom Hersteller","description":"","alternateName":"Frequenzumrichter, Softstarter und Bremsger\u00e4te direkt vom Hersteller","potentialAction":[{"@type":"SearchAction","target":{"@type":"EntryPoint","urlTemplate":"https:\/\/www.peter-electronic.com\/?s={search_term_string}"},"query-input":{"@type":"PropertyValueSpecification","valueRequired":true,"valueName":"search_term_string"}}],"inLanguage":"de"}]}},"_links":{"self":[{"href":"https:\/\/www.peter-electronic.com\/index.php?rest_route=\/wp\/v2\/product\/12838","targetHints":{"allow":["GET"]}}],"collection":[{"href":"https:\/\/www.peter-electronic.com\/index.php?rest_route=\/wp\/v2\/product"}],"about":[{"href":"https:\/\/www.peter-electronic.com\/index.php?rest_route=\/wp\/v2\/types\/product"}],"wp:featuredmedia":[{"embeddable":true,"href":"https:\/\/www.peter-electronic.com\/index.php?rest_route=\/wp\/v2\/media\/12852"}],"wp:attachment":[{"href":"https:\/\/www.peter-electronic.com\/index.php?rest_route=%2Fwp%2Fv2%2Fmedia&parent=12838"}],"wp:term":[{"taxonomy":"product_cat","embeddable":true,"href":"https:\/\/www.peter-electronic.com\/index.php?rest_route=%2Fwp%2Fv2%2Fproduct_cat&post=12838"},{"taxonomy":"product_tag","embeddable":true,"href":"https:\/\/www.peter-electronic.com\/index.php?rest_route=%2Fwp%2Fv2%2Fproduct_tag&post=12838"}],"curies":[{"name":"wp","href":"https:\/\/api.w.org\/{rel}","templated":true}]}}