{"id":12823,"date":"2017-03-22T03:21:25","date_gmt":"2017-03-22T03:21:25","guid":{"rendered":"https:\/\/www.peter.secondlevelserver.de\/?post_type=product&#038;p=12823"},"modified":"2025-12-19T13:39:37","modified_gmt":"2025-12-19T12:39:37","slug":"versisafe","status":"publish","type":"product","link":"https:\/\/www.peter-electronic.com\/produkt\/versisafe\/","title":{"rendered":"VersiSafe"},"content":{"rendered":"","protected":false},"excerpt":{"rendered":"<p>Sichere Stillstandserkennung durch den Stillstandsw\u00e4chter VersiSafe bei 3- und 1-phasigen Elektromotoren, z.B. zur Freigabe von Schutzt\u00fcrentriegelungen an Werkzeug-<br \/>\nmaschinen oder zur Aktivierung von Haltebremsen.<\/p>\n","protected":false},"featured_media":12837,"template":"","meta":{"_acf_changed":false},"product_cat":[2273,2315,2291],"product_tag":[],"class_list":{"0":"post-12823","1":"product","2":"type-product","3":"status-publish","4":"has-post-thumbnail","6":"product_cat-produkte","7":"product_cat-schaltschrankinstallation-4","8":"product_cat-sicherheitsschaltgeraete","9":"pa_application-area-2357","10":"pa_bevorzugte-einsatzgebiete-sichere-erkennung-des-stillstandes-fur-sicherheitsstromkreise-nach-iec-en-60204-in-anlagen-mit-gefahrlichen-maschinenteilen-z-b-freigabe-von-schutzeinrichtungen-vermeidung-von-maschinenschaden-unerwar","11":"pa_downloads-https-www-peter-electronic-com-wp-wp-content-uploads-stillstandswaechter-versisafe-datenblatt-de-pdf-pdf-technisches-datenblatt-https-www-peter-electronic-com-wp-wp-content-uploads-stillstandswaechter","12":"pa_funktionen-funktionen-drehzahlwachter-sichere-stillstandserkennung-bei-3-und-1-phasigen-elektromotoren-erkennung-des-motorstillstandes-durch-messung-der-remanenzspannung-redundante-messung-uber-2-unabhangige-kan","13":"pa_hilfsspannung-dc-24-v","14":"pa_hilfsspannung-ac-230-v","15":"pa_hilfsspannung-ac-400-v","16":"pa_hilfsspannung-dc-24-v-typ-3-2w","17":"pa_hilfsspannung-dc-24v-0-2-4v","18":"pa_hilfsspannung-ac-230v-0-2-4v","19":"pa_hilfsspannung-ac-400v-0-2-4v","20":"pa_menu-filter-kategorie-schaltschrankinstallation-6","21":"pa_merkmale-merkmale-drehzahlwachter-keine-externen-initiatoren-notwendig-drehrichtungsunabhangig-aderbrucherkennung-im-mebkreis-zwangsgefuhrte-sicherheitsausgangskontakte-3-schlieber-1-ffner-fur-ac-250v-einstell","22":"pa_optionen-sicherheitstechnische-kenndaten-ergebnisse-nach-en-iso-13849-1-sicherheitskategorie-4-performance-level-e-mttf-d-93a-dc-avg-99-0-d-op-365-tage-jahr-h-op-24-stunden-tag-t-zyklus-28-8e-0-3s-zyklus-1-8-s","23":"pa_power-rating-2359","24":"pa_prafix-name-stillstandswachter","25":"pa_supply-voltage-2358","27":"first","28":"instock","29":"taxable","30":"shipping-taxable","31":"purchasable","32":"product-type-variable"},"acf":[],"yoast_head":"<!-- This site is optimized with the Yoast SEO plugin v23.9 - https:\/\/yoast.com\/wordpress\/plugins\/seo\/ -->\n<title>Stillstandsw\u00e4chter f\u00fcr 3- &amp; 1-phasige Elektromotoren VersiSafe<\/title>\n<meta name=\"description\" content=\"Stillstandsw\u00e4chter \u2713 Vermeidung von Maschinenscha\u0308den \u2713 U\u0308berwachung fu\u0308r Sicherheitsstromkreise \/ Stillstandsw\u00e4chter bis 690V \u27a4 direkt beim Hersteller online bestellen\" \/>\n<meta name=\"robots\" content=\"index, follow, max-snippet:-1, max-image-preview:large, max-video-preview:-1\" \/>\n<link rel=\"canonical\" href=\"https:\/\/www.peter-electronic.com\/produkt\/versisafe\/\" \/>\n<script type=\"application\/ld+json\" class=\"yoast-schema-graph\">{\"@context\":\"https:\/\/schema.org\",\"@graph\":[{\"@type\":\"WebPage\",\"@id\":\"https:\/\/www.peter-electronic.com\/produkt\/versisafe\/\",\"url\":\"https:\/\/www.peter-electronic.com\/produkt\/versisafe\/\",\"name\":\"Stillstandsw\u00e4chter f\u00fcr 3- & 1-phasige Elektromotoren VersiSafe\",\"isPartOf\":{\"@id\":\"https:\/\/www.peter-electronic.com\/#website\"},\"primaryImageOfPage\":{\"@id\":\"https:\/\/www.peter-electronic.com\/produkt\/versisafe\/#primaryimage\"},\"image\":{\"@id\":\"https:\/\/www.peter-electronic.com\/produkt\/versisafe\/#primaryimage\"},\"thumbnailUrl\":\"https:\/\/www.peter-electronic.com\/wp-content\/uploads\/2020\/05\/products-sicherheitstechnik_stillstandswaechter_versisafe_1.png\",\"datePublished\":\"2017-03-22T03:21:25+00:00\",\"dateModified\":\"2025-12-19T12:39:37+00:00\",\"description\":\"Stillstandsw\u00e4chter \u2713 Vermeidung von Maschinenscha\u0308den \u2713 U\u0308berwachung fu\u0308r Sicherheitsstromkreise \/ Stillstandsw\u00e4chter bis 690V \u27a4 direkt beim Hersteller online bestellen\",\"breadcrumb\":{\"@id\":\"https:\/\/www.peter-electronic.com\/produkt\/versisafe\/#breadcrumb\"},\"inLanguage\":\"de\",\"potentialAction\":[{\"@type\":\"ReadAction\",\"target\":[\"https:\/\/www.peter-electronic.com\/produkt\/versisafe\/\"]}]},{\"@type\":\"ImageObject\",\"inLanguage\":\"de\",\"@id\":\"https:\/\/www.peter-electronic.com\/produkt\/versisafe\/#primaryimage\",\"url\":\"https:\/\/www.peter-electronic.com\/wp-content\/uploads\/2020\/05\/products-sicherheitstechnik_stillstandswaechter_versisafe_1.png\",\"contentUrl\":\"https:\/\/www.peter-electronic.com\/wp-content\/uploads\/2020\/05\/products-sicherheitstechnik_stillstandswaechter_versisafe_1.png\",\"width\":620,\"height\":440},{\"@type\":\"BreadcrumbList\",\"@id\":\"https:\/\/www.peter-electronic.com\/produkt\/versisafe\/#breadcrumb\",\"itemListElement\":[{\"@type\":\"ListItem\",\"position\":1,\"name\":\"Startseite\",\"item\":\"https:\/\/www.peter-electronic.com\/\"},{\"@type\":\"ListItem\",\"position\":2,\"name\":\"Shop\",\"item\":\"https:\/\/www.peter-electronic.com\/shop\/\"},{\"@type\":\"ListItem\",\"position\":3,\"name\":\"VersiSafe\"}]},{\"@type\":\"WebSite\",\"@id\":\"https:\/\/www.peter-electronic.com\/#website\",\"url\":\"https:\/\/www.peter-electronic.com\/\",\"name\":\"Frequenzumrichter, Softstarter und Bremsger\u00e4te direkt vom Hersteller\",\"description\":\"\",\"alternateName\":\"Frequenzumrichter, Softstarter und Bremsger\u00e4te direkt vom Hersteller\",\"potentialAction\":[{\"@type\":\"SearchAction\",\"target\":{\"@type\":\"EntryPoint\",\"urlTemplate\":\"https:\/\/www.peter-electronic.com\/?s={search_term_string}\"},\"query-input\":{\"@type\":\"PropertyValueSpecification\",\"valueRequired\":true,\"valueName\":\"search_term_string\"}}],\"inLanguage\":\"de\"}]}<\/script>\n<!-- \/ Yoast SEO plugin. -->","yoast_head_json":{"title":"Stillstandsw\u00e4chter f\u00fcr 3- & 1-phasige Elektromotoren VersiSafe","description":"Stillstandsw\u00e4chter \u2713 Vermeidung von Maschinenscha\u0308den \u2713 U\u0308berwachung fu\u0308r Sicherheitsstromkreise \/ Stillstandsw\u00e4chter bis 690V \u27a4 direkt beim Hersteller online bestellen","robots":{"index":"index","follow":"follow","max-snippet":"max-snippet:-1","max-image-preview":"max-image-preview:large","max-video-preview":"max-video-preview:-1"},"canonical":"https:\/\/www.peter-electronic.com\/produkt\/versisafe\/","schema":{"@context":"https:\/\/schema.org","@graph":[{"@type":"WebPage","@id":"https:\/\/www.peter-electronic.com\/produkt\/versisafe\/","url":"https:\/\/www.peter-electronic.com\/produkt\/versisafe\/","name":"Stillstandsw\u00e4chter f\u00fcr 3- & 1-phasige Elektromotoren VersiSafe","isPartOf":{"@id":"https:\/\/www.peter-electronic.com\/#website"},"primaryImageOfPage":{"@id":"https:\/\/www.peter-electronic.com\/produkt\/versisafe\/#primaryimage"},"image":{"@id":"https:\/\/www.peter-electronic.com\/produkt\/versisafe\/#primaryimage"},"thumbnailUrl":"https:\/\/www.peter-electronic.com\/wp-content\/uploads\/2020\/05\/products-sicherheitstechnik_stillstandswaechter_versisafe_1.png","datePublished":"2017-03-22T03:21:25+00:00","dateModified":"2025-12-19T12:39:37+00:00","description":"Stillstandsw\u00e4chter \u2713 Vermeidung von Maschinenscha\u0308den \u2713 U\u0308berwachung fu\u0308r Sicherheitsstromkreise \/ Stillstandsw\u00e4chter bis 690V \u27a4 direkt beim Hersteller online bestellen","breadcrumb":{"@id":"https:\/\/www.peter-electronic.com\/produkt\/versisafe\/#breadcrumb"},"inLanguage":"de","potentialAction":[{"@type":"ReadAction","target":["https:\/\/www.peter-electronic.com\/produkt\/versisafe\/"]}]},{"@type":"ImageObject","inLanguage":"de","@id":"https:\/\/www.peter-electronic.com\/produkt\/versisafe\/#primaryimage","url":"https:\/\/www.peter-electronic.com\/wp-content\/uploads\/2020\/05\/products-sicherheitstechnik_stillstandswaechter_versisafe_1.png","contentUrl":"https:\/\/www.peter-electronic.com\/wp-content\/uploads\/2020\/05\/products-sicherheitstechnik_stillstandswaechter_versisafe_1.png","width":620,"height":440},{"@type":"BreadcrumbList","@id":"https:\/\/www.peter-electronic.com\/produkt\/versisafe\/#breadcrumb","itemListElement":[{"@type":"ListItem","position":1,"name":"Startseite","item":"https:\/\/www.peter-electronic.com\/"},{"@type":"ListItem","position":2,"name":"Shop","item":"https:\/\/www.peter-electronic.com\/shop\/"},{"@type":"ListItem","position":3,"name":"VersiSafe"}]},{"@type":"WebSite","@id":"https:\/\/www.peter-electronic.com\/#website","url":"https:\/\/www.peter-electronic.com\/","name":"Frequenzumrichter, Softstarter und Bremsger\u00e4te direkt vom Hersteller","description":"","alternateName":"Frequenzumrichter, Softstarter und Bremsger\u00e4te direkt vom Hersteller","potentialAction":[{"@type":"SearchAction","target":{"@type":"EntryPoint","urlTemplate":"https:\/\/www.peter-electronic.com\/?s={search_term_string}"},"query-input":{"@type":"PropertyValueSpecification","valueRequired":true,"valueName":"search_term_string"}}],"inLanguage":"de"}]}},"_links":{"self":[{"href":"https:\/\/www.peter-electronic.com\/index.php?rest_route=\/wp\/v2\/product\/12823","targetHints":{"allow":["GET"]}}],"collection":[{"href":"https:\/\/www.peter-electronic.com\/index.php?rest_route=\/wp\/v2\/product"}],"about":[{"href":"https:\/\/www.peter-electronic.com\/index.php?rest_route=\/wp\/v2\/types\/product"}],"wp:featuredmedia":[{"embeddable":true,"href":"https:\/\/www.peter-electronic.com\/index.php?rest_route=\/wp\/v2\/media\/12837"}],"wp:attachment":[{"href":"https:\/\/www.peter-electronic.com\/index.php?rest_route=%2Fwp%2Fv2%2Fmedia&parent=12823"}],"wp:term":[{"taxonomy":"product_cat","embeddable":true,"href":"https:\/\/www.peter-electronic.com\/index.php?rest_route=%2Fwp%2Fv2%2Fproduct_cat&post=12823"},{"taxonomy":"product_tag","embeddable":true,"href":"https:\/\/www.peter-electronic.com\/index.php?rest_route=%2Fwp%2Fv2%2Fproduct_tag&post=12823"}],"curies":[{"name":"wp","href":"https:\/\/api.w.org\/{rel}","templated":true}]}}