{"id":12801,"date":"2017-03-22T03:21:24","date_gmt":"2017-03-22T02:21:24","guid":{"rendered":"https:\/\/www.peter.secondlevelserver.de\/?post_type=product&#038;p=12801"},"modified":"2025-03-19T13:03:18","modified_gmt":"2025-03-19T13:03:18","slug":"sgp-2-5-16a-2","status":"publish","type":"product","link":"https:\/\/www.peter-electronic.com\/en\/produkt\/sgp-2-5-16a-2\/","title":{"rendered":"SGP [2,5 &#8211; 16A]"},"content":{"rendered":"","protected":false},"excerpt":{"rendered":"<p>Die elektronischen Drehzahlregler<br \/>\nSGP 160-2,5\/4\/8P\/16P werden zur Drehzahlregelung von Gleichstrom-Nebenstrommotoren mit Fremd- und Premanenterregung eingesetzt.<br \/>\nDie Regler zeichnen sich durch gro\u00dfe Drehzahlstabilit\u00e4t, unabh\u00e4nging von Temperatur-, Spannungs- und Belastungsschwankungen aus.<\/p>\n","protected":false},"featured_media":12822,"template":"","meta":{"_acf_changed":false},"product_cat":[2290,2274],"product_tag":[],"class_list":{"0":"post-12801","1":"product","2":"type-product","3":"status-publish","4":"has-post-thumbnail","6":"product_cat-dc-motor-speed-controllers-2","7":"product_cat-products","8":"pa_ankerstrom-2-5-a-en","9":"pa_ankerstrom-4-a-en","10":"pa_ankerstrom-8-a-en","11":"pa_ankerstrom-16-a-en","12":"pa_bevorzugte-einsatzgebiete-conveyors","13":"pa_bevorzugte-einsatzgebiete-others","14":"pa_bevorzugte-einsatzgebiete-packaging-machines","15":"pa_bevorzugte-einsatzgebiete-printing-machines","16":"pa_bevorzugte-einsatzgebiete-pumps","17":"pa_bevorzugte-einsatzgebiete-rotary-table-drives","18":"pa_bevorzugte-einsatzgebiete-welding-wire-feed-mechanisms","19":"pa_downloads-https-www-peter-electronic-com-wp-wp-content-uploads-thyristorsteller-sgp-2-5-16a-datenblatt-de-pdf-pdf-technisches-datenblatt-https-www-peter-electronic-com-wp-wp-content-uploads-thyristorsteller-sgp","20":"pa_funktionen-bridge-circuit-with-excitation-voltage-source","21":"pa_funktionen-thus-very-suitable-for-permanently-excited-motors","22":"pa_funktionen-adjustable-current-controller-and","23":"pa_funktionen-half-controlled-symmetrical","24":"pa_menu-filter-kategorie-schaltschrankinstallation-7","25":"pa_merkmale-control-range-with-armature-voltage-control-130","26":"pa_merkmale-control-range-with-tachometer-control-1100","27":"pa_merkmale-degree-of-protection-ip-00","28":"pa_merkmale-for-motors-with-external-and-permanent-excitation","29":"pa_merkmale-one-quadrant-operation","30":"pa_option-apc-braking-current-display-plug-in-control-terminals-motor-ptc-monitoring-star-delta-starting-control-standstill-signalling-relay-braking-current-monitoring","31":"pa_option-c1-control-voltage-configuration-110-240-vac-or-380-440-vac-10-15","32":"pa_option-c2-control-voltage-configuration-24-vac-vdc-20","33":"pa_option-i-signalling-contacts-motor-ptc-current-control-heat-sink-temperature-monitoring","34":"pa_option-l-version-ip-20","35":"pa_option-lp-version-ip-00","36":"pa_option-p-with-isolating-module","37":"pa_option-st-pluggable-with-pin-connector-din-41617","38":"pa_option-st-p-pluggable-with-isolating-module","39":"pa_option-ul-version","40":"pa_option-with-switch","41":"pa_option-without-switch","42":"pa_option-b-200-575-v-10-en","43":"pa_option-c1-ansteuerungsspannung-110-120-vac-oder-220-240-vac-10-15-en","44":"pa_option-c2-ansteuerungsspannung-24-vac-vdc-20-en","45":"pa_option-standard-en","46":"pa_optionen-pluggable-with-isolating-module-st-p","47":"pa_optionen-pluggable-with-pin-connector-din-41617-st","48":"pa_optionen-with-isolating-module-p","49":"pa_power-rating-2375","50":"pa_supply-voltage-2374","52":"first","53":"instock","54":"taxable","55":"shipping-taxable","56":"purchasable","57":"product-type-variable"},"acf":[],"yoast_head":"<!-- This site is optimized with the Yoast SEO plugin v23.9 - https:\/\/yoast.com\/wordpress\/plugins\/seo\/ -->\n<title>Thyristorsteller mit einstellbarem Stromregler, SGP [2,5 - 16A]<\/title>\n<meta name=\"description\" content=\"Thyristorsteller \u2713 Fo\u0308rderanlagen \u2713 Druckmaschinen \u2713 Pumpen \u2713 Drehtischantriebe, etc. \/ Gleichstromregler fu\u0308r Motoren mit Permanenterregung \u27a4 direkt vom Hersteller\" \/>\n<meta name=\"robots\" content=\"index, follow, max-snippet:-1, max-image-preview:large, max-video-preview:-1\" \/>\n<link rel=\"canonical\" href=\"https:\/\/www.peter-electronic.com\/produkt\/sgp-2-5-16a-2\/\" \/>\n<script type=\"application\/ld+json\" class=\"yoast-schema-graph\">{\"@context\":\"https:\/\/schema.org\",\"@graph\":[{\"@type\":\"WebPage\",\"@id\":\"https:\/\/www.peter-electronic.com\/en\/produkt\/sgp-2-5-16a-2\/\",\"url\":\"https:\/\/www.peter-electronic.com\/en\/produkt\/sgp-2-5-16a-2\/\",\"name\":\"Thyristorsteller mit einstellbarem Stromregler, SGP [2,5 - 16A]\",\"isPartOf\":{\"@id\":\"https:\/\/www.peter-electronic.com\/#website\"},\"primaryImageOfPage\":{\"@id\":\"https:\/\/www.peter-electronic.com\/en\/produkt\/sgp-2-5-16a-2\/#primaryimage\"},\"image\":{\"@id\":\"https:\/\/www.peter-electronic.com\/en\/produkt\/sgp-2-5-16a-2\/#primaryimage\"},\"thumbnailUrl\":\"https:\/\/www.peter-electronic.com\/wp-content\/uploads\/2020\/05\/products-gleichstromregler_gleichstromregler_sgp-2_5-16a_10-1.png\",\"datePublished\":\"2017-03-22T02:21:24+00:00\",\"dateModified\":\"2025-03-19T13:03:18+00:00\",\"description\":\"Thyristorsteller \u2713 Fo\u0308rderanlagen \u2713 Druckmaschinen \u2713 Pumpen \u2713 Drehtischantriebe, etc. \/ Gleichstromregler fu\u0308r Motoren mit Permanenterregung \u27a4 direkt vom Hersteller\",\"breadcrumb\":{\"@id\":\"https:\/\/www.peter-electronic.com\/en\/produkt\/sgp-2-5-16a-2\/#breadcrumb\"},\"inLanguage\":\"de\",\"potentialAction\":[{\"@type\":\"ReadAction\",\"target\":[\"https:\/\/www.peter-electronic.com\/en\/produkt\/sgp-2-5-16a-2\/\"]}]},{\"@type\":\"ImageObject\",\"inLanguage\":\"de\",\"@id\":\"https:\/\/www.peter-electronic.com\/en\/produkt\/sgp-2-5-16a-2\/#primaryimage\",\"url\":\"https:\/\/www.peter-electronic.com\/wp-content\/uploads\/2020\/05\/products-gleichstromregler_gleichstromregler_sgp-2_5-16a_10-1.png\",\"contentUrl\":\"https:\/\/www.peter-electronic.com\/wp-content\/uploads\/2020\/05\/products-gleichstromregler_gleichstromregler_sgp-2_5-16a_10-1.png\",\"width\":620,\"height\":440},{\"@type\":\"BreadcrumbList\",\"@id\":\"https:\/\/www.peter-electronic.com\/en\/produkt\/sgp-2-5-16a-2\/#breadcrumb\",\"itemListElement\":[{\"@type\":\"ListItem\",\"position\":1,\"name\":\"Startseite\",\"item\":\"https:\/\/www.peter-electronic.com\/\"},{\"@type\":\"ListItem\",\"position\":2,\"name\":\"Shop\",\"item\":\"https:\/\/www.peter-electronic.com\/shop\/\"},{\"@type\":\"ListItem\",\"position\":3,\"name\":\"SGP [2,5 &#8211; 16A]\"}]},{\"@type\":\"WebSite\",\"@id\":\"https:\/\/www.peter-electronic.com\/#website\",\"url\":\"https:\/\/www.peter-electronic.com\/\",\"name\":\"Frequenzumrichter, Softstarter und Bremsger\u00e4te direkt vom Hersteller\",\"description\":\"\",\"alternateName\":\"Frequenzumrichter, Softstarter und Bremsger\u00e4te direkt vom Hersteller\",\"potentialAction\":[{\"@type\":\"SearchAction\",\"target\":{\"@type\":\"EntryPoint\",\"urlTemplate\":\"https:\/\/www.peter-electronic.com\/?s={search_term_string}\"},\"query-input\":{\"@type\":\"PropertyValueSpecification\",\"valueRequired\":true,\"valueName\":\"search_term_string\"}}],\"inLanguage\":\"de\"}]}<\/script>\n<!-- \/ Yoast SEO plugin. -->","yoast_head_json":{"title":"Thyristorsteller mit einstellbarem Stromregler, SGP [2,5 - 16A]","description":"Thyristorsteller \u2713 Fo\u0308rderanlagen \u2713 Druckmaschinen \u2713 Pumpen \u2713 Drehtischantriebe, etc. \/ Gleichstromregler fu\u0308r Motoren mit Permanenterregung \u27a4 direkt vom Hersteller","robots":{"index":"index","follow":"follow","max-snippet":"max-snippet:-1","max-image-preview":"max-image-preview:large","max-video-preview":"max-video-preview:-1"},"canonical":"https:\/\/www.peter-electronic.com\/produkt\/sgp-2-5-16a-2\/","schema":{"@context":"https:\/\/schema.org","@graph":[{"@type":"WebPage","@id":"https:\/\/www.peter-electronic.com\/en\/produkt\/sgp-2-5-16a-2\/","url":"https:\/\/www.peter-electronic.com\/en\/produkt\/sgp-2-5-16a-2\/","name":"Thyristorsteller mit einstellbarem Stromregler, SGP [2,5 - 16A]","isPartOf":{"@id":"https:\/\/www.peter-electronic.com\/#website"},"primaryImageOfPage":{"@id":"https:\/\/www.peter-electronic.com\/en\/produkt\/sgp-2-5-16a-2\/#primaryimage"},"image":{"@id":"https:\/\/www.peter-electronic.com\/en\/produkt\/sgp-2-5-16a-2\/#primaryimage"},"thumbnailUrl":"https:\/\/www.peter-electronic.com\/wp-content\/uploads\/2020\/05\/products-gleichstromregler_gleichstromregler_sgp-2_5-16a_10-1.png","datePublished":"2017-03-22T02:21:24+00:00","dateModified":"2025-03-19T13:03:18+00:00","description":"Thyristorsteller \u2713 Fo\u0308rderanlagen \u2713 Druckmaschinen \u2713 Pumpen \u2713 Drehtischantriebe, etc. \/ Gleichstromregler fu\u0308r Motoren mit Permanenterregung \u27a4 direkt vom Hersteller","breadcrumb":{"@id":"https:\/\/www.peter-electronic.com\/en\/produkt\/sgp-2-5-16a-2\/#breadcrumb"},"inLanguage":"de","potentialAction":[{"@type":"ReadAction","target":["https:\/\/www.peter-electronic.com\/en\/produkt\/sgp-2-5-16a-2\/"]}]},{"@type":"ImageObject","inLanguage":"de","@id":"https:\/\/www.peter-electronic.com\/en\/produkt\/sgp-2-5-16a-2\/#primaryimage","url":"https:\/\/www.peter-electronic.com\/wp-content\/uploads\/2020\/05\/products-gleichstromregler_gleichstromregler_sgp-2_5-16a_10-1.png","contentUrl":"https:\/\/www.peter-electronic.com\/wp-content\/uploads\/2020\/05\/products-gleichstromregler_gleichstromregler_sgp-2_5-16a_10-1.png","width":620,"height":440},{"@type":"BreadcrumbList","@id":"https:\/\/www.peter-electronic.com\/en\/produkt\/sgp-2-5-16a-2\/#breadcrumb","itemListElement":[{"@type":"ListItem","position":1,"name":"Startseite","item":"https:\/\/www.peter-electronic.com\/"},{"@type":"ListItem","position":2,"name":"Shop","item":"https:\/\/www.peter-electronic.com\/shop\/"},{"@type":"ListItem","position":3,"name":"SGP [2,5 &#8211; 16A]"}]},{"@type":"WebSite","@id":"https:\/\/www.peter-electronic.com\/#website","url":"https:\/\/www.peter-electronic.com\/","name":"Frequenzumrichter, Softstarter und Bremsger\u00e4te direkt vom Hersteller","description":"","alternateName":"Frequenzumrichter, Softstarter und Bremsger\u00e4te direkt vom Hersteller","potentialAction":[{"@type":"SearchAction","target":{"@type":"EntryPoint","urlTemplate":"https:\/\/www.peter-electronic.com\/?s={search_term_string}"},"query-input":{"@type":"PropertyValueSpecification","valueRequired":true,"valueName":"search_term_string"}}],"inLanguage":"de"}]}},"_links":{"self":[{"href":"https:\/\/www.peter-electronic.com\/index.php?rest_route=\/wp\/v2\/product\/12801","targetHints":{"allow":["GET"]}}],"collection":[{"href":"https:\/\/www.peter-electronic.com\/index.php?rest_route=\/wp\/v2\/product"}],"about":[{"href":"https:\/\/www.peter-electronic.com\/index.php?rest_route=\/wp\/v2\/types\/product"}],"wp:featuredmedia":[{"embeddable":true,"href":"https:\/\/www.peter-electronic.com\/index.php?rest_route=\/wp\/v2\/media\/12822"}],"wp:attachment":[{"href":"https:\/\/www.peter-electronic.com\/index.php?rest_route=%2Fwp%2Fv2%2Fmedia&parent=12801"}],"wp:term":[{"taxonomy":"product_cat","embeddable":true,"href":"https:\/\/www.peter-electronic.com\/index.php?rest_route=%2Fwp%2Fv2%2Fproduct_cat&post=12801"},{"taxonomy":"product_tag","embeddable":true,"href":"https:\/\/www.peter-electronic.com\/index.php?rest_route=%2Fwp%2Fv2%2Fproduct_tag&post=12801"}],"curies":[{"name":"wp","href":"https:\/\/api.w.org\/{rel}","templated":true}]}}