{"id":97,"date":"2017-01-25T22:33:23","date_gmt":"2017-01-25T21:33:23","guid":{"rendered":"https:\/\/www.peter-electronic.com\/wp\/faq\/frequenzumrichter\/wann-sollte-ich-ein-ausgangsfilter-mit-meinem-frequenzumrichter-versidrive-i-verwenden\/"},"modified":"2017-01-25T22:33:23","modified_gmt":"2017-01-25T21:33:23","slug":"wann-sollte-ich-ein-ausgangsfilter-mit-meinem-frequenzumrichter-versidrive-i-verwenden","status":"publish","type":"page","link":"https:\/\/www.peter-electronic.com\/service\/faq\/frequenzumrichter\/wann-sollte-ich-ein-ausgangsfilter-mit-meinem-frequenzumrichter-versidrive-i-verwenden\/","title":{"rendered":"Wann sollte ich ein Ausgangsfilter mit meinem Frequenzumrichter VersiDrive\u00a0i verwenden?"},"content":{"rendered":"<p><em>Frequenzumrichter \u2013 Motorseitige Installation<\/em><\/p>\n<hr \/>\n<h1>Wann sollte ich ein Ausgangsfilter mit meinem Frequenzumrichter VersiDrive&nbsp;i verwenden?<\/h1>\n<p>VersiDrive i-Ger\u00e4te haben ungefilterte Ausg\u00e4nge. F\u00fcr die Mehrzahl der Anwendungen ergibt dies eine befriedigende Leistung, jedoch wird f\u00fcr eine geringe Anzahl von Anwendungen eine Ausgangsfilterung dringend empfohlen, um die Systemfunktionalit\u00e4t, -zuverl\u00e4ssigkeit und -langlebigkeit zu erh\u00f6hen.<\/p>\n<p>Diese Anwendungen umfassen:<\/p>\n<ul>\n<li>Lange Motorkabel, bis 200m<\/li>\n<li>Hochkapazitive Motorkabel (d.h. typischerweise \"Pyro\"-Draht, f\u00fcr den Brandschutz)<\/li>\n<li>Mehrere parallel geschaltete Motoren<\/li>\n<li>Motoren ohne umrichtergeeignete Isolierung (\u00fcblicherweise \u00e4ltere Motoren)<\/li>\n<\/ul>\n<p>Motoren ohne umrichtergeeignete Isolierung:<br \/>\n\u00dcberpr\u00fcfen Sie, bei Bedarf auch mit dem Motorhersteller, immer die Motorspezifikation, um sicherzustellen, dass der Motor f\u00fcr die Verwendung an modernen Frequenzumrichtern ausgelegt ist. Beachten Sie stets jedwede Ratschl\u00e4ge, die hinsichtlich der Notwendigkeit einer Ausgangsfilterung mit dem Umrichterprodukt gegeben werden.<\/p>\n<hr \/>\n","protected":false},"excerpt":{"rendered":"<p>Frequenzumrichter \u2013 Motorseitige Installation Wann sollte ich ein Ausgangsfilter mit meinem Frequenzumrichter VersiDrive&nbsp;i verwenden? VersiDrive i-Ger\u00e4te haben ungefilterte Ausg\u00e4nge. F\u00fcr die Mehrzahl der Anwendungen ergibt dies eine befriedigende Leistung, jedoch wird f\u00fcr eine geringe Anzahl von Anwendungen eine Ausgangsfilterung dringend empfohlen, um die Systemfunktionalit\u00e4t, -zuverl\u00e4ssigkeit und -langlebigkeit zu erh\u00f6hen. Diese Anwendungen umfassen: Lange Motorkabel, bis [&hellip;]<\/p>\n","protected":false},"author":1,"featured_media":0,"parent":79,"menu_order":15,"comment_status":"closed","ping_status":"closed","template":"","meta":{"_acf_changed":false,"footnotes":""},"class_list":["post-97","page","type-page","status-publish","hentry"],"acf":[],"yoast_head":"<!-- This site is optimized with the Yoast SEO plugin v23.9 - https:\/\/yoast.com\/wordpress\/plugins\/seo\/ -->\n<title>Wann sollte ich ein Ausgangsfilter mit meinem Frequenzumrichter VersiDrive\u00a0i verwenden? - Frequenzumrichter, Softstarter und Bremsger\u00e4te direkt vom Hersteller<\/title>\n<meta name=\"robots\" content=\"index, follow, max-snippet:-1, max-image-preview:large, max-video-preview:-1\" \/>\n<link rel=\"canonical\" href=\"https:\/\/www.peter-electronic.com\/service\/faq\/frequenzumrichter\/wann-sollte-ich-ein-ausgangsfilter-mit-meinem-frequenzumrichter-versidrive-i-verwenden\/\" \/>\n<script type=\"application\/ld+json\" class=\"yoast-schema-graph\">{\"@context\":\"https:\/\/schema.org\",\"@graph\":[{\"@type\":\"WebPage\",\"@id\":\"https:\/\/www.peter-electronic.com\/service\/faq\/frequenzumrichter\/wann-sollte-ich-ein-ausgangsfilter-mit-meinem-frequenzumrichter-versidrive-i-verwenden\/\",\"url\":\"https:\/\/www.peter-electronic.com\/service\/faq\/frequenzumrichter\/wann-sollte-ich-ein-ausgangsfilter-mit-meinem-frequenzumrichter-versidrive-i-verwenden\/\",\"name\":\"Wann sollte ich ein Ausgangsfilter mit meinem Frequenzumrichter VersiDrive\u00a0i verwenden? - Frequenzumrichter, Softstarter und Bremsger\u00e4te direkt vom Hersteller\",\"isPartOf\":{\"@id\":\"https:\/\/www.peter-electronic.com\/#website\"},\"datePublished\":\"2017-01-25T21:33:23+00:00\",\"dateModified\":\"2017-01-25T21:33:23+00:00\",\"breadcrumb\":{\"@id\":\"https:\/\/www.peter-electronic.com\/service\/faq\/frequenzumrichter\/wann-sollte-ich-ein-ausgangsfilter-mit-meinem-frequenzumrichter-versidrive-i-verwenden\/#breadcrumb\"},\"inLanguage\":\"de\",\"potentialAction\":[{\"@type\":\"ReadAction\",\"target\":[\"https:\/\/www.peter-electronic.com\/service\/faq\/frequenzumrichter\/wann-sollte-ich-ein-ausgangsfilter-mit-meinem-frequenzumrichter-versidrive-i-verwenden\/\"]}]},{\"@type\":\"BreadcrumbList\",\"@id\":\"https:\/\/www.peter-electronic.com\/service\/faq\/frequenzumrichter\/wann-sollte-ich-ein-ausgangsfilter-mit-meinem-frequenzumrichter-versidrive-i-verwenden\/#breadcrumb\",\"itemListElement\":[{\"@type\":\"ListItem\",\"position\":1,\"name\":\"Startseite\",\"item\":\"https:\/\/www.peter-electronic.com\/\"},{\"@type\":\"ListItem\",\"position\":2,\"name\":\"Service\",\"item\":\"https:\/\/www.peter-electronic.com\/service\/\"},{\"@type\":\"ListItem\",\"position\":3,\"name\":\"FAQ-Center\",\"item\":\"https:\/\/www.peter-electronic.com\/service\/faq\/\"},{\"@type\":\"ListItem\",\"position\":4,\"name\":\"Frequenzumrichter\",\"item\":\"https:\/\/www.peter-electronic.com\/service\/faq\/frequenzumrichter\/\"},{\"@type\":\"ListItem\",\"position\":5,\"name\":\"Wann sollte ich ein Ausgangsfilter mit meinem Frequenzumrichter VersiDrive\u00a0i verwenden?\"}]},{\"@type\":\"WebSite\",\"@id\":\"https:\/\/www.peter-electronic.com\/#website\",\"url\":\"https:\/\/www.peter-electronic.com\/\",\"name\":\"Frequenzumrichter, Softstarter und Bremsger\u00e4te direkt vom Hersteller\",\"description\":\"\",\"alternateName\":\"Frequenzumrichter, Softstarter und Bremsger\u00e4te direkt vom Hersteller\",\"potentialAction\":[{\"@type\":\"SearchAction\",\"target\":{\"@type\":\"EntryPoint\",\"urlTemplate\":\"https:\/\/www.peter-electronic.com\/?s={search_term_string}\"},\"query-input\":{\"@type\":\"PropertyValueSpecification\",\"valueRequired\":true,\"valueName\":\"search_term_string\"}}],\"inLanguage\":\"de\"}]}<\/script>\n<!-- \/ Yoast SEO plugin. -->","yoast_head_json":{"title":"Wann sollte ich ein Ausgangsfilter mit meinem Frequenzumrichter VersiDrive\u00a0i verwenden? - Frequenzumrichter, Softstarter und Bremsger\u00e4te direkt vom Hersteller","robots":{"index":"index","follow":"follow","max-snippet":"max-snippet:-1","max-image-preview":"max-image-preview:large","max-video-preview":"max-video-preview:-1"},"canonical":"https:\/\/www.peter-electronic.com\/service\/faq\/frequenzumrichter\/wann-sollte-ich-ein-ausgangsfilter-mit-meinem-frequenzumrichter-versidrive-i-verwenden\/","schema":{"@context":"https:\/\/schema.org","@graph":[{"@type":"WebPage","@id":"https:\/\/www.peter-electronic.com\/service\/faq\/frequenzumrichter\/wann-sollte-ich-ein-ausgangsfilter-mit-meinem-frequenzumrichter-versidrive-i-verwenden\/","url":"https:\/\/www.peter-electronic.com\/service\/faq\/frequenzumrichter\/wann-sollte-ich-ein-ausgangsfilter-mit-meinem-frequenzumrichter-versidrive-i-verwenden\/","name":"Wann sollte ich ein Ausgangsfilter mit meinem Frequenzumrichter VersiDrive\u00a0i verwenden? - Frequenzumrichter, Softstarter und Bremsger\u00e4te direkt vom Hersteller","isPartOf":{"@id":"https:\/\/www.peter-electronic.com\/#website"},"datePublished":"2017-01-25T21:33:23+00:00","dateModified":"2017-01-25T21:33:23+00:00","breadcrumb":{"@id":"https:\/\/www.peter-electronic.com\/service\/faq\/frequenzumrichter\/wann-sollte-ich-ein-ausgangsfilter-mit-meinem-frequenzumrichter-versidrive-i-verwenden\/#breadcrumb"},"inLanguage":"de","potentialAction":[{"@type":"ReadAction","target":["https:\/\/www.peter-electronic.com\/service\/faq\/frequenzumrichter\/wann-sollte-ich-ein-ausgangsfilter-mit-meinem-frequenzumrichter-versidrive-i-verwenden\/"]}]},{"@type":"BreadcrumbList","@id":"https:\/\/www.peter-electronic.com\/service\/faq\/frequenzumrichter\/wann-sollte-ich-ein-ausgangsfilter-mit-meinem-frequenzumrichter-versidrive-i-verwenden\/#breadcrumb","itemListElement":[{"@type":"ListItem","position":1,"name":"Startseite","item":"https:\/\/www.peter-electronic.com\/"},{"@type":"ListItem","position":2,"name":"Service","item":"https:\/\/www.peter-electronic.com\/service\/"},{"@type":"ListItem","position":3,"name":"FAQ-Center","item":"https:\/\/www.peter-electronic.com\/service\/faq\/"},{"@type":"ListItem","position":4,"name":"Frequenzumrichter","item":"https:\/\/www.peter-electronic.com\/service\/faq\/frequenzumrichter\/"},{"@type":"ListItem","position":5,"name":"Wann sollte ich ein Ausgangsfilter mit meinem Frequenzumrichter VersiDrive\u00a0i verwenden?"}]},{"@type":"WebSite","@id":"https:\/\/www.peter-electronic.com\/#website","url":"https:\/\/www.peter-electronic.com\/","name":"Frequenzumrichter, Softstarter und Bremsger\u00e4te direkt vom Hersteller","description":"","alternateName":"Frequenzumrichter, Softstarter und Bremsger\u00e4te direkt vom Hersteller","potentialAction":[{"@type":"SearchAction","target":{"@type":"EntryPoint","urlTemplate":"https:\/\/www.peter-electronic.com\/?s={search_term_string}"},"query-input":{"@type":"PropertyValueSpecification","valueRequired":true,"valueName":"search_term_string"}}],"inLanguage":"de"}]}},"_links":{"self":[{"href":"https:\/\/www.peter-electronic.com\/index.php?rest_route=\/wp\/v2\/pages\/97","targetHints":{"allow":["GET"]}}],"collection":[{"href":"https:\/\/www.peter-electronic.com\/index.php?rest_route=\/wp\/v2\/pages"}],"about":[{"href":"https:\/\/www.peter-electronic.com\/index.php?rest_route=\/wp\/v2\/types\/page"}],"author":[{"embeddable":true,"href":"https:\/\/www.peter-electronic.com\/index.php?rest_route=\/wp\/v2\/users\/1"}],"replies":[{"embeddable":true,"href":"https:\/\/www.peter-electronic.com\/index.php?rest_route=%2Fwp%2Fv2%2Fcomments&post=97"}],"version-history":[{"count":0,"href":"https:\/\/www.peter-electronic.com\/index.php?rest_route=\/wp\/v2\/pages\/97\/revisions"}],"up":[{"embeddable":true,"href":"https:\/\/www.peter-electronic.com\/index.php?rest_route=\/wp\/v2\/pages\/79"}],"wp:attachment":[{"href":"https:\/\/www.peter-electronic.com\/index.php?rest_route=%2Fwp%2Fv2%2Fmedia&parent=97"}],"curies":[{"name":"wp","href":"https:\/\/api.w.org\/{rel}","templated":true}]}}