{"id":96,"date":"2017-01-25T22:33:23","date_gmt":"2017-01-25T21:33:23","guid":{"rendered":"https:\/\/www.peter-electronic.com\/wp\/faq\/frequenzumrichter\/wann-sollte-ich-eine-eingangsdrossel-mit-meinem-frequenzumrichter-versidrive-i-verwenden\/"},"modified":"2017-01-25T22:33:23","modified_gmt":"2017-01-25T21:33:23","slug":"wann-sollte-ich-eine-eingangsdrossel-mit-meinem-frequenzumrichter-versidrive-i-verwenden","status":"publish","type":"page","link":"https:\/\/www.peter-electronic.com\/service\/faq\/frequenzumrichter\/wann-sollte-ich-eine-eingangsdrossel-mit-meinem-frequenzumrichter-versidrive-i-verwenden\/","title":{"rendered":"Wann sollte ich eine Eingangsdrossel mit meinem Frequenzumrichter VersiDrive\u00a0i verwenden?"},"content":{"rendered":"<p><em>Frequenzumrichter \u2013 Netzseitige Installation<\/em><\/p>\n<hr \/>\n<h1>Wann sollte ich eine Eingangsdrossel mit meinem Frequenzumrichter VersiDrive\u00a0i verwenden?<\/h1>\n<p>Eine Eingangsdrossel wird zwar nicht automatisch ben\u00f6tigt, doch wird sie allgemein empfohlen. Sie kann als Hilfsmittel mit der VersiDrive\u00a0i-Produktpalette eingesetzt werden, um einer problembehafteten Stromversorgung, die ein Problem f\u00fcr den Frequenzumrichter darstellt, entgegen zu wirken, und sie kann dabei helfen, die Auswirkungen des Frequenzumrichters, d.h. die Verzerrung der eingehenden Stromversorgung, zu reduzieren.<\/p>\n<p>Versorgungsoberwellen:<\/p>\n<p>Eingangsdrosseln sind so konzipiert, dass sie die an der eingehenden Stromversorgung durch nicht-lineare Lasten verursachte harmonische Verzerrung am Eingang wirksam reduzieren.<\/p>\n<p>Die meisten Umrichterproduke erzeugen auf Grund der Konfiguration des Stromeingangskreises eine harmonische Verzerrung an der Versorgung, und Eingangsdrosseln werden verwendet, um die Auswirkungen des VersiDrive\u00a0i-Ger\u00e4tes auf die harmonische Verzerrung der Versorgung zu reduzieren.<\/p>\n<p>Bei kleineren kW-Umrichtern an gr\u00f6\u00dferen Versorgungsleitungen k\u00f6nnen die Verzerrungseffekte des Frequenzumrichters noch akzeptabel sein, da die Gesamtauswirkung auf das Versorgungsnetz proportional klein ist. Bei mehreren kleinen kW-Ger\u00e4ten am selben Versorgungsnetz oder bei Umrichtern gr\u00f6\u00dferer kW-Werte sollten jedoch Eingangsdrosseln verwendet werden.<\/p>\n<p>Bei einigen VersiDrive\u00a0i-Modellen h\u00f6herer Leistungsbemessung ist eine 3-Phasen-Netzdrossel als Teil der Produkt-Basiskonzeption bereits enthalten, um die Robustheit des Produktes zu erh\u00f6hen und weitere Kostenvorteile zur Verf\u00fcgung zu stellen.<\/p>\n<p>\u00dcberpr\u00fcfen Sie stets die regional geltenden Vorschriften hinsichtlich der Grenzwerte f\u00fcr harmonische Verzerrung bzw. die Einschr\u00e4nkungen bez\u00fcglich der Qualit\u00e4t der Stromversorgung. Montieren Sie im Zweifelsfall eine Netzdrossel.<\/p>\n<p>Umrichterschutz:<\/p>\n<p>Eingangsdrosseln haben den weiteren Vorteil, dass sie den Eingang des Frequenzumrichters vor Netz-Spannungsst\u00f6\u00dfen, -spitzen und -einbr\u00fcchen sch\u00fctzen, bzw. auch dort sch\u00fctzen, wo eine Leitungsasymmetrie bestehen k\u00f6nnte (3-Phasen-Umrichter). Diese St\u00f6rgr\u00f6\u00dfen k\u00f6nnten generell durch die schlechte Qualit\u00e4t der eingehenden Versorgung oder durch andere Ger\u00e4te (wie z.B. DC-Antriebe oder Schwei\u00dfmaschinen), die am selben Versorgungsnetz vorhanden sind, verursacht werden.<\/p>\n<p>Kleinere kW-Umrichter k\u00f6nnen besonders anf\u00e4llig gegen\u00fcber Stromversorgungs- Schwankungen sein und auch empfindlich auf den Anschluss an Versorgungen mit niedriger Impedanz \/ hohem Kurzschlussstrom reagieren. In diesen F\u00e4llen werden Netzdrosseln empfohlen.<\/p>\n<p>Anmerkungen:<\/p>\n<p>Die Montage einer Eingangsnetzdrossel verursacht einen Abfall des eingehenden Versorgungsspannungspegels zum Frequenzumrichter (im Allgemeinen zwischen 2 und 5%). Stellen Sie sicher, dass bei niedrigen Spannungsversorgungen die resultierende Versorgung zum Frequenzumrichter innerhalb der im Benutzerhandbuch angegebenen Spezifikationen liegt.Die Eingangsnetzdrossel erzeugt dar\u00fcber hinaus eine gewisse zus\u00e4tzliche W\u00e4rme, die bei der Geh\u00e4usekonstruktion und \u00f6rtlichen Platzierung des Bauteils ggfs. zu ber\u00fccksichtigen sind.<\/p>\n<hr \/>\n","protected":false},"excerpt":{"rendered":"<p>Frequenzumrichter \u2013 Netzseitige Installation Wann sollte ich eine Eingangsdrossel mit meinem Frequenzumrichter VersiDrive\u00a0i verwenden? Eine Eingangsdrossel wird zwar nicht automatisch ben\u00f6tigt, doch wird sie allgemein empfohlen. Sie kann als Hilfsmittel mit der VersiDrive\u00a0i-Produktpalette eingesetzt werden, um einer problembehafteten Stromversorgung, die ein Problem f\u00fcr den Frequenzumrichter darstellt, entgegen zu wirken, und sie kann dabei helfen, die [&hellip;]<\/p>\n","protected":false},"author":1,"featured_media":0,"parent":79,"menu_order":14,"comment_status":"closed","ping_status":"closed","template":"","meta":{"_acf_changed":false,"footnotes":""},"class_list":["post-96","page","type-page","status-publish","hentry"],"acf":[],"yoast_head":"<!-- This site is optimized with the Yoast SEO plugin v23.9 - https:\/\/yoast.com\/wordpress\/plugins\/seo\/ -->\n<title>Wann sollte ich eine Eingangsdrossel mit meinem Frequenzumrichter VersiDrive\u00a0i verwenden? - Frequenzumrichter, Softstarter und Bremsger\u00e4te direkt vom Hersteller<\/title>\n<meta name=\"robots\" content=\"index, follow, max-snippet:-1, max-image-preview:large, max-video-preview:-1\" \/>\n<link rel=\"canonical\" href=\"https:\/\/www.peter-electronic.com\/service\/faq\/frequenzumrichter\/wann-sollte-ich-eine-eingangsdrossel-mit-meinem-frequenzumrichter-versidrive-i-verwenden\/\" \/>\n<script type=\"application\/ld+json\" class=\"yoast-schema-graph\">{\"@context\":\"https:\/\/schema.org\",\"@graph\":[{\"@type\":\"WebPage\",\"@id\":\"https:\/\/www.peter-electronic.com\/service\/faq\/frequenzumrichter\/wann-sollte-ich-eine-eingangsdrossel-mit-meinem-frequenzumrichter-versidrive-i-verwenden\/\",\"url\":\"https:\/\/www.peter-electronic.com\/service\/faq\/frequenzumrichter\/wann-sollte-ich-eine-eingangsdrossel-mit-meinem-frequenzumrichter-versidrive-i-verwenden\/\",\"name\":\"Wann sollte ich eine Eingangsdrossel mit meinem Frequenzumrichter VersiDrive\u00a0i verwenden? - Frequenzumrichter, Softstarter und Bremsger\u00e4te direkt vom Hersteller\",\"isPartOf\":{\"@id\":\"https:\/\/www.peter-electronic.com\/#website\"},\"datePublished\":\"2017-01-25T21:33:23+00:00\",\"dateModified\":\"2017-01-25T21:33:23+00:00\",\"breadcrumb\":{\"@id\":\"https:\/\/www.peter-electronic.com\/service\/faq\/frequenzumrichter\/wann-sollte-ich-eine-eingangsdrossel-mit-meinem-frequenzumrichter-versidrive-i-verwenden\/#breadcrumb\"},\"inLanguage\":\"de\",\"potentialAction\":[{\"@type\":\"ReadAction\",\"target\":[\"https:\/\/www.peter-electronic.com\/service\/faq\/frequenzumrichter\/wann-sollte-ich-eine-eingangsdrossel-mit-meinem-frequenzumrichter-versidrive-i-verwenden\/\"]}]},{\"@type\":\"BreadcrumbList\",\"@id\":\"https:\/\/www.peter-electronic.com\/service\/faq\/frequenzumrichter\/wann-sollte-ich-eine-eingangsdrossel-mit-meinem-frequenzumrichter-versidrive-i-verwenden\/#breadcrumb\",\"itemListElement\":[{\"@type\":\"ListItem\",\"position\":1,\"name\":\"Startseite\",\"item\":\"https:\/\/www.peter-electronic.com\/\"},{\"@type\":\"ListItem\",\"position\":2,\"name\":\"Service\",\"item\":\"https:\/\/www.peter-electronic.com\/service\/\"},{\"@type\":\"ListItem\",\"position\":3,\"name\":\"FAQ-Center\",\"item\":\"https:\/\/www.peter-electronic.com\/service\/faq\/\"},{\"@type\":\"ListItem\",\"position\":4,\"name\":\"Frequenzumrichter\",\"item\":\"https:\/\/www.peter-electronic.com\/service\/faq\/frequenzumrichter\/\"},{\"@type\":\"ListItem\",\"position\":5,\"name\":\"Wann sollte ich eine Eingangsdrossel mit meinem Frequenzumrichter VersiDrive\u00a0i verwenden?\"}]},{\"@type\":\"WebSite\",\"@id\":\"https:\/\/www.peter-electronic.com\/#website\",\"url\":\"https:\/\/www.peter-electronic.com\/\",\"name\":\"Frequenzumrichter, Softstarter und Bremsger\u00e4te direkt vom Hersteller\",\"description\":\"\",\"alternateName\":\"Frequenzumrichter, Softstarter und Bremsger\u00e4te direkt vom Hersteller\",\"potentialAction\":[{\"@type\":\"SearchAction\",\"target\":{\"@type\":\"EntryPoint\",\"urlTemplate\":\"https:\/\/www.peter-electronic.com\/?s={search_term_string}\"},\"query-input\":{\"@type\":\"PropertyValueSpecification\",\"valueRequired\":true,\"valueName\":\"search_term_string\"}}],\"inLanguage\":\"de\"}]}<\/script>\n<!-- \/ Yoast SEO plugin. -->","yoast_head_json":{"title":"Wann sollte ich eine Eingangsdrossel mit meinem Frequenzumrichter VersiDrive\u00a0i verwenden? - Frequenzumrichter, Softstarter und Bremsger\u00e4te direkt vom Hersteller","robots":{"index":"index","follow":"follow","max-snippet":"max-snippet:-1","max-image-preview":"max-image-preview:large","max-video-preview":"max-video-preview:-1"},"canonical":"https:\/\/www.peter-electronic.com\/service\/faq\/frequenzumrichter\/wann-sollte-ich-eine-eingangsdrossel-mit-meinem-frequenzumrichter-versidrive-i-verwenden\/","schema":{"@context":"https:\/\/schema.org","@graph":[{"@type":"WebPage","@id":"https:\/\/www.peter-electronic.com\/service\/faq\/frequenzumrichter\/wann-sollte-ich-eine-eingangsdrossel-mit-meinem-frequenzumrichter-versidrive-i-verwenden\/","url":"https:\/\/www.peter-electronic.com\/service\/faq\/frequenzumrichter\/wann-sollte-ich-eine-eingangsdrossel-mit-meinem-frequenzumrichter-versidrive-i-verwenden\/","name":"Wann sollte ich eine Eingangsdrossel mit meinem Frequenzumrichter VersiDrive\u00a0i verwenden? - Frequenzumrichter, Softstarter und Bremsger\u00e4te direkt vom Hersteller","isPartOf":{"@id":"https:\/\/www.peter-electronic.com\/#website"},"datePublished":"2017-01-25T21:33:23+00:00","dateModified":"2017-01-25T21:33:23+00:00","breadcrumb":{"@id":"https:\/\/www.peter-electronic.com\/service\/faq\/frequenzumrichter\/wann-sollte-ich-eine-eingangsdrossel-mit-meinem-frequenzumrichter-versidrive-i-verwenden\/#breadcrumb"},"inLanguage":"de","potentialAction":[{"@type":"ReadAction","target":["https:\/\/www.peter-electronic.com\/service\/faq\/frequenzumrichter\/wann-sollte-ich-eine-eingangsdrossel-mit-meinem-frequenzumrichter-versidrive-i-verwenden\/"]}]},{"@type":"BreadcrumbList","@id":"https:\/\/www.peter-electronic.com\/service\/faq\/frequenzumrichter\/wann-sollte-ich-eine-eingangsdrossel-mit-meinem-frequenzumrichter-versidrive-i-verwenden\/#breadcrumb","itemListElement":[{"@type":"ListItem","position":1,"name":"Startseite","item":"https:\/\/www.peter-electronic.com\/"},{"@type":"ListItem","position":2,"name":"Service","item":"https:\/\/www.peter-electronic.com\/service\/"},{"@type":"ListItem","position":3,"name":"FAQ-Center","item":"https:\/\/www.peter-electronic.com\/service\/faq\/"},{"@type":"ListItem","position":4,"name":"Frequenzumrichter","item":"https:\/\/www.peter-electronic.com\/service\/faq\/frequenzumrichter\/"},{"@type":"ListItem","position":5,"name":"Wann sollte ich eine Eingangsdrossel mit meinem Frequenzumrichter VersiDrive\u00a0i verwenden?"}]},{"@type":"WebSite","@id":"https:\/\/www.peter-electronic.com\/#website","url":"https:\/\/www.peter-electronic.com\/","name":"Frequenzumrichter, Softstarter und Bremsger\u00e4te direkt vom Hersteller","description":"","alternateName":"Frequenzumrichter, Softstarter und Bremsger\u00e4te direkt vom Hersteller","potentialAction":[{"@type":"SearchAction","target":{"@type":"EntryPoint","urlTemplate":"https:\/\/www.peter-electronic.com\/?s={search_term_string}"},"query-input":{"@type":"PropertyValueSpecification","valueRequired":true,"valueName":"search_term_string"}}],"inLanguage":"de"}]}},"_links":{"self":[{"href":"https:\/\/www.peter-electronic.com\/index.php?rest_route=\/wp\/v2\/pages\/96","targetHints":{"allow":["GET"]}}],"collection":[{"href":"https:\/\/www.peter-electronic.com\/index.php?rest_route=\/wp\/v2\/pages"}],"about":[{"href":"https:\/\/www.peter-electronic.com\/index.php?rest_route=\/wp\/v2\/types\/page"}],"author":[{"embeddable":true,"href":"https:\/\/www.peter-electronic.com\/index.php?rest_route=\/wp\/v2\/users\/1"}],"replies":[{"embeddable":true,"href":"https:\/\/www.peter-electronic.com\/index.php?rest_route=%2Fwp%2Fv2%2Fcomments&post=96"}],"version-history":[{"count":0,"href":"https:\/\/www.peter-electronic.com\/index.php?rest_route=\/wp\/v2\/pages\/96\/revisions"}],"up":[{"embeddable":true,"href":"https:\/\/www.peter-electronic.com\/index.php?rest_route=\/wp\/v2\/pages\/79"}],"wp:attachment":[{"href":"https:\/\/www.peter-electronic.com\/index.php?rest_route=%2Fwp%2Fv2%2Fmedia&parent=96"}],"curies":[{"name":"wp","href":"https:\/\/api.w.org\/{rel}","templated":true}]}}