{"id":95,"date":"2017-01-25T22:33:23","date_gmt":"2017-01-25T21:33:23","guid":{"rendered":"https:\/\/www.peter-electronic.com\/wp\/faq\/frequenzumrichter\/kann-ich-zwischen-dem-frequenzumrichter-versidrive-i-ausgang-und-dem-motor-einen-schalter-oder-ein-schuetz-platzieren\/"},"modified":"2017-01-25T22:33:23","modified_gmt":"2017-01-25T21:33:23","slug":"kann-ich-zwischen-dem-frequenzumrichter-versidrive-i-ausgang-und-dem-motor-einen-schalter-oder-ein-schuetz-platzieren","status":"publish","type":"page","link":"https:\/\/www.peter-electronic.com\/service\/faq\/frequenzumrichter\/kann-ich-zwischen-dem-frequenzumrichter-versidrive-i-ausgang-und-dem-motor-einen-schalter-oder-ein-schuetz-platzieren\/","title":{"rendered":"Kann ich zwischen dem Frequenzumrichter VersiDrive\u00a0i-Ausgang und dem Motor einen Schalter oder ein Sch\u00fctz platzieren?"},"content":{"rendered":"<p><em>Frequenzumrichter \u2013 Motorseitige Installation<\/em><\/p>\n<hr \/>\n<h1>Kann ich zwischen dem Frequenzumrichter VersiDrive&nbsp;i-Ausgang und dem Motor einen Schalter oder ein Sch\u00fctz platzieren?<\/h1>\n<p>Die Verbindung zwischen dem Frequenzumrichter-Ausgang und dem Motorkabel darf generell nicht unterbrochen werden. Der Motor muss abgetrennt sein, indem der Strom zum VersiDrive\u00a0i-Ger\u00e4t abgeschaltet und dann gewartet wird, bis sich der Frequenzumrichter-Bus entl\u00e4dt.<\/p>\n<p>Zwischen dem Frequenzumrichter und dem Motor darf niemals ein manuell bet\u00e4tigter Schalter oder Sch\u00fctz platziert werden, da eine Bet\u00e4tigung des Schalters bei laufendem Frequenzumrichter zu einer Besch\u00e4digung des Systems f\u00fchren k\u00f6nnte.<\/p>\n<p>Ein Ausgangssch\u00fctz k\u00f6nnte zur Motortrennung verwendet werden, vorausgesetzt, es werden Ma\u00dfnahmen dahingehend ergriffen, das Sch\u00fctz so lange zu verriegeln, bis der Umrichterausgang gesperrt wurde. Informationen zur Konfiguration des VersiDrive\u00a0i-Ger\u00e4tes f\u00fcr einen verriegelten Betrieb erhalten Sie beim Produkt-Support von PETER electronic.<\/p>\n<hr \/>\n","protected":false},"excerpt":{"rendered":"<p>Frequenzumrichter \u2013 Motorseitige Installation Kann ich zwischen dem Frequenzumrichter VersiDrive&nbsp;i-Ausgang und dem Motor einen Schalter oder ein Sch\u00fctz platzieren? Die Verbindung zwischen dem Frequenzumrichter-Ausgang und dem Motorkabel darf generell nicht unterbrochen werden. Der Motor muss abgetrennt sein, indem der Strom zum VersiDrive\u00a0i-Ger\u00e4t abgeschaltet und dann gewartet wird, bis sich der Frequenzumrichter-Bus entl\u00e4dt. Zwischen dem Frequenzumrichter [&hellip;]<\/p>\n","protected":false},"author":1,"featured_media":0,"parent":79,"menu_order":13,"comment_status":"closed","ping_status":"closed","template":"","meta":{"_acf_changed":false,"footnotes":""},"class_list":["post-95","page","type-page","status-publish","hentry"],"acf":[],"yoast_head":"<!-- This site is optimized with the Yoast SEO plugin v23.9 - https:\/\/yoast.com\/wordpress\/plugins\/seo\/ -->\n<title>Kann ich zwischen dem Frequenzumrichter VersiDrive\u00a0i-Ausgang und dem Motor einen Schalter oder ein Sch\u00fctz platzieren? - Frequenzumrichter, Softstarter und Bremsger\u00e4te direkt vom Hersteller<\/title>\n<meta name=\"robots\" content=\"index, follow, max-snippet:-1, max-image-preview:large, max-video-preview:-1\" \/>\n<link rel=\"canonical\" href=\"https:\/\/www.peter-electronic.com\/service\/faq\/frequenzumrichter\/kann-ich-zwischen-dem-frequenzumrichter-versidrive-i-ausgang-und-dem-motor-einen-schalter-oder-ein-schuetz-platzieren\/\" \/>\n<script type=\"application\/ld+json\" class=\"yoast-schema-graph\">{\"@context\":\"https:\/\/schema.org\",\"@graph\":[{\"@type\":\"WebPage\",\"@id\":\"https:\/\/www.peter-electronic.com\/service\/faq\/frequenzumrichter\/kann-ich-zwischen-dem-frequenzumrichter-versidrive-i-ausgang-und-dem-motor-einen-schalter-oder-ein-schuetz-platzieren\/\",\"url\":\"https:\/\/www.peter-electronic.com\/service\/faq\/frequenzumrichter\/kann-ich-zwischen-dem-frequenzumrichter-versidrive-i-ausgang-und-dem-motor-einen-schalter-oder-ein-schuetz-platzieren\/\",\"name\":\"Kann ich zwischen dem Frequenzumrichter VersiDrive\u00a0i-Ausgang und dem Motor einen Schalter oder ein Sch\u00fctz platzieren? - Frequenzumrichter, Softstarter und Bremsger\u00e4te direkt vom Hersteller\",\"isPartOf\":{\"@id\":\"https:\/\/www.peter-electronic.com\/#website\"},\"datePublished\":\"2017-01-25T21:33:23+00:00\",\"dateModified\":\"2017-01-25T21:33:23+00:00\",\"breadcrumb\":{\"@id\":\"https:\/\/www.peter-electronic.com\/service\/faq\/frequenzumrichter\/kann-ich-zwischen-dem-frequenzumrichter-versidrive-i-ausgang-und-dem-motor-einen-schalter-oder-ein-schuetz-platzieren\/#breadcrumb\"},\"inLanguage\":\"de\",\"potentialAction\":[{\"@type\":\"ReadAction\",\"target\":[\"https:\/\/www.peter-electronic.com\/service\/faq\/frequenzumrichter\/kann-ich-zwischen-dem-frequenzumrichter-versidrive-i-ausgang-und-dem-motor-einen-schalter-oder-ein-schuetz-platzieren\/\"]}]},{\"@type\":\"BreadcrumbList\",\"@id\":\"https:\/\/www.peter-electronic.com\/service\/faq\/frequenzumrichter\/kann-ich-zwischen-dem-frequenzumrichter-versidrive-i-ausgang-und-dem-motor-einen-schalter-oder-ein-schuetz-platzieren\/#breadcrumb\",\"itemListElement\":[{\"@type\":\"ListItem\",\"position\":1,\"name\":\"Startseite\",\"item\":\"https:\/\/www.peter-electronic.com\/\"},{\"@type\":\"ListItem\",\"position\":2,\"name\":\"Service\",\"item\":\"https:\/\/www.peter-electronic.com\/service\/\"},{\"@type\":\"ListItem\",\"position\":3,\"name\":\"FAQ-Center\",\"item\":\"https:\/\/www.peter-electronic.com\/service\/faq\/\"},{\"@type\":\"ListItem\",\"position\":4,\"name\":\"Frequenzumrichter\",\"item\":\"https:\/\/www.peter-electronic.com\/service\/faq\/frequenzumrichter\/\"},{\"@type\":\"ListItem\",\"position\":5,\"name\":\"Kann ich zwischen dem Frequenzumrichter VersiDrive\u00a0i-Ausgang und dem Motor einen Schalter oder ein Sch\u00fctz platzieren?\"}]},{\"@type\":\"WebSite\",\"@id\":\"https:\/\/www.peter-electronic.com\/#website\",\"url\":\"https:\/\/www.peter-electronic.com\/\",\"name\":\"Frequenzumrichter, Softstarter und Bremsger\u00e4te direkt vom Hersteller\",\"description\":\"\",\"alternateName\":\"Frequenzumrichter, Softstarter und Bremsger\u00e4te direkt vom Hersteller\",\"potentialAction\":[{\"@type\":\"SearchAction\",\"target\":{\"@type\":\"EntryPoint\",\"urlTemplate\":\"https:\/\/www.peter-electronic.com\/?s={search_term_string}\"},\"query-input\":{\"@type\":\"PropertyValueSpecification\",\"valueRequired\":true,\"valueName\":\"search_term_string\"}}],\"inLanguage\":\"de\"}]}<\/script>\n<!-- \/ Yoast SEO plugin. -->","yoast_head_json":{"title":"Kann ich zwischen dem Frequenzumrichter VersiDrive\u00a0i-Ausgang und dem Motor einen Schalter oder ein Sch\u00fctz platzieren? - Frequenzumrichter, Softstarter und Bremsger\u00e4te direkt vom Hersteller","robots":{"index":"index","follow":"follow","max-snippet":"max-snippet:-1","max-image-preview":"max-image-preview:large","max-video-preview":"max-video-preview:-1"},"canonical":"https:\/\/www.peter-electronic.com\/service\/faq\/frequenzumrichter\/kann-ich-zwischen-dem-frequenzumrichter-versidrive-i-ausgang-und-dem-motor-einen-schalter-oder-ein-schuetz-platzieren\/","schema":{"@context":"https:\/\/schema.org","@graph":[{"@type":"WebPage","@id":"https:\/\/www.peter-electronic.com\/service\/faq\/frequenzumrichter\/kann-ich-zwischen-dem-frequenzumrichter-versidrive-i-ausgang-und-dem-motor-einen-schalter-oder-ein-schuetz-platzieren\/","url":"https:\/\/www.peter-electronic.com\/service\/faq\/frequenzumrichter\/kann-ich-zwischen-dem-frequenzumrichter-versidrive-i-ausgang-und-dem-motor-einen-schalter-oder-ein-schuetz-platzieren\/","name":"Kann ich zwischen dem Frequenzumrichter VersiDrive\u00a0i-Ausgang und dem Motor einen Schalter oder ein Sch\u00fctz platzieren? - Frequenzumrichter, Softstarter und Bremsger\u00e4te direkt vom Hersteller","isPartOf":{"@id":"https:\/\/www.peter-electronic.com\/#website"},"datePublished":"2017-01-25T21:33:23+00:00","dateModified":"2017-01-25T21:33:23+00:00","breadcrumb":{"@id":"https:\/\/www.peter-electronic.com\/service\/faq\/frequenzumrichter\/kann-ich-zwischen-dem-frequenzumrichter-versidrive-i-ausgang-und-dem-motor-einen-schalter-oder-ein-schuetz-platzieren\/#breadcrumb"},"inLanguage":"de","potentialAction":[{"@type":"ReadAction","target":["https:\/\/www.peter-electronic.com\/service\/faq\/frequenzumrichter\/kann-ich-zwischen-dem-frequenzumrichter-versidrive-i-ausgang-und-dem-motor-einen-schalter-oder-ein-schuetz-platzieren\/"]}]},{"@type":"BreadcrumbList","@id":"https:\/\/www.peter-electronic.com\/service\/faq\/frequenzumrichter\/kann-ich-zwischen-dem-frequenzumrichter-versidrive-i-ausgang-und-dem-motor-einen-schalter-oder-ein-schuetz-platzieren\/#breadcrumb","itemListElement":[{"@type":"ListItem","position":1,"name":"Startseite","item":"https:\/\/www.peter-electronic.com\/"},{"@type":"ListItem","position":2,"name":"Service","item":"https:\/\/www.peter-electronic.com\/service\/"},{"@type":"ListItem","position":3,"name":"FAQ-Center","item":"https:\/\/www.peter-electronic.com\/service\/faq\/"},{"@type":"ListItem","position":4,"name":"Frequenzumrichter","item":"https:\/\/www.peter-electronic.com\/service\/faq\/frequenzumrichter\/"},{"@type":"ListItem","position":5,"name":"Kann ich zwischen dem Frequenzumrichter VersiDrive\u00a0i-Ausgang und dem Motor einen Schalter oder ein Sch\u00fctz platzieren?"}]},{"@type":"WebSite","@id":"https:\/\/www.peter-electronic.com\/#website","url":"https:\/\/www.peter-electronic.com\/","name":"Frequenzumrichter, Softstarter und Bremsger\u00e4te direkt vom Hersteller","description":"","alternateName":"Frequenzumrichter, Softstarter und Bremsger\u00e4te direkt vom Hersteller","potentialAction":[{"@type":"SearchAction","target":{"@type":"EntryPoint","urlTemplate":"https:\/\/www.peter-electronic.com\/?s={search_term_string}"},"query-input":{"@type":"PropertyValueSpecification","valueRequired":true,"valueName":"search_term_string"}}],"inLanguage":"de"}]}},"_links":{"self":[{"href":"https:\/\/www.peter-electronic.com\/index.php?rest_route=\/wp\/v2\/pages\/95","targetHints":{"allow":["GET"]}}],"collection":[{"href":"https:\/\/www.peter-electronic.com\/index.php?rest_route=\/wp\/v2\/pages"}],"about":[{"href":"https:\/\/www.peter-electronic.com\/index.php?rest_route=\/wp\/v2\/types\/page"}],"author":[{"embeddable":true,"href":"https:\/\/www.peter-electronic.com\/index.php?rest_route=\/wp\/v2\/users\/1"}],"replies":[{"embeddable":true,"href":"https:\/\/www.peter-electronic.com\/index.php?rest_route=%2Fwp%2Fv2%2Fcomments&post=95"}],"version-history":[{"count":0,"href":"https:\/\/www.peter-electronic.com\/index.php?rest_route=\/wp\/v2\/pages\/95\/revisions"}],"up":[{"embeddable":true,"href":"https:\/\/www.peter-electronic.com\/index.php?rest_route=\/wp\/v2\/pages\/79"}],"wp:attachment":[{"href":"https:\/\/www.peter-electronic.com\/index.php?rest_route=%2Fwp%2Fv2%2Fmedia&parent=95"}],"curies":[{"name":"wp","href":"https:\/\/api.w.org\/{rel}","templated":true}]}}