{"id":9367,"date":"2017-01-27T09:03:06","date_gmt":"2017-01-27T08:03:06","guid":{"rendered":"https:\/\/www.peter-electronic.com\/blog\/?page_id=117"},"modified":"2023-02-20T10:38:33","modified_gmt":"2023-02-20T09:38:33","slug":"vertriebspartner-europa","status":"publish","type":"page","link":"https:\/\/www.peter-electronic.com\/kontakt\/vertriebsnetz\/vertriebspartner-europa\/","title":{"rendered":"Vertriebspartner Europa"},"content":{"rendered":"<p>Sie k\u00f6nnen unser Produktspektrum in ganz Europa beziehen. Kontaktieren Sie einfach unseren Vertriebspartner vor Ort. Oder m\u00f6chten Sie Teil unseres internationalen Vertriebsnetzes werden? Dann f\u00fcllen Sie einfach unser <a class=\"lightbox-link\" href=\"https:\/\/www.peter-electronic.com\/vertriebspartner-werden\/\">Vertriebspartnerformular<\/a> aus und wir setzen uns umgehend mit Ihnen in Verbindung.<\/p>\n","protected":false},"excerpt":{"rendered":"<p>Sie k\u00f6nnen unser Produktspektrum in ganz Europa beziehen. Kontaktieren Sie einfach unseren Vertriebspartner vor Ort. Oder m\u00f6chten Sie Teil unseres internationalen Vertriebsnetzes werden? Dann f\u00fcllen Sie einfach unser Vertriebspartnerformular aus und wir setzen uns umgehend mit Ihnen in Verbindung.<\/p>\n","protected":false},"author":1,"featured_media":0,"parent":326,"menu_order":0,"comment_status":"closed","ping_status":"closed","template":"","meta":{"_acf_changed":false,"footnotes":""},"class_list":["post-9367","page","type-page","status-publish","hentry"],"acf":[],"yoast_head":"<!-- This site is optimized with the Yoast SEO plugin v23.9 - https:\/\/yoast.com\/wordpress\/plugins\/seo\/ -->\n<title>Vertriebspartner Europa - Frequenzumrichter, Softstarter und Bremsger\u00e4te direkt vom Hersteller<\/title>\n<meta name=\"robots\" content=\"index, follow, max-snippet:-1, max-image-preview:large, max-video-preview:-1\" \/>\n<link rel=\"canonical\" href=\"https:\/\/www.peter-electronic.com\/kontakt\/vertriebsnetz\/vertriebspartner-europa\/\" \/>\n<script type=\"application\/ld+json\" class=\"yoast-schema-graph\">{\"@context\":\"https:\/\/schema.org\",\"@graph\":[{\"@type\":\"WebPage\",\"@id\":\"https:\/\/www.peter-electronic.com\/kontakt\/vertriebsnetz\/vertriebspartner-europa\/\",\"url\":\"https:\/\/www.peter-electronic.com\/kontakt\/vertriebsnetz\/vertriebspartner-europa\/\",\"name\":\"Vertriebspartner Europa - Frequenzumrichter, Softstarter und Bremsger\u00e4te direkt vom Hersteller\",\"isPartOf\":{\"@id\":\"https:\/\/www.peter-electronic.com\/#website\"},\"datePublished\":\"2017-01-27T08:03:06+00:00\",\"dateModified\":\"2023-02-20T09:38:33+00:00\",\"breadcrumb\":{\"@id\":\"https:\/\/www.peter-electronic.com\/kontakt\/vertriebsnetz\/vertriebspartner-europa\/#breadcrumb\"},\"inLanguage\":\"de\",\"potentialAction\":[{\"@type\":\"ReadAction\",\"target\":[\"https:\/\/www.peter-electronic.com\/kontakt\/vertriebsnetz\/vertriebspartner-europa\/\"]}]},{\"@type\":\"BreadcrumbList\",\"@id\":\"https:\/\/www.peter-electronic.com\/kontakt\/vertriebsnetz\/vertriebspartner-europa\/#breadcrumb\",\"itemListElement\":[{\"@type\":\"ListItem\",\"position\":1,\"name\":\"Startseite\",\"item\":\"https:\/\/www.peter-electronic.com\/\"},{\"@type\":\"ListItem\",\"position\":2,\"name\":\"Kontakt\",\"item\":\"https:\/\/www.peter-electronic.com\/kontakt\/\"},{\"@type\":\"ListItem\",\"position\":3,\"name\":\"Vertriebsnetz\",\"item\":\"https:\/\/www.peter-electronic.com\/kontakt\/vertriebsnetz\/\"},{\"@type\":\"ListItem\",\"position\":4,\"name\":\"Vertriebspartner Europa\"}]},{\"@type\":\"WebSite\",\"@id\":\"https:\/\/www.peter-electronic.com\/#website\",\"url\":\"https:\/\/www.peter-electronic.com\/\",\"name\":\"Frequenzumrichter, Softstarter und Bremsger\u00e4te direkt vom Hersteller\",\"description\":\"\",\"alternateName\":\"Frequenzumrichter, Softstarter und Bremsger\u00e4te direkt vom Hersteller\",\"potentialAction\":[{\"@type\":\"SearchAction\",\"target\":{\"@type\":\"EntryPoint\",\"urlTemplate\":\"https:\/\/www.peter-electronic.com\/?s={search_term_string}\"},\"query-input\":{\"@type\":\"PropertyValueSpecification\",\"valueRequired\":true,\"valueName\":\"search_term_string\"}}],\"inLanguage\":\"de\"}]}<\/script>\n<!-- \/ Yoast SEO plugin. -->","yoast_head_json":{"title":"Vertriebspartner Europa - Frequenzumrichter, Softstarter und Bremsger\u00e4te direkt vom Hersteller","robots":{"index":"index","follow":"follow","max-snippet":"max-snippet:-1","max-image-preview":"max-image-preview:large","max-video-preview":"max-video-preview:-1"},"canonical":"https:\/\/www.peter-electronic.com\/kontakt\/vertriebsnetz\/vertriebspartner-europa\/","schema":{"@context":"https:\/\/schema.org","@graph":[{"@type":"WebPage","@id":"https:\/\/www.peter-electronic.com\/kontakt\/vertriebsnetz\/vertriebspartner-europa\/","url":"https:\/\/www.peter-electronic.com\/kontakt\/vertriebsnetz\/vertriebspartner-europa\/","name":"Vertriebspartner Europa - Frequenzumrichter, Softstarter und Bremsger\u00e4te direkt vom Hersteller","isPartOf":{"@id":"https:\/\/www.peter-electronic.com\/#website"},"datePublished":"2017-01-27T08:03:06+00:00","dateModified":"2023-02-20T09:38:33+00:00","breadcrumb":{"@id":"https:\/\/www.peter-electronic.com\/kontakt\/vertriebsnetz\/vertriebspartner-europa\/#breadcrumb"},"inLanguage":"de","potentialAction":[{"@type":"ReadAction","target":["https:\/\/www.peter-electronic.com\/kontakt\/vertriebsnetz\/vertriebspartner-europa\/"]}]},{"@type":"BreadcrumbList","@id":"https:\/\/www.peter-electronic.com\/kontakt\/vertriebsnetz\/vertriebspartner-europa\/#breadcrumb","itemListElement":[{"@type":"ListItem","position":1,"name":"Startseite","item":"https:\/\/www.peter-electronic.com\/"},{"@type":"ListItem","position":2,"name":"Kontakt","item":"https:\/\/www.peter-electronic.com\/kontakt\/"},{"@type":"ListItem","position":3,"name":"Vertriebsnetz","item":"https:\/\/www.peter-electronic.com\/kontakt\/vertriebsnetz\/"},{"@type":"ListItem","position":4,"name":"Vertriebspartner Europa"}]},{"@type":"WebSite","@id":"https:\/\/www.peter-electronic.com\/#website","url":"https:\/\/www.peter-electronic.com\/","name":"Frequenzumrichter, Softstarter und Bremsger\u00e4te direkt vom Hersteller","description":"","alternateName":"Frequenzumrichter, Softstarter und Bremsger\u00e4te direkt vom Hersteller","potentialAction":[{"@type":"SearchAction","target":{"@type":"EntryPoint","urlTemplate":"https:\/\/www.peter-electronic.com\/?s={search_term_string}"},"query-input":{"@type":"PropertyValueSpecification","valueRequired":true,"valueName":"search_term_string"}}],"inLanguage":"de"}]}},"_links":{"self":[{"href":"https:\/\/www.peter-electronic.com\/index.php?rest_route=\/wp\/v2\/pages\/9367","targetHints":{"allow":["GET"]}}],"collection":[{"href":"https:\/\/www.peter-electronic.com\/index.php?rest_route=\/wp\/v2\/pages"}],"about":[{"href":"https:\/\/www.peter-electronic.com\/index.php?rest_route=\/wp\/v2\/types\/page"}],"author":[{"embeddable":true,"href":"https:\/\/www.peter-electronic.com\/index.php?rest_route=\/wp\/v2\/users\/1"}],"replies":[{"embeddable":true,"href":"https:\/\/www.peter-electronic.com\/index.php?rest_route=%2Fwp%2Fv2%2Fcomments&post=9367"}],"version-history":[{"count":1,"href":"https:\/\/www.peter-electronic.com\/index.php?rest_route=\/wp\/v2\/pages\/9367\/revisions"}],"predecessor-version":[{"id":9480,"href":"https:\/\/www.peter-electronic.com\/index.php?rest_route=\/wp\/v2\/pages\/9367\/revisions\/9480"}],"up":[{"embeddable":true,"href":"https:\/\/www.peter-electronic.com\/index.php?rest_route=\/wp\/v2\/pages\/326"}],"wp:attachment":[{"href":"https:\/\/www.peter-electronic.com\/index.php?rest_route=%2Fwp%2Fv2%2Fmedia&parent=9367"}],"curies":[{"name":"wp","href":"https:\/\/api.w.org\/{rel}","templated":true}]}}