{"id":9366,"date":"2017-01-25T22:33:23","date_gmt":"2017-01-25T21:33:23","guid":{"rendered":"https:\/\/www.peter-electronic.com\/wp\/faq\/frequenzumrichter\/wie-kann-ich-mechanische-resonanz-bei-bestimmten-motordrehzahlen-verhindern\/"},"modified":"2017-01-25T22:33:23","modified_gmt":"2017-01-25T21:33:23","slug":"wie-kann-ich-mechanische-resonanz-bei-bestimmten-motordrehzahlen-verhindern","status":"publish","type":"page","link":"https:\/\/www.peter-electronic.com\/service\/faq\/frequenzumrichter\/wie-kann-ich-mechanische-resonanz-bei-bestimmten-motordrehzahlen-verhindern\/","title":{"rendered":"Wie kann ich mechanische Resonanz bei bestimmten Motordrehzahlen verhindern?"},"content":{"rendered":"<p><em>Frequenzumrichter \u2013 im Betrieb<\/em><\/p>\n<hr \/>\n<h1>Wie kann ich mechanische Resonanz bei bestimmten Motordrehzahlen verhindern?<\/h1>\n<p>VersiDrive i-Produkte verf\u00fcgen \u00fcber eine Ausblendfrequenz (skip frequency)-Funktion, die verwendet werden kann, um ein Frequenzband einzurichten, das die Frequenzumrichter-Ausgangsfrequenz zwar durchlaufen kann, innerhalb dessen jedoch ein kontinuierlicher Betrieb nie erfolgt.<\/p>\n<p>Diese Funktion wird typischerweise verwendet, um einen kontinuierlichen Betrieb nahe an einer Frequenz zu vermeiden, bei der eine mechanische Resonanz auftreten kann. Eine solche Resonanz kann einfach \u00fcberm\u00e4\u00dfigen L\u00e4rm verursachen oder in bestimmten F\u00e4llen zu mechanischen Belastungen f\u00fchren, die ein mechanisches Versagen zur Folge haben k\u00f6nnten.<\/p>\n<hr \/>\n","protected":false},"excerpt":{"rendered":"<p>Frequenzumrichter \u2013 im Betrieb Wie kann ich mechanische Resonanz bei bestimmten Motordrehzahlen verhindern? VersiDrive i-Produkte verf\u00fcgen \u00fcber eine Ausblendfrequenz (skip frequency)-Funktion, die verwendet werden kann, um ein Frequenzband einzurichten, das die Frequenzumrichter-Ausgangsfrequenz zwar durchlaufen kann, innerhalb dessen jedoch ein kontinuierlicher Betrieb nie erfolgt. Diese Funktion wird typischerweise verwendet, um einen kontinuierlichen Betrieb nahe an einer [&hellip;]<\/p>\n","protected":false},"author":1,"featured_media":0,"parent":79,"menu_order":12,"comment_status":"closed","ping_status":"closed","template":"","meta":{"_acf_changed":false,"footnotes":""},"class_list":["post-9366","page","type-page","status-publish","hentry"],"acf":[],"yoast_head":"<!-- This site is optimized with the Yoast SEO plugin v23.9 - https:\/\/yoast.com\/wordpress\/plugins\/seo\/ -->\n<title>Wie kann ich mechanische Resonanz bei bestimmten Motordrehzahlen verhindern? - Frequenzumrichter, Softstarter und Bremsger\u00e4te direkt vom Hersteller<\/title>\n<meta name=\"robots\" content=\"index, follow, max-snippet:-1, max-image-preview:large, max-video-preview:-1\" \/>\n<link rel=\"canonical\" href=\"https:\/\/www.peter-electronic.com\/service\/faq\/frequenzumrichter\/wie-kann-ich-mechanische-resonanz-bei-bestimmten-motordrehzahlen-verhindern\/\" \/>\n<script type=\"application\/ld+json\" class=\"yoast-schema-graph\">{\"@context\":\"https:\/\/schema.org\",\"@graph\":[{\"@type\":\"WebPage\",\"@id\":\"https:\/\/www.peter-electronic.com\/service\/faq\/frequenzumrichter\/wie-kann-ich-mechanische-resonanz-bei-bestimmten-motordrehzahlen-verhindern\/\",\"url\":\"https:\/\/www.peter-electronic.com\/service\/faq\/frequenzumrichter\/wie-kann-ich-mechanische-resonanz-bei-bestimmten-motordrehzahlen-verhindern\/\",\"name\":\"Wie kann ich mechanische Resonanz bei bestimmten Motordrehzahlen verhindern? - Frequenzumrichter, Softstarter und Bremsger\u00e4te direkt vom Hersteller\",\"isPartOf\":{\"@id\":\"https:\/\/www.peter-electronic.com\/#website\"},\"datePublished\":\"2017-01-25T21:33:23+00:00\",\"dateModified\":\"2017-01-25T21:33:23+00:00\",\"breadcrumb\":{\"@id\":\"https:\/\/www.peter-electronic.com\/service\/faq\/frequenzumrichter\/wie-kann-ich-mechanische-resonanz-bei-bestimmten-motordrehzahlen-verhindern\/#breadcrumb\"},\"inLanguage\":\"de\",\"potentialAction\":[{\"@type\":\"ReadAction\",\"target\":[\"https:\/\/www.peter-electronic.com\/service\/faq\/frequenzumrichter\/wie-kann-ich-mechanische-resonanz-bei-bestimmten-motordrehzahlen-verhindern\/\"]}]},{\"@type\":\"BreadcrumbList\",\"@id\":\"https:\/\/www.peter-electronic.com\/service\/faq\/frequenzumrichter\/wie-kann-ich-mechanische-resonanz-bei-bestimmten-motordrehzahlen-verhindern\/#breadcrumb\",\"itemListElement\":[{\"@type\":\"ListItem\",\"position\":1,\"name\":\"Startseite\",\"item\":\"https:\/\/www.peter-electronic.com\/\"},{\"@type\":\"ListItem\",\"position\":2,\"name\":\"Service\",\"item\":\"https:\/\/www.peter-electronic.com\/service\/\"},{\"@type\":\"ListItem\",\"position\":3,\"name\":\"FAQ-Center\",\"item\":\"https:\/\/www.peter-electronic.com\/service\/faq\/\"},{\"@type\":\"ListItem\",\"position\":4,\"name\":\"Frequenzumrichter\",\"item\":\"https:\/\/www.peter-electronic.com\/service\/faq\/frequenzumrichter\/\"},{\"@type\":\"ListItem\",\"position\":5,\"name\":\"Wie kann ich mechanische Resonanz bei bestimmten Motordrehzahlen verhindern?\"}]},{\"@type\":\"WebSite\",\"@id\":\"https:\/\/www.peter-electronic.com\/#website\",\"url\":\"https:\/\/www.peter-electronic.com\/\",\"name\":\"Frequenzumrichter, Softstarter und Bremsger\u00e4te direkt vom Hersteller\",\"description\":\"\",\"alternateName\":\"Frequenzumrichter, Softstarter und Bremsger\u00e4te direkt vom Hersteller\",\"potentialAction\":[{\"@type\":\"SearchAction\",\"target\":{\"@type\":\"EntryPoint\",\"urlTemplate\":\"https:\/\/www.peter-electronic.com\/?s={search_term_string}\"},\"query-input\":{\"@type\":\"PropertyValueSpecification\",\"valueRequired\":true,\"valueName\":\"search_term_string\"}}],\"inLanguage\":\"de\"}]}<\/script>\n<!-- \/ Yoast SEO plugin. -->","yoast_head_json":{"title":"Wie kann ich mechanische Resonanz bei bestimmten Motordrehzahlen verhindern? - Frequenzumrichter, Softstarter und Bremsger\u00e4te direkt vom Hersteller","robots":{"index":"index","follow":"follow","max-snippet":"max-snippet:-1","max-image-preview":"max-image-preview:large","max-video-preview":"max-video-preview:-1"},"canonical":"https:\/\/www.peter-electronic.com\/service\/faq\/frequenzumrichter\/wie-kann-ich-mechanische-resonanz-bei-bestimmten-motordrehzahlen-verhindern\/","schema":{"@context":"https:\/\/schema.org","@graph":[{"@type":"WebPage","@id":"https:\/\/www.peter-electronic.com\/service\/faq\/frequenzumrichter\/wie-kann-ich-mechanische-resonanz-bei-bestimmten-motordrehzahlen-verhindern\/","url":"https:\/\/www.peter-electronic.com\/service\/faq\/frequenzumrichter\/wie-kann-ich-mechanische-resonanz-bei-bestimmten-motordrehzahlen-verhindern\/","name":"Wie kann ich mechanische Resonanz bei bestimmten Motordrehzahlen verhindern? - Frequenzumrichter, Softstarter und Bremsger\u00e4te direkt vom Hersteller","isPartOf":{"@id":"https:\/\/www.peter-electronic.com\/#website"},"datePublished":"2017-01-25T21:33:23+00:00","dateModified":"2017-01-25T21:33:23+00:00","breadcrumb":{"@id":"https:\/\/www.peter-electronic.com\/service\/faq\/frequenzumrichter\/wie-kann-ich-mechanische-resonanz-bei-bestimmten-motordrehzahlen-verhindern\/#breadcrumb"},"inLanguage":"de","potentialAction":[{"@type":"ReadAction","target":["https:\/\/www.peter-electronic.com\/service\/faq\/frequenzumrichter\/wie-kann-ich-mechanische-resonanz-bei-bestimmten-motordrehzahlen-verhindern\/"]}]},{"@type":"BreadcrumbList","@id":"https:\/\/www.peter-electronic.com\/service\/faq\/frequenzumrichter\/wie-kann-ich-mechanische-resonanz-bei-bestimmten-motordrehzahlen-verhindern\/#breadcrumb","itemListElement":[{"@type":"ListItem","position":1,"name":"Startseite","item":"https:\/\/www.peter-electronic.com\/"},{"@type":"ListItem","position":2,"name":"Service","item":"https:\/\/www.peter-electronic.com\/service\/"},{"@type":"ListItem","position":3,"name":"FAQ-Center","item":"https:\/\/www.peter-electronic.com\/service\/faq\/"},{"@type":"ListItem","position":4,"name":"Frequenzumrichter","item":"https:\/\/www.peter-electronic.com\/service\/faq\/frequenzumrichter\/"},{"@type":"ListItem","position":5,"name":"Wie kann ich mechanische Resonanz bei bestimmten Motordrehzahlen verhindern?"}]},{"@type":"WebSite","@id":"https:\/\/www.peter-electronic.com\/#website","url":"https:\/\/www.peter-electronic.com\/","name":"Frequenzumrichter, Softstarter und Bremsger\u00e4te direkt vom Hersteller","description":"","alternateName":"Frequenzumrichter, Softstarter und Bremsger\u00e4te direkt vom Hersteller","potentialAction":[{"@type":"SearchAction","target":{"@type":"EntryPoint","urlTemplate":"https:\/\/www.peter-electronic.com\/?s={search_term_string}"},"query-input":{"@type":"PropertyValueSpecification","valueRequired":true,"valueName":"search_term_string"}}],"inLanguage":"de"}]}},"_links":{"self":[{"href":"https:\/\/www.peter-electronic.com\/index.php?rest_route=\/wp\/v2\/pages\/9366","targetHints":{"allow":["GET"]}}],"collection":[{"href":"https:\/\/www.peter-electronic.com\/index.php?rest_route=\/wp\/v2\/pages"}],"about":[{"href":"https:\/\/www.peter-electronic.com\/index.php?rest_route=\/wp\/v2\/types\/page"}],"author":[{"embeddable":true,"href":"https:\/\/www.peter-electronic.com\/index.php?rest_route=\/wp\/v2\/users\/1"}],"replies":[{"embeddable":true,"href":"https:\/\/www.peter-electronic.com\/index.php?rest_route=%2Fwp%2Fv2%2Fcomments&post=9366"}],"version-history":[{"count":0,"href":"https:\/\/www.peter-electronic.com\/index.php?rest_route=\/wp\/v2\/pages\/9366\/revisions"}],"up":[{"embeddable":true,"href":"https:\/\/www.peter-electronic.com\/index.php?rest_route=\/wp\/v2\/pages\/79"}],"wp:attachment":[{"href":"https:\/\/www.peter-electronic.com\/index.php?rest_route=%2Fwp%2Fv2%2Fmedia&parent=9366"}],"curies":[{"name":"wp","href":"https:\/\/api.w.org\/{rel}","templated":true}]}}