{"id":92,"date":"2017-01-25T22:33:23","date_gmt":"2017-01-25T21:33:23","guid":{"rendered":"https:\/\/www.peter-electronic.com\/wp\/faq\/frequenzumrichter\/welche-typen-einphasiger-motoren-koennen-mit-dem-frequenzumrichter-versidrive-i-e-einphasen-ausgang-verwendet-werden\/"},"modified":"2017-01-25T22:33:23","modified_gmt":"2017-01-25T21:33:23","slug":"welche-typen-einphasiger-motoren-koennen-mit-dem-frequenzumrichter-versidrive-i-e-einphasen-ausgang-verwendet-werden","status":"publish","type":"page","link":"https:\/\/www.peter-electronic.com\/service\/faq\/frequenzumrichter\/welche-typen-einphasiger-motoren-koennen-mit-dem-frequenzumrichter-versidrive-i-e-einphasen-ausgang-verwendet-werden\/","title":{"rendered":"Welche Typen einphasiger Motoren k\u00f6nnen mit dem Frequenzumrichter VersiDrive\u00a0i\u00a0E (Einphasen-Ausgang) verwendet werden?"},"content":{"rendered":"<p><em>Frequenzumrichter \u2013 Motorseitige Installation<\/em><\/p>\n<hr \/>\n<h1>Welche Typen einphasiger Motoren k\u00f6nnen mit dem Frequenzumrichter VersiDrive\u00a0i\u00a0E (Einphasen-Ausgang) verwendet werden?<\/h1>\n<p>Der VersiDrive i E-Frequenzumrichter (Einphasen-Ausgang) wurde f\u00fcr den Einsatz mit Kondensator (PSC)- oder Spaltpol-Einphasen-Induktionsmotoren konzipiert.<\/p>\n<p>Weitere Hinweise bez\u00fcglich der Wahl des richtigen Motors finden Sie im beigef\u00fcgten Dokument.<\/p>\n<hr \/>\n","protected":false},"excerpt":{"rendered":"<p>Frequenzumrichter \u2013 Motorseitige Installation Welche Typen einphasiger Motoren k\u00f6nnen mit dem Frequenzumrichter VersiDrive\u00a0i\u00a0E (Einphasen-Ausgang) verwendet werden? Der VersiDrive i E-Frequenzumrichter (Einphasen-Ausgang) wurde f\u00fcr den Einsatz mit Kondensator (PSC)- oder Spaltpol-Einphasen-Induktionsmotoren konzipiert. Weitere Hinweise bez\u00fcglich der Wahl des richtigen Motors finden Sie im beigef\u00fcgten Dokument.<\/p>\n","protected":false},"author":1,"featured_media":0,"parent":79,"menu_order":10,"comment_status":"closed","ping_status":"closed","template":"","meta":{"_acf_changed":false,"footnotes":""},"class_list":["post-92","page","type-page","status-publish","hentry"],"acf":[],"yoast_head":"<!-- This site is optimized with the Yoast SEO plugin v23.9 - https:\/\/yoast.com\/wordpress\/plugins\/seo\/ -->\n<title>Welche Typen einphasiger Motoren k\u00f6nnen mit dem Frequenzumrichter VersiDrive\u00a0i\u00a0E (Einphasen-Ausgang) verwendet werden? - Frequenzumrichter, Softstarter und Bremsger\u00e4te direkt vom Hersteller<\/title>\n<meta name=\"robots\" content=\"index, follow, max-snippet:-1, max-image-preview:large, max-video-preview:-1\" \/>\n<link rel=\"canonical\" href=\"https:\/\/www.peter-electronic.com\/service\/faq\/frequenzumrichter\/welche-typen-einphasiger-motoren-koennen-mit-dem-frequenzumrichter-versidrive-i-e-einphasen-ausgang-verwendet-werden\/\" \/>\n<script type=\"application\/ld+json\" class=\"yoast-schema-graph\">{\"@context\":\"https:\/\/schema.org\",\"@graph\":[{\"@type\":\"WebPage\",\"@id\":\"https:\/\/www.peter-electronic.com\/service\/faq\/frequenzumrichter\/welche-typen-einphasiger-motoren-koennen-mit-dem-frequenzumrichter-versidrive-i-e-einphasen-ausgang-verwendet-werden\/\",\"url\":\"https:\/\/www.peter-electronic.com\/service\/faq\/frequenzumrichter\/welche-typen-einphasiger-motoren-koennen-mit-dem-frequenzumrichter-versidrive-i-e-einphasen-ausgang-verwendet-werden\/\",\"name\":\"Welche Typen einphasiger Motoren k\u00f6nnen mit dem Frequenzumrichter VersiDrive\u00a0i\u00a0E (Einphasen-Ausgang) verwendet werden? - Frequenzumrichter, Softstarter und Bremsger\u00e4te direkt vom Hersteller\",\"isPartOf\":{\"@id\":\"https:\/\/www.peter-electronic.com\/#website\"},\"datePublished\":\"2017-01-25T21:33:23+00:00\",\"dateModified\":\"2017-01-25T21:33:23+00:00\",\"breadcrumb\":{\"@id\":\"https:\/\/www.peter-electronic.com\/service\/faq\/frequenzumrichter\/welche-typen-einphasiger-motoren-koennen-mit-dem-frequenzumrichter-versidrive-i-e-einphasen-ausgang-verwendet-werden\/#breadcrumb\"},\"inLanguage\":\"de\",\"potentialAction\":[{\"@type\":\"ReadAction\",\"target\":[\"https:\/\/www.peter-electronic.com\/service\/faq\/frequenzumrichter\/welche-typen-einphasiger-motoren-koennen-mit-dem-frequenzumrichter-versidrive-i-e-einphasen-ausgang-verwendet-werden\/\"]}]},{\"@type\":\"BreadcrumbList\",\"@id\":\"https:\/\/www.peter-electronic.com\/service\/faq\/frequenzumrichter\/welche-typen-einphasiger-motoren-koennen-mit-dem-frequenzumrichter-versidrive-i-e-einphasen-ausgang-verwendet-werden\/#breadcrumb\",\"itemListElement\":[{\"@type\":\"ListItem\",\"position\":1,\"name\":\"Startseite\",\"item\":\"https:\/\/www.peter-electronic.com\/\"},{\"@type\":\"ListItem\",\"position\":2,\"name\":\"Service\",\"item\":\"https:\/\/www.peter-electronic.com\/service\/\"},{\"@type\":\"ListItem\",\"position\":3,\"name\":\"FAQ-Center\",\"item\":\"https:\/\/www.peter-electronic.com\/service\/faq\/\"},{\"@type\":\"ListItem\",\"position\":4,\"name\":\"Frequenzumrichter\",\"item\":\"https:\/\/www.peter-electronic.com\/service\/faq\/frequenzumrichter\/\"},{\"@type\":\"ListItem\",\"position\":5,\"name\":\"Welche Typen einphasiger Motoren k\u00f6nnen mit dem Frequenzumrichter VersiDrive\u00a0i\u00a0E (Einphasen-Ausgang) verwendet werden?\"}]},{\"@type\":\"WebSite\",\"@id\":\"https:\/\/www.peter-electronic.com\/#website\",\"url\":\"https:\/\/www.peter-electronic.com\/\",\"name\":\"Frequenzumrichter, Softstarter und Bremsger\u00e4te direkt vom Hersteller\",\"description\":\"\",\"alternateName\":\"Frequenzumrichter, Softstarter und Bremsger\u00e4te direkt vom Hersteller\",\"potentialAction\":[{\"@type\":\"SearchAction\",\"target\":{\"@type\":\"EntryPoint\",\"urlTemplate\":\"https:\/\/www.peter-electronic.com\/?s={search_term_string}\"},\"query-input\":{\"@type\":\"PropertyValueSpecification\",\"valueRequired\":true,\"valueName\":\"search_term_string\"}}],\"inLanguage\":\"de\"}]}<\/script>\n<!-- \/ Yoast SEO plugin. -->","yoast_head_json":{"title":"Welche Typen einphasiger Motoren k\u00f6nnen mit dem Frequenzumrichter VersiDrive\u00a0i\u00a0E (Einphasen-Ausgang) verwendet werden? - Frequenzumrichter, Softstarter und Bremsger\u00e4te direkt vom Hersteller","robots":{"index":"index","follow":"follow","max-snippet":"max-snippet:-1","max-image-preview":"max-image-preview:large","max-video-preview":"max-video-preview:-1"},"canonical":"https:\/\/www.peter-electronic.com\/service\/faq\/frequenzumrichter\/welche-typen-einphasiger-motoren-koennen-mit-dem-frequenzumrichter-versidrive-i-e-einphasen-ausgang-verwendet-werden\/","schema":{"@context":"https:\/\/schema.org","@graph":[{"@type":"WebPage","@id":"https:\/\/www.peter-electronic.com\/service\/faq\/frequenzumrichter\/welche-typen-einphasiger-motoren-koennen-mit-dem-frequenzumrichter-versidrive-i-e-einphasen-ausgang-verwendet-werden\/","url":"https:\/\/www.peter-electronic.com\/service\/faq\/frequenzumrichter\/welche-typen-einphasiger-motoren-koennen-mit-dem-frequenzumrichter-versidrive-i-e-einphasen-ausgang-verwendet-werden\/","name":"Welche Typen einphasiger Motoren k\u00f6nnen mit dem Frequenzumrichter VersiDrive\u00a0i\u00a0E (Einphasen-Ausgang) verwendet werden? - Frequenzumrichter, Softstarter und Bremsger\u00e4te direkt vom Hersteller","isPartOf":{"@id":"https:\/\/www.peter-electronic.com\/#website"},"datePublished":"2017-01-25T21:33:23+00:00","dateModified":"2017-01-25T21:33:23+00:00","breadcrumb":{"@id":"https:\/\/www.peter-electronic.com\/service\/faq\/frequenzumrichter\/welche-typen-einphasiger-motoren-koennen-mit-dem-frequenzumrichter-versidrive-i-e-einphasen-ausgang-verwendet-werden\/#breadcrumb"},"inLanguage":"de","potentialAction":[{"@type":"ReadAction","target":["https:\/\/www.peter-electronic.com\/service\/faq\/frequenzumrichter\/welche-typen-einphasiger-motoren-koennen-mit-dem-frequenzumrichter-versidrive-i-e-einphasen-ausgang-verwendet-werden\/"]}]},{"@type":"BreadcrumbList","@id":"https:\/\/www.peter-electronic.com\/service\/faq\/frequenzumrichter\/welche-typen-einphasiger-motoren-koennen-mit-dem-frequenzumrichter-versidrive-i-e-einphasen-ausgang-verwendet-werden\/#breadcrumb","itemListElement":[{"@type":"ListItem","position":1,"name":"Startseite","item":"https:\/\/www.peter-electronic.com\/"},{"@type":"ListItem","position":2,"name":"Service","item":"https:\/\/www.peter-electronic.com\/service\/"},{"@type":"ListItem","position":3,"name":"FAQ-Center","item":"https:\/\/www.peter-electronic.com\/service\/faq\/"},{"@type":"ListItem","position":4,"name":"Frequenzumrichter","item":"https:\/\/www.peter-electronic.com\/service\/faq\/frequenzumrichter\/"},{"@type":"ListItem","position":5,"name":"Welche Typen einphasiger Motoren k\u00f6nnen mit dem Frequenzumrichter VersiDrive\u00a0i\u00a0E (Einphasen-Ausgang) verwendet werden?"}]},{"@type":"WebSite","@id":"https:\/\/www.peter-electronic.com\/#website","url":"https:\/\/www.peter-electronic.com\/","name":"Frequenzumrichter, Softstarter und Bremsger\u00e4te direkt vom Hersteller","description":"","alternateName":"Frequenzumrichter, Softstarter und Bremsger\u00e4te direkt vom Hersteller","potentialAction":[{"@type":"SearchAction","target":{"@type":"EntryPoint","urlTemplate":"https:\/\/www.peter-electronic.com\/?s={search_term_string}"},"query-input":{"@type":"PropertyValueSpecification","valueRequired":true,"valueName":"search_term_string"}}],"inLanguage":"de"}]}},"_links":{"self":[{"href":"https:\/\/www.peter-electronic.com\/index.php?rest_route=\/wp\/v2\/pages\/92","targetHints":{"allow":["GET"]}}],"collection":[{"href":"https:\/\/www.peter-electronic.com\/index.php?rest_route=\/wp\/v2\/pages"}],"about":[{"href":"https:\/\/www.peter-electronic.com\/index.php?rest_route=\/wp\/v2\/types\/page"}],"author":[{"embeddable":true,"href":"https:\/\/www.peter-electronic.com\/index.php?rest_route=\/wp\/v2\/users\/1"}],"replies":[{"embeddable":true,"href":"https:\/\/www.peter-electronic.com\/index.php?rest_route=%2Fwp%2Fv2%2Fcomments&post=92"}],"version-history":[{"count":0,"href":"https:\/\/www.peter-electronic.com\/index.php?rest_route=\/wp\/v2\/pages\/92\/revisions"}],"up":[{"embeddable":true,"href":"https:\/\/www.peter-electronic.com\/index.php?rest_route=\/wp\/v2\/pages\/79"}],"wp:attachment":[{"href":"https:\/\/www.peter-electronic.com\/index.php?rest_route=%2Fwp%2Fv2%2Fmedia&parent=92"}],"curies":[{"name":"wp","href":"https:\/\/api.w.org\/{rel}","templated":true}]}}