{"id":87,"date":"2017-01-25T22:29:04","date_gmt":"2017-01-25T21:29:04","guid":{"rendered":"https:\/\/www.peter-electronic.com\/wp\/faq\/mein-frequenzumrichter-zeigt-einen-fehler-im-display-wie-loese-ich-dieses-problem\/"},"modified":"2017-01-25T22:29:04","modified_gmt":"2017-01-25T21:29:04","slug":"mein-frequenzumrichter-zeigt-einen-fehler-im-display-wie-loese-ich-dieses-problem","status":"publish","type":"page","link":"https:\/\/www.peter-electronic.com\/service\/faq\/frequenzumrichter\/mein-frequenzumrichter-zeigt-einen-fehler-im-display-wie-loese-ich-dieses-problem\/","title":{"rendered":"Mein Frequenzumrichter zeigt einen Fehler im Display. Wie l\u00f6se ich dieses Problem?"},"content":{"rendered":"<p><em>Frequenzumrichter \u2013 im Betrieb<\/em><\/p>\n<hr \/>\n<h1>Mein Frequenzumrichter zeigt einen Fehler im Display. Wie l\u00f6se ich dieses Problem?<\/h1>\n<p>Alle Fehlercodes, die im Display des Frequenzumrichters gezeigt werden, sind so konzipiert, dass Frequenzumrichter und Motor gegen bleibende Sch\u00e4den gesch\u00fctzt sind. S\u00e4mtliche Fehlercodes sind in der entsprechenden Benutzeranleitung f\u00fcr die jeweiligen Produkte aufgelistet. Zur weiteren Hilfestellung haben wir dar\u00fcber hinaus eine Anleitung zur Fehlerbeseitigung (troubleshooting) mit dieser FAQ verlinkt.<\/p>\n<hr \/>\n","protected":false},"excerpt":{"rendered":"<p>Frequenzumrichter \u2013 im Betrieb Mein Frequenzumrichter zeigt einen Fehler im Display. Wie l\u00f6se ich dieses Problem? Alle Fehlercodes, die im Display des Frequenzumrichters gezeigt werden, sind so konzipiert, dass Frequenzumrichter und Motor gegen bleibende Sch\u00e4den gesch\u00fctzt sind. S\u00e4mtliche Fehlercodes sind in der entsprechenden Benutzeranleitung f\u00fcr die jeweiligen Produkte aufgelistet. Zur weiteren Hilfestellung haben wir dar\u00fcber [&hellip;]<\/p>\n","protected":false},"author":1,"featured_media":0,"parent":79,"menu_order":9,"comment_status":"closed","ping_status":"closed","template":"","meta":{"_acf_changed":false,"footnotes":""},"class_list":["post-87","page","type-page","status-publish","hentry"],"acf":[],"yoast_head":"<!-- This site is optimized with the Yoast SEO plugin v23.9 - https:\/\/yoast.com\/wordpress\/plugins\/seo\/ -->\n<title>Mein Frequenzumrichter zeigt einen Fehler im Display. Wie l\u00f6se ich dieses Problem? - Frequenzumrichter, Softstarter und Bremsger\u00e4te direkt vom Hersteller<\/title>\n<meta name=\"robots\" content=\"index, follow, max-snippet:-1, max-image-preview:large, max-video-preview:-1\" \/>\n<link rel=\"canonical\" href=\"https:\/\/www.peter-electronic.com\/service\/faq\/frequenzumrichter\/mein-frequenzumrichter-zeigt-einen-fehler-im-display-wie-loese-ich-dieses-problem\/\" \/>\n<script type=\"application\/ld+json\" class=\"yoast-schema-graph\">{\"@context\":\"https:\/\/schema.org\",\"@graph\":[{\"@type\":\"WebPage\",\"@id\":\"https:\/\/www.peter-electronic.com\/service\/faq\/frequenzumrichter\/mein-frequenzumrichter-zeigt-einen-fehler-im-display-wie-loese-ich-dieses-problem\/\",\"url\":\"https:\/\/www.peter-electronic.com\/service\/faq\/frequenzumrichter\/mein-frequenzumrichter-zeigt-einen-fehler-im-display-wie-loese-ich-dieses-problem\/\",\"name\":\"Mein Frequenzumrichter zeigt einen Fehler im Display. Wie l\u00f6se ich dieses Problem? - Frequenzumrichter, Softstarter und Bremsger\u00e4te direkt vom Hersteller\",\"isPartOf\":{\"@id\":\"https:\/\/www.peter-electronic.com\/#website\"},\"datePublished\":\"2017-01-25T21:29:04+00:00\",\"dateModified\":\"2017-01-25T21:29:04+00:00\",\"breadcrumb\":{\"@id\":\"https:\/\/www.peter-electronic.com\/service\/faq\/frequenzumrichter\/mein-frequenzumrichter-zeigt-einen-fehler-im-display-wie-loese-ich-dieses-problem\/#breadcrumb\"},\"inLanguage\":\"de\",\"potentialAction\":[{\"@type\":\"ReadAction\",\"target\":[\"https:\/\/www.peter-electronic.com\/service\/faq\/frequenzumrichter\/mein-frequenzumrichter-zeigt-einen-fehler-im-display-wie-loese-ich-dieses-problem\/\"]}]},{\"@type\":\"BreadcrumbList\",\"@id\":\"https:\/\/www.peter-electronic.com\/service\/faq\/frequenzumrichter\/mein-frequenzumrichter-zeigt-einen-fehler-im-display-wie-loese-ich-dieses-problem\/#breadcrumb\",\"itemListElement\":[{\"@type\":\"ListItem\",\"position\":1,\"name\":\"Startseite\",\"item\":\"https:\/\/www.peter-electronic.com\/\"},{\"@type\":\"ListItem\",\"position\":2,\"name\":\"Service\",\"item\":\"https:\/\/www.peter-electronic.com\/service\/\"},{\"@type\":\"ListItem\",\"position\":3,\"name\":\"FAQ-Center\",\"item\":\"https:\/\/www.peter-electronic.com\/service\/faq\/\"},{\"@type\":\"ListItem\",\"position\":4,\"name\":\"Frequenzumrichter\",\"item\":\"https:\/\/www.peter-electronic.com\/service\/faq\/frequenzumrichter\/\"},{\"@type\":\"ListItem\",\"position\":5,\"name\":\"Mein Frequenzumrichter zeigt einen Fehler im Display. Wie l\u00f6se ich dieses Problem?\"}]},{\"@type\":\"WebSite\",\"@id\":\"https:\/\/www.peter-electronic.com\/#website\",\"url\":\"https:\/\/www.peter-electronic.com\/\",\"name\":\"Frequenzumrichter, Softstarter und Bremsger\u00e4te direkt vom Hersteller\",\"description\":\"\",\"alternateName\":\"Frequenzumrichter, Softstarter und Bremsger\u00e4te direkt vom Hersteller\",\"potentialAction\":[{\"@type\":\"SearchAction\",\"target\":{\"@type\":\"EntryPoint\",\"urlTemplate\":\"https:\/\/www.peter-electronic.com\/?s={search_term_string}\"},\"query-input\":{\"@type\":\"PropertyValueSpecification\",\"valueRequired\":true,\"valueName\":\"search_term_string\"}}],\"inLanguage\":\"de\"}]}<\/script>\n<!-- \/ Yoast SEO plugin. -->","yoast_head_json":{"title":"Mein Frequenzumrichter zeigt einen Fehler im Display. Wie l\u00f6se ich dieses Problem? - Frequenzumrichter, Softstarter und Bremsger\u00e4te direkt vom Hersteller","robots":{"index":"index","follow":"follow","max-snippet":"max-snippet:-1","max-image-preview":"max-image-preview:large","max-video-preview":"max-video-preview:-1"},"canonical":"https:\/\/www.peter-electronic.com\/service\/faq\/frequenzumrichter\/mein-frequenzumrichter-zeigt-einen-fehler-im-display-wie-loese-ich-dieses-problem\/","schema":{"@context":"https:\/\/schema.org","@graph":[{"@type":"WebPage","@id":"https:\/\/www.peter-electronic.com\/service\/faq\/frequenzumrichter\/mein-frequenzumrichter-zeigt-einen-fehler-im-display-wie-loese-ich-dieses-problem\/","url":"https:\/\/www.peter-electronic.com\/service\/faq\/frequenzumrichter\/mein-frequenzumrichter-zeigt-einen-fehler-im-display-wie-loese-ich-dieses-problem\/","name":"Mein Frequenzumrichter zeigt einen Fehler im Display. Wie l\u00f6se ich dieses Problem? - Frequenzumrichter, Softstarter und Bremsger\u00e4te direkt vom Hersteller","isPartOf":{"@id":"https:\/\/www.peter-electronic.com\/#website"},"datePublished":"2017-01-25T21:29:04+00:00","dateModified":"2017-01-25T21:29:04+00:00","breadcrumb":{"@id":"https:\/\/www.peter-electronic.com\/service\/faq\/frequenzumrichter\/mein-frequenzumrichter-zeigt-einen-fehler-im-display-wie-loese-ich-dieses-problem\/#breadcrumb"},"inLanguage":"de","potentialAction":[{"@type":"ReadAction","target":["https:\/\/www.peter-electronic.com\/service\/faq\/frequenzumrichter\/mein-frequenzumrichter-zeigt-einen-fehler-im-display-wie-loese-ich-dieses-problem\/"]}]},{"@type":"BreadcrumbList","@id":"https:\/\/www.peter-electronic.com\/service\/faq\/frequenzumrichter\/mein-frequenzumrichter-zeigt-einen-fehler-im-display-wie-loese-ich-dieses-problem\/#breadcrumb","itemListElement":[{"@type":"ListItem","position":1,"name":"Startseite","item":"https:\/\/www.peter-electronic.com\/"},{"@type":"ListItem","position":2,"name":"Service","item":"https:\/\/www.peter-electronic.com\/service\/"},{"@type":"ListItem","position":3,"name":"FAQ-Center","item":"https:\/\/www.peter-electronic.com\/service\/faq\/"},{"@type":"ListItem","position":4,"name":"Frequenzumrichter","item":"https:\/\/www.peter-electronic.com\/service\/faq\/frequenzumrichter\/"},{"@type":"ListItem","position":5,"name":"Mein Frequenzumrichter zeigt einen Fehler im Display. Wie l\u00f6se ich dieses Problem?"}]},{"@type":"WebSite","@id":"https:\/\/www.peter-electronic.com\/#website","url":"https:\/\/www.peter-electronic.com\/","name":"Frequenzumrichter, Softstarter und Bremsger\u00e4te direkt vom Hersteller","description":"","alternateName":"Frequenzumrichter, Softstarter und Bremsger\u00e4te direkt vom Hersteller","potentialAction":[{"@type":"SearchAction","target":{"@type":"EntryPoint","urlTemplate":"https:\/\/www.peter-electronic.com\/?s={search_term_string}"},"query-input":{"@type":"PropertyValueSpecification","valueRequired":true,"valueName":"search_term_string"}}],"inLanguage":"de"}]}},"_links":{"self":[{"href":"https:\/\/www.peter-electronic.com\/index.php?rest_route=\/wp\/v2\/pages\/87","targetHints":{"allow":["GET"]}}],"collection":[{"href":"https:\/\/www.peter-electronic.com\/index.php?rest_route=\/wp\/v2\/pages"}],"about":[{"href":"https:\/\/www.peter-electronic.com\/index.php?rest_route=\/wp\/v2\/types\/page"}],"author":[{"embeddable":true,"href":"https:\/\/www.peter-electronic.com\/index.php?rest_route=\/wp\/v2\/users\/1"}],"replies":[{"embeddable":true,"href":"https:\/\/www.peter-electronic.com\/index.php?rest_route=%2Fwp%2Fv2%2Fcomments&post=87"}],"version-history":[{"count":0,"href":"https:\/\/www.peter-electronic.com\/index.php?rest_route=\/wp\/v2\/pages\/87\/revisions"}],"up":[{"embeddable":true,"href":"https:\/\/www.peter-electronic.com\/index.php?rest_route=\/wp\/v2\/pages\/79"}],"wp:attachment":[{"href":"https:\/\/www.peter-electronic.com\/index.php?rest_route=%2Fwp%2Fv2%2Fmedia&parent=87"}],"curies":[{"name":"wp","href":"https:\/\/api.w.org\/{rel}","templated":true}]}}