{"id":86,"date":"2017-01-25T22:29:04","date_gmt":"2017-01-25T21:29:04","guid":{"rendered":"https:\/\/www.peter-electronic.com\/wp\/faq\/kann-ich-mehr-als-einen-1-motor-an-den-ausgang-eines-versidrive-i-geraetes-anschliessen\/"},"modified":"2017-01-25T22:29:04","modified_gmt":"2017-01-25T21:29:04","slug":"kann-ich-mehr-als-einen-1-motor-an-den-ausgang-eines-versidrive-i-geraetes-anschliessen","status":"publish","type":"page","link":"https:\/\/www.peter-electronic.com\/service\/faq\/frequenzumrichter\/kann-ich-mehr-als-einen-1-motor-an-den-ausgang-eines-versidrive-i-geraetes-anschliessen\/","title":{"rendered":"Kann ich mehr als einen (1) Motor an den Ausgang eines VersiDrive\u00a0i-Ger\u00e4tes anschlie\u00dfen?"},"content":{"rendered":"<p><em>Frequenzumrichter \u2013 Motorseitige Installation<\/em><\/p>\n<hr \/>\n<h1>Kann ich mehr als einen (1) Motor an den Ausgang eines VersiDrive&nbsp;i-Ger\u00e4tes anschlie\u00dfen?<\/h1>\n<p>Ja, wenn folgende Regeln beachtet werden:<\/p>\n<ul>\n<li>Bei VersiDrive i PRO darf der Frequenzumrichter nur im V\/F-Modus betrieben werden.<\/li>\n<li>Jeder Motor sollte durch einen eigenen thermischen \u00dcberlastschutz gesch\u00fctzt sein.<\/li>\n<li>Die in der entsprechenden Benutzeranleitung f\u00fcr das VersiDrive\u00a0i-Ger\u00e4t angegebene maximale Kabel-Gesamtl\u00e4nge darf nicht \u00fcberschritten werden.<\/li>\n<li>F\u00fcr s\u00e4mtliche F\u00e4lle wird ein Ausgangsfilter empfohlen, mit dem sich die maximal zul\u00e4ssige Motorkabell\u00e4nge um 50% verl\u00e4ngern l\u00e4sst.<\/li>\n<li>Das VersiDrive\u00a0i-Ger\u00e4t sollte unter Zugrundelegung des ben\u00f6tigten Gesamt-Motor-Stroms gew\u00e4hlt werden, indem der Nennstrom s\u00e4mtlicher angeschlossenen Motoren addiert und ein VersiDrive\u00a0i-Ger\u00e4t mit einer ausreichenden Nenn-Ausgangsstromkapazit\u00e4t gew\u00e4hlt wird.<\/li>\n<li>Die Motoren m\u00fcssen permanent am Umrichter angeschlossen sein und d\u00fcrfen nicht einzeln gestartet oder gestoppt werden k\u00f6nnen, w\u00e4hrend das VersiDrive\u00a0i-Ger\u00e4t aktiviert ist.\n<\/li>\n<\/ul>\n<hr \/>\n","protected":false},"excerpt":{"rendered":"<p>Frequenzumrichter \u2013 Motorseitige Installation Kann ich mehr als einen (1) Motor an den Ausgang eines VersiDrive&nbsp;i-Ger\u00e4tes anschlie\u00dfen? Ja, wenn folgende Regeln beachtet werden: Bei VersiDrive i PRO darf der Frequenzumrichter nur im V\/F-Modus betrieben werden. Jeder Motor sollte durch einen eigenen thermischen \u00dcberlastschutz gesch\u00fctzt sein. Die in der entsprechenden Benutzeranleitung f\u00fcr das VersiDrive\u00a0i-Ger\u00e4t angegebene maximale [&hellip;]<\/p>\n","protected":false},"author":1,"featured_media":0,"parent":79,"menu_order":8,"comment_status":"closed","ping_status":"closed","template":"","meta":{"_acf_changed":false,"footnotes":""},"class_list":["post-86","page","type-page","status-publish","hentry"],"acf":[],"yoast_head":"<!-- This site is optimized with the Yoast SEO plugin v23.9 - https:\/\/yoast.com\/wordpress\/plugins\/seo\/ -->\n<title>Kann ich mehr als einen (1) Motor an den Ausgang eines VersiDrive\u00a0i-Ger\u00e4tes anschlie\u00dfen? - Frequenzumrichter, Softstarter und Bremsger\u00e4te direkt vom Hersteller<\/title>\n<meta name=\"robots\" content=\"index, follow, max-snippet:-1, max-image-preview:large, max-video-preview:-1\" \/>\n<link rel=\"canonical\" href=\"https:\/\/www.peter-electronic.com\/service\/faq\/frequenzumrichter\/kann-ich-mehr-als-einen-1-motor-an-den-ausgang-eines-versidrive-i-geraetes-anschliessen\/\" \/>\n<script type=\"application\/ld+json\" class=\"yoast-schema-graph\">{\"@context\":\"https:\/\/schema.org\",\"@graph\":[{\"@type\":\"WebPage\",\"@id\":\"https:\/\/www.peter-electronic.com\/service\/faq\/frequenzumrichter\/kann-ich-mehr-als-einen-1-motor-an-den-ausgang-eines-versidrive-i-geraetes-anschliessen\/\",\"url\":\"https:\/\/www.peter-electronic.com\/service\/faq\/frequenzumrichter\/kann-ich-mehr-als-einen-1-motor-an-den-ausgang-eines-versidrive-i-geraetes-anschliessen\/\",\"name\":\"Kann ich mehr als einen (1) Motor an den Ausgang eines VersiDrive\u00a0i-Ger\u00e4tes anschlie\u00dfen? - Frequenzumrichter, Softstarter und Bremsger\u00e4te direkt vom Hersteller\",\"isPartOf\":{\"@id\":\"https:\/\/www.peter-electronic.com\/#website\"},\"datePublished\":\"2017-01-25T21:29:04+00:00\",\"dateModified\":\"2017-01-25T21:29:04+00:00\",\"breadcrumb\":{\"@id\":\"https:\/\/www.peter-electronic.com\/service\/faq\/frequenzumrichter\/kann-ich-mehr-als-einen-1-motor-an-den-ausgang-eines-versidrive-i-geraetes-anschliessen\/#breadcrumb\"},\"inLanguage\":\"de\",\"potentialAction\":[{\"@type\":\"ReadAction\",\"target\":[\"https:\/\/www.peter-electronic.com\/service\/faq\/frequenzumrichter\/kann-ich-mehr-als-einen-1-motor-an-den-ausgang-eines-versidrive-i-geraetes-anschliessen\/\"]}]},{\"@type\":\"BreadcrumbList\",\"@id\":\"https:\/\/www.peter-electronic.com\/service\/faq\/frequenzumrichter\/kann-ich-mehr-als-einen-1-motor-an-den-ausgang-eines-versidrive-i-geraetes-anschliessen\/#breadcrumb\",\"itemListElement\":[{\"@type\":\"ListItem\",\"position\":1,\"name\":\"Startseite\",\"item\":\"https:\/\/www.peter-electronic.com\/\"},{\"@type\":\"ListItem\",\"position\":2,\"name\":\"Service\",\"item\":\"https:\/\/www.peter-electronic.com\/service\/\"},{\"@type\":\"ListItem\",\"position\":3,\"name\":\"FAQ-Center\",\"item\":\"https:\/\/www.peter-electronic.com\/service\/faq\/\"},{\"@type\":\"ListItem\",\"position\":4,\"name\":\"Frequenzumrichter\",\"item\":\"https:\/\/www.peter-electronic.com\/service\/faq\/frequenzumrichter\/\"},{\"@type\":\"ListItem\",\"position\":5,\"name\":\"Kann ich mehr als einen (1) Motor an den Ausgang eines VersiDrive\u00a0i-Ger\u00e4tes anschlie\u00dfen?\"}]},{\"@type\":\"WebSite\",\"@id\":\"https:\/\/www.peter-electronic.com\/#website\",\"url\":\"https:\/\/www.peter-electronic.com\/\",\"name\":\"Frequenzumrichter, Softstarter und Bremsger\u00e4te direkt vom Hersteller\",\"description\":\"\",\"alternateName\":\"Frequenzumrichter, Softstarter und Bremsger\u00e4te direkt vom Hersteller\",\"potentialAction\":[{\"@type\":\"SearchAction\",\"target\":{\"@type\":\"EntryPoint\",\"urlTemplate\":\"https:\/\/www.peter-electronic.com\/?s={search_term_string}\"},\"query-input\":{\"@type\":\"PropertyValueSpecification\",\"valueRequired\":true,\"valueName\":\"search_term_string\"}}],\"inLanguage\":\"de\"}]}<\/script>\n<!-- \/ Yoast SEO plugin. -->","yoast_head_json":{"title":"Kann ich mehr als einen (1) Motor an den Ausgang eines VersiDrive\u00a0i-Ger\u00e4tes anschlie\u00dfen? - Frequenzumrichter, Softstarter und Bremsger\u00e4te direkt vom Hersteller","robots":{"index":"index","follow":"follow","max-snippet":"max-snippet:-1","max-image-preview":"max-image-preview:large","max-video-preview":"max-video-preview:-1"},"canonical":"https:\/\/www.peter-electronic.com\/service\/faq\/frequenzumrichter\/kann-ich-mehr-als-einen-1-motor-an-den-ausgang-eines-versidrive-i-geraetes-anschliessen\/","schema":{"@context":"https:\/\/schema.org","@graph":[{"@type":"WebPage","@id":"https:\/\/www.peter-electronic.com\/service\/faq\/frequenzumrichter\/kann-ich-mehr-als-einen-1-motor-an-den-ausgang-eines-versidrive-i-geraetes-anschliessen\/","url":"https:\/\/www.peter-electronic.com\/service\/faq\/frequenzumrichter\/kann-ich-mehr-als-einen-1-motor-an-den-ausgang-eines-versidrive-i-geraetes-anschliessen\/","name":"Kann ich mehr als einen (1) Motor an den Ausgang eines VersiDrive\u00a0i-Ger\u00e4tes anschlie\u00dfen? - Frequenzumrichter, Softstarter und Bremsger\u00e4te direkt vom Hersteller","isPartOf":{"@id":"https:\/\/www.peter-electronic.com\/#website"},"datePublished":"2017-01-25T21:29:04+00:00","dateModified":"2017-01-25T21:29:04+00:00","breadcrumb":{"@id":"https:\/\/www.peter-electronic.com\/service\/faq\/frequenzumrichter\/kann-ich-mehr-als-einen-1-motor-an-den-ausgang-eines-versidrive-i-geraetes-anschliessen\/#breadcrumb"},"inLanguage":"de","potentialAction":[{"@type":"ReadAction","target":["https:\/\/www.peter-electronic.com\/service\/faq\/frequenzumrichter\/kann-ich-mehr-als-einen-1-motor-an-den-ausgang-eines-versidrive-i-geraetes-anschliessen\/"]}]},{"@type":"BreadcrumbList","@id":"https:\/\/www.peter-electronic.com\/service\/faq\/frequenzumrichter\/kann-ich-mehr-als-einen-1-motor-an-den-ausgang-eines-versidrive-i-geraetes-anschliessen\/#breadcrumb","itemListElement":[{"@type":"ListItem","position":1,"name":"Startseite","item":"https:\/\/www.peter-electronic.com\/"},{"@type":"ListItem","position":2,"name":"Service","item":"https:\/\/www.peter-electronic.com\/service\/"},{"@type":"ListItem","position":3,"name":"FAQ-Center","item":"https:\/\/www.peter-electronic.com\/service\/faq\/"},{"@type":"ListItem","position":4,"name":"Frequenzumrichter","item":"https:\/\/www.peter-electronic.com\/service\/faq\/frequenzumrichter\/"},{"@type":"ListItem","position":5,"name":"Kann ich mehr als einen (1) Motor an den Ausgang eines VersiDrive\u00a0i-Ger\u00e4tes anschlie\u00dfen?"}]},{"@type":"WebSite","@id":"https:\/\/www.peter-electronic.com\/#website","url":"https:\/\/www.peter-electronic.com\/","name":"Frequenzumrichter, Softstarter und Bremsger\u00e4te direkt vom Hersteller","description":"","alternateName":"Frequenzumrichter, Softstarter und Bremsger\u00e4te direkt vom Hersteller","potentialAction":[{"@type":"SearchAction","target":{"@type":"EntryPoint","urlTemplate":"https:\/\/www.peter-electronic.com\/?s={search_term_string}"},"query-input":{"@type":"PropertyValueSpecification","valueRequired":true,"valueName":"search_term_string"}}],"inLanguage":"de"}]}},"_links":{"self":[{"href":"https:\/\/www.peter-electronic.com\/index.php?rest_route=\/wp\/v2\/pages\/86","targetHints":{"allow":["GET"]}}],"collection":[{"href":"https:\/\/www.peter-electronic.com\/index.php?rest_route=\/wp\/v2\/pages"}],"about":[{"href":"https:\/\/www.peter-electronic.com\/index.php?rest_route=\/wp\/v2\/types\/page"}],"author":[{"embeddable":true,"href":"https:\/\/www.peter-electronic.com\/index.php?rest_route=\/wp\/v2\/users\/1"}],"replies":[{"embeddable":true,"href":"https:\/\/www.peter-electronic.com\/index.php?rest_route=%2Fwp%2Fv2%2Fcomments&post=86"}],"version-history":[{"count":0,"href":"https:\/\/www.peter-electronic.com\/index.php?rest_route=\/wp\/v2\/pages\/86\/revisions"}],"up":[{"embeddable":true,"href":"https:\/\/www.peter-electronic.com\/index.php?rest_route=\/wp\/v2\/pages\/79"}],"wp:attachment":[{"href":"https:\/\/www.peter-electronic.com\/index.php?rest_route=%2Fwp%2Fv2%2Fmedia&parent=86"}],"curies":[{"name":"wp","href":"https:\/\/api.w.org\/{rel}","templated":true}]}}