{"id":85,"date":"2017-01-25T22:29:04","date_gmt":"2017-01-25T21:29:04","guid":{"rendered":"https:\/\/www.peter-electronic.com\/wp\/faq\/kann-ein-fehlerstrom-schutzschalter-mit-einem-frequenzumrichter-der-versidrive-i-geraete-verwendet-werden\/"},"modified":"2017-01-25T22:29:04","modified_gmt":"2017-01-25T21:29:04","slug":"kann-ein-fehlerstrom-schutzschalter-mit-einem-frequenzumrichter-der-versidrive-i-geraete-verwendet-werden","status":"publish","type":"page","link":"https:\/\/www.peter-electronic.com\/service\/faq\/frequenzumrichter\/kann-ein-fehlerstrom-schutzschalter-mit-einem-frequenzumrichter-der-versidrive-i-geraete-verwendet-werden\/","title":{"rendered":"Kann ein Fehlerstrom-Schutzschalter mit einem Frequenzumrichter der VersiDrive\u00a0i-Ger\u00e4te verwendet werden?"},"content":{"rendered":"<p><em>Frequenzumrichter \u2013 Netzseitige Installation<\/em><\/p>\n<hr \/>\n<h1>Kann ein Fehlerstrom-Schutzschalter mit einem Frequenzumrichter der VersiDrive\u00a0i-Ger\u00e4te verwendet werden?<\/h1>\n<p>Ja, sofern folgende Vorkehrungen getroffen werden:<\/p>\n<ol>\n<li>Es muss ein Frequenzumrichter vom Typ B verwendet werden<\/li>\n<li>Es muss f\u00fcr jedes VersiDrive\u00a0i-Ger\u00e4t ein eigener FI-Schalter montiert werden<\/li>\n<li>Der FI-Schalter sollte f\u00fcr einen Schutz geeignet sein, bei dem der Fehlerstrom eine Gleichstromkomponente enth\u00e4lt<\/li>\n<li>Der Ausl\u00f6sepegel sollte mindestens 30mA betragen. Der tats\u00e4chliche Fehlerstrom h\u00e4ngt von der Beschaffenheit der Anlage, der Art und L\u00e4nge des Motorkabels, von der effektiven Schaltfrequenz sowie vom verwendeten Funkentst\u00f6rfilter ab, und in bestimmten F\u00e4llen kann ein h\u00f6herer Ausl\u00f6sepegel erforderlich sein.<\/li>\n<\/ol>\n<hr \/>\n","protected":false},"excerpt":{"rendered":"<p>Frequenzumrichter \u2013 Netzseitige Installation Kann ein Fehlerstrom-Schutzschalter mit einem Frequenzumrichter der VersiDrive\u00a0i-Ger\u00e4te verwendet werden? Ja, sofern folgende Vorkehrungen getroffen werden: Es muss ein Frequenzumrichter vom Typ B verwendet werden Es muss f\u00fcr jedes VersiDrive\u00a0i-Ger\u00e4t ein eigener FI-Schalter montiert werden Der FI-Schalter sollte f\u00fcr einen Schutz geeignet sein, bei dem der Fehlerstrom eine Gleichstromkomponente enth\u00e4lt Der [&hellip;]<\/p>\n","protected":false},"author":1,"featured_media":0,"parent":79,"menu_order":7,"comment_status":"closed","ping_status":"closed","template":"","meta":{"_acf_changed":false,"footnotes":""},"class_list":["post-85","page","type-page","status-publish","hentry"],"acf":[],"yoast_head":"<!-- This site is optimized with the Yoast SEO plugin v23.9 - https:\/\/yoast.com\/wordpress\/plugins\/seo\/ -->\n<title>Kann ein Fehlerstrom-Schutzschalter mit einem Frequenzumrichter der VersiDrive\u00a0i-Ger\u00e4te verwendet werden? - Frequenzumrichter, Softstarter und Bremsger\u00e4te direkt vom Hersteller<\/title>\n<meta name=\"robots\" content=\"index, follow, max-snippet:-1, max-image-preview:large, max-video-preview:-1\" \/>\n<link rel=\"canonical\" href=\"https:\/\/www.peter-electronic.com\/service\/faq\/frequenzumrichter\/kann-ein-fehlerstrom-schutzschalter-mit-einem-frequenzumrichter-der-versidrive-i-geraete-verwendet-werden\/\" \/>\n<script type=\"application\/ld+json\" class=\"yoast-schema-graph\">{\"@context\":\"https:\/\/schema.org\",\"@graph\":[{\"@type\":\"WebPage\",\"@id\":\"https:\/\/www.peter-electronic.com\/service\/faq\/frequenzumrichter\/kann-ein-fehlerstrom-schutzschalter-mit-einem-frequenzumrichter-der-versidrive-i-geraete-verwendet-werden\/\",\"url\":\"https:\/\/www.peter-electronic.com\/service\/faq\/frequenzumrichter\/kann-ein-fehlerstrom-schutzschalter-mit-einem-frequenzumrichter-der-versidrive-i-geraete-verwendet-werden\/\",\"name\":\"Kann ein Fehlerstrom-Schutzschalter mit einem Frequenzumrichter der VersiDrive\u00a0i-Ger\u00e4te verwendet werden? - Frequenzumrichter, Softstarter und Bremsger\u00e4te direkt vom Hersteller\",\"isPartOf\":{\"@id\":\"https:\/\/www.peter-electronic.com\/#website\"},\"datePublished\":\"2017-01-25T21:29:04+00:00\",\"dateModified\":\"2017-01-25T21:29:04+00:00\",\"breadcrumb\":{\"@id\":\"https:\/\/www.peter-electronic.com\/service\/faq\/frequenzumrichter\/kann-ein-fehlerstrom-schutzschalter-mit-einem-frequenzumrichter-der-versidrive-i-geraete-verwendet-werden\/#breadcrumb\"},\"inLanguage\":\"de\",\"potentialAction\":[{\"@type\":\"ReadAction\",\"target\":[\"https:\/\/www.peter-electronic.com\/service\/faq\/frequenzumrichter\/kann-ein-fehlerstrom-schutzschalter-mit-einem-frequenzumrichter-der-versidrive-i-geraete-verwendet-werden\/\"]}]},{\"@type\":\"BreadcrumbList\",\"@id\":\"https:\/\/www.peter-electronic.com\/service\/faq\/frequenzumrichter\/kann-ein-fehlerstrom-schutzschalter-mit-einem-frequenzumrichter-der-versidrive-i-geraete-verwendet-werden\/#breadcrumb\",\"itemListElement\":[{\"@type\":\"ListItem\",\"position\":1,\"name\":\"Startseite\",\"item\":\"https:\/\/www.peter-electronic.com\/\"},{\"@type\":\"ListItem\",\"position\":2,\"name\":\"Service\",\"item\":\"https:\/\/www.peter-electronic.com\/service\/\"},{\"@type\":\"ListItem\",\"position\":3,\"name\":\"FAQ-Center\",\"item\":\"https:\/\/www.peter-electronic.com\/service\/faq\/\"},{\"@type\":\"ListItem\",\"position\":4,\"name\":\"Frequenzumrichter\",\"item\":\"https:\/\/www.peter-electronic.com\/service\/faq\/frequenzumrichter\/\"},{\"@type\":\"ListItem\",\"position\":5,\"name\":\"Kann ein Fehlerstrom-Schutzschalter mit einem Frequenzumrichter der VersiDrive\u00a0i-Ger\u00e4te verwendet werden?\"}]},{\"@type\":\"WebSite\",\"@id\":\"https:\/\/www.peter-electronic.com\/#website\",\"url\":\"https:\/\/www.peter-electronic.com\/\",\"name\":\"Frequenzumrichter, Softstarter und Bremsger\u00e4te direkt vom Hersteller\",\"description\":\"\",\"alternateName\":\"Frequenzumrichter, Softstarter und Bremsger\u00e4te direkt vom Hersteller\",\"potentialAction\":[{\"@type\":\"SearchAction\",\"target\":{\"@type\":\"EntryPoint\",\"urlTemplate\":\"https:\/\/www.peter-electronic.com\/?s={search_term_string}\"},\"query-input\":{\"@type\":\"PropertyValueSpecification\",\"valueRequired\":true,\"valueName\":\"search_term_string\"}}],\"inLanguage\":\"de\"}]}<\/script>\n<!-- \/ Yoast SEO plugin. -->","yoast_head_json":{"title":"Kann ein Fehlerstrom-Schutzschalter mit einem Frequenzumrichter der VersiDrive\u00a0i-Ger\u00e4te verwendet werden? - Frequenzumrichter, Softstarter und Bremsger\u00e4te direkt vom Hersteller","robots":{"index":"index","follow":"follow","max-snippet":"max-snippet:-1","max-image-preview":"max-image-preview:large","max-video-preview":"max-video-preview:-1"},"canonical":"https:\/\/www.peter-electronic.com\/service\/faq\/frequenzumrichter\/kann-ein-fehlerstrom-schutzschalter-mit-einem-frequenzumrichter-der-versidrive-i-geraete-verwendet-werden\/","schema":{"@context":"https:\/\/schema.org","@graph":[{"@type":"WebPage","@id":"https:\/\/www.peter-electronic.com\/service\/faq\/frequenzumrichter\/kann-ein-fehlerstrom-schutzschalter-mit-einem-frequenzumrichter-der-versidrive-i-geraete-verwendet-werden\/","url":"https:\/\/www.peter-electronic.com\/service\/faq\/frequenzumrichter\/kann-ein-fehlerstrom-schutzschalter-mit-einem-frequenzumrichter-der-versidrive-i-geraete-verwendet-werden\/","name":"Kann ein Fehlerstrom-Schutzschalter mit einem Frequenzumrichter der VersiDrive\u00a0i-Ger\u00e4te verwendet werden? - Frequenzumrichter, Softstarter und Bremsger\u00e4te direkt vom Hersteller","isPartOf":{"@id":"https:\/\/www.peter-electronic.com\/#website"},"datePublished":"2017-01-25T21:29:04+00:00","dateModified":"2017-01-25T21:29:04+00:00","breadcrumb":{"@id":"https:\/\/www.peter-electronic.com\/service\/faq\/frequenzumrichter\/kann-ein-fehlerstrom-schutzschalter-mit-einem-frequenzumrichter-der-versidrive-i-geraete-verwendet-werden\/#breadcrumb"},"inLanguage":"de","potentialAction":[{"@type":"ReadAction","target":["https:\/\/www.peter-electronic.com\/service\/faq\/frequenzumrichter\/kann-ein-fehlerstrom-schutzschalter-mit-einem-frequenzumrichter-der-versidrive-i-geraete-verwendet-werden\/"]}]},{"@type":"BreadcrumbList","@id":"https:\/\/www.peter-electronic.com\/service\/faq\/frequenzumrichter\/kann-ein-fehlerstrom-schutzschalter-mit-einem-frequenzumrichter-der-versidrive-i-geraete-verwendet-werden\/#breadcrumb","itemListElement":[{"@type":"ListItem","position":1,"name":"Startseite","item":"https:\/\/www.peter-electronic.com\/"},{"@type":"ListItem","position":2,"name":"Service","item":"https:\/\/www.peter-electronic.com\/service\/"},{"@type":"ListItem","position":3,"name":"FAQ-Center","item":"https:\/\/www.peter-electronic.com\/service\/faq\/"},{"@type":"ListItem","position":4,"name":"Frequenzumrichter","item":"https:\/\/www.peter-electronic.com\/service\/faq\/frequenzumrichter\/"},{"@type":"ListItem","position":5,"name":"Kann ein Fehlerstrom-Schutzschalter mit einem Frequenzumrichter der VersiDrive\u00a0i-Ger\u00e4te verwendet werden?"}]},{"@type":"WebSite","@id":"https:\/\/www.peter-electronic.com\/#website","url":"https:\/\/www.peter-electronic.com\/","name":"Frequenzumrichter, Softstarter und Bremsger\u00e4te direkt vom Hersteller","description":"","alternateName":"Frequenzumrichter, Softstarter und Bremsger\u00e4te direkt vom Hersteller","potentialAction":[{"@type":"SearchAction","target":{"@type":"EntryPoint","urlTemplate":"https:\/\/www.peter-electronic.com\/?s={search_term_string}"},"query-input":{"@type":"PropertyValueSpecification","valueRequired":true,"valueName":"search_term_string"}}],"inLanguage":"de"}]}},"_links":{"self":[{"href":"https:\/\/www.peter-electronic.com\/index.php?rest_route=\/wp\/v2\/pages\/85","targetHints":{"allow":["GET"]}}],"collection":[{"href":"https:\/\/www.peter-electronic.com\/index.php?rest_route=\/wp\/v2\/pages"}],"about":[{"href":"https:\/\/www.peter-electronic.com\/index.php?rest_route=\/wp\/v2\/types\/page"}],"author":[{"embeddable":true,"href":"https:\/\/www.peter-electronic.com\/index.php?rest_route=\/wp\/v2\/users\/1"}],"replies":[{"embeddable":true,"href":"https:\/\/www.peter-electronic.com\/index.php?rest_route=%2Fwp%2Fv2%2Fcomments&post=85"}],"version-history":[{"count":1,"href":"https:\/\/www.peter-electronic.com\/index.php?rest_route=\/wp\/v2\/pages\/85\/revisions"}],"predecessor-version":[{"id":10198,"href":"https:\/\/www.peter-electronic.com\/index.php?rest_route=\/wp\/v2\/pages\/85\/revisions\/10198"}],"up":[{"embeddable":true,"href":"https:\/\/www.peter-electronic.com\/index.php?rest_route=\/wp\/v2\/pages\/79"}],"wp:attachment":[{"href":"https:\/\/www.peter-electronic.com\/index.php?rest_route=%2Fwp%2Fv2%2Fmedia&parent=85"}],"curies":[{"name":"wp","href":"https:\/\/api.w.org\/{rel}","templated":true}]}}