{"id":80,"date":"2017-01-25T22:29:04","date_gmt":"2017-01-25T21:29:04","guid":{"rendered":"https:\/\/www.peter-electronic.com\/wp\/faq\/softstarter\/"},"modified":"2023-03-01T11:46:54","modified_gmt":"2023-03-01T10:46:54","slug":"softstarter","status":"publish","type":"page","link":"https:\/\/www.peter-electronic.com\/service\/faq\/softstarter\/","title":{"rendered":"Softstarter"},"content":{"rendered":"<h1>FAQ<br \/>\n<span style=\"color: #1f86bd\">Softstarter<\/span><\/h1>\n<div class=\"spacer\"><\/div>\n<h2>Softstarter\u00a0\u2013 Installation<\/h2>\n<p><a href=\"https:\/\/www.peter-electronic.com\/service\/faq\/softstarter\/was-sind-hauptschuetze\/\">Was sind Hauptsch\u00fctze?<\/a><\/p>\n<hr \/>\n<p><a href=\"https:\/\/www.peter-electronic.com\/service\/faq\/softstarter\/was-ist-eine-wurzel-3-schaltung\/\">Was ist eine Wurzel-3-Schaltung?<\/a><\/p>\n<hr \/>\n<p><a href=\"https:\/\/www.peter-electronic.com\/service\/faq\/softstarter\/wie-gross-ist-die-maximale-kabellaenge-zwischen-einem-softstarter-und-dem-motor\/\">Wie gro\u00df ist die maximale Kabell\u00e4nge zwischen einem Softstarter und dem Motor?<\/a><\/p>\n<hr \/>\n<p><a href=\"https:\/\/www.peter-electronic.com\/service\/faq\/softstarter\/kann-ein-1-softstarter-mehrere-motoren-steuern-um-paralleles-starten-zu-ermoeglichen\/\">Kann ein (1) Softstarter mehrere Motoren steuern, um paralleles Starten zu erm\u00f6glichen?<\/a><\/p>\n<p>&nbsp;<\/p>\n<h2>Softstarter\u00a0\u2013\u00a0Allgemeines<\/h2>\n<p><a href=\"https:\/\/www.peter-electronic.com\/service\/faq\/softstarter\/was-sind-bypass-schuetze\/\">Was sind Bypass-Sch\u00fctze?<\/a><\/p>\n<hr \/>\n<p><a href=\"https:\/\/www.peter-electronic.com\/service\/faq\/softstarter\/was-sind-die-hauptvorteile-des-sanftanlaufs\/\">Was sind die Hauptvorteile des Sanftanlaufs?<\/a><\/p>\n<hr \/>\n<p><a href=\"https:\/\/www.peter-electronic.com\/service\/faq\/softstarter\/wie-schneidet-der-sanftanlauf-im-vergleich-zum-stern-dreieck-anlauf-ab\/\">Wie schneidet der Sanftanlauf im Vergleich zum Stern-Dreieck-Anlauf ab?<\/a><\/p>\n<hr \/>\n<p><a href=\"https:\/\/www.peter-electronic.com\/service\/faq\/softstarter\/sind-alle-dreiphasen-softstarter-gleich\/\">Sind alle Dreiphasen-Softstarter gleich? <\/a><\/p>\n<hr \/>\n","protected":false},"excerpt":{"rendered":"<p>FAQ Softstarter Softstarter\u00a0\u2013 Installation Was sind Hauptsch\u00fctze? Was ist eine Wurzel-3-Schaltung? Wie gro\u00df ist die maximale Kabell\u00e4nge zwischen einem Softstarter und dem Motor? Kann ein (1) Softstarter mehrere Motoren steuern, um paralleles Starten zu erm\u00f6glichen? &nbsp; Softstarter\u00a0\u2013\u00a0Allgemeines Was sind Bypass-Sch\u00fctze? Was sind die Hauptvorteile des Sanftanlaufs? Wie schneidet der Sanftanlauf im Vergleich zum Stern-Dreieck-Anlauf ab? [&hellip;]<\/p>\n","protected":false},"author":1,"featured_media":0,"parent":19,"menu_order":2,"comment_status":"closed","ping_status":"closed","template":"","meta":{"_acf_changed":false,"footnotes":""},"class_list":["post-80","page","type-page","status-publish","hentry"],"acf":[],"yoast_head":"<!-- This site is optimized with the Yoast SEO plugin v23.9 - https:\/\/yoast.com\/wordpress\/plugins\/seo\/ -->\n<title>Softstarter - Frequenzumrichter, Softstarter und Bremsger\u00e4te direkt vom Hersteller<\/title>\n<meta name=\"robots\" content=\"index, follow, max-snippet:-1, max-image-preview:large, max-video-preview:-1\" \/>\n<link rel=\"canonical\" href=\"https:\/\/www.peter-electronic.com\/service\/faq\/softstarter\/\" \/>\n<script type=\"application\/ld+json\" class=\"yoast-schema-graph\">{\"@context\":\"https:\/\/schema.org\",\"@graph\":[{\"@type\":\"WebPage\",\"@id\":\"https:\/\/www.peter-electronic.com\/service\/faq\/softstarter\/\",\"url\":\"https:\/\/www.peter-electronic.com\/service\/faq\/softstarter\/\",\"name\":\"Softstarter - Frequenzumrichter, Softstarter und Bremsger\u00e4te direkt vom Hersteller\",\"isPartOf\":{\"@id\":\"https:\/\/www.peter-electronic.com\/#website\"},\"datePublished\":\"2017-01-25T21:29:04+00:00\",\"dateModified\":\"2023-03-01T10:46:54+00:00\",\"breadcrumb\":{\"@id\":\"https:\/\/www.peter-electronic.com\/service\/faq\/softstarter\/#breadcrumb\"},\"inLanguage\":\"de\",\"potentialAction\":[{\"@type\":\"ReadAction\",\"target\":[\"https:\/\/www.peter-electronic.com\/service\/faq\/softstarter\/\"]}]},{\"@type\":\"BreadcrumbList\",\"@id\":\"https:\/\/www.peter-electronic.com\/service\/faq\/softstarter\/#breadcrumb\",\"itemListElement\":[{\"@type\":\"ListItem\",\"position\":1,\"name\":\"Startseite\",\"item\":\"https:\/\/www.peter-electronic.com\/\"},{\"@type\":\"ListItem\",\"position\":2,\"name\":\"Service\",\"item\":\"https:\/\/www.peter-electronic.com\/service\/\"},{\"@type\":\"ListItem\",\"position\":3,\"name\":\"FAQ-Center\",\"item\":\"https:\/\/www.peter-electronic.com\/service\/faq\/\"},{\"@type\":\"ListItem\",\"position\":4,\"name\":\"Softstarter\"}]},{\"@type\":\"WebSite\",\"@id\":\"https:\/\/www.peter-electronic.com\/#website\",\"url\":\"https:\/\/www.peter-electronic.com\/\",\"name\":\"Frequenzumrichter, Softstarter und Bremsger\u00e4te direkt vom Hersteller\",\"description\":\"\",\"alternateName\":\"Frequenzumrichter, Softstarter und Bremsger\u00e4te direkt vom Hersteller\",\"potentialAction\":[{\"@type\":\"SearchAction\",\"target\":{\"@type\":\"EntryPoint\",\"urlTemplate\":\"https:\/\/www.peter-electronic.com\/?s={search_term_string}\"},\"query-input\":{\"@type\":\"PropertyValueSpecification\",\"valueRequired\":true,\"valueName\":\"search_term_string\"}}],\"inLanguage\":\"de\"}]}<\/script>\n<!-- \/ Yoast SEO plugin. -->","yoast_head_json":{"title":"Softstarter - Frequenzumrichter, Softstarter und Bremsger\u00e4te direkt vom Hersteller","robots":{"index":"index","follow":"follow","max-snippet":"max-snippet:-1","max-image-preview":"max-image-preview:large","max-video-preview":"max-video-preview:-1"},"canonical":"https:\/\/www.peter-electronic.com\/service\/faq\/softstarter\/","schema":{"@context":"https:\/\/schema.org","@graph":[{"@type":"WebPage","@id":"https:\/\/www.peter-electronic.com\/service\/faq\/softstarter\/","url":"https:\/\/www.peter-electronic.com\/service\/faq\/softstarter\/","name":"Softstarter - Frequenzumrichter, Softstarter und Bremsger\u00e4te direkt vom Hersteller","isPartOf":{"@id":"https:\/\/www.peter-electronic.com\/#website"},"datePublished":"2017-01-25T21:29:04+00:00","dateModified":"2023-03-01T10:46:54+00:00","breadcrumb":{"@id":"https:\/\/www.peter-electronic.com\/service\/faq\/softstarter\/#breadcrumb"},"inLanguage":"de","potentialAction":[{"@type":"ReadAction","target":["https:\/\/www.peter-electronic.com\/service\/faq\/softstarter\/"]}]},{"@type":"BreadcrumbList","@id":"https:\/\/www.peter-electronic.com\/service\/faq\/softstarter\/#breadcrumb","itemListElement":[{"@type":"ListItem","position":1,"name":"Startseite","item":"https:\/\/www.peter-electronic.com\/"},{"@type":"ListItem","position":2,"name":"Service","item":"https:\/\/www.peter-electronic.com\/service\/"},{"@type":"ListItem","position":3,"name":"FAQ-Center","item":"https:\/\/www.peter-electronic.com\/service\/faq\/"},{"@type":"ListItem","position":4,"name":"Softstarter"}]},{"@type":"WebSite","@id":"https:\/\/www.peter-electronic.com\/#website","url":"https:\/\/www.peter-electronic.com\/","name":"Frequenzumrichter, Softstarter und Bremsger\u00e4te direkt vom Hersteller","description":"","alternateName":"Frequenzumrichter, Softstarter und Bremsger\u00e4te direkt vom Hersteller","potentialAction":[{"@type":"SearchAction","target":{"@type":"EntryPoint","urlTemplate":"https:\/\/www.peter-electronic.com\/?s={search_term_string}"},"query-input":{"@type":"PropertyValueSpecification","valueRequired":true,"valueName":"search_term_string"}}],"inLanguage":"de"}]}},"_links":{"self":[{"href":"https:\/\/www.peter-electronic.com\/index.php?rest_route=\/wp\/v2\/pages\/80","targetHints":{"allow":["GET"]}}],"collection":[{"href":"https:\/\/www.peter-electronic.com\/index.php?rest_route=\/wp\/v2\/pages"}],"about":[{"href":"https:\/\/www.peter-electronic.com\/index.php?rest_route=\/wp\/v2\/types\/page"}],"author":[{"embeddable":true,"href":"https:\/\/www.peter-electronic.com\/index.php?rest_route=\/wp\/v2\/users\/1"}],"replies":[{"embeddable":true,"href":"https:\/\/www.peter-electronic.com\/index.php?rest_route=%2Fwp%2Fv2%2Fcomments&post=80"}],"version-history":[{"count":2,"href":"https:\/\/www.peter-electronic.com\/index.php?rest_route=\/wp\/v2\/pages\/80\/revisions"}],"predecessor-version":[{"id":10186,"href":"https:\/\/www.peter-electronic.com\/index.php?rest_route=\/wp\/v2\/pages\/80\/revisions\/10186"}],"up":[{"embeddable":true,"href":"https:\/\/www.peter-electronic.com\/index.php?rest_route=\/wp\/v2\/pages\/19"}],"wp:attachment":[{"href":"https:\/\/www.peter-electronic.com\/index.php?rest_route=%2Fwp%2Fv2%2Fmedia&parent=80"}],"curies":[{"name":"wp","href":"https:\/\/api.w.org\/{rel}","templated":true}]}}