{"id":79,"date":"2017-01-25T22:29:04","date_gmt":"2017-01-25T21:29:04","guid":{"rendered":"https:\/\/www.peter-electronic.com\/wp\/faq\/frequenzumrichter\/"},"modified":"2023-03-01T11:46:40","modified_gmt":"2023-03-01T10:46:40","slug":"frequenzumrichter","status":"publish","type":"page","link":"https:\/\/www.peter-electronic.com\/service\/faq\/frequenzumrichter\/","title":{"rendered":"Frequenzumrichter"},"content":{"rendered":"<h1>FAQ<br \/>\n<span style=\"color: #1f86bd\">Frequenzumrichter<\/span><\/h1>\n<div class=\"spacer\"><\/div>\n<p><a href=\"https:\/\/www.peter-electronic.com\/service\/faq\/frequenzumrichter\/kann-ein-fehlerstrom-schutzschalter-mit-einem-frequenzumrichter-der-versidrive-i-geraete-verwendet-werden\/\">Kann ein Fehlerstrom-Schutzschalter mit einem Frequenzumrichter der VersiDrive\u00a0i-Ger\u00e4te verwendet werden?<\/a><\/p>\n<hr \/>\n<p><a href=\"https:\/\/www.peter-electronic.com\/service\/faq\/frequenzumrichter\/wann-sollte-ich-eine-eingangsdrossel-mit-meinem-frequenzumrichter-versidrive-i-verwenden\/\">Wann sollte ich eine Eingangsdrossel mit meinem Frequenzumrichter VersiDrive\u00a0i verwenden?<\/a><\/p>\n<hr \/>\n<p><a href=\"https:\/\/www.peter-electronic.com\/service\/faq\/frequenzumrichter\/verfuegt-mein-frequenzumrichter-versidrive-i-e2-ueber-ein-internes-filter\/\">Verf\u00fcgt mein Frequenzumrichter VersiDrive\u00a0i\u00a0E2 \u00fcber ein internes Filter?<\/a><\/p>\n<hr \/>\n<h2>Frequenzumrichter \u2013 Motorseitige Installation<\/h2>\n<p><a href=\"https:\/\/www.peter-electronic.com\/service\/faq\/frequenzumrichter\/kann-ich-mehr-als-einen-1-motor-an-den-ausgang-eines-versidrive-i-geraetes-anschliessen\/\">Kann ich mehr als einen (1) Motor an den Ausgang eines VersiDrive\u00a0i-Ger\u00e4tes anschlie\u00dfen?<\/a><\/p>\n<hr \/>\n<p><a href=\"https:\/\/www.peter-electronic.com\/service\/faq\/frequenzumrichter\/welche-typen-einphasiger-motoren-koennen-mit-dem-frequenzumrichter-versidrive-i-e-einphasen-ausgang-verwendet-werden\/\">Welche Typen einphasiger Motoren k\u00f6nnen mit dem Frequenzumrichter VersiDrive\u00a0i\u00a0E (Einphasen-Ausgang) verwendet werden?<\/a><\/p>\n<hr \/>\n<p><a href=\"https:\/\/www.peter-electronic.com\/service\/faq\/frequenzumrichter\/kann-ich-zwischen-dem-frequenzumrichter-versidrive-i-ausgang-und-dem-motor-einen-schalter-oder-ein-schuetz-platzieren\/\">Kann ich zwischen dem Frequenzumrichter VersiDrive\u00a0i-Ausgang und dem Motor einen Schalter oder ein Sch\u00fctz platzieren?<\/a><\/p>\n<hr \/>\n<p><a href=\"https:\/\/www.peter-electronic.com\/service\/faq\/frequenzumrichter\/wann-sollte-ich-ein-ausgangsfilter-mit-meinem-frequenzumrichter-versidrive-i-verwenden\/\">Wann sollte ich ein Ausgangsfilter mit meinem Frequenzumrichter VersiDrive\u00a0i verwenden?<\/a><\/p>\n<hr \/>\n<h2>Frequenzumrichter \u2013 Im Betrieb<\/h2>\n<p><a href=\"https:\/\/www.peter-electronic.com\/service\/faq\/frequenzumrichter\/mein-frequenzumrichter-zeigt-einen-fehler-im-display-wie-loese-ich-dieses-problem\/\">Mein Frequenzumrichter zeigt einen Fehler im Display. Wie l\u00f6se ich dieses Problem?<\/a><\/p>\n<hr \/>\n<p><a href=\"https:\/\/www.peter-electronic.com\/service\/faq\/frequenzumrichter\/wie-kann-ich-mechanische-resonanz-bei-bestimmten-motordrehzahlen-verhindern\/\">Wie kann ich mechanische Resonanz bei bestimmten Motordrehzahlen verhindern?<\/a><\/p>\n<hr \/>\n<p><a href=\"https:\/\/www.peter-electronic.com\/service\/faq\/frequenzumrichter\/wann-sollte-ich-die-spin-start-rotationsstart-funktion-an-meinem-frequenzumrichter-versidrive-i-verwenden\/\">Wann sollte ich die \"Spin-Start (Rotationsstart)\"-Funktion an meinem Frequenzumrichter VersiDrive\u00a0i verwenden?<\/a><\/p>\n<hr \/>\n","protected":false},"excerpt":{"rendered":"<p>FAQ Frequenzumrichter Kann ein Fehlerstrom-Schutzschalter mit einem Frequenzumrichter der VersiDrive\u00a0i-Ger\u00e4te verwendet werden? Wann sollte ich eine Eingangsdrossel mit meinem Frequenzumrichter VersiDrive\u00a0i verwenden? Verf\u00fcgt mein Frequenzumrichter VersiDrive\u00a0i\u00a0E2 \u00fcber ein internes Filter? Frequenzumrichter \u2013 Motorseitige Installation Kann ich mehr als einen (1) Motor an den Ausgang eines VersiDrive\u00a0i-Ger\u00e4tes anschlie\u00dfen? Welche Typen einphasiger Motoren k\u00f6nnen mit dem Frequenzumrichter [&hellip;]<\/p>\n","protected":false},"author":1,"featured_media":0,"parent":19,"menu_order":1,"comment_status":"closed","ping_status":"closed","template":"","meta":{"_acf_changed":false,"footnotes":""},"class_list":["post-79","page","type-page","status-publish","hentry"],"acf":[],"yoast_head":"<!-- This site is optimized with the Yoast SEO plugin v23.9 - https:\/\/yoast.com\/wordpress\/plugins\/seo\/ -->\n<title>Frequenzumrichter - Frequenzumrichter, Softstarter und Bremsger\u00e4te direkt vom Hersteller<\/title>\n<meta name=\"robots\" content=\"index, follow, max-snippet:-1, max-image-preview:large, max-video-preview:-1\" \/>\n<link rel=\"canonical\" href=\"https:\/\/www.peter-electronic.com\/service\/faq\/frequenzumrichter\/\" \/>\n<script type=\"application\/ld+json\" class=\"yoast-schema-graph\">{\"@context\":\"https:\/\/schema.org\",\"@graph\":[{\"@type\":\"WebPage\",\"@id\":\"https:\/\/www.peter-electronic.com\/service\/faq\/frequenzumrichter\/\",\"url\":\"https:\/\/www.peter-electronic.com\/service\/faq\/frequenzumrichter\/\",\"name\":\"Frequenzumrichter - Frequenzumrichter, Softstarter und Bremsger\u00e4te direkt vom Hersteller\",\"isPartOf\":{\"@id\":\"https:\/\/www.peter-electronic.com\/#website\"},\"datePublished\":\"2017-01-25T21:29:04+00:00\",\"dateModified\":\"2023-03-01T10:46:40+00:00\",\"breadcrumb\":{\"@id\":\"https:\/\/www.peter-electronic.com\/service\/faq\/frequenzumrichter\/#breadcrumb\"},\"inLanguage\":\"de\",\"potentialAction\":[{\"@type\":\"ReadAction\",\"target\":[\"https:\/\/www.peter-electronic.com\/service\/faq\/frequenzumrichter\/\"]}]},{\"@type\":\"BreadcrumbList\",\"@id\":\"https:\/\/www.peter-electronic.com\/service\/faq\/frequenzumrichter\/#breadcrumb\",\"itemListElement\":[{\"@type\":\"ListItem\",\"position\":1,\"name\":\"Startseite\",\"item\":\"https:\/\/www.peter-electronic.com\/\"},{\"@type\":\"ListItem\",\"position\":2,\"name\":\"Service\",\"item\":\"https:\/\/www.peter-electronic.com\/service\/\"},{\"@type\":\"ListItem\",\"position\":3,\"name\":\"FAQ-Center\",\"item\":\"https:\/\/www.peter-electronic.com\/service\/faq\/\"},{\"@type\":\"ListItem\",\"position\":4,\"name\":\"Frequenzumrichter\"}]},{\"@type\":\"WebSite\",\"@id\":\"https:\/\/www.peter-electronic.com\/#website\",\"url\":\"https:\/\/www.peter-electronic.com\/\",\"name\":\"Frequenzumrichter, Softstarter und Bremsger\u00e4te direkt vom Hersteller\",\"description\":\"\",\"alternateName\":\"Frequenzumrichter, Softstarter und Bremsger\u00e4te direkt vom Hersteller\",\"potentialAction\":[{\"@type\":\"SearchAction\",\"target\":{\"@type\":\"EntryPoint\",\"urlTemplate\":\"https:\/\/www.peter-electronic.com\/?s={search_term_string}\"},\"query-input\":{\"@type\":\"PropertyValueSpecification\",\"valueRequired\":true,\"valueName\":\"search_term_string\"}}],\"inLanguage\":\"de\"}]}<\/script>\n<!-- \/ Yoast SEO plugin. -->","yoast_head_json":{"title":"Frequenzumrichter - Frequenzumrichter, Softstarter und Bremsger\u00e4te direkt vom Hersteller","robots":{"index":"index","follow":"follow","max-snippet":"max-snippet:-1","max-image-preview":"max-image-preview:large","max-video-preview":"max-video-preview:-1"},"canonical":"https:\/\/www.peter-electronic.com\/service\/faq\/frequenzumrichter\/","schema":{"@context":"https:\/\/schema.org","@graph":[{"@type":"WebPage","@id":"https:\/\/www.peter-electronic.com\/service\/faq\/frequenzumrichter\/","url":"https:\/\/www.peter-electronic.com\/service\/faq\/frequenzumrichter\/","name":"Frequenzumrichter - Frequenzumrichter, Softstarter und Bremsger\u00e4te direkt vom Hersteller","isPartOf":{"@id":"https:\/\/www.peter-electronic.com\/#website"},"datePublished":"2017-01-25T21:29:04+00:00","dateModified":"2023-03-01T10:46:40+00:00","breadcrumb":{"@id":"https:\/\/www.peter-electronic.com\/service\/faq\/frequenzumrichter\/#breadcrumb"},"inLanguage":"de","potentialAction":[{"@type":"ReadAction","target":["https:\/\/www.peter-electronic.com\/service\/faq\/frequenzumrichter\/"]}]},{"@type":"BreadcrumbList","@id":"https:\/\/www.peter-electronic.com\/service\/faq\/frequenzumrichter\/#breadcrumb","itemListElement":[{"@type":"ListItem","position":1,"name":"Startseite","item":"https:\/\/www.peter-electronic.com\/"},{"@type":"ListItem","position":2,"name":"Service","item":"https:\/\/www.peter-electronic.com\/service\/"},{"@type":"ListItem","position":3,"name":"FAQ-Center","item":"https:\/\/www.peter-electronic.com\/service\/faq\/"},{"@type":"ListItem","position":4,"name":"Frequenzumrichter"}]},{"@type":"WebSite","@id":"https:\/\/www.peter-electronic.com\/#website","url":"https:\/\/www.peter-electronic.com\/","name":"Frequenzumrichter, Softstarter und Bremsger\u00e4te direkt vom Hersteller","description":"","alternateName":"Frequenzumrichter, Softstarter und Bremsger\u00e4te direkt vom Hersteller","potentialAction":[{"@type":"SearchAction","target":{"@type":"EntryPoint","urlTemplate":"https:\/\/www.peter-electronic.com\/?s={search_term_string}"},"query-input":{"@type":"PropertyValueSpecification","valueRequired":true,"valueName":"search_term_string"}}],"inLanguage":"de"}]}},"_links":{"self":[{"href":"https:\/\/www.peter-electronic.com\/index.php?rest_route=\/wp\/v2\/pages\/79","targetHints":{"allow":["GET"]}}],"collection":[{"href":"https:\/\/www.peter-electronic.com\/index.php?rest_route=\/wp\/v2\/pages"}],"about":[{"href":"https:\/\/www.peter-electronic.com\/index.php?rest_route=\/wp\/v2\/types\/page"}],"author":[{"embeddable":true,"href":"https:\/\/www.peter-electronic.com\/index.php?rest_route=\/wp\/v2\/users\/1"}],"replies":[{"embeddable":true,"href":"https:\/\/www.peter-electronic.com\/index.php?rest_route=%2Fwp%2Fv2%2Fcomments&post=79"}],"version-history":[{"count":5,"href":"https:\/\/www.peter-electronic.com\/index.php?rest_route=\/wp\/v2\/pages\/79\/revisions"}],"predecessor-version":[{"id":10185,"href":"https:\/\/www.peter-electronic.com\/index.php?rest_route=\/wp\/v2\/pages\/79\/revisions\/10185"}],"up":[{"embeddable":true,"href":"https:\/\/www.peter-electronic.com\/index.php?rest_route=\/wp\/v2\/pages\/19"}],"wp:attachment":[{"href":"https:\/\/www.peter-electronic.com\/index.php?rest_route=%2Fwp%2Fv2%2Fmedia&parent=79"}],"curies":[{"name":"wp","href":"https:\/\/api.w.org\/{rel}","templated":true}]}}