{"id":68,"date":"2017-01-24T22:12:34","date_gmt":"2017-01-24T21:12:34","guid":{"rendered":"https:\/\/www.peter-electronic.com\/wp\/?page_id=68"},"modified":"2026-04-07T11:49:23","modified_gmt":"2026-04-07T09:49:23","slug":"ueber-uns","status":"publish","type":"page","link":"https:\/\/www.peter-electronic.com\/ueber-uns\/","title":{"rendered":"\u00dcber Uns"},"content":{"rendered":"<p><img loading=\"lazy\" decoding=\"async\" class=\"alignnone size-full wp-image-10028\" src=\"https:\/\/www.peter-electronic.com\/wp-content\/uploads\/2026\/02\/gruppenfoto.jpg\" alt=\"Gruppenfoto\" width=\"657\" height=\"403\" \/><\/p>\n<hr \/>\n<h1>PETER electronic - Kundenorientierung seit 1976<\/h1>\n<p>PETER electronic hat sich seit 1976 konsequent auf die Entwicklung und Produktion von elektronischen Komponenten zur Steuerung und Regelung von Elektromotoren spezialisiert. Unser innovatives Produktspektrum wird st\u00e4ndig \u00fcberarbeitet und setzt so Akzente am Puls der Technik. Zu unserem Angebot von Steuer- und Regelger\u00e4ten f\u00fcr Drehstrom-, Asynchron- und Gleichstrommotoren geh\u00f6ren heute Sanftanlaufger\u00e4te, Gleichstrombremsen sowie Frequenzumrichter, Thyristor- und Transistorregler.<\/p>\n<h3 class=\"h2\">Wir bieten Flexibilit\u00e4t und Innovation<\/h3>\n<p>Dank der jahrelangen Erfahrung unseres Teams in Entwicklung, Produktion, Vertrieb und unserer Fertigungskapazit\u00e4t sind wir heute ein Gro\u00dfer unter den Kleinen. Gro\u00df genug f\u00fcr die Kooperation mit internationalen Multikonzernen und klein genug, um schnell und pr\u00e4zise auf die W\u00fcnsche von Einzelkunden eingehen zu k\u00f6nnen. Immer gro\u00df geschrieben wird dabei stets die Partnerschaft mit dem Kunden.<\/p>\n<h4 class=\"h2\">Fixpunkte f\u00fcr unseren Qualit\u00e4tsanspruch<\/h4>\n<p><a href=\"https:\/\/www.peter-electronic.com\/ueber-uns\/qualitaet\/\">Qualit\u00e4t<\/a> ist unser Antrieb. Unser Standort ist ein Pluspunkt: Das Stammhaus von PETER electronic liegt in der Region N\u00fcrnberg, die in den letzten Jahren vor allem durch ihre Innovationskraft von sich reden gemacht hat. Unsere Lage im Zentrum Europas erm\u00f6glicht uns so besonders schnellen Service auch in der Betreuung unserer zahlreichen internationalen Kunden.<\/p>\n<h2>Unser Know How sichert Ihren Erfolg<\/h2>\n<p>Die sorgf\u00e4ltige Pr\u00fcfung von Anfragen und Spezifikationen ist bei PETER electronic selbstverst\u00e4ndlich. Vor Abgabe eines Angebots werden die Anforderungen auf Grundlage der folgenden Faktoren gekl\u00e4rt: Technische Machbarkeit, Erf\u00fcllbarkeit hinsichtlich Termin und Ablauf, Konformit\u00e4t mit gesetzlichen Bestimmungen. Die f\u00fcr die Pr\u00fcfung verantwortliche Gesch\u00e4ftsf\u00fchrung stellt so sicher, dass alle Ihre W\u00fcnsche und Anforderungen voll erf\u00fcllt werden. <a href=\"https:\/\/www.peter-electronic.com\/produkte\">Hervorragende Produkte<\/a> sind f\u00fcr uns selbstverst\u00e4ndlich.<\/p>\n<h2>Guter Kontakt macht den Erfolg<\/h2>\n<p>Die Zufriedenheit unserer Kunden wird st\u00e4ndig im <a href=\"https:\/\/www.peter-electronic.com\/kontakt\/ansprechpartner\/\">pers\u00f6nlichen Gespr\u00e4ch<\/a> gemessen. So nehmen wir Reklamationen als Chance wahr und arbeiten sofort an der Optimierung. Der permanente <a href=\"https:\/\/www.peter-electronic.com\/kontakt\/\">Kontakt<\/a> mit unseren Kunden steigert t\u00e4glich unsere Leistungsf\u00e4higkeit. Wir danken f\u00fcr Ihre Meinung.<\/p>\n","protected":false},"excerpt":{"rendered":"<p>PETER electronic &#8211; Kundenorientierung seit 1976 PETER electronic hat sich seit 1976 konsequent auf die Entwicklung und Produktion von elektronischen Komponenten zur Steuerung und Regelung von Elektromotoren spezialisiert. Unser innovatives Produktspektrum wird st\u00e4ndig \u00fcberarbeitet und setzt so Akzente am Puls der Technik. Zu unserem Angebot von Steuer- und Regelger\u00e4ten f\u00fcr Drehstrom-, Asynchron- und Gleichstrommotoren geh\u00f6ren [&hellip;]<\/p>\n","protected":false},"author":1,"featured_media":0,"parent":0,"menu_order":0,"comment_status":"closed","ping_status":"closed","template":"","meta":{"_acf_changed":false,"footnotes":""},"class_list":["post-68","page","type-page","status-publish","hentry"],"acf":[],"yoast_head":"<!-- This site is optimized with the Yoast SEO plugin v23.9 - https:\/\/yoast.com\/wordpress\/plugins\/seo\/ -->\n<title>\u00dcber Uns - Frequenzumrichter, Softstarter und Bremsger\u00e4te direkt vom Hersteller<\/title>\n<meta name=\"robots\" content=\"index, follow, max-snippet:-1, max-image-preview:large, max-video-preview:-1\" \/>\n<link rel=\"canonical\" href=\"https:\/\/www.peter-electronic.com\/ueber-uns\/\" \/>\n<script type=\"application\/ld+json\" class=\"yoast-schema-graph\">{\"@context\":\"https:\/\/schema.org\",\"@graph\":[{\"@type\":\"WebPage\",\"@id\":\"https:\/\/www.peter-electronic.com\/ueber-uns\/\",\"url\":\"https:\/\/www.peter-electronic.com\/ueber-uns\/\",\"name\":\"\u00dcber Uns - Frequenzumrichter, Softstarter und Bremsger\u00e4te direkt vom Hersteller\",\"isPartOf\":{\"@id\":\"https:\/\/www.peter-electronic.com\/#website\"},\"primaryImageOfPage\":{\"@id\":\"https:\/\/www.peter-electronic.com\/ueber-uns\/#primaryimage\"},\"image\":{\"@id\":\"https:\/\/www.peter-electronic.com\/ueber-uns\/#primaryimage\"},\"thumbnailUrl\":\"https:\/\/www.peter-electronic.com\/wp-content\/uploads\/2026\/02\/gruppenfoto.jpg\",\"datePublished\":\"2017-01-24T21:12:34+00:00\",\"dateModified\":\"2026-04-07T09:49:23+00:00\",\"breadcrumb\":{\"@id\":\"https:\/\/www.peter-electronic.com\/ueber-uns\/#breadcrumb\"},\"inLanguage\":\"de\",\"potentialAction\":[{\"@type\":\"ReadAction\",\"target\":[\"https:\/\/www.peter-electronic.com\/ueber-uns\/\"]}]},{\"@type\":\"ImageObject\",\"inLanguage\":\"de\",\"@id\":\"https:\/\/www.peter-electronic.com\/ueber-uns\/#primaryimage\",\"url\":\"https:\/\/www.peter-electronic.com\/wp-content\/uploads\/2023\/02\/teambild.jpg\",\"contentUrl\":\"https:\/\/www.peter-electronic.com\/wp-content\/uploads\/2023\/02\/teambild.jpg\",\"width\":657,\"height\":403},{\"@type\":\"BreadcrumbList\",\"@id\":\"https:\/\/www.peter-electronic.com\/ueber-uns\/#breadcrumb\",\"itemListElement\":[{\"@type\":\"ListItem\",\"position\":1,\"name\":\"Startseite\",\"item\":\"https:\/\/www.peter-electronic.com\/\"},{\"@type\":\"ListItem\",\"position\":2,\"name\":\"\u00dcber Uns\"}]},{\"@type\":\"WebSite\",\"@id\":\"https:\/\/www.peter-electronic.com\/#website\",\"url\":\"https:\/\/www.peter-electronic.com\/\",\"name\":\"Frequenzumrichter, Softstarter und Bremsger\u00e4te direkt vom Hersteller\",\"description\":\"\",\"alternateName\":\"Frequenzumrichter, Softstarter und Bremsger\u00e4te direkt vom Hersteller\",\"potentialAction\":[{\"@type\":\"SearchAction\",\"target\":{\"@type\":\"EntryPoint\",\"urlTemplate\":\"https:\/\/www.peter-electronic.com\/?s={search_term_string}\"},\"query-input\":{\"@type\":\"PropertyValueSpecification\",\"valueRequired\":true,\"valueName\":\"search_term_string\"}}],\"inLanguage\":\"de\"}]}<\/script>\n<!-- \/ Yoast SEO plugin. -->","yoast_head_json":{"title":"\u00dcber Uns - Frequenzumrichter, Softstarter und Bremsger\u00e4te direkt vom Hersteller","robots":{"index":"index","follow":"follow","max-snippet":"max-snippet:-1","max-image-preview":"max-image-preview:large","max-video-preview":"max-video-preview:-1"},"canonical":"https:\/\/www.peter-electronic.com\/ueber-uns\/","schema":{"@context":"https:\/\/schema.org","@graph":[{"@type":"WebPage","@id":"https:\/\/www.peter-electronic.com\/ueber-uns\/","url":"https:\/\/www.peter-electronic.com\/ueber-uns\/","name":"\u00dcber Uns - Frequenzumrichter, Softstarter und Bremsger\u00e4te direkt vom Hersteller","isPartOf":{"@id":"https:\/\/www.peter-electronic.com\/#website"},"primaryImageOfPage":{"@id":"https:\/\/www.peter-electronic.com\/ueber-uns\/#primaryimage"},"image":{"@id":"https:\/\/www.peter-electronic.com\/ueber-uns\/#primaryimage"},"thumbnailUrl":"https:\/\/www.peter-electronic.com\/wp-content\/uploads\/2026\/02\/gruppenfoto.jpg","datePublished":"2017-01-24T21:12:34+00:00","dateModified":"2026-04-07T09:49:23+00:00","breadcrumb":{"@id":"https:\/\/www.peter-electronic.com\/ueber-uns\/#breadcrumb"},"inLanguage":"de","potentialAction":[{"@type":"ReadAction","target":["https:\/\/www.peter-electronic.com\/ueber-uns\/"]}]},{"@type":"ImageObject","inLanguage":"de","@id":"https:\/\/www.peter-electronic.com\/ueber-uns\/#primaryimage","url":"https:\/\/www.peter-electronic.com\/wp-content\/uploads\/2023\/02\/teambild.jpg","contentUrl":"https:\/\/www.peter-electronic.com\/wp-content\/uploads\/2023\/02\/teambild.jpg","width":657,"height":403},{"@type":"BreadcrumbList","@id":"https:\/\/www.peter-electronic.com\/ueber-uns\/#breadcrumb","itemListElement":[{"@type":"ListItem","position":1,"name":"Startseite","item":"https:\/\/www.peter-electronic.com\/"},{"@type":"ListItem","position":2,"name":"\u00dcber Uns"}]},{"@type":"WebSite","@id":"https:\/\/www.peter-electronic.com\/#website","url":"https:\/\/www.peter-electronic.com\/","name":"Frequenzumrichter, Softstarter und Bremsger\u00e4te direkt vom Hersteller","description":"","alternateName":"Frequenzumrichter, Softstarter und Bremsger\u00e4te direkt vom Hersteller","potentialAction":[{"@type":"SearchAction","target":{"@type":"EntryPoint","urlTemplate":"https:\/\/www.peter-electronic.com\/?s={search_term_string}"},"query-input":{"@type":"PropertyValueSpecification","valueRequired":true,"valueName":"search_term_string"}}],"inLanguage":"de"}]}},"_links":{"self":[{"href":"https:\/\/www.peter-electronic.com\/index.php?rest_route=\/wp\/v2\/pages\/68","targetHints":{"allow":["GET"]}}],"collection":[{"href":"https:\/\/www.peter-electronic.com\/index.php?rest_route=\/wp\/v2\/pages"}],"about":[{"href":"https:\/\/www.peter-electronic.com\/index.php?rest_route=\/wp\/v2\/types\/page"}],"author":[{"embeddable":true,"href":"https:\/\/www.peter-electronic.com\/index.php?rest_route=\/wp\/v2\/users\/1"}],"replies":[{"embeddable":true,"href":"https:\/\/www.peter-electronic.com\/index.php?rest_route=%2Fwp%2Fv2%2Fcomments&post=68"}],"version-history":[{"count":5,"href":"https:\/\/www.peter-electronic.com\/index.php?rest_route=\/wp\/v2\/pages\/68\/revisions"}],"predecessor-version":[{"id":18923,"href":"https:\/\/www.peter-electronic.com\/index.php?rest_route=\/wp\/v2\/pages\/68\/revisions\/18923"}],"wp:attachment":[{"href":"https:\/\/www.peter-electronic.com\/index.php?rest_route=%2Fwp%2Fv2%2Fmedia&parent=68"}],"curies":[{"name":"wp","href":"https:\/\/api.w.org\/{rel}","templated":true}]}}