{"id":622,"date":"2017-02-16T14:08:41","date_gmt":"2017-02-16T13:08:41","guid":{"rendered":"https:\/\/www.peter-electronic.com\/de\/?page_id=622"},"modified":"2017-02-16T14:08:41","modified_gmt":"2017-02-16T13:08:41","slug":"wie-schneidet-der-sanftanlauf-im-vergleich-zum-stern-dreieck-anlauf-ab","status":"publish","type":"page","link":"https:\/\/www.peter-electronic.com\/service\/faq\/softstarter\/wie-schneidet-der-sanftanlauf-im-vergleich-zum-stern-dreieck-anlauf-ab\/","title":{"rendered":"Wie schneidet der Sanftanlauf im Vergleich zum Stern-Dreieck-Anlauf ab?"},"content":{"rendered":"<p><em>Softstarter \u2013 Allgemeines<\/em><\/p>\n<hr \/>\n<h1>Wie schneidet der Sanftanlauf im Vergleich zum Stern-Dreieck-Anlauf ab?<\/h1>\n<p>Wie schneidet der Sanftanlauf im Vergleich zum Stern-Dreieck-Anlauf ab?<\/p>\n<p>Im Vergleich zu Stern-Dreieck-Startern sind Softstarter wesentlich flexibler und bieten einen sanften Anlauf ohne das Risiko von Transienten\/\u00dcberspannungen.<\/p>\n<p>Das Leistungsverm\u00f6gen von Stern-Dreieck-Startern ist begrenzt, weil:<\/p>\n<ul>\n<li>das Anlaufmoment nicht so eingestellt werden kann, dass es zu den Motor- und Lasteigenschaften passt.<\/li>\n<li>es zwischen Stern- und Dreieck-Schaltung einen offenen \u00dcbergang gibt, der ein sch\u00e4dliches Drehmoment und Stromtransienten zur Folge hat.<\/li>\n<li>sie den wechselnden Lastbedingungen (z.B. Starts mit oder ohne Last) nicht gerecht werden.<\/li>\n<li>sie keinen Sanftauslauf bieten k\u00f6nnen.<\/li>\n<\/ul>\n<p>Die Hauptvorteile von Stern-\/Dreieck-Startern sind:<\/p>\n<ul>\n<li>sie sind m\u00f6glicherweise billiger als ein Softstarter.<\/li>\n<li>wenn sie f\u00fcr den Start extrem leichter Lasten eingesetzt werden, k\u00f6nnen sie den Anlaufstrom vielleicht auf ein niedrigeres Niveau als ein Softstarter begrenzen. Jedoch k\u00f6nnen noch immer schwere Strom- und Drehmoment-Transienten auftreten.<\/li>\n<hr \/>\n","protected":false},"excerpt":{"rendered":"<p>Softstarter \u2013 Allgemeines Wie schneidet der Sanftanlauf im Vergleich zum Stern-Dreieck-Anlauf ab? Wie schneidet der Sanftanlauf im Vergleich zum Stern-Dreieck-Anlauf ab? Im Vergleich zu Stern-Dreieck-Startern sind Softstarter wesentlich flexibler und bieten einen sanften Anlauf ohne das Risiko von Transienten\/\u00dcberspannungen. Das Leistungsverm\u00f6gen von Stern-Dreieck-Startern ist begrenzt, weil: das Anlaufmoment nicht so eingestellt werden kann, dass es [&hellip;]<\/p>\n","protected":false},"author":1,"featured_media":0,"parent":80,"menu_order":0,"comment_status":"closed","ping_status":"closed","template":"","meta":{"_acf_changed":false,"footnotes":""},"class_list":["post-622","page","type-page","status-publish","hentry"],"acf":[],"yoast_head":"<!-- This site is optimized with the Yoast SEO plugin v23.9 - https:\/\/yoast.com\/wordpress\/plugins\/seo\/ -->\n<title>Wie schneidet der Sanftanlauf im Vergleich zum Stern-Dreieck-Anlauf ab? - Frequenzumrichter, Softstarter und Bremsger\u00e4te direkt vom Hersteller<\/title>\n<meta name=\"robots\" content=\"index, follow, max-snippet:-1, max-image-preview:large, max-video-preview:-1\" \/>\n<link rel=\"canonical\" href=\"https:\/\/www.peter-electronic.com\/service\/faq\/softstarter\/wie-schneidet-der-sanftanlauf-im-vergleich-zum-stern-dreieck-anlauf-ab\/\" \/>\n<script type=\"application\/ld+json\" class=\"yoast-schema-graph\">{\"@context\":\"https:\/\/schema.org\",\"@graph\":[{\"@type\":\"WebPage\",\"@id\":\"https:\/\/www.peter-electronic.com\/service\/faq\/softstarter\/wie-schneidet-der-sanftanlauf-im-vergleich-zum-stern-dreieck-anlauf-ab\/\",\"url\":\"https:\/\/www.peter-electronic.com\/service\/faq\/softstarter\/wie-schneidet-der-sanftanlauf-im-vergleich-zum-stern-dreieck-anlauf-ab\/\",\"name\":\"Wie schneidet der Sanftanlauf im Vergleich zum Stern-Dreieck-Anlauf ab? - Frequenzumrichter, Softstarter und Bremsger\u00e4te direkt vom Hersteller\",\"isPartOf\":{\"@id\":\"https:\/\/www.peter-electronic.com\/#website\"},\"datePublished\":\"2017-02-16T13:08:41+00:00\",\"dateModified\":\"2017-02-16T13:08:41+00:00\",\"breadcrumb\":{\"@id\":\"https:\/\/www.peter-electronic.com\/service\/faq\/softstarter\/wie-schneidet-der-sanftanlauf-im-vergleich-zum-stern-dreieck-anlauf-ab\/#breadcrumb\"},\"inLanguage\":\"de\",\"potentialAction\":[{\"@type\":\"ReadAction\",\"target\":[\"https:\/\/www.peter-electronic.com\/service\/faq\/softstarter\/wie-schneidet-der-sanftanlauf-im-vergleich-zum-stern-dreieck-anlauf-ab\/\"]}]},{\"@type\":\"BreadcrumbList\",\"@id\":\"https:\/\/www.peter-electronic.com\/service\/faq\/softstarter\/wie-schneidet-der-sanftanlauf-im-vergleich-zum-stern-dreieck-anlauf-ab\/#breadcrumb\",\"itemListElement\":[{\"@type\":\"ListItem\",\"position\":1,\"name\":\"Startseite\",\"item\":\"https:\/\/www.peter-electronic.com\/\"},{\"@type\":\"ListItem\",\"position\":2,\"name\":\"Service\",\"item\":\"https:\/\/www.peter-electronic.com\/service\/\"},{\"@type\":\"ListItem\",\"position\":3,\"name\":\"FAQ-Center\",\"item\":\"https:\/\/www.peter-electronic.com\/service\/faq\/\"},{\"@type\":\"ListItem\",\"position\":4,\"name\":\"Softstarter\",\"item\":\"https:\/\/www.peter-electronic.com\/service\/faq\/softstarter\/\"},{\"@type\":\"ListItem\",\"position\":5,\"name\":\"Wie schneidet der Sanftanlauf im Vergleich zum Stern-Dreieck-Anlauf ab?\"}]},{\"@type\":\"WebSite\",\"@id\":\"https:\/\/www.peter-electronic.com\/#website\",\"url\":\"https:\/\/www.peter-electronic.com\/\",\"name\":\"Frequenzumrichter, Softstarter und Bremsger\u00e4te direkt vom Hersteller\",\"description\":\"\",\"alternateName\":\"Frequenzumrichter, Softstarter und Bremsger\u00e4te direkt vom Hersteller\",\"potentialAction\":[{\"@type\":\"SearchAction\",\"target\":{\"@type\":\"EntryPoint\",\"urlTemplate\":\"https:\/\/www.peter-electronic.com\/?s={search_term_string}\"},\"query-input\":{\"@type\":\"PropertyValueSpecification\",\"valueRequired\":true,\"valueName\":\"search_term_string\"}}],\"inLanguage\":\"de\"}]}<\/script>\n<!-- \/ Yoast SEO plugin. -->","yoast_head_json":{"title":"Wie schneidet der Sanftanlauf im Vergleich zum Stern-Dreieck-Anlauf ab? - Frequenzumrichter, Softstarter und Bremsger\u00e4te direkt vom Hersteller","robots":{"index":"index","follow":"follow","max-snippet":"max-snippet:-1","max-image-preview":"max-image-preview:large","max-video-preview":"max-video-preview:-1"},"canonical":"https:\/\/www.peter-electronic.com\/service\/faq\/softstarter\/wie-schneidet-der-sanftanlauf-im-vergleich-zum-stern-dreieck-anlauf-ab\/","schema":{"@context":"https:\/\/schema.org","@graph":[{"@type":"WebPage","@id":"https:\/\/www.peter-electronic.com\/service\/faq\/softstarter\/wie-schneidet-der-sanftanlauf-im-vergleich-zum-stern-dreieck-anlauf-ab\/","url":"https:\/\/www.peter-electronic.com\/service\/faq\/softstarter\/wie-schneidet-der-sanftanlauf-im-vergleich-zum-stern-dreieck-anlauf-ab\/","name":"Wie schneidet der Sanftanlauf im Vergleich zum Stern-Dreieck-Anlauf ab? - Frequenzumrichter, Softstarter und Bremsger\u00e4te direkt vom Hersteller","isPartOf":{"@id":"https:\/\/www.peter-electronic.com\/#website"},"datePublished":"2017-02-16T13:08:41+00:00","dateModified":"2017-02-16T13:08:41+00:00","breadcrumb":{"@id":"https:\/\/www.peter-electronic.com\/service\/faq\/softstarter\/wie-schneidet-der-sanftanlauf-im-vergleich-zum-stern-dreieck-anlauf-ab\/#breadcrumb"},"inLanguage":"de","potentialAction":[{"@type":"ReadAction","target":["https:\/\/www.peter-electronic.com\/service\/faq\/softstarter\/wie-schneidet-der-sanftanlauf-im-vergleich-zum-stern-dreieck-anlauf-ab\/"]}]},{"@type":"BreadcrumbList","@id":"https:\/\/www.peter-electronic.com\/service\/faq\/softstarter\/wie-schneidet-der-sanftanlauf-im-vergleich-zum-stern-dreieck-anlauf-ab\/#breadcrumb","itemListElement":[{"@type":"ListItem","position":1,"name":"Startseite","item":"https:\/\/www.peter-electronic.com\/"},{"@type":"ListItem","position":2,"name":"Service","item":"https:\/\/www.peter-electronic.com\/service\/"},{"@type":"ListItem","position":3,"name":"FAQ-Center","item":"https:\/\/www.peter-electronic.com\/service\/faq\/"},{"@type":"ListItem","position":4,"name":"Softstarter","item":"https:\/\/www.peter-electronic.com\/service\/faq\/softstarter\/"},{"@type":"ListItem","position":5,"name":"Wie schneidet der Sanftanlauf im Vergleich zum Stern-Dreieck-Anlauf ab?"}]},{"@type":"WebSite","@id":"https:\/\/www.peter-electronic.com\/#website","url":"https:\/\/www.peter-electronic.com\/","name":"Frequenzumrichter, Softstarter und Bremsger\u00e4te direkt vom Hersteller","description":"","alternateName":"Frequenzumrichter, Softstarter und Bremsger\u00e4te direkt vom Hersteller","potentialAction":[{"@type":"SearchAction","target":{"@type":"EntryPoint","urlTemplate":"https:\/\/www.peter-electronic.com\/?s={search_term_string}"},"query-input":{"@type":"PropertyValueSpecification","valueRequired":true,"valueName":"search_term_string"}}],"inLanguage":"de"}]}},"_links":{"self":[{"href":"https:\/\/www.peter-electronic.com\/index.php?rest_route=\/wp\/v2\/pages\/622","targetHints":{"allow":["GET"]}}],"collection":[{"href":"https:\/\/www.peter-electronic.com\/index.php?rest_route=\/wp\/v2\/pages"}],"about":[{"href":"https:\/\/www.peter-electronic.com\/index.php?rest_route=\/wp\/v2\/types\/page"}],"author":[{"embeddable":true,"href":"https:\/\/www.peter-electronic.com\/index.php?rest_route=\/wp\/v2\/users\/1"}],"replies":[{"embeddable":true,"href":"https:\/\/www.peter-electronic.com\/index.php?rest_route=%2Fwp%2Fv2%2Fcomments&post=622"}],"version-history":[{"count":0,"href":"https:\/\/www.peter-electronic.com\/index.php?rest_route=\/wp\/v2\/pages\/622\/revisions"}],"up":[{"embeddable":true,"href":"https:\/\/www.peter-electronic.com\/index.php?rest_route=\/wp\/v2\/pages\/80"}],"wp:attachment":[{"href":"https:\/\/www.peter-electronic.com\/index.php?rest_route=%2Fwp%2Fv2%2Fmedia&parent=622"}],"curies":[{"name":"wp","href":"https:\/\/api.w.org\/{rel}","templated":true}]}}