{"id":618,"date":"2017-02-16T14:08:14","date_gmt":"2017-02-16T13:08:14","guid":{"rendered":"https:\/\/www.peter-electronic.com\/de\/?page_id=618"},"modified":"2017-02-16T14:08:14","modified_gmt":"2017-02-16T13:08:14","slug":"was-sind-bypass-schuetze","status":"publish","type":"page","link":"https:\/\/www.peter-electronic.com\/service\/faq\/softstarter\/was-sind-bypass-schuetze\/","title":{"rendered":"Was sind Bypass-Sch\u00fctze?"},"content":{"rendered":"<p><em>Softstarter \u2013 Allgemeines<\/em><\/p>\n<hr \/>\n<h1>Was sind Bypass-Sch\u00fctze?<\/h1>\n<p>Bypass-Sch\u00fctze \u00fcberbr\u00fccken die Thyristoren eines Softstarters, wenn der Motor mit Volldrehzahl l\u00e4uft. Auf diese Weise wird die von den Thyristoren abgegebene W\u00e4rme w\u00e4hrend des Betriebs eliminiert.<\/p>\n<p>Einige Softstarter enthalten integrierte Bypass-Sch\u00fctze, andere ben\u00f6tigen ein externes Bypass-Sch\u00fctz.<\/p>\n<p>Bypass-Sch\u00fctze:<\/p>\n<ul>\n<li>erm\u00f6glichen den Einbau von Softstartern in geschlossene Geh\u00e4use<\/li>\n<li>eliminieren die Kosten f\u00fcr eine Fremdbel\u00fcftung des Schaltschranks<\/li>\n<li>sparen Energie, indem sie Thyristor-Verluste w\u00e4hrend des Betriebs eliminieren<\/li>\n<\/ul>\n<p>Bypass-Sch\u00fctze m\u00fcssen gem\u00e4\u00df AC1 f\u00fcr den Motor-Volllaststrom ausgelegt sein. Die AC1- Nennleistung ist dabei ausreichend, da das Bypass-Sch\u00fctz keinen Anlaufstrom oder Schalterfehlerstrom f\u00fchrt.<\/p>\n<hr \/>\n","protected":false},"excerpt":{"rendered":"<p>Softstarter \u2013 Allgemeines Was sind Bypass-Sch\u00fctze? Bypass-Sch\u00fctze \u00fcberbr\u00fccken die Thyristoren eines Softstarters, wenn der Motor mit Volldrehzahl l\u00e4uft. Auf diese Weise wird die von den Thyristoren abgegebene W\u00e4rme w\u00e4hrend des Betriebs eliminiert. Einige Softstarter enthalten integrierte Bypass-Sch\u00fctze, andere ben\u00f6tigen ein externes Bypass-Sch\u00fctz. Bypass-Sch\u00fctze: erm\u00f6glichen den Einbau von Softstartern in geschlossene Geh\u00e4use eliminieren die Kosten f\u00fcr [&hellip;]<\/p>\n","protected":false},"author":1,"featured_media":0,"parent":80,"menu_order":0,"comment_status":"closed","ping_status":"closed","template":"","meta":{"_acf_changed":false,"footnotes":""},"class_list":["post-618","page","type-page","status-publish","hentry"],"acf":[],"yoast_head":"<!-- This site is optimized with the Yoast SEO plugin v23.9 - https:\/\/yoast.com\/wordpress\/plugins\/seo\/ -->\n<title>Was sind Bypass-Sch\u00fctze? - Frequenzumrichter, Softstarter und Bremsger\u00e4te direkt vom Hersteller<\/title>\n<meta name=\"robots\" content=\"index, follow, max-snippet:-1, max-image-preview:large, max-video-preview:-1\" \/>\n<link rel=\"canonical\" href=\"https:\/\/www.peter-electronic.com\/service\/faq\/softstarter\/was-sind-bypass-schuetze\/\" \/>\n<script type=\"application\/ld+json\" class=\"yoast-schema-graph\">{\"@context\":\"https:\/\/schema.org\",\"@graph\":[{\"@type\":\"WebPage\",\"@id\":\"https:\/\/www.peter-electronic.com\/service\/faq\/softstarter\/was-sind-bypass-schuetze\/\",\"url\":\"https:\/\/www.peter-electronic.com\/service\/faq\/softstarter\/was-sind-bypass-schuetze\/\",\"name\":\"Was sind Bypass-Sch\u00fctze? - Frequenzumrichter, Softstarter und Bremsger\u00e4te direkt vom Hersteller\",\"isPartOf\":{\"@id\":\"https:\/\/www.peter-electronic.com\/#website\"},\"datePublished\":\"2017-02-16T13:08:14+00:00\",\"dateModified\":\"2017-02-16T13:08:14+00:00\",\"breadcrumb\":{\"@id\":\"https:\/\/www.peter-electronic.com\/service\/faq\/softstarter\/was-sind-bypass-schuetze\/#breadcrumb\"},\"inLanguage\":\"de\",\"potentialAction\":[{\"@type\":\"ReadAction\",\"target\":[\"https:\/\/www.peter-electronic.com\/service\/faq\/softstarter\/was-sind-bypass-schuetze\/\"]}]},{\"@type\":\"BreadcrumbList\",\"@id\":\"https:\/\/www.peter-electronic.com\/service\/faq\/softstarter\/was-sind-bypass-schuetze\/#breadcrumb\",\"itemListElement\":[{\"@type\":\"ListItem\",\"position\":1,\"name\":\"Startseite\",\"item\":\"https:\/\/www.peter-electronic.com\/\"},{\"@type\":\"ListItem\",\"position\":2,\"name\":\"Service\",\"item\":\"https:\/\/www.peter-electronic.com\/service\/\"},{\"@type\":\"ListItem\",\"position\":3,\"name\":\"FAQ-Center\",\"item\":\"https:\/\/www.peter-electronic.com\/service\/faq\/\"},{\"@type\":\"ListItem\",\"position\":4,\"name\":\"Softstarter\",\"item\":\"https:\/\/www.peter-electronic.com\/service\/faq\/softstarter\/\"},{\"@type\":\"ListItem\",\"position\":5,\"name\":\"Was sind Bypass-Sch\u00fctze?\"}]},{\"@type\":\"WebSite\",\"@id\":\"https:\/\/www.peter-electronic.com\/#website\",\"url\":\"https:\/\/www.peter-electronic.com\/\",\"name\":\"Frequenzumrichter, Softstarter und Bremsger\u00e4te direkt vom Hersteller\",\"description\":\"\",\"alternateName\":\"Frequenzumrichter, Softstarter und Bremsger\u00e4te direkt vom Hersteller\",\"potentialAction\":[{\"@type\":\"SearchAction\",\"target\":{\"@type\":\"EntryPoint\",\"urlTemplate\":\"https:\/\/www.peter-electronic.com\/?s={search_term_string}\"},\"query-input\":{\"@type\":\"PropertyValueSpecification\",\"valueRequired\":true,\"valueName\":\"search_term_string\"}}],\"inLanguage\":\"de\"}]}<\/script>\n<!-- \/ Yoast SEO plugin. -->","yoast_head_json":{"title":"Was sind Bypass-Sch\u00fctze? - Frequenzumrichter, Softstarter und Bremsger\u00e4te direkt vom Hersteller","robots":{"index":"index","follow":"follow","max-snippet":"max-snippet:-1","max-image-preview":"max-image-preview:large","max-video-preview":"max-video-preview:-1"},"canonical":"https:\/\/www.peter-electronic.com\/service\/faq\/softstarter\/was-sind-bypass-schuetze\/","schema":{"@context":"https:\/\/schema.org","@graph":[{"@type":"WebPage","@id":"https:\/\/www.peter-electronic.com\/service\/faq\/softstarter\/was-sind-bypass-schuetze\/","url":"https:\/\/www.peter-electronic.com\/service\/faq\/softstarter\/was-sind-bypass-schuetze\/","name":"Was sind Bypass-Sch\u00fctze? - Frequenzumrichter, Softstarter und Bremsger\u00e4te direkt vom Hersteller","isPartOf":{"@id":"https:\/\/www.peter-electronic.com\/#website"},"datePublished":"2017-02-16T13:08:14+00:00","dateModified":"2017-02-16T13:08:14+00:00","breadcrumb":{"@id":"https:\/\/www.peter-electronic.com\/service\/faq\/softstarter\/was-sind-bypass-schuetze\/#breadcrumb"},"inLanguage":"de","potentialAction":[{"@type":"ReadAction","target":["https:\/\/www.peter-electronic.com\/service\/faq\/softstarter\/was-sind-bypass-schuetze\/"]}]},{"@type":"BreadcrumbList","@id":"https:\/\/www.peter-electronic.com\/service\/faq\/softstarter\/was-sind-bypass-schuetze\/#breadcrumb","itemListElement":[{"@type":"ListItem","position":1,"name":"Startseite","item":"https:\/\/www.peter-electronic.com\/"},{"@type":"ListItem","position":2,"name":"Service","item":"https:\/\/www.peter-electronic.com\/service\/"},{"@type":"ListItem","position":3,"name":"FAQ-Center","item":"https:\/\/www.peter-electronic.com\/service\/faq\/"},{"@type":"ListItem","position":4,"name":"Softstarter","item":"https:\/\/www.peter-electronic.com\/service\/faq\/softstarter\/"},{"@type":"ListItem","position":5,"name":"Was sind Bypass-Sch\u00fctze?"}]},{"@type":"WebSite","@id":"https:\/\/www.peter-electronic.com\/#website","url":"https:\/\/www.peter-electronic.com\/","name":"Frequenzumrichter, Softstarter und Bremsger\u00e4te direkt vom Hersteller","description":"","alternateName":"Frequenzumrichter, Softstarter und Bremsger\u00e4te direkt vom Hersteller","potentialAction":[{"@type":"SearchAction","target":{"@type":"EntryPoint","urlTemplate":"https:\/\/www.peter-electronic.com\/?s={search_term_string}"},"query-input":{"@type":"PropertyValueSpecification","valueRequired":true,"valueName":"search_term_string"}}],"inLanguage":"de"}]}},"_links":{"self":[{"href":"https:\/\/www.peter-electronic.com\/index.php?rest_route=\/wp\/v2\/pages\/618","targetHints":{"allow":["GET"]}}],"collection":[{"href":"https:\/\/www.peter-electronic.com\/index.php?rest_route=\/wp\/v2\/pages"}],"about":[{"href":"https:\/\/www.peter-electronic.com\/index.php?rest_route=\/wp\/v2\/types\/page"}],"author":[{"embeddable":true,"href":"https:\/\/www.peter-electronic.com\/index.php?rest_route=\/wp\/v2\/users\/1"}],"replies":[{"embeddable":true,"href":"https:\/\/www.peter-electronic.com\/index.php?rest_route=%2Fwp%2Fv2%2Fcomments&post=618"}],"version-history":[{"count":0,"href":"https:\/\/www.peter-electronic.com\/index.php?rest_route=\/wp\/v2\/pages\/618\/revisions"}],"up":[{"embeddable":true,"href":"https:\/\/www.peter-electronic.com\/index.php?rest_route=\/wp\/v2\/pages\/80"}],"wp:attachment":[{"href":"https:\/\/www.peter-electronic.com\/index.php?rest_route=%2Fwp%2Fv2%2Fmedia&parent=618"}],"curies":[{"name":"wp","href":"https:\/\/api.w.org\/{rel}","templated":true}]}}