{"id":616,"date":"2017-02-16T14:07:56","date_gmt":"2017-02-16T13:07:56","guid":{"rendered":"https:\/\/www.peter-electronic.com\/de\/?page_id=616"},"modified":"2017-02-16T14:07:56","modified_gmt":"2017-02-16T13:07:56","slug":"kann-ein-1-softstarter-mehrere-motoren-steuern-um-paralleles-starten-zu-ermoeglichen","status":"publish","type":"page","link":"https:\/\/www.peter-electronic.com\/service\/faq\/softstarter\/kann-ein-1-softstarter-mehrere-motoren-steuern-um-paralleles-starten-zu-ermoeglichen\/","title":{"rendered":"Kann ein (1) Softstarter mehrere Motoren steuern, um paralleles Starten zu erm\u00f6glichen?"},"content":{"rendered":"<p><em>Softstarter \u2013 Installation<\/em><\/p>\n<hr \/>\n<h1>Kann ein (1) Softstarter mehrere Motoren steuern, um paralleles Starten zu erm\u00f6glichen?<\/h1>\n<p>Ja. Die Schaltungskonfiguration und die Wahl des Softstarters sind abh\u00e4ngig von der Anwendung.<\/p>\n<ol>\n<li>Jeder Motor muss \u00fcber seinen eigenen \u00dcberlastschutz verf\u00fcgen.<\/li>\n<li>Wenn die Motoren von gleicher Gr\u00f6\u00dfe und mechanisch gekoppelt sind, kann ein Konstantstrom-Softstarter verwendet werden.<\/li>\n<li>Wenn die Motoren von unterschiedlicher Gr\u00f6\u00dfe und\/oder die Lasten nicht mechanisch miteinander verriegelt sind, sollte ein Softstarter mit dem Anlassprofil einer zeitgesteuerten Spannungsrampe (TVR) verwendet werden.<\/li>\n<li>Die zusammengefassten Motor-Volllaststr\u00f6me (FLCs) d\u00fcrfen den Softstarter-Volllaststrom nicht \u00fcberschreiten.<\/li>\n<\/ol>\n<hr \/>\n","protected":false},"excerpt":{"rendered":"<p>Softstarter \u2013 Installation Kann ein (1) Softstarter mehrere Motoren steuern, um paralleles Starten zu erm\u00f6glichen? Ja. Die Schaltungskonfiguration und die Wahl des Softstarters sind abh\u00e4ngig von der Anwendung. Jeder Motor muss \u00fcber seinen eigenen \u00dcberlastschutz verf\u00fcgen. Wenn die Motoren von gleicher Gr\u00f6\u00dfe und mechanisch gekoppelt sind, kann ein Konstantstrom-Softstarter verwendet werden. Wenn die Motoren von [&hellip;]<\/p>\n","protected":false},"author":1,"featured_media":0,"parent":80,"menu_order":0,"comment_status":"closed","ping_status":"closed","template":"","meta":{"_acf_changed":false,"footnotes":""},"class_list":["post-616","page","type-page","status-publish","hentry"],"acf":[],"yoast_head":"<!-- This site is optimized with the Yoast SEO plugin v23.9 - https:\/\/yoast.com\/wordpress\/plugins\/seo\/ -->\n<title>Kann ein (1) Softstarter mehrere Motoren steuern, um paralleles Starten zu erm\u00f6glichen? - Frequenzumrichter, Softstarter und Bremsger\u00e4te direkt vom Hersteller<\/title>\n<meta name=\"robots\" content=\"index, follow, max-snippet:-1, max-image-preview:large, max-video-preview:-1\" \/>\n<link rel=\"canonical\" href=\"https:\/\/www.peter-electronic.com\/service\/faq\/softstarter\/kann-ein-1-softstarter-mehrere-motoren-steuern-um-paralleles-starten-zu-ermoeglichen\/\" \/>\n<script type=\"application\/ld+json\" class=\"yoast-schema-graph\">{\"@context\":\"https:\/\/schema.org\",\"@graph\":[{\"@type\":\"WebPage\",\"@id\":\"https:\/\/www.peter-electronic.com\/service\/faq\/softstarter\/kann-ein-1-softstarter-mehrere-motoren-steuern-um-paralleles-starten-zu-ermoeglichen\/\",\"url\":\"https:\/\/www.peter-electronic.com\/service\/faq\/softstarter\/kann-ein-1-softstarter-mehrere-motoren-steuern-um-paralleles-starten-zu-ermoeglichen\/\",\"name\":\"Kann ein (1) Softstarter mehrere Motoren steuern, um paralleles Starten zu erm\u00f6glichen? - Frequenzumrichter, Softstarter und Bremsger\u00e4te direkt vom Hersteller\",\"isPartOf\":{\"@id\":\"https:\/\/www.peter-electronic.com\/#website\"},\"datePublished\":\"2017-02-16T13:07:56+00:00\",\"dateModified\":\"2017-02-16T13:07:56+00:00\",\"breadcrumb\":{\"@id\":\"https:\/\/www.peter-electronic.com\/service\/faq\/softstarter\/kann-ein-1-softstarter-mehrere-motoren-steuern-um-paralleles-starten-zu-ermoeglichen\/#breadcrumb\"},\"inLanguage\":\"de\",\"potentialAction\":[{\"@type\":\"ReadAction\",\"target\":[\"https:\/\/www.peter-electronic.com\/service\/faq\/softstarter\/kann-ein-1-softstarter-mehrere-motoren-steuern-um-paralleles-starten-zu-ermoeglichen\/\"]}]},{\"@type\":\"BreadcrumbList\",\"@id\":\"https:\/\/www.peter-electronic.com\/service\/faq\/softstarter\/kann-ein-1-softstarter-mehrere-motoren-steuern-um-paralleles-starten-zu-ermoeglichen\/#breadcrumb\",\"itemListElement\":[{\"@type\":\"ListItem\",\"position\":1,\"name\":\"Startseite\",\"item\":\"https:\/\/www.peter-electronic.com\/\"},{\"@type\":\"ListItem\",\"position\":2,\"name\":\"Service\",\"item\":\"https:\/\/www.peter-electronic.com\/service\/\"},{\"@type\":\"ListItem\",\"position\":3,\"name\":\"FAQ-Center\",\"item\":\"https:\/\/www.peter-electronic.com\/service\/faq\/\"},{\"@type\":\"ListItem\",\"position\":4,\"name\":\"Softstarter\",\"item\":\"https:\/\/www.peter-electronic.com\/service\/faq\/softstarter\/\"},{\"@type\":\"ListItem\",\"position\":5,\"name\":\"Kann ein (1) Softstarter mehrere Motoren steuern, um paralleles Starten zu erm\u00f6glichen?\"}]},{\"@type\":\"WebSite\",\"@id\":\"https:\/\/www.peter-electronic.com\/#website\",\"url\":\"https:\/\/www.peter-electronic.com\/\",\"name\":\"Frequenzumrichter, Softstarter und Bremsger\u00e4te direkt vom Hersteller\",\"description\":\"\",\"alternateName\":\"Frequenzumrichter, Softstarter und Bremsger\u00e4te direkt vom Hersteller\",\"potentialAction\":[{\"@type\":\"SearchAction\",\"target\":{\"@type\":\"EntryPoint\",\"urlTemplate\":\"https:\/\/www.peter-electronic.com\/?s={search_term_string}\"},\"query-input\":{\"@type\":\"PropertyValueSpecification\",\"valueRequired\":true,\"valueName\":\"search_term_string\"}}],\"inLanguage\":\"de\"}]}<\/script>\n<!-- \/ Yoast SEO plugin. -->","yoast_head_json":{"title":"Kann ein (1) Softstarter mehrere Motoren steuern, um paralleles Starten zu erm\u00f6glichen? - Frequenzumrichter, Softstarter und Bremsger\u00e4te direkt vom Hersteller","robots":{"index":"index","follow":"follow","max-snippet":"max-snippet:-1","max-image-preview":"max-image-preview:large","max-video-preview":"max-video-preview:-1"},"canonical":"https:\/\/www.peter-electronic.com\/service\/faq\/softstarter\/kann-ein-1-softstarter-mehrere-motoren-steuern-um-paralleles-starten-zu-ermoeglichen\/","schema":{"@context":"https:\/\/schema.org","@graph":[{"@type":"WebPage","@id":"https:\/\/www.peter-electronic.com\/service\/faq\/softstarter\/kann-ein-1-softstarter-mehrere-motoren-steuern-um-paralleles-starten-zu-ermoeglichen\/","url":"https:\/\/www.peter-electronic.com\/service\/faq\/softstarter\/kann-ein-1-softstarter-mehrere-motoren-steuern-um-paralleles-starten-zu-ermoeglichen\/","name":"Kann ein (1) Softstarter mehrere Motoren steuern, um paralleles Starten zu erm\u00f6glichen? - Frequenzumrichter, Softstarter und Bremsger\u00e4te direkt vom Hersteller","isPartOf":{"@id":"https:\/\/www.peter-electronic.com\/#website"},"datePublished":"2017-02-16T13:07:56+00:00","dateModified":"2017-02-16T13:07:56+00:00","breadcrumb":{"@id":"https:\/\/www.peter-electronic.com\/service\/faq\/softstarter\/kann-ein-1-softstarter-mehrere-motoren-steuern-um-paralleles-starten-zu-ermoeglichen\/#breadcrumb"},"inLanguage":"de","potentialAction":[{"@type":"ReadAction","target":["https:\/\/www.peter-electronic.com\/service\/faq\/softstarter\/kann-ein-1-softstarter-mehrere-motoren-steuern-um-paralleles-starten-zu-ermoeglichen\/"]}]},{"@type":"BreadcrumbList","@id":"https:\/\/www.peter-electronic.com\/service\/faq\/softstarter\/kann-ein-1-softstarter-mehrere-motoren-steuern-um-paralleles-starten-zu-ermoeglichen\/#breadcrumb","itemListElement":[{"@type":"ListItem","position":1,"name":"Startseite","item":"https:\/\/www.peter-electronic.com\/"},{"@type":"ListItem","position":2,"name":"Service","item":"https:\/\/www.peter-electronic.com\/service\/"},{"@type":"ListItem","position":3,"name":"FAQ-Center","item":"https:\/\/www.peter-electronic.com\/service\/faq\/"},{"@type":"ListItem","position":4,"name":"Softstarter","item":"https:\/\/www.peter-electronic.com\/service\/faq\/softstarter\/"},{"@type":"ListItem","position":5,"name":"Kann ein (1) Softstarter mehrere Motoren steuern, um paralleles Starten zu erm\u00f6glichen?"}]},{"@type":"WebSite","@id":"https:\/\/www.peter-electronic.com\/#website","url":"https:\/\/www.peter-electronic.com\/","name":"Frequenzumrichter, Softstarter und Bremsger\u00e4te direkt vom Hersteller","description":"","alternateName":"Frequenzumrichter, Softstarter und Bremsger\u00e4te direkt vom Hersteller","potentialAction":[{"@type":"SearchAction","target":{"@type":"EntryPoint","urlTemplate":"https:\/\/www.peter-electronic.com\/?s={search_term_string}"},"query-input":{"@type":"PropertyValueSpecification","valueRequired":true,"valueName":"search_term_string"}}],"inLanguage":"de"}]}},"_links":{"self":[{"href":"https:\/\/www.peter-electronic.com\/index.php?rest_route=\/wp\/v2\/pages\/616","targetHints":{"allow":["GET"]}}],"collection":[{"href":"https:\/\/www.peter-electronic.com\/index.php?rest_route=\/wp\/v2\/pages"}],"about":[{"href":"https:\/\/www.peter-electronic.com\/index.php?rest_route=\/wp\/v2\/types\/page"}],"author":[{"embeddable":true,"href":"https:\/\/www.peter-electronic.com\/index.php?rest_route=\/wp\/v2\/users\/1"}],"replies":[{"embeddable":true,"href":"https:\/\/www.peter-electronic.com\/index.php?rest_route=%2Fwp%2Fv2%2Fcomments&post=616"}],"version-history":[{"count":0,"href":"https:\/\/www.peter-electronic.com\/index.php?rest_route=\/wp\/v2\/pages\/616\/revisions"}],"up":[{"embeddable":true,"href":"https:\/\/www.peter-electronic.com\/index.php?rest_route=\/wp\/v2\/pages\/80"}],"wp:attachment":[{"href":"https:\/\/www.peter-electronic.com\/index.php?rest_route=%2Fwp%2Fv2%2Fmedia&parent=616"}],"curies":[{"name":"wp","href":"https:\/\/api.w.org\/{rel}","templated":true}]}}