{"id":614,"date":"2017-02-16T14:07:40","date_gmt":"2017-02-16T13:07:40","guid":{"rendered":"https:\/\/www.peter-electronic.com\/de\/?page_id=614"},"modified":"2017-02-16T14:07:40","modified_gmt":"2017-02-16T13:07:40","slug":"wie-gross-ist-die-maximale-kabellaenge-zwischen-einem-softstarter-und-dem-motor","status":"publish","type":"page","link":"https:\/\/www.peter-electronic.com\/service\/faq\/softstarter\/wie-gross-ist-die-maximale-kabellaenge-zwischen-einem-softstarter-und-dem-motor\/","title":{"rendered":"Wie gro\u00df ist die maximale Kabell\u00e4nge zwischen einem Softstarter und dem Motor?"},"content":{"rendered":"<p><em>Softstarter \u2013 Installation<\/em><\/p>\n<hr \/>\n<h1>Wie gro\u00df ist die maximale Kabell\u00e4nge zwischen einem Softstarter und dem Motor?<\/h1>\n<p>Der maximale Abstand zwischen dem Starter und dem Motor wird bestimmt durch den Spannungsabfall und die Kabelkapazit\u00e4t. Der Spannungsabfall an den Motoranschlussklemmen darf den in den regional geltenden Elektrovorschriften spezifizierten Grenzwert bei unter Volllast laufendem Motor nicht \u00fcberschreiten. Die Verkabelung muss dementsprechend dimensioniert werden. Die Kabelkapazit\u00e4t kann bei Leitungsstrecken, die l\u00e4nger als 500 Meter sind, ein wichtiger Faktor sein. Wenden Sie sich diesbez\u00fcglich an den Softstarter-Hersteller. Sie werden hierf\u00fcr Angaben hinsichtlich Netzspannung, Netzfrequenz und Softstarter-Modell bereitstellen m\u00fcssen.<\/p>\n<hr \/>\n","protected":false},"excerpt":{"rendered":"<p>Softstarter \u2013 Installation Wie gro\u00df ist die maximale Kabell\u00e4nge zwischen einem Softstarter und dem Motor? Der maximale Abstand zwischen dem Starter und dem Motor wird bestimmt durch den Spannungsabfall und die Kabelkapazit\u00e4t. Der Spannungsabfall an den Motoranschlussklemmen darf den in den regional geltenden Elektrovorschriften spezifizierten Grenzwert bei unter Volllast laufendem Motor nicht \u00fcberschreiten. Die Verkabelung [&hellip;]<\/p>\n","protected":false},"author":1,"featured_media":0,"parent":80,"menu_order":0,"comment_status":"closed","ping_status":"closed","template":"","meta":{"_acf_changed":false,"footnotes":""},"class_list":["post-614","page","type-page","status-publish","hentry"],"acf":[],"yoast_head":"<!-- This site is optimized with the Yoast SEO plugin v23.9 - https:\/\/yoast.com\/wordpress\/plugins\/seo\/ -->\n<title>Wie gro\u00df ist die maximale Kabell\u00e4nge zwischen einem Softstarter und dem Motor? - Frequenzumrichter, Softstarter und Bremsger\u00e4te direkt vom Hersteller<\/title>\n<meta name=\"robots\" content=\"index, follow, max-snippet:-1, max-image-preview:large, max-video-preview:-1\" \/>\n<link rel=\"canonical\" href=\"https:\/\/www.peter-electronic.com\/service\/faq\/softstarter\/wie-gross-ist-die-maximale-kabellaenge-zwischen-einem-softstarter-und-dem-motor\/\" \/>\n<script type=\"application\/ld+json\" class=\"yoast-schema-graph\">{\"@context\":\"https:\/\/schema.org\",\"@graph\":[{\"@type\":\"WebPage\",\"@id\":\"https:\/\/www.peter-electronic.com\/service\/faq\/softstarter\/wie-gross-ist-die-maximale-kabellaenge-zwischen-einem-softstarter-und-dem-motor\/\",\"url\":\"https:\/\/www.peter-electronic.com\/service\/faq\/softstarter\/wie-gross-ist-die-maximale-kabellaenge-zwischen-einem-softstarter-und-dem-motor\/\",\"name\":\"Wie gro\u00df ist die maximale Kabell\u00e4nge zwischen einem Softstarter und dem Motor? - Frequenzumrichter, Softstarter und Bremsger\u00e4te direkt vom Hersteller\",\"isPartOf\":{\"@id\":\"https:\/\/www.peter-electronic.com\/#website\"},\"datePublished\":\"2017-02-16T13:07:40+00:00\",\"dateModified\":\"2017-02-16T13:07:40+00:00\",\"breadcrumb\":{\"@id\":\"https:\/\/www.peter-electronic.com\/service\/faq\/softstarter\/wie-gross-ist-die-maximale-kabellaenge-zwischen-einem-softstarter-und-dem-motor\/#breadcrumb\"},\"inLanguage\":\"de\",\"potentialAction\":[{\"@type\":\"ReadAction\",\"target\":[\"https:\/\/www.peter-electronic.com\/service\/faq\/softstarter\/wie-gross-ist-die-maximale-kabellaenge-zwischen-einem-softstarter-und-dem-motor\/\"]}]},{\"@type\":\"BreadcrumbList\",\"@id\":\"https:\/\/www.peter-electronic.com\/service\/faq\/softstarter\/wie-gross-ist-die-maximale-kabellaenge-zwischen-einem-softstarter-und-dem-motor\/#breadcrumb\",\"itemListElement\":[{\"@type\":\"ListItem\",\"position\":1,\"name\":\"Startseite\",\"item\":\"https:\/\/www.peter-electronic.com\/\"},{\"@type\":\"ListItem\",\"position\":2,\"name\":\"Service\",\"item\":\"https:\/\/www.peter-electronic.com\/service\/\"},{\"@type\":\"ListItem\",\"position\":3,\"name\":\"FAQ-Center\",\"item\":\"https:\/\/www.peter-electronic.com\/service\/faq\/\"},{\"@type\":\"ListItem\",\"position\":4,\"name\":\"Softstarter\",\"item\":\"https:\/\/www.peter-electronic.com\/service\/faq\/softstarter\/\"},{\"@type\":\"ListItem\",\"position\":5,\"name\":\"Wie gro\u00df ist die maximale Kabell\u00e4nge zwischen einem Softstarter und dem Motor?\"}]},{\"@type\":\"WebSite\",\"@id\":\"https:\/\/www.peter-electronic.com\/#website\",\"url\":\"https:\/\/www.peter-electronic.com\/\",\"name\":\"Frequenzumrichter, Softstarter und Bremsger\u00e4te direkt vom Hersteller\",\"description\":\"\",\"alternateName\":\"Frequenzumrichter, Softstarter und Bremsger\u00e4te direkt vom Hersteller\",\"potentialAction\":[{\"@type\":\"SearchAction\",\"target\":{\"@type\":\"EntryPoint\",\"urlTemplate\":\"https:\/\/www.peter-electronic.com\/?s={search_term_string}\"},\"query-input\":{\"@type\":\"PropertyValueSpecification\",\"valueRequired\":true,\"valueName\":\"search_term_string\"}}],\"inLanguage\":\"de\"}]}<\/script>\n<!-- \/ Yoast SEO plugin. -->","yoast_head_json":{"title":"Wie gro\u00df ist die maximale Kabell\u00e4nge zwischen einem Softstarter und dem Motor? - Frequenzumrichter, Softstarter und Bremsger\u00e4te direkt vom Hersteller","robots":{"index":"index","follow":"follow","max-snippet":"max-snippet:-1","max-image-preview":"max-image-preview:large","max-video-preview":"max-video-preview:-1"},"canonical":"https:\/\/www.peter-electronic.com\/service\/faq\/softstarter\/wie-gross-ist-die-maximale-kabellaenge-zwischen-einem-softstarter-und-dem-motor\/","schema":{"@context":"https:\/\/schema.org","@graph":[{"@type":"WebPage","@id":"https:\/\/www.peter-electronic.com\/service\/faq\/softstarter\/wie-gross-ist-die-maximale-kabellaenge-zwischen-einem-softstarter-und-dem-motor\/","url":"https:\/\/www.peter-electronic.com\/service\/faq\/softstarter\/wie-gross-ist-die-maximale-kabellaenge-zwischen-einem-softstarter-und-dem-motor\/","name":"Wie gro\u00df ist die maximale Kabell\u00e4nge zwischen einem Softstarter und dem Motor? - Frequenzumrichter, Softstarter und Bremsger\u00e4te direkt vom Hersteller","isPartOf":{"@id":"https:\/\/www.peter-electronic.com\/#website"},"datePublished":"2017-02-16T13:07:40+00:00","dateModified":"2017-02-16T13:07:40+00:00","breadcrumb":{"@id":"https:\/\/www.peter-electronic.com\/service\/faq\/softstarter\/wie-gross-ist-die-maximale-kabellaenge-zwischen-einem-softstarter-und-dem-motor\/#breadcrumb"},"inLanguage":"de","potentialAction":[{"@type":"ReadAction","target":["https:\/\/www.peter-electronic.com\/service\/faq\/softstarter\/wie-gross-ist-die-maximale-kabellaenge-zwischen-einem-softstarter-und-dem-motor\/"]}]},{"@type":"BreadcrumbList","@id":"https:\/\/www.peter-electronic.com\/service\/faq\/softstarter\/wie-gross-ist-die-maximale-kabellaenge-zwischen-einem-softstarter-und-dem-motor\/#breadcrumb","itemListElement":[{"@type":"ListItem","position":1,"name":"Startseite","item":"https:\/\/www.peter-electronic.com\/"},{"@type":"ListItem","position":2,"name":"Service","item":"https:\/\/www.peter-electronic.com\/service\/"},{"@type":"ListItem","position":3,"name":"FAQ-Center","item":"https:\/\/www.peter-electronic.com\/service\/faq\/"},{"@type":"ListItem","position":4,"name":"Softstarter","item":"https:\/\/www.peter-electronic.com\/service\/faq\/softstarter\/"},{"@type":"ListItem","position":5,"name":"Wie gro\u00df ist die maximale Kabell\u00e4nge zwischen einem Softstarter und dem Motor?"}]},{"@type":"WebSite","@id":"https:\/\/www.peter-electronic.com\/#website","url":"https:\/\/www.peter-electronic.com\/","name":"Frequenzumrichter, Softstarter und Bremsger\u00e4te direkt vom Hersteller","description":"","alternateName":"Frequenzumrichter, Softstarter und Bremsger\u00e4te direkt vom Hersteller","potentialAction":[{"@type":"SearchAction","target":{"@type":"EntryPoint","urlTemplate":"https:\/\/www.peter-electronic.com\/?s={search_term_string}"},"query-input":{"@type":"PropertyValueSpecification","valueRequired":true,"valueName":"search_term_string"}}],"inLanguage":"de"}]}},"_links":{"self":[{"href":"https:\/\/www.peter-electronic.com\/index.php?rest_route=\/wp\/v2\/pages\/614","targetHints":{"allow":["GET"]}}],"collection":[{"href":"https:\/\/www.peter-electronic.com\/index.php?rest_route=\/wp\/v2\/pages"}],"about":[{"href":"https:\/\/www.peter-electronic.com\/index.php?rest_route=\/wp\/v2\/types\/page"}],"author":[{"embeddable":true,"href":"https:\/\/www.peter-electronic.com\/index.php?rest_route=\/wp\/v2\/users\/1"}],"replies":[{"embeddable":true,"href":"https:\/\/www.peter-electronic.com\/index.php?rest_route=%2Fwp%2Fv2%2Fcomments&post=614"}],"version-history":[{"count":0,"href":"https:\/\/www.peter-electronic.com\/index.php?rest_route=\/wp\/v2\/pages\/614\/revisions"}],"up":[{"embeddable":true,"href":"https:\/\/www.peter-electronic.com\/index.php?rest_route=\/wp\/v2\/pages\/80"}],"wp:attachment":[{"href":"https:\/\/www.peter-electronic.com\/index.php?rest_route=%2Fwp%2Fv2%2Fmedia&parent=614"}],"curies":[{"name":"wp","href":"https:\/\/api.w.org\/{rel}","templated":true}]}}