{"id":612,"date":"2017-02-16T14:05:52","date_gmt":"2017-02-16T13:05:52","guid":{"rendered":"https:\/\/www.peter-electronic.com\/de\/?page_id=612"},"modified":"2017-02-16T14:05:52","modified_gmt":"2017-02-16T13:05:52","slug":"was-ist-eine-wurzel-3-schaltung","status":"publish","type":"page","link":"https:\/\/www.peter-electronic.com\/service\/faq\/softstarter\/was-ist-eine-wurzel-3-schaltung\/","title":{"rendered":"Was ist eine Wurzel-3-Schaltung?"},"content":{"rendered":"<p><em>Softstarter \u2013 Installation<\/em><\/p>\n<hr \/>\n<h1>Was ist eine Wurzel-3-Schaltung?<\/h1>\n<p>Die Wurzel-3-Schaltung (auch als Sechs-Leiter-Anschluss bezeichnet) positioniert die Softstarter-Thyristoren in Reihe mit jeder Motorwicklung. Das bedeutet, dass der Softstarter nur Phasenstrom und keinen Netzstrom f\u00fchrt. Auf diese Weise kann der Softstarter einen Motor steuern, der einen gr\u00f6\u00dferen als den normalen Volllaststrom aufweist.<\/p>\n<p>Bei Verwendung einer Wurzel-3-Schaltung muss auch ein Hauptsch\u00fctz oder ein Kompaktleistungsschalter (Spannungsausl\u00f6ser) verwendet werden, um bei einer Ausl\u00f6sung sowohl den Motor als auch den Softstarter von der Versorgung zu trennen.<\/p>\n<p>Wurzel-3-Schaltung:<\/p>\n<ul>\n<li>vereinfacht den Austausch von Stern-Dreieck-Startern, da die vorhandene Verdrahtung verwendet werden kann.<\/li>\n<li>kann die Installationskosten reduzieren.<\/li>\n<\/ul>\n<p>Die Softstarterkosten reduzieren sich, doch entstehen zus\u00e4tzliche Kosten f\u00fcr Verkabelung und Hauptsch\u00fctz. Der Kostenausgleich muss im Einzelfall abgewogen werden.<\/p>\n<p>Nur Motoren, die es erm\u00f6glichen, jedes Ende aller drei Motorwicklungen getrennt anzuschlie\u00dfen, lassen sich \u00fcber eine Wurzel-3-Schaltung steuern.<\/p>\n<p>Nicht alle Softstarter k\u00f6nnen in Wurzel-3-Schaltung angeschlossen werden.<\/p>\n<hr \/>\n","protected":false},"excerpt":{"rendered":"<p>Softstarter \u2013 Installation Was ist eine Wurzel-3-Schaltung? Die Wurzel-3-Schaltung (auch als Sechs-Leiter-Anschluss bezeichnet) positioniert die Softstarter-Thyristoren in Reihe mit jeder Motorwicklung. Das bedeutet, dass der Softstarter nur Phasenstrom und keinen Netzstrom f\u00fchrt. Auf diese Weise kann der Softstarter einen Motor steuern, der einen gr\u00f6\u00dferen als den normalen Volllaststrom aufweist. Bei Verwendung einer Wurzel-3-Schaltung muss auch [&hellip;]<\/p>\n","protected":false},"author":1,"featured_media":0,"parent":80,"menu_order":0,"comment_status":"closed","ping_status":"closed","template":"","meta":{"_acf_changed":false,"footnotes":""},"class_list":["post-612","page","type-page","status-publish","hentry"],"acf":[],"yoast_head":"<!-- This site is optimized with the Yoast SEO plugin v23.9 - https:\/\/yoast.com\/wordpress\/plugins\/seo\/ -->\n<title>Was ist eine Wurzel-3-Schaltung? - Frequenzumrichter, Softstarter und Bremsger\u00e4te direkt vom Hersteller<\/title>\n<meta name=\"robots\" content=\"index, follow, max-snippet:-1, max-image-preview:large, max-video-preview:-1\" \/>\n<link rel=\"canonical\" href=\"https:\/\/www.peter-electronic.com\/service\/faq\/softstarter\/was-ist-eine-wurzel-3-schaltung\/\" \/>\n<script type=\"application\/ld+json\" class=\"yoast-schema-graph\">{\"@context\":\"https:\/\/schema.org\",\"@graph\":[{\"@type\":\"WebPage\",\"@id\":\"https:\/\/www.peter-electronic.com\/service\/faq\/softstarter\/was-ist-eine-wurzel-3-schaltung\/\",\"url\":\"https:\/\/www.peter-electronic.com\/service\/faq\/softstarter\/was-ist-eine-wurzel-3-schaltung\/\",\"name\":\"Was ist eine Wurzel-3-Schaltung? - Frequenzumrichter, Softstarter und Bremsger\u00e4te direkt vom Hersteller\",\"isPartOf\":{\"@id\":\"https:\/\/www.peter-electronic.com\/#website\"},\"datePublished\":\"2017-02-16T13:05:52+00:00\",\"dateModified\":\"2017-02-16T13:05:52+00:00\",\"breadcrumb\":{\"@id\":\"https:\/\/www.peter-electronic.com\/service\/faq\/softstarter\/was-ist-eine-wurzel-3-schaltung\/#breadcrumb\"},\"inLanguage\":\"de\",\"potentialAction\":[{\"@type\":\"ReadAction\",\"target\":[\"https:\/\/www.peter-electronic.com\/service\/faq\/softstarter\/was-ist-eine-wurzel-3-schaltung\/\"]}]},{\"@type\":\"BreadcrumbList\",\"@id\":\"https:\/\/www.peter-electronic.com\/service\/faq\/softstarter\/was-ist-eine-wurzel-3-schaltung\/#breadcrumb\",\"itemListElement\":[{\"@type\":\"ListItem\",\"position\":1,\"name\":\"Startseite\",\"item\":\"https:\/\/www.peter-electronic.com\/\"},{\"@type\":\"ListItem\",\"position\":2,\"name\":\"Service\",\"item\":\"https:\/\/www.peter-electronic.com\/service\/\"},{\"@type\":\"ListItem\",\"position\":3,\"name\":\"FAQ-Center\",\"item\":\"https:\/\/www.peter-electronic.com\/service\/faq\/\"},{\"@type\":\"ListItem\",\"position\":4,\"name\":\"Softstarter\",\"item\":\"https:\/\/www.peter-electronic.com\/service\/faq\/softstarter\/\"},{\"@type\":\"ListItem\",\"position\":5,\"name\":\"Was ist eine Wurzel-3-Schaltung?\"}]},{\"@type\":\"WebSite\",\"@id\":\"https:\/\/www.peter-electronic.com\/#website\",\"url\":\"https:\/\/www.peter-electronic.com\/\",\"name\":\"Frequenzumrichter, Softstarter und Bremsger\u00e4te direkt vom Hersteller\",\"description\":\"\",\"alternateName\":\"Frequenzumrichter, Softstarter und Bremsger\u00e4te direkt vom Hersteller\",\"potentialAction\":[{\"@type\":\"SearchAction\",\"target\":{\"@type\":\"EntryPoint\",\"urlTemplate\":\"https:\/\/www.peter-electronic.com\/?s={search_term_string}\"},\"query-input\":{\"@type\":\"PropertyValueSpecification\",\"valueRequired\":true,\"valueName\":\"search_term_string\"}}],\"inLanguage\":\"de\"}]}<\/script>\n<!-- \/ Yoast SEO plugin. -->","yoast_head_json":{"title":"Was ist eine Wurzel-3-Schaltung? - Frequenzumrichter, Softstarter und Bremsger\u00e4te direkt vom Hersteller","robots":{"index":"index","follow":"follow","max-snippet":"max-snippet:-1","max-image-preview":"max-image-preview:large","max-video-preview":"max-video-preview:-1"},"canonical":"https:\/\/www.peter-electronic.com\/service\/faq\/softstarter\/was-ist-eine-wurzel-3-schaltung\/","schema":{"@context":"https:\/\/schema.org","@graph":[{"@type":"WebPage","@id":"https:\/\/www.peter-electronic.com\/service\/faq\/softstarter\/was-ist-eine-wurzel-3-schaltung\/","url":"https:\/\/www.peter-electronic.com\/service\/faq\/softstarter\/was-ist-eine-wurzel-3-schaltung\/","name":"Was ist eine Wurzel-3-Schaltung? - Frequenzumrichter, Softstarter und Bremsger\u00e4te direkt vom Hersteller","isPartOf":{"@id":"https:\/\/www.peter-electronic.com\/#website"},"datePublished":"2017-02-16T13:05:52+00:00","dateModified":"2017-02-16T13:05:52+00:00","breadcrumb":{"@id":"https:\/\/www.peter-electronic.com\/service\/faq\/softstarter\/was-ist-eine-wurzel-3-schaltung\/#breadcrumb"},"inLanguage":"de","potentialAction":[{"@type":"ReadAction","target":["https:\/\/www.peter-electronic.com\/service\/faq\/softstarter\/was-ist-eine-wurzel-3-schaltung\/"]}]},{"@type":"BreadcrumbList","@id":"https:\/\/www.peter-electronic.com\/service\/faq\/softstarter\/was-ist-eine-wurzel-3-schaltung\/#breadcrumb","itemListElement":[{"@type":"ListItem","position":1,"name":"Startseite","item":"https:\/\/www.peter-electronic.com\/"},{"@type":"ListItem","position":2,"name":"Service","item":"https:\/\/www.peter-electronic.com\/service\/"},{"@type":"ListItem","position":3,"name":"FAQ-Center","item":"https:\/\/www.peter-electronic.com\/service\/faq\/"},{"@type":"ListItem","position":4,"name":"Softstarter","item":"https:\/\/www.peter-electronic.com\/service\/faq\/softstarter\/"},{"@type":"ListItem","position":5,"name":"Was ist eine Wurzel-3-Schaltung?"}]},{"@type":"WebSite","@id":"https:\/\/www.peter-electronic.com\/#website","url":"https:\/\/www.peter-electronic.com\/","name":"Frequenzumrichter, Softstarter und Bremsger\u00e4te direkt vom Hersteller","description":"","alternateName":"Frequenzumrichter, Softstarter und Bremsger\u00e4te direkt vom Hersteller","potentialAction":[{"@type":"SearchAction","target":{"@type":"EntryPoint","urlTemplate":"https:\/\/www.peter-electronic.com\/?s={search_term_string}"},"query-input":{"@type":"PropertyValueSpecification","valueRequired":true,"valueName":"search_term_string"}}],"inLanguage":"de"}]}},"_links":{"self":[{"href":"https:\/\/www.peter-electronic.com\/index.php?rest_route=\/wp\/v2\/pages\/612","targetHints":{"allow":["GET"]}}],"collection":[{"href":"https:\/\/www.peter-electronic.com\/index.php?rest_route=\/wp\/v2\/pages"}],"about":[{"href":"https:\/\/www.peter-electronic.com\/index.php?rest_route=\/wp\/v2\/types\/page"}],"author":[{"embeddable":true,"href":"https:\/\/www.peter-electronic.com\/index.php?rest_route=\/wp\/v2\/users\/1"}],"replies":[{"embeddable":true,"href":"https:\/\/www.peter-electronic.com\/index.php?rest_route=%2Fwp%2Fv2%2Fcomments&post=612"}],"version-history":[{"count":0,"href":"https:\/\/www.peter-electronic.com\/index.php?rest_route=\/wp\/v2\/pages\/612\/revisions"}],"up":[{"embeddable":true,"href":"https:\/\/www.peter-electronic.com\/index.php?rest_route=\/wp\/v2\/pages\/80"}],"wp:attachment":[{"href":"https:\/\/www.peter-electronic.com\/index.php?rest_route=%2Fwp%2Fv2%2Fmedia&parent=612"}],"curies":[{"name":"wp","href":"https:\/\/api.w.org\/{rel}","templated":true}]}}