{"id":610,"date":"2017-02-16T14:05:36","date_gmt":"2017-02-16T13:05:36","guid":{"rendered":"https:\/\/www.peter-electronic.com\/de\/?page_id=610"},"modified":"2017-02-16T14:05:36","modified_gmt":"2017-02-16T13:05:36","slug":"was-sind-hauptschuetze","status":"publish","type":"page","link":"https:\/\/www.peter-electronic.com\/service\/faq\/softstarter\/was-sind-hauptschuetze\/","title":{"rendered":"Was sind Hauptsch\u00fctze?"},"content":{"rendered":"<p><em>Softstarter \u2013 Installation<\/em><\/p>\n<hr \/>\n<h1>Was sind Hauptsch\u00fctze?<\/h1>\n<p>Softstarter k\u00f6nnen mit oder ohne ein Hauptsch\u00fctz installiert werden.<\/p>\n<p>Ein Hauptsch\u00fctz:<\/p>\n<ul>\n<li>kann erforderlich sein, um den \u00f6rtlich geltenden Elektrovorschriften zu entsprechen.<\/li>\n<li>sorgt, wenn der Starter nicht in Betrieb ist sowie bei einer Softstarter-Ausschaltung (tripping), f\u00fcr eine galvanische Trennung.<\/li>\n<\/ul>\n<p>Auch im \"Aus\"-Zustand bieten Thyristoren (SCRs) wegen der Ableitung durch den Thyristor und Schutzbeschaltungen kein hohes Ma\u00df an Trennung.<\/p>\n<ul>\n<li>sch\u00fctzt die Softstarter-Thyristoren gegen schwere \u00dcberspannungen (z.B. Blitzschlag). Thyristoren sind im \"Aus\"-Zustand am anf\u00e4lligsten gegen \u00dcberspannungssch\u00e4den. Ein Hauptsch\u00fctz trennt die Thyristoren, wenn der Motor nicht l\u00e4uft, von der Versorgung und verhindert so m\u00f6gliche Sch\u00e4den.<\/li>\n<\/ul>\n<p>Hauptsch\u00fctze m\u00fcssen gem\u00e4\u00df AC3 f\u00fcr den Motor-Volllaststrom (FLC) ausgelegt sein.<\/p>\n<hr \/>\n","protected":false},"excerpt":{"rendered":"<p>Softstarter \u2013 Installation Was sind Hauptsch\u00fctze? Softstarter k\u00f6nnen mit oder ohne ein Hauptsch\u00fctz installiert werden. Ein Hauptsch\u00fctz: kann erforderlich sein, um den \u00f6rtlich geltenden Elektrovorschriften zu entsprechen. sorgt, wenn der Starter nicht in Betrieb ist sowie bei einer Softstarter-Ausschaltung (tripping), f\u00fcr eine galvanische Trennung. Auch im &#8220;Aus&#8221;-Zustand bieten Thyristoren (SCRs) wegen der Ableitung durch den [&hellip;]<\/p>\n","protected":false},"author":1,"featured_media":0,"parent":80,"menu_order":0,"comment_status":"closed","ping_status":"closed","template":"","meta":{"_acf_changed":false,"footnotes":""},"class_list":["post-610","page","type-page","status-publish","hentry"],"acf":[],"yoast_head":"<!-- This site is optimized with the Yoast SEO plugin v23.9 - https:\/\/yoast.com\/wordpress\/plugins\/seo\/ -->\n<title>Was sind Hauptsch\u00fctze? - Frequenzumrichter, Softstarter und Bremsger\u00e4te direkt vom Hersteller<\/title>\n<meta name=\"robots\" content=\"index, follow, max-snippet:-1, max-image-preview:large, max-video-preview:-1\" \/>\n<link rel=\"canonical\" href=\"https:\/\/www.peter-electronic.com\/service\/faq\/softstarter\/was-sind-hauptschuetze\/\" \/>\n<script type=\"application\/ld+json\" class=\"yoast-schema-graph\">{\"@context\":\"https:\/\/schema.org\",\"@graph\":[{\"@type\":\"WebPage\",\"@id\":\"https:\/\/www.peter-electronic.com\/service\/faq\/softstarter\/was-sind-hauptschuetze\/\",\"url\":\"https:\/\/www.peter-electronic.com\/service\/faq\/softstarter\/was-sind-hauptschuetze\/\",\"name\":\"Was sind Hauptsch\u00fctze? - Frequenzumrichter, Softstarter und Bremsger\u00e4te direkt vom Hersteller\",\"isPartOf\":{\"@id\":\"https:\/\/www.peter-electronic.com\/#website\"},\"datePublished\":\"2017-02-16T13:05:36+00:00\",\"dateModified\":\"2017-02-16T13:05:36+00:00\",\"breadcrumb\":{\"@id\":\"https:\/\/www.peter-electronic.com\/service\/faq\/softstarter\/was-sind-hauptschuetze\/#breadcrumb\"},\"inLanguage\":\"de\",\"potentialAction\":[{\"@type\":\"ReadAction\",\"target\":[\"https:\/\/www.peter-electronic.com\/service\/faq\/softstarter\/was-sind-hauptschuetze\/\"]}]},{\"@type\":\"BreadcrumbList\",\"@id\":\"https:\/\/www.peter-electronic.com\/service\/faq\/softstarter\/was-sind-hauptschuetze\/#breadcrumb\",\"itemListElement\":[{\"@type\":\"ListItem\",\"position\":1,\"name\":\"Startseite\",\"item\":\"https:\/\/www.peter-electronic.com\/\"},{\"@type\":\"ListItem\",\"position\":2,\"name\":\"Service\",\"item\":\"https:\/\/www.peter-electronic.com\/service\/\"},{\"@type\":\"ListItem\",\"position\":3,\"name\":\"FAQ-Center\",\"item\":\"https:\/\/www.peter-electronic.com\/service\/faq\/\"},{\"@type\":\"ListItem\",\"position\":4,\"name\":\"Softstarter\",\"item\":\"https:\/\/www.peter-electronic.com\/service\/faq\/softstarter\/\"},{\"@type\":\"ListItem\",\"position\":5,\"name\":\"Was sind Hauptsch\u00fctze?\"}]},{\"@type\":\"WebSite\",\"@id\":\"https:\/\/www.peter-electronic.com\/#website\",\"url\":\"https:\/\/www.peter-electronic.com\/\",\"name\":\"Frequenzumrichter, Softstarter und Bremsger\u00e4te direkt vom Hersteller\",\"description\":\"\",\"alternateName\":\"Frequenzumrichter, Softstarter und Bremsger\u00e4te direkt vom Hersteller\",\"potentialAction\":[{\"@type\":\"SearchAction\",\"target\":{\"@type\":\"EntryPoint\",\"urlTemplate\":\"https:\/\/www.peter-electronic.com\/?s={search_term_string}\"},\"query-input\":{\"@type\":\"PropertyValueSpecification\",\"valueRequired\":true,\"valueName\":\"search_term_string\"}}],\"inLanguage\":\"de\"}]}<\/script>\n<!-- \/ Yoast SEO plugin. -->","yoast_head_json":{"title":"Was sind Hauptsch\u00fctze? - Frequenzumrichter, Softstarter und Bremsger\u00e4te direkt vom Hersteller","robots":{"index":"index","follow":"follow","max-snippet":"max-snippet:-1","max-image-preview":"max-image-preview:large","max-video-preview":"max-video-preview:-1"},"canonical":"https:\/\/www.peter-electronic.com\/service\/faq\/softstarter\/was-sind-hauptschuetze\/","schema":{"@context":"https:\/\/schema.org","@graph":[{"@type":"WebPage","@id":"https:\/\/www.peter-electronic.com\/service\/faq\/softstarter\/was-sind-hauptschuetze\/","url":"https:\/\/www.peter-electronic.com\/service\/faq\/softstarter\/was-sind-hauptschuetze\/","name":"Was sind Hauptsch\u00fctze? - Frequenzumrichter, Softstarter und Bremsger\u00e4te direkt vom Hersteller","isPartOf":{"@id":"https:\/\/www.peter-electronic.com\/#website"},"datePublished":"2017-02-16T13:05:36+00:00","dateModified":"2017-02-16T13:05:36+00:00","breadcrumb":{"@id":"https:\/\/www.peter-electronic.com\/service\/faq\/softstarter\/was-sind-hauptschuetze\/#breadcrumb"},"inLanguage":"de","potentialAction":[{"@type":"ReadAction","target":["https:\/\/www.peter-electronic.com\/service\/faq\/softstarter\/was-sind-hauptschuetze\/"]}]},{"@type":"BreadcrumbList","@id":"https:\/\/www.peter-electronic.com\/service\/faq\/softstarter\/was-sind-hauptschuetze\/#breadcrumb","itemListElement":[{"@type":"ListItem","position":1,"name":"Startseite","item":"https:\/\/www.peter-electronic.com\/"},{"@type":"ListItem","position":2,"name":"Service","item":"https:\/\/www.peter-electronic.com\/service\/"},{"@type":"ListItem","position":3,"name":"FAQ-Center","item":"https:\/\/www.peter-electronic.com\/service\/faq\/"},{"@type":"ListItem","position":4,"name":"Softstarter","item":"https:\/\/www.peter-electronic.com\/service\/faq\/softstarter\/"},{"@type":"ListItem","position":5,"name":"Was sind Hauptsch\u00fctze?"}]},{"@type":"WebSite","@id":"https:\/\/www.peter-electronic.com\/#website","url":"https:\/\/www.peter-electronic.com\/","name":"Frequenzumrichter, Softstarter und Bremsger\u00e4te direkt vom Hersteller","description":"","alternateName":"Frequenzumrichter, Softstarter und Bremsger\u00e4te direkt vom Hersteller","potentialAction":[{"@type":"SearchAction","target":{"@type":"EntryPoint","urlTemplate":"https:\/\/www.peter-electronic.com\/?s={search_term_string}"},"query-input":{"@type":"PropertyValueSpecification","valueRequired":true,"valueName":"search_term_string"}}],"inLanguage":"de"}]}},"_links":{"self":[{"href":"https:\/\/www.peter-electronic.com\/index.php?rest_route=\/wp\/v2\/pages\/610","targetHints":{"allow":["GET"]}}],"collection":[{"href":"https:\/\/www.peter-electronic.com\/index.php?rest_route=\/wp\/v2\/pages"}],"about":[{"href":"https:\/\/www.peter-electronic.com\/index.php?rest_route=\/wp\/v2\/types\/page"}],"author":[{"embeddable":true,"href":"https:\/\/www.peter-electronic.com\/index.php?rest_route=\/wp\/v2\/users\/1"}],"replies":[{"embeddable":true,"href":"https:\/\/www.peter-electronic.com\/index.php?rest_route=%2Fwp%2Fv2%2Fcomments&post=610"}],"version-history":[{"count":0,"href":"https:\/\/www.peter-electronic.com\/index.php?rest_route=\/wp\/v2\/pages\/610\/revisions"}],"up":[{"embeddable":true,"href":"https:\/\/www.peter-electronic.com\/index.php?rest_route=\/wp\/v2\/pages\/80"}],"wp:attachment":[{"href":"https:\/\/www.peter-electronic.com\/index.php?rest_route=%2Fwp%2Fv2%2Fmedia&parent=610"}],"curies":[{"name":"wp","href":"https:\/\/api.w.org\/{rel}","templated":true}]}}