{"id":598,"date":"2017-02-16T13:31:25","date_gmt":"2017-02-16T12:31:25","guid":{"rendered":"https:\/\/www.peter-electronic.com\/de\/?page_id=598"},"modified":"2017-02-16T13:31:25","modified_gmt":"2017-02-16T12:31:25","slug":"kann-ich-mehrere-motoren-parallel-mit-einem-bremsgeraet-abbremsen","status":"publish","type":"page","link":"https:\/\/www.peter-electronic.com\/service\/faq\/bremsgeraete\/kann-ich-mehrere-motoren-parallel-mit-einem-bremsgeraet-abbremsen\/","title":{"rendered":"Kann ich mehrere Motoren parallel mit einem Bremsger\u00e4t abbremsen?"},"content":{"rendered":"<p><em>Bremsger\u00e4te - Installation<\/em><\/p>\n<hr \/>\n<h1>Kann ich mehrere Motoren parallel mit einem Bremsger\u00e4t abbremsen?<\/h1>\n<p>Ja! Es ist lediglich darauf zu achten, dass das Bremsger\u00e4t ausreichend dimensioniert ist, indem es die Summe der Leistungen aller angeschlossenen Motoren (max. 3 Motoren) abdeckt.<\/p>\n<p>Tipp: In unserem <a href=\"https:\/\/www.peter-electronic.com\/service\/dokumentencenter\/anschlussplaene\/bremsgeraete\">Dokumentencenter<\/a> finden Sie entsprechende Schaltungsvorschl\u00e4ge zum Thema Mehrmotorenbremsung.<\/p>\n<hr \/>\n","protected":false},"excerpt":{"rendered":"<p>Bremsger\u00e4te &#8211; Installation Kann ich mehrere Motoren parallel mit einem Bremsger\u00e4t abbremsen? Ja! Es ist lediglich darauf zu achten, dass das Bremsger\u00e4t ausreichend dimensioniert ist, indem es die Summe der Leistungen aller angeschlossenen Motoren (max. 3 Motoren) abdeckt. Tipp: In unserem Dokumentencenter finden Sie entsprechende Schaltungsvorschl\u00e4ge zum Thema Mehrmotorenbremsung.<\/p>\n","protected":false},"author":1,"featured_media":0,"parent":549,"menu_order":0,"comment_status":"closed","ping_status":"closed","template":"","meta":{"_acf_changed":false,"footnotes":""},"class_list":["post-598","page","type-page","status-publish","hentry"],"acf":[],"yoast_head":"<!-- This site is optimized with the Yoast SEO plugin v23.9 - https:\/\/yoast.com\/wordpress\/plugins\/seo\/ -->\n<title>Kann ich mehrere Motoren parallel mit einem Bremsger\u00e4t abbremsen? - Frequenzumrichter, Softstarter und Bremsger\u00e4te direkt vom Hersteller<\/title>\n<meta name=\"robots\" content=\"index, follow, max-snippet:-1, max-image-preview:large, max-video-preview:-1\" \/>\n<link rel=\"canonical\" href=\"https:\/\/www.peter-electronic.com\/service\/faq\/bremsgeraete\/kann-ich-mehrere-motoren-parallel-mit-einem-bremsgeraet-abbremsen\/\" \/>\n<script type=\"application\/ld+json\" class=\"yoast-schema-graph\">{\"@context\":\"https:\/\/schema.org\",\"@graph\":[{\"@type\":\"WebPage\",\"@id\":\"https:\/\/www.peter-electronic.com\/service\/faq\/bremsgeraete\/kann-ich-mehrere-motoren-parallel-mit-einem-bremsgeraet-abbremsen\/\",\"url\":\"https:\/\/www.peter-electronic.com\/service\/faq\/bremsgeraete\/kann-ich-mehrere-motoren-parallel-mit-einem-bremsgeraet-abbremsen\/\",\"name\":\"Kann ich mehrere Motoren parallel mit einem Bremsger\u00e4t abbremsen? - Frequenzumrichter, Softstarter und Bremsger\u00e4te direkt vom Hersteller\",\"isPartOf\":{\"@id\":\"https:\/\/www.peter-electronic.com\/#website\"},\"datePublished\":\"2017-02-16T12:31:25+00:00\",\"dateModified\":\"2017-02-16T12:31:25+00:00\",\"breadcrumb\":{\"@id\":\"https:\/\/www.peter-electronic.com\/service\/faq\/bremsgeraete\/kann-ich-mehrere-motoren-parallel-mit-einem-bremsgeraet-abbremsen\/#breadcrumb\"},\"inLanguage\":\"de\",\"potentialAction\":[{\"@type\":\"ReadAction\",\"target\":[\"https:\/\/www.peter-electronic.com\/service\/faq\/bremsgeraete\/kann-ich-mehrere-motoren-parallel-mit-einem-bremsgeraet-abbremsen\/\"]}]},{\"@type\":\"BreadcrumbList\",\"@id\":\"https:\/\/www.peter-electronic.com\/service\/faq\/bremsgeraete\/kann-ich-mehrere-motoren-parallel-mit-einem-bremsgeraet-abbremsen\/#breadcrumb\",\"itemListElement\":[{\"@type\":\"ListItem\",\"position\":1,\"name\":\"Startseite\",\"item\":\"https:\/\/www.peter-electronic.com\/\"},{\"@type\":\"ListItem\",\"position\":2,\"name\":\"Service\",\"item\":\"https:\/\/www.peter-electronic.com\/service\/\"},{\"@type\":\"ListItem\",\"position\":3,\"name\":\"FAQ-Center\",\"item\":\"https:\/\/www.peter-electronic.com\/service\/faq\/\"},{\"@type\":\"ListItem\",\"position\":4,\"name\":\"Bremsger\u00e4te\",\"item\":\"https:\/\/www.peter-electronic.com\/service\/faq\/bremsgeraete\/\"},{\"@type\":\"ListItem\",\"position\":5,\"name\":\"Kann ich mehrere Motoren parallel mit einem Bremsger\u00e4t abbremsen?\"}]},{\"@type\":\"WebSite\",\"@id\":\"https:\/\/www.peter-electronic.com\/#website\",\"url\":\"https:\/\/www.peter-electronic.com\/\",\"name\":\"Frequenzumrichter, Softstarter und Bremsger\u00e4te direkt vom Hersteller\",\"description\":\"\",\"alternateName\":\"Frequenzumrichter, Softstarter und Bremsger\u00e4te direkt vom Hersteller\",\"potentialAction\":[{\"@type\":\"SearchAction\",\"target\":{\"@type\":\"EntryPoint\",\"urlTemplate\":\"https:\/\/www.peter-electronic.com\/?s={search_term_string}\"},\"query-input\":{\"@type\":\"PropertyValueSpecification\",\"valueRequired\":true,\"valueName\":\"search_term_string\"}}],\"inLanguage\":\"de\"}]}<\/script>\n<!-- \/ Yoast SEO plugin. -->","yoast_head_json":{"title":"Kann ich mehrere Motoren parallel mit einem Bremsger\u00e4t abbremsen? - Frequenzumrichter, Softstarter und Bremsger\u00e4te direkt vom Hersteller","robots":{"index":"index","follow":"follow","max-snippet":"max-snippet:-1","max-image-preview":"max-image-preview:large","max-video-preview":"max-video-preview:-1"},"canonical":"https:\/\/www.peter-electronic.com\/service\/faq\/bremsgeraete\/kann-ich-mehrere-motoren-parallel-mit-einem-bremsgeraet-abbremsen\/","schema":{"@context":"https:\/\/schema.org","@graph":[{"@type":"WebPage","@id":"https:\/\/www.peter-electronic.com\/service\/faq\/bremsgeraete\/kann-ich-mehrere-motoren-parallel-mit-einem-bremsgeraet-abbremsen\/","url":"https:\/\/www.peter-electronic.com\/service\/faq\/bremsgeraete\/kann-ich-mehrere-motoren-parallel-mit-einem-bremsgeraet-abbremsen\/","name":"Kann ich mehrere Motoren parallel mit einem Bremsger\u00e4t abbremsen? - Frequenzumrichter, Softstarter und Bremsger\u00e4te direkt vom Hersteller","isPartOf":{"@id":"https:\/\/www.peter-electronic.com\/#website"},"datePublished":"2017-02-16T12:31:25+00:00","dateModified":"2017-02-16T12:31:25+00:00","breadcrumb":{"@id":"https:\/\/www.peter-electronic.com\/service\/faq\/bremsgeraete\/kann-ich-mehrere-motoren-parallel-mit-einem-bremsgeraet-abbremsen\/#breadcrumb"},"inLanguage":"de","potentialAction":[{"@type":"ReadAction","target":["https:\/\/www.peter-electronic.com\/service\/faq\/bremsgeraete\/kann-ich-mehrere-motoren-parallel-mit-einem-bremsgeraet-abbremsen\/"]}]},{"@type":"BreadcrumbList","@id":"https:\/\/www.peter-electronic.com\/service\/faq\/bremsgeraete\/kann-ich-mehrere-motoren-parallel-mit-einem-bremsgeraet-abbremsen\/#breadcrumb","itemListElement":[{"@type":"ListItem","position":1,"name":"Startseite","item":"https:\/\/www.peter-electronic.com\/"},{"@type":"ListItem","position":2,"name":"Service","item":"https:\/\/www.peter-electronic.com\/service\/"},{"@type":"ListItem","position":3,"name":"FAQ-Center","item":"https:\/\/www.peter-electronic.com\/service\/faq\/"},{"@type":"ListItem","position":4,"name":"Bremsger\u00e4te","item":"https:\/\/www.peter-electronic.com\/service\/faq\/bremsgeraete\/"},{"@type":"ListItem","position":5,"name":"Kann ich mehrere Motoren parallel mit einem Bremsger\u00e4t abbremsen?"}]},{"@type":"WebSite","@id":"https:\/\/www.peter-electronic.com\/#website","url":"https:\/\/www.peter-electronic.com\/","name":"Frequenzumrichter, Softstarter und Bremsger\u00e4te direkt vom Hersteller","description":"","alternateName":"Frequenzumrichter, Softstarter und Bremsger\u00e4te direkt vom Hersteller","potentialAction":[{"@type":"SearchAction","target":{"@type":"EntryPoint","urlTemplate":"https:\/\/www.peter-electronic.com\/?s={search_term_string}"},"query-input":{"@type":"PropertyValueSpecification","valueRequired":true,"valueName":"search_term_string"}}],"inLanguage":"de"}]}},"_links":{"self":[{"href":"https:\/\/www.peter-electronic.com\/index.php?rest_route=\/wp\/v2\/pages\/598","targetHints":{"allow":["GET"]}}],"collection":[{"href":"https:\/\/www.peter-electronic.com\/index.php?rest_route=\/wp\/v2\/pages"}],"about":[{"href":"https:\/\/www.peter-electronic.com\/index.php?rest_route=\/wp\/v2\/types\/page"}],"author":[{"embeddable":true,"href":"https:\/\/www.peter-electronic.com\/index.php?rest_route=\/wp\/v2\/users\/1"}],"replies":[{"embeddable":true,"href":"https:\/\/www.peter-electronic.com\/index.php?rest_route=%2Fwp%2Fv2%2Fcomments&post=598"}],"version-history":[{"count":0,"href":"https:\/\/www.peter-electronic.com\/index.php?rest_route=\/wp\/v2\/pages\/598\/revisions"}],"up":[{"embeddable":true,"href":"https:\/\/www.peter-electronic.com\/index.php?rest_route=\/wp\/v2\/pages\/549"}],"wp:attachment":[{"href":"https:\/\/www.peter-electronic.com\/index.php?rest_route=%2Fwp%2Fv2%2Fmedia&parent=598"}],"curies":[{"name":"wp","href":"https:\/\/api.w.org\/{rel}","templated":true}]}}