{"id":592,"date":"2017-02-16T13:30:23","date_gmt":"2017-02-16T12:30:23","guid":{"rendered":"https:\/\/www.peter-electronic.com\/de\/?page_id=592"},"modified":"2017-02-16T13:30:23","modified_gmt":"2017-02-16T12:30:23","slug":"wie-werden-die-jeweiligen-vorsicherungen-dimensioniert","status":"publish","type":"page","link":"https:\/\/www.peter-electronic.com\/service\/faq\/bremsgeraete\/wie-werden-die-jeweiligen-vorsicherungen-dimensioniert\/","title":{"rendered":"Wie werden die jeweiligen Vorsicherungen dimensioniert?"},"content":{"rendered":"<p><em>Bremsger\u00e4te - Dimensionierung<\/em><\/p>\n<hr \/>\n<h1>Wie werden die jeweiligen Vorsicherungen dimensioniert?<\/h1>\n<p>Grunds\u00e4tzlich hat der Anwender zwei M\u00f6glichkeiten der Absicherung:<\/p>\n<ol>\n<li>Eine Absicherung entsprechend Zuordnungsart \u201e1\u201c nach DIN EN 60947-4-2.<br \/>\nDas Bremsger\u00e4t darf nach einem Kurzschluss funktionsunf\u00e4hig sein.<\/li>\n<li>Eine Absicherung entsprechend Zuordnungsart \u201e2\u201c nach DIN EN 60947-4-2.<br \/>\nDas Bremsger\u00e4t muss nach einem Kurzschluss f\u00fcr den weiteren Gebrauch geeignet sein. Es ist jedoch die Gefahr des Verschwei\u00dfens des Bremsrelais (Bremssch\u00fctzes) gegeben. Nach M\u00f6glichkeit sind deshalb diese Kontakte vor einer erneuten Netzzuschaltung zu \u00fcberpr\u00fcfen. Ist dies dem Anwender nicht m\u00f6glich, muss das Ger\u00e4t zur \u00dcberpr\u00fcfung zum Hersteller.<\/li>\n<\/ol>\n<p>Nachfolgende Dimensionierungshinweise beziehen sich auf folgende Betriebsbedingungen:<\/p>\n<ul>\n<li>Verwendung von Standard Asynchronmotoren<\/li>\n<li>Bremszeit nicht gr\u00f6\u00dfer als 20s bei Bremsger\u00e4ten bis 36A<\/li>\n<li>Bremszeit nicht gr\u00f6\u00dfer als 40s bei Bremsger\u00e4ten ab 40A<\/li>\n<li>Bremsstrom nicht h\u00f6her als 2,5x INENN des Motors.<\/li>\n<li>Einschaltdauer (ED) nicht h\u00f6her als Datenblattangabe.<\/li>\n<\/ul>\n<p>Absicherung entsprechend Zuordnungsart \u201e1\u201c:<br \/>\nAls Vorsicherung werden Leitungsschutzsicherungen (Betriebsklasse gG, gL) oder Sicherungsautomaten mit Ausl\u00f6secharakteristik B, C, D oder K empfohlen.<br \/>\nUnter Ber\u00fccksichtigung der maximal auftretenden Bremsstr\u00f6me (in der Regel der Ger\u00e4tenennstrom) werden die Sicherungswerte entsprechend der Tabelle in den jeweiligen Inbetriebnahmeanleitungen empfohlen.<\/p>\n<p>Hinweis: Verdrahtungsquerschnitt entsprechend DIN VDE 0100-430, DIN EN 57100-430.<\/p>\n<p>Absicherung entsprechend Zuordnungsart \u201e2\u201c:<br \/>\nZum Schutz der Leistungshalbleiter sind Sicherungen der Betriebsklasse gR erforderlich (Halbleitersicherungen, Superflinke Sicherungen). Da diese Sicherungen aber keinen Leitungsschutz gew\u00e4hrleisten, m\u00fcssen zus\u00e4tzlich Leitungsschutzsicherungen (Betriebsklasse gG, gL) eingesetzt werden.<br \/>\nWeitere Information zur Dimensionierung der Leitungsschutzsicherung (gG, gL)  finden Sie in den jeweiligen Inbetriebnahmeanleitungen.<br \/>\nZum Halbleiterschutz m\u00fcssen gR-Sicherungen ausgew\u00e4hlt werden, die einen Ausschalt I\u00b2t-Wert im Bereich gem\u00e4\u00df der Angabenin den jeweiligen Inbetriebnahmeanleitungen besitzen. Der Stromwert der ausgew\u00e4hlten Sicherung sollte dabei nicht kleiner als der zu erwartende Bremsstrom (Ger\u00e4tenennstrom) sein.<\/p>\n<p>Hinweise<\/p>\n<ul>\n<li>Mit den Angaben des empfohlenen I\u00b2t-Wertes, des Bremsstromes und eventuell der Einschaltdauer ist der Sicherungslieferant in der Lage, eine geeignete Type auszuw\u00e4hlen. Wegen der gro\u00dfen Anzahl von Herstellern, Baugr\u00f6\u00dfen und Typen ist eine Sicherungsempfehlung durch PETER electronic nicht sinnvoll.<\/li>\n<li>Wird der Sicherungswert oder der Ausschalt I\u00b2t-Wert zu klein gew\u00e4hlt, kann die Halbleitersicherung w\u00e4hrend dem Bremsen ausl\u00f6sen.<\/li>\n<\/ul>\n<hr \/>\n","protected":false},"excerpt":{"rendered":"<p>Bremsger\u00e4te &#8211; Dimensionierung Wie werden die jeweiligen Vorsicherungen dimensioniert? Grunds\u00e4tzlich hat der Anwender zwei M\u00f6glichkeiten der Absicherung: Eine Absicherung entsprechend Zuordnungsart \u201e1\u201c nach DIN EN 60947-4-2. Das Bremsger\u00e4t darf nach einem Kurzschluss funktionsunf\u00e4hig sein. Eine Absicherung entsprechend Zuordnungsart \u201e2\u201c nach DIN EN 60947-4-2. Das Bremsger\u00e4t muss nach einem Kurzschluss f\u00fcr den weiteren Gebrauch geeignet sein. [&hellip;]<\/p>\n","protected":false},"author":1,"featured_media":0,"parent":549,"menu_order":0,"comment_status":"closed","ping_status":"closed","template":"","meta":{"_acf_changed":false,"footnotes":""},"class_list":["post-592","page","type-page","status-publish","hentry"],"acf":[],"yoast_head":"<!-- This site is optimized with the Yoast SEO plugin v23.9 - https:\/\/yoast.com\/wordpress\/plugins\/seo\/ -->\n<title>Wie werden die jeweiligen Vorsicherungen dimensioniert? - Frequenzumrichter, Softstarter und Bremsger\u00e4te direkt vom Hersteller<\/title>\n<meta name=\"robots\" content=\"index, follow, max-snippet:-1, max-image-preview:large, max-video-preview:-1\" \/>\n<link rel=\"canonical\" href=\"https:\/\/www.peter-electronic.com\/service\/faq\/bremsgeraete\/wie-werden-die-jeweiligen-vorsicherungen-dimensioniert\/\" \/>\n<script type=\"application\/ld+json\" class=\"yoast-schema-graph\">{\"@context\":\"https:\/\/schema.org\",\"@graph\":[{\"@type\":\"WebPage\",\"@id\":\"https:\/\/www.peter-electronic.com\/service\/faq\/bremsgeraete\/wie-werden-die-jeweiligen-vorsicherungen-dimensioniert\/\",\"url\":\"https:\/\/www.peter-electronic.com\/service\/faq\/bremsgeraete\/wie-werden-die-jeweiligen-vorsicherungen-dimensioniert\/\",\"name\":\"Wie werden die jeweiligen Vorsicherungen dimensioniert? - Frequenzumrichter, Softstarter und Bremsger\u00e4te direkt vom Hersteller\",\"isPartOf\":{\"@id\":\"https:\/\/www.peter-electronic.com\/#website\"},\"datePublished\":\"2017-02-16T12:30:23+00:00\",\"dateModified\":\"2017-02-16T12:30:23+00:00\",\"breadcrumb\":{\"@id\":\"https:\/\/www.peter-electronic.com\/service\/faq\/bremsgeraete\/wie-werden-die-jeweiligen-vorsicherungen-dimensioniert\/#breadcrumb\"},\"inLanguage\":\"de\",\"potentialAction\":[{\"@type\":\"ReadAction\",\"target\":[\"https:\/\/www.peter-electronic.com\/service\/faq\/bremsgeraete\/wie-werden-die-jeweiligen-vorsicherungen-dimensioniert\/\"]}]},{\"@type\":\"BreadcrumbList\",\"@id\":\"https:\/\/www.peter-electronic.com\/service\/faq\/bremsgeraete\/wie-werden-die-jeweiligen-vorsicherungen-dimensioniert\/#breadcrumb\",\"itemListElement\":[{\"@type\":\"ListItem\",\"position\":1,\"name\":\"Startseite\",\"item\":\"https:\/\/www.peter-electronic.com\/\"},{\"@type\":\"ListItem\",\"position\":2,\"name\":\"Service\",\"item\":\"https:\/\/www.peter-electronic.com\/service\/\"},{\"@type\":\"ListItem\",\"position\":3,\"name\":\"FAQ-Center\",\"item\":\"https:\/\/www.peter-electronic.com\/service\/faq\/\"},{\"@type\":\"ListItem\",\"position\":4,\"name\":\"Bremsger\u00e4te\",\"item\":\"https:\/\/www.peter-electronic.com\/service\/faq\/bremsgeraete\/\"},{\"@type\":\"ListItem\",\"position\":5,\"name\":\"Wie werden die jeweiligen Vorsicherungen dimensioniert?\"}]},{\"@type\":\"WebSite\",\"@id\":\"https:\/\/www.peter-electronic.com\/#website\",\"url\":\"https:\/\/www.peter-electronic.com\/\",\"name\":\"Frequenzumrichter, Softstarter und Bremsger\u00e4te direkt vom Hersteller\",\"description\":\"\",\"alternateName\":\"Frequenzumrichter, Softstarter und Bremsger\u00e4te direkt vom Hersteller\",\"potentialAction\":[{\"@type\":\"SearchAction\",\"target\":{\"@type\":\"EntryPoint\",\"urlTemplate\":\"https:\/\/www.peter-electronic.com\/?s={search_term_string}\"},\"query-input\":{\"@type\":\"PropertyValueSpecification\",\"valueRequired\":true,\"valueName\":\"search_term_string\"}}],\"inLanguage\":\"de\"}]}<\/script>\n<!-- \/ Yoast SEO plugin. -->","yoast_head_json":{"title":"Wie werden die jeweiligen Vorsicherungen dimensioniert? - Frequenzumrichter, Softstarter und Bremsger\u00e4te direkt vom Hersteller","robots":{"index":"index","follow":"follow","max-snippet":"max-snippet:-1","max-image-preview":"max-image-preview:large","max-video-preview":"max-video-preview:-1"},"canonical":"https:\/\/www.peter-electronic.com\/service\/faq\/bremsgeraete\/wie-werden-die-jeweiligen-vorsicherungen-dimensioniert\/","schema":{"@context":"https:\/\/schema.org","@graph":[{"@type":"WebPage","@id":"https:\/\/www.peter-electronic.com\/service\/faq\/bremsgeraete\/wie-werden-die-jeweiligen-vorsicherungen-dimensioniert\/","url":"https:\/\/www.peter-electronic.com\/service\/faq\/bremsgeraete\/wie-werden-die-jeweiligen-vorsicherungen-dimensioniert\/","name":"Wie werden die jeweiligen Vorsicherungen dimensioniert? - Frequenzumrichter, Softstarter und Bremsger\u00e4te direkt vom Hersteller","isPartOf":{"@id":"https:\/\/www.peter-electronic.com\/#website"},"datePublished":"2017-02-16T12:30:23+00:00","dateModified":"2017-02-16T12:30:23+00:00","breadcrumb":{"@id":"https:\/\/www.peter-electronic.com\/service\/faq\/bremsgeraete\/wie-werden-die-jeweiligen-vorsicherungen-dimensioniert\/#breadcrumb"},"inLanguage":"de","potentialAction":[{"@type":"ReadAction","target":["https:\/\/www.peter-electronic.com\/service\/faq\/bremsgeraete\/wie-werden-die-jeweiligen-vorsicherungen-dimensioniert\/"]}]},{"@type":"BreadcrumbList","@id":"https:\/\/www.peter-electronic.com\/service\/faq\/bremsgeraete\/wie-werden-die-jeweiligen-vorsicherungen-dimensioniert\/#breadcrumb","itemListElement":[{"@type":"ListItem","position":1,"name":"Startseite","item":"https:\/\/www.peter-electronic.com\/"},{"@type":"ListItem","position":2,"name":"Service","item":"https:\/\/www.peter-electronic.com\/service\/"},{"@type":"ListItem","position":3,"name":"FAQ-Center","item":"https:\/\/www.peter-electronic.com\/service\/faq\/"},{"@type":"ListItem","position":4,"name":"Bremsger\u00e4te","item":"https:\/\/www.peter-electronic.com\/service\/faq\/bremsgeraete\/"},{"@type":"ListItem","position":5,"name":"Wie werden die jeweiligen Vorsicherungen dimensioniert?"}]},{"@type":"WebSite","@id":"https:\/\/www.peter-electronic.com\/#website","url":"https:\/\/www.peter-electronic.com\/","name":"Frequenzumrichter, Softstarter und Bremsger\u00e4te direkt vom Hersteller","description":"","alternateName":"Frequenzumrichter, Softstarter und Bremsger\u00e4te direkt vom Hersteller","potentialAction":[{"@type":"SearchAction","target":{"@type":"EntryPoint","urlTemplate":"https:\/\/www.peter-electronic.com\/?s={search_term_string}"},"query-input":{"@type":"PropertyValueSpecification","valueRequired":true,"valueName":"search_term_string"}}],"inLanguage":"de"}]}},"_links":{"self":[{"href":"https:\/\/www.peter-electronic.com\/index.php?rest_route=\/wp\/v2\/pages\/592","targetHints":{"allow":["GET"]}}],"collection":[{"href":"https:\/\/www.peter-electronic.com\/index.php?rest_route=\/wp\/v2\/pages"}],"about":[{"href":"https:\/\/www.peter-electronic.com\/index.php?rest_route=\/wp\/v2\/types\/page"}],"author":[{"embeddable":true,"href":"https:\/\/www.peter-electronic.com\/index.php?rest_route=\/wp\/v2\/users\/1"}],"replies":[{"embeddable":true,"href":"https:\/\/www.peter-electronic.com\/index.php?rest_route=%2Fwp%2Fv2%2Fcomments&post=592"}],"version-history":[{"count":0,"href":"https:\/\/www.peter-electronic.com\/index.php?rest_route=\/wp\/v2\/pages\/592\/revisions"}],"up":[{"embeddable":true,"href":"https:\/\/www.peter-electronic.com\/index.php?rest_route=\/wp\/v2\/pages\/549"}],"wp:attachment":[{"href":"https:\/\/www.peter-electronic.com\/index.php?rest_route=%2Fwp%2Fv2%2Fmedia&parent=592"}],"curies":[{"name":"wp","href":"https:\/\/api.w.org\/{rel}","templated":true}]}}