{"id":56,"date":"2017-01-24T20:18:16","date_gmt":"2017-01-24T19:18:16","guid":{"rendered":"https:\/\/www.peter-electronic.com\/wp\/?page_id=56"},"modified":"2017-01-24T20:18:16","modified_gmt":"2017-01-24T19:18:16","slug":"anschlussplaene","status":"publish","type":"page","link":"https:\/\/www.peter-electronic.com\/service\/dokumentencenter\/anschlussplaene\/","title":{"rendered":"Anschlusspl\u00e4ne"},"content":{"rendered":"<p>Mit unseren Anschlusspl\u00e4nen erhalten Sie technische Informationen zu unseren Produktkategorien Softstarter, Bremsger\u00e4te, Motorstart-Bremskombinationen und Gleichstromregler. Bei weiteren Fragen wenden Sie sich gerne an unseren technischen Support.<\/p>\n<h2><a href=\"https:\/\/www.peter-electronic.com\/service\/dokumentencenter\/anschlussplaene\/kombination-softstarter-mit-bremsgeraet\/\">Kombination Softstarter mit Bremsger\u00e4t<\/a><\/h2>\n<hr \/>\n<p><a href=\"https:\/\/www.peter-electronic.com\/service\/dokumentencenter\/anschlussplaene\/kombination-softstarter-mit-bremsgeraet\/\">Anschlusspl\u00e4ne Kombination Softstarter mit Bremsger\u00e4t<\/a><\/p>\n<h2><a href=\"https:\/\/www.peter-electronic.com\/service\/dokumentencenter\/anschlussplaene\/bremsgeraete\/\">Bremsger\u00e4te<\/a><\/h2>\n<hr \/>\n<p><a href=\"https:\/\/www.peter-electronic.com\/service\/dokumentencenter\/anschlussplaene\/bremsgeraete\/\">Anschlusspl\u00e4ne Bremsger\u00e4te<\/a><\/p>\n<h2><a href=\"https:\/\/www.peter-electronic.com\/service\/dokumentencenter\/anschlussplaene\/motorstart-bremskombinationen\/\">Motorstart-Bremskombination<\/a><\/h2>\n<hr \/>\n<p><a href=\"https:\/\/www.peter-electronic.com\/service\/dokumentencenter\/anschlussplaene\/motorstart-bremskombinationen\/\">Anschlusspl\u00e4ne Motorstart-Bremskombination<\/a><\/p>\n","protected":false},"excerpt":{"rendered":"<p>Mit unseren Anschlusspl\u00e4nen erhalten Sie technische Informationen zu unseren Produktkategorien Softstarter, Bremsger\u00e4te, Motorstart-Bremskombinationen und Gleichstromregler. Bei weiteren Fragen wenden Sie sich gerne an unseren technischen Support. Kombination Softstarter mit Bremsger\u00e4t Anschlusspl\u00e4ne Kombination Softstarter mit Bremsger\u00e4t Bremsger\u00e4te Anschlusspl\u00e4ne Bremsger\u00e4te Motorstart-Bremskombination Anschlusspl\u00e4ne Motorstart-Bremskombination<\/p>\n","protected":false},"author":1,"featured_media":0,"parent":161,"menu_order":0,"comment_status":"closed","ping_status":"closed","template":"","meta":{"_acf_changed":false,"footnotes":""},"class_list":["post-56","page","type-page","status-publish","hentry"],"acf":[],"yoast_head":"<!-- This site is optimized with the Yoast SEO plugin v23.9 - https:\/\/yoast.com\/wordpress\/plugins\/seo\/ -->\n<title>Anschlusspl\u00e4ne - Frequenzumrichter, Softstarter und Bremsger\u00e4te direkt vom Hersteller<\/title>\n<meta name=\"robots\" content=\"index, follow, max-snippet:-1, max-image-preview:large, max-video-preview:-1\" \/>\n<link rel=\"canonical\" href=\"https:\/\/www.peter-electronic.com\/service\/dokumentencenter\/anschlussplaene\/\" \/>\n<script type=\"application\/ld+json\" class=\"yoast-schema-graph\">{\"@context\":\"https:\/\/schema.org\",\"@graph\":[{\"@type\":\"WebPage\",\"@id\":\"https:\/\/www.peter-electronic.com\/service\/dokumentencenter\/anschlussplaene\/\",\"url\":\"https:\/\/www.peter-electronic.com\/service\/dokumentencenter\/anschlussplaene\/\",\"name\":\"Anschlusspl\u00e4ne - Frequenzumrichter, Softstarter und Bremsger\u00e4te direkt vom Hersteller\",\"isPartOf\":{\"@id\":\"https:\/\/www.peter-electronic.com\/#website\"},\"datePublished\":\"2017-01-24T19:18:16+00:00\",\"dateModified\":\"2017-01-24T19:18:16+00:00\",\"breadcrumb\":{\"@id\":\"https:\/\/www.peter-electronic.com\/service\/dokumentencenter\/anschlussplaene\/#breadcrumb\"},\"inLanguage\":\"de\",\"potentialAction\":[{\"@type\":\"ReadAction\",\"target\":[\"https:\/\/www.peter-electronic.com\/service\/dokumentencenter\/anschlussplaene\/\"]}]},{\"@type\":\"BreadcrumbList\",\"@id\":\"https:\/\/www.peter-electronic.com\/service\/dokumentencenter\/anschlussplaene\/#breadcrumb\",\"itemListElement\":[{\"@type\":\"ListItem\",\"position\":1,\"name\":\"Startseite\",\"item\":\"https:\/\/www.peter-electronic.com\/\"},{\"@type\":\"ListItem\",\"position\":2,\"name\":\"Service\",\"item\":\"https:\/\/www.peter-electronic.com\/service\/\"},{\"@type\":\"ListItem\",\"position\":3,\"name\":\"Dokumentencenter\",\"item\":\"https:\/\/www.peter-electronic.com\/service\/dokumentencenter\/\"},{\"@type\":\"ListItem\",\"position\":4,\"name\":\"Anschlusspl\u00e4ne\"}]},{\"@type\":\"WebSite\",\"@id\":\"https:\/\/www.peter-electronic.com\/#website\",\"url\":\"https:\/\/www.peter-electronic.com\/\",\"name\":\"Frequenzumrichter, Softstarter und Bremsger\u00e4te direkt vom Hersteller\",\"description\":\"\",\"alternateName\":\"Frequenzumrichter, Softstarter und Bremsger\u00e4te direkt vom Hersteller\",\"potentialAction\":[{\"@type\":\"SearchAction\",\"target\":{\"@type\":\"EntryPoint\",\"urlTemplate\":\"https:\/\/www.peter-electronic.com\/?s={search_term_string}\"},\"query-input\":{\"@type\":\"PropertyValueSpecification\",\"valueRequired\":true,\"valueName\":\"search_term_string\"}}],\"inLanguage\":\"de\"}]}<\/script>\n<!-- \/ Yoast SEO plugin. -->","yoast_head_json":{"title":"Anschlusspl\u00e4ne - Frequenzumrichter, Softstarter und Bremsger\u00e4te direkt vom Hersteller","robots":{"index":"index","follow":"follow","max-snippet":"max-snippet:-1","max-image-preview":"max-image-preview:large","max-video-preview":"max-video-preview:-1"},"canonical":"https:\/\/www.peter-electronic.com\/service\/dokumentencenter\/anschlussplaene\/","schema":{"@context":"https:\/\/schema.org","@graph":[{"@type":"WebPage","@id":"https:\/\/www.peter-electronic.com\/service\/dokumentencenter\/anschlussplaene\/","url":"https:\/\/www.peter-electronic.com\/service\/dokumentencenter\/anschlussplaene\/","name":"Anschlusspl\u00e4ne - Frequenzumrichter, Softstarter und Bremsger\u00e4te direkt vom Hersteller","isPartOf":{"@id":"https:\/\/www.peter-electronic.com\/#website"},"datePublished":"2017-01-24T19:18:16+00:00","dateModified":"2017-01-24T19:18:16+00:00","breadcrumb":{"@id":"https:\/\/www.peter-electronic.com\/service\/dokumentencenter\/anschlussplaene\/#breadcrumb"},"inLanguage":"de","potentialAction":[{"@type":"ReadAction","target":["https:\/\/www.peter-electronic.com\/service\/dokumentencenter\/anschlussplaene\/"]}]},{"@type":"BreadcrumbList","@id":"https:\/\/www.peter-electronic.com\/service\/dokumentencenter\/anschlussplaene\/#breadcrumb","itemListElement":[{"@type":"ListItem","position":1,"name":"Startseite","item":"https:\/\/www.peter-electronic.com\/"},{"@type":"ListItem","position":2,"name":"Service","item":"https:\/\/www.peter-electronic.com\/service\/"},{"@type":"ListItem","position":3,"name":"Dokumentencenter","item":"https:\/\/www.peter-electronic.com\/service\/dokumentencenter\/"},{"@type":"ListItem","position":4,"name":"Anschlusspl\u00e4ne"}]},{"@type":"WebSite","@id":"https:\/\/www.peter-electronic.com\/#website","url":"https:\/\/www.peter-electronic.com\/","name":"Frequenzumrichter, Softstarter und Bremsger\u00e4te direkt vom Hersteller","description":"","alternateName":"Frequenzumrichter, Softstarter und Bremsger\u00e4te direkt vom Hersteller","potentialAction":[{"@type":"SearchAction","target":{"@type":"EntryPoint","urlTemplate":"https:\/\/www.peter-electronic.com\/?s={search_term_string}"},"query-input":{"@type":"PropertyValueSpecification","valueRequired":true,"valueName":"search_term_string"}}],"inLanguage":"de"}]}},"_links":{"self":[{"href":"https:\/\/www.peter-electronic.com\/index.php?rest_route=\/wp\/v2\/pages\/56","targetHints":{"allow":["GET"]}}],"collection":[{"href":"https:\/\/www.peter-electronic.com\/index.php?rest_route=\/wp\/v2\/pages"}],"about":[{"href":"https:\/\/www.peter-electronic.com\/index.php?rest_route=\/wp\/v2\/types\/page"}],"author":[{"embeddable":true,"href":"https:\/\/www.peter-electronic.com\/index.php?rest_route=\/wp\/v2\/users\/1"}],"replies":[{"embeddable":true,"href":"https:\/\/www.peter-electronic.com\/index.php?rest_route=%2Fwp%2Fv2%2Fcomments&post=56"}],"version-history":[{"count":1,"href":"https:\/\/www.peter-electronic.com\/index.php?rest_route=\/wp\/v2\/pages\/56\/revisions"}],"predecessor-version":[{"id":11998,"href":"https:\/\/www.peter-electronic.com\/index.php?rest_route=\/wp\/v2\/pages\/56\/revisions\/11998"}],"up":[{"embeddable":true,"href":"https:\/\/www.peter-electronic.com\/index.php?rest_route=\/wp\/v2\/pages\/161"}],"wp:attachment":[{"href":"https:\/\/www.peter-electronic.com\/index.php?rest_route=%2Fwp%2Fv2%2Fmedia&parent=56"}],"curies":[{"name":"wp","href":"https:\/\/api.w.org\/{rel}","templated":true}]}}