{"id":549,"date":"2017-02-16T11:38:35","date_gmt":"2017-02-16T10:38:35","guid":{"rendered":"https:\/\/www.peter-electronic.com\/de\/?page_id=549"},"modified":"2023-03-01T11:47:00","modified_gmt":"2023-03-01T10:47:00","slug":"bremsgeraete","status":"publish","type":"page","link":"https:\/\/www.peter-electronic.com\/service\/faq\/bremsgeraete\/","title":{"rendered":"Bremsger\u00e4te"},"content":{"rendered":"<div class=\"lightbox-content-link post-entry\">\n<h1>FAQ<br \/>\n<span style=\"color: #1f86bd\">Bremsger\u00e4te<\/span><\/h1>\n<div class=\"spacer\"><\/div>\n<h2>Bremsger\u00e4te - Dimensionierung<\/h2>\n<p><a href=\"https:\/\/www.peter-electronic.com\/service\/faq\/bremsgeraete\/wie-projektiere-ich-ein-bremsgeraet\/\">Wie projektiere ich ein Bremsger\u00e4t?<\/a><\/p>\n<hr \/>\n<p><a href=\"https:\/\/www.peter-electronic.com\/service\/faq\/bremsgeraete\/wie-dimensioniere-ich-das-bremsschuetz\/\">Wie dimensioniere ich das Bremssch\u00fctz?<\/a><\/p>\n<hr \/>\n<p><a href=\"https:\/\/www.peter-electronic.com\/service\/faq\/bremsgeraete\/wie-werden-die-jeweiligen-vorsicherungen-dimensioniert\/\">Wie werden die jeweiligen Vorsicherungen dimensioniert?<\/a><\/p>\n<hr \/>\n<p><a href=\"https:\/\/www.peter-electronic.com\/service\/faq\/bremsgeraete\/welchen-wert-sollte-die-sicherung-f6-betragen\/\">Welchen Wert sollte die Sicherung F6 betragen?<\/a><\/p>\n<hr \/>\n<p>&nbsp;<\/p>\n<h2>Bremsger\u00e4te -\u00a0Installation<\/h2>\n<p><a href=\"https:\/\/www.peter-electronic.com\/service\/faq\/bremsgeraete\/kann-ich-mehrere-motoren-parallel-mit-einem-bremsgeraet-abbremsen\/\">Kann ich mehrere Motoren parallel mit einem Bremsger\u00e4t abbremsen?<\/a><\/p>\n<hr \/>\n<p><a href=\"https:\/\/www.peter-electronic.com\/service\/faq\/bremsgeraete\/kann-ich-mehrere-seriell-geschaltete-motoren-auch-in-mit-einem-bremsgeraet-abbremsen\/\">Kann ich mehrere seriell geschaltete Motoren auch in mit einem Bremsger\u00e4t abbremsen?\u00a0<\/a><\/p>\n<hr \/>\n<p><a href=\"https:\/\/www.peter-electronic.com\/service\/faq\/bremsgeraete\/koennen-peter-electronic-gleichstrombremsen-auch-in-kombination-mit-sicherheits-stillstandswaechter-verwendet-werden\/\">K\u00f6nnen PETER electronic Gleichstrombremsen auch in Kombination mit Sicherheits-Stillstandsw\u00e4chter verwendet werden?<\/a><\/p>\n<hr \/>\n<p><a href=\"https:\/\/www.peter-electronic.com\/service\/faq\/bremsgeraete\/kann-ich-einen-motor-mit-peter-electronic-sanftanlaufgeraet-zusaetzlich-auch-mit-einer-peter-electronic-gleichstrombremse-abbremsen\/\">Kann ich einen Motor mit PETER electronic Sanftanlaufger\u00e4t zus\u00e4tzlich auch mit einer PETER electronic Gleichstrombremse abbremsen?<\/a><\/p>\n<hr \/>\n<\/div>\n","protected":false},"excerpt":{"rendered":"<p>FAQ Bremsger\u00e4te Bremsger\u00e4te &#8211; Dimensionierung Wie projektiere ich ein Bremsger\u00e4t? Wie dimensioniere ich das Bremssch\u00fctz? Wie werden die jeweiligen Vorsicherungen dimensioniert? Welchen Wert sollte die Sicherung F6 betragen? &nbsp; Bremsger\u00e4te &#8211;\u00a0Installation Kann ich mehrere Motoren parallel mit einem Bremsger\u00e4t abbremsen? Kann ich mehrere seriell geschaltete Motoren auch in mit einem Bremsger\u00e4t abbremsen?\u00a0 K\u00f6nnen PETER electronic [&hellip;]<\/p>\n","protected":false},"author":1,"featured_media":0,"parent":19,"menu_order":3,"comment_status":"closed","ping_status":"closed","template":"","meta":{"_acf_changed":false,"footnotes":""},"class_list":["post-549","page","type-page","status-publish","hentry"],"acf":[],"yoast_head":"<!-- This site is optimized with the Yoast SEO plugin v23.9 - https:\/\/yoast.com\/wordpress\/plugins\/seo\/ -->\n<title>Bremsger\u00e4te - Frequenzumrichter, Softstarter und Bremsger\u00e4te direkt vom Hersteller<\/title>\n<meta name=\"robots\" content=\"index, follow, max-snippet:-1, max-image-preview:large, max-video-preview:-1\" \/>\n<link rel=\"canonical\" href=\"https:\/\/www.peter-electronic.com\/service\/faq\/bremsgeraete\/\" \/>\n<script type=\"application\/ld+json\" class=\"yoast-schema-graph\">{\"@context\":\"https:\/\/schema.org\",\"@graph\":[{\"@type\":\"WebPage\",\"@id\":\"https:\/\/www.peter-electronic.com\/service\/faq\/bremsgeraete\/\",\"url\":\"https:\/\/www.peter-electronic.com\/service\/faq\/bremsgeraete\/\",\"name\":\"Bremsger\u00e4te - Frequenzumrichter, Softstarter und Bremsger\u00e4te direkt vom Hersteller\",\"isPartOf\":{\"@id\":\"https:\/\/www.peter-electronic.com\/#website\"},\"datePublished\":\"2017-02-16T10:38:35+00:00\",\"dateModified\":\"2023-03-01T10:47:00+00:00\",\"breadcrumb\":{\"@id\":\"https:\/\/www.peter-electronic.com\/service\/faq\/bremsgeraete\/#breadcrumb\"},\"inLanguage\":\"de\",\"potentialAction\":[{\"@type\":\"ReadAction\",\"target\":[\"https:\/\/www.peter-electronic.com\/service\/faq\/bremsgeraete\/\"]}]},{\"@type\":\"BreadcrumbList\",\"@id\":\"https:\/\/www.peter-electronic.com\/service\/faq\/bremsgeraete\/#breadcrumb\",\"itemListElement\":[{\"@type\":\"ListItem\",\"position\":1,\"name\":\"Startseite\",\"item\":\"https:\/\/www.peter-electronic.com\/\"},{\"@type\":\"ListItem\",\"position\":2,\"name\":\"Service\",\"item\":\"https:\/\/www.peter-electronic.com\/service\/\"},{\"@type\":\"ListItem\",\"position\":3,\"name\":\"FAQ-Center\",\"item\":\"https:\/\/www.peter-electronic.com\/service\/faq\/\"},{\"@type\":\"ListItem\",\"position\":4,\"name\":\"Bremsger\u00e4te\"}]},{\"@type\":\"WebSite\",\"@id\":\"https:\/\/www.peter-electronic.com\/#website\",\"url\":\"https:\/\/www.peter-electronic.com\/\",\"name\":\"Frequenzumrichter, Softstarter und Bremsger\u00e4te direkt vom Hersteller\",\"description\":\"\",\"alternateName\":\"Frequenzumrichter, Softstarter und Bremsger\u00e4te direkt vom Hersteller\",\"potentialAction\":[{\"@type\":\"SearchAction\",\"target\":{\"@type\":\"EntryPoint\",\"urlTemplate\":\"https:\/\/www.peter-electronic.com\/?s={search_term_string}\"},\"query-input\":{\"@type\":\"PropertyValueSpecification\",\"valueRequired\":true,\"valueName\":\"search_term_string\"}}],\"inLanguage\":\"de\"}]}<\/script>\n<!-- \/ Yoast SEO plugin. -->","yoast_head_json":{"title":"Bremsger\u00e4te - Frequenzumrichter, Softstarter und Bremsger\u00e4te direkt vom Hersteller","robots":{"index":"index","follow":"follow","max-snippet":"max-snippet:-1","max-image-preview":"max-image-preview:large","max-video-preview":"max-video-preview:-1"},"canonical":"https:\/\/www.peter-electronic.com\/service\/faq\/bremsgeraete\/","schema":{"@context":"https:\/\/schema.org","@graph":[{"@type":"WebPage","@id":"https:\/\/www.peter-electronic.com\/service\/faq\/bremsgeraete\/","url":"https:\/\/www.peter-electronic.com\/service\/faq\/bremsgeraete\/","name":"Bremsger\u00e4te - Frequenzumrichter, Softstarter und Bremsger\u00e4te direkt vom Hersteller","isPartOf":{"@id":"https:\/\/www.peter-electronic.com\/#website"},"datePublished":"2017-02-16T10:38:35+00:00","dateModified":"2023-03-01T10:47:00+00:00","breadcrumb":{"@id":"https:\/\/www.peter-electronic.com\/service\/faq\/bremsgeraete\/#breadcrumb"},"inLanguage":"de","potentialAction":[{"@type":"ReadAction","target":["https:\/\/www.peter-electronic.com\/service\/faq\/bremsgeraete\/"]}]},{"@type":"BreadcrumbList","@id":"https:\/\/www.peter-electronic.com\/service\/faq\/bremsgeraete\/#breadcrumb","itemListElement":[{"@type":"ListItem","position":1,"name":"Startseite","item":"https:\/\/www.peter-electronic.com\/"},{"@type":"ListItem","position":2,"name":"Service","item":"https:\/\/www.peter-electronic.com\/service\/"},{"@type":"ListItem","position":3,"name":"FAQ-Center","item":"https:\/\/www.peter-electronic.com\/service\/faq\/"},{"@type":"ListItem","position":4,"name":"Bremsger\u00e4te"}]},{"@type":"WebSite","@id":"https:\/\/www.peter-electronic.com\/#website","url":"https:\/\/www.peter-electronic.com\/","name":"Frequenzumrichter, Softstarter und Bremsger\u00e4te direkt vom Hersteller","description":"","alternateName":"Frequenzumrichter, Softstarter und Bremsger\u00e4te direkt vom Hersteller","potentialAction":[{"@type":"SearchAction","target":{"@type":"EntryPoint","urlTemplate":"https:\/\/www.peter-electronic.com\/?s={search_term_string}"},"query-input":{"@type":"PropertyValueSpecification","valueRequired":true,"valueName":"search_term_string"}}],"inLanguage":"de"}]}},"_links":{"self":[{"href":"https:\/\/www.peter-electronic.com\/index.php?rest_route=\/wp\/v2\/pages\/549","targetHints":{"allow":["GET"]}}],"collection":[{"href":"https:\/\/www.peter-electronic.com\/index.php?rest_route=\/wp\/v2\/pages"}],"about":[{"href":"https:\/\/www.peter-electronic.com\/index.php?rest_route=\/wp\/v2\/types\/page"}],"author":[{"embeddable":true,"href":"https:\/\/www.peter-electronic.com\/index.php?rest_route=\/wp\/v2\/users\/1"}],"replies":[{"embeddable":true,"href":"https:\/\/www.peter-electronic.com\/index.php?rest_route=%2Fwp%2Fv2%2Fcomments&post=549"}],"version-history":[{"count":5,"href":"https:\/\/www.peter-electronic.com\/index.php?rest_route=\/wp\/v2\/pages\/549\/revisions"}],"predecessor-version":[{"id":10187,"href":"https:\/\/www.peter-electronic.com\/index.php?rest_route=\/wp\/v2\/pages\/549\/revisions\/10187"}],"up":[{"embeddable":true,"href":"https:\/\/www.peter-electronic.com\/index.php?rest_route=\/wp\/v2\/pages\/19"}],"wp:attachment":[{"href":"https:\/\/www.peter-electronic.com\/index.php?rest_route=%2Fwp%2Fv2%2Fmedia&parent=549"}],"curies":[{"name":"wp","href":"https:\/\/api.w.org\/{rel}","templated":true}]}}