{"id":5057,"date":"2022-12-06T09:45:36","date_gmt":"2022-12-06T08:45:36","guid":{"rendered":"https:\/\/www.peter-electronic.com\/de\/?page_id=5057"},"modified":"2022-12-06T09:45:36","modified_gmt":"2022-12-06T08:45:36","slug":"nl_versibrake_safe_lp_480_60_plc","status":"publish","type":"page","link":"https:\/\/www.peter-electronic.com\/nl_versibrake_safe_lp_480_60_plc\/","title":{"rendered":"NL_Versibrake_Safe_LP_2022_12"},"content":{"rendered":"<div class=\"featured-image\"><img loading=\"lazy\" decoding=\"async\" class=\"alignnone wp-image-5096 size-full\" src=\"https:\/\/www.peter-electronic.com\/wp-content\/uploads\/bremsgeraet-versibrake-safe-lp_02-2.png\" alt=\"NL_Versibrake_Safe_LP_2022_12\" width=\"1280\" height=\"666\" \/><\/div>\n<h2>Das Bremsger\u00e4t VersiBrake Safe LP 480-60 PL c - Funktionale Sicherheit kombiniert mit selbstoptimierendem Bremsvorgang<\/h2>\n<p>Das Bremsger\u00e4t erm\u00f6glicht innerhalb von maximal drei Bremsungen eine optimale Bremszeitregelung. Das T\u00dcV-zertifizierte Bremsger\u00e4t VersiBrake LP 480-60 PL c (Leiterplattenausf\u00fchrung) von PETER electronic ist das besonders kompakte Modell f\u00fcr den dezentralen Einbau in die Schalttafel der Maschine. Das VersiBrake LP 480-60 PL c ist optimal f\u00fcr den Einsatz in der Holzbearbeitung, f\u00fcr Mischer und Siebmaschinen geeignet sowie f\u00fcr Anlagen die mit einer Sicherheitst\u00fcre ausgestattet sind. Die Sicherheitsfunktionen entsprechenden den Anforderungen der Pr\u00fcfgrundlagen (Kat.2\/ PLc nach EN ISO 13849-1, SIL 1 nach EN 61800-5-2\/EN 61508) und k\u00f6nnen in Anwendungen bis PL c und SIL 1 eingesetzt werden. Das Bremsger\u00e4t ist besonders f\u00fcr Motor-Antriebe geeignet, die aus Sicherheitsgr\u00fcnden und wirtschaftlichen Aspekten zuverl\u00e4ssig stillgesetzt werden m\u00fcssen. Zudem wartet das neue Bremsger\u00e4t mit einer Motortemperatur\u00fcberwachung und einem thermischem Ger\u00e4teschutz auf, sowie einer Parametrierung mittels CANopen-Schnittstelle - ein besonderes Plus, das in dieser Ger\u00e4teklasse die Ausnahme bildet.<\/p>\n<h2>Thermischer Ger\u00e4teschutz - Motortemperatur\u00fcberwachung - Not Stopp Funktion -<br \/>\nAlles drin - Alles inklusive<\/h2>\n<p>Das neue VersiBrake Safe LP 480-60 PL c h\u00e4lt s\u00e4mtliche leistungs- und sicherheitsrelevanten Ger\u00e4tewerte eines Motors unter Kontrolle, damit alle Komponenten beim Bremsen maximal geschont werden und eine h\u00f6chste Betriebssicherheit gew\u00e4hrleistet werden kann.<br \/>\nDabei werden die europ\u00e4ischen DIN-Normen (DIN EN ISO 13849-1:2016-06 \/ DIN EN 61508-1:2011-02) f\u00fcr die Sicherheit von Holzbearbeitungsmaschinen erf\u00fcllt. Zu den Sicherheitsfunktionen z\u00e4hlen beispielsweise, dass ein unbeabsichtigtes, st\u00f6rungsbedingtes Anlaufen verhindert wird, das \u00fcberwachte bzw. gesteuerte Stillsetzen, die Ansteuerung der (Schutz-) T\u00fcrverriegelung oder auch die externe Stillstands\u00fcberwachung mit intelligenter Stillstandserkennung.<br \/>\nNat\u00fcrlich sind die Bremsger\u00e4te mit Sensoren zur Motortemperatur\u00fcberwachung und Erstellung eines thermischen Ger\u00e4teabbilds ausgestattet. Dank Ger\u00e4teschutz werden auch K\u00fchlk\u00f6rper und Ger\u00e4teinnentemperatur \u00fcberwacht. Diese Sicherheitsfunktionen garantieren zusammen mit der Motortemperatur\u00fcberwachung die erh\u00f6hte Sicherheit f\u00fcr Ger\u00e4te und Betriebsumgebung. Es kann ein Motortemperaturschalter, ein Motor-PTC, ein Motor KTY84 oder ein PT1000 angeschlossen werden.<\/p>\n<h2>Ein zus\u00e4tzliches Bremssch\u00fctz ist bei diesem Bremsger\u00e4t \u00fcberfl\u00fcssig<\/h2>\n<p>Durch einen Verriegelungskontakt ist w\u00e4hrend der Bremsphase das Einschalten des Motorsch\u00fctzes nicht m\u00f6glich. Eine integrierte Auswerteschaltung erkennt den Motorstillstand. Der Bremsstrom wird abgeschaltet und der Stillstand \u00fcber einen zwangsgef\u00fchrten Relaiskontakt nach au\u00dfen gegeben.<\/p>\n<p>Das VersiBrake Safe LP 480-60 PL c erkennt die unterschiedlichsten St\u00f6rungen. Alle St\u00f6rungen, die einen sicheren Motorbetrieb nicht mehr erm\u00f6glichen, f\u00fchren zu einer Einschaltverriegelung und werden gleichzeitig \u00fcber den \u00fcberwachten zwangsgef\u00fchrten Relaiskontakt \"Ger\u00e4test\u00f6rung\" ausgegeben. \u00dcber eine CAN-Schnittstelle mit CAN-Open Protokoll k\u00f6nnen Ger\u00e4teparameter und Meldungen mit einer \u00fcbergeordneten Steuerung ausgetauscht werden. Somit l\u00e4sst sich das VersiBrake Safe LP 480-60 PL c perfekt in verschiedene Ger\u00e4teumgebungen integrieren und alles bleibt unter Kontrolle.<\/p>\n<h2>Das Bremsger\u00e4t mit zahlreichen On-Board-Funktionen<\/h2>\n<p>Die erw\u00e4hnten Sicherheitsfunktionen pr\u00e4destinieren das Bremsger\u00e4t mit Motortemperatur\u00fcberwach-ung f\u00fcr den Einsatz von zahlreichen Bearbeitungsmaschinen, wie Fr\u00e4sen, Hobel, S\u00e4gen, B\u00fcrsten und Schleifmaschinen. Aber auch weitere Maschinen in Industrie und Haustechnik, zum Beispiel Siebmaschinen, Zentrifugen, R\u00fcttler oder L\u00fcfter werden durch das VersiBrake Safe LP 480-60 PL c zuverl\u00e4ssig \u00fcberwacht und gebremst. Neben der CAN-Schnittstellen gibt es weitere Kommunikationseinstellungen und individuelle Anpassungen f\u00fcr ein kontrolliertes Bremsen. Weitere On-Bord-Funktionen stellen beispielsweise sicher, dass das Bremsger\u00e4t die elektrischen Daten des angeschlossenen Motors kontrolliert und darauf die optimale Bremszeit bzw. den ben\u00f6tigten Bremsstrom abstimmt.<\/p>\n<h3>Weitere Eigenschaften:<\/h3>\n<ul>\n<li>Microcontroller gesteuert<\/li>\n<li>6-fach einstellbarer Motornennstrom<\/li>\n<li>4 verschiedene Bremsmodi einstellbar<\/li>\n<li>Werksseitige Soll-Bremszeit von 8 sec. (Bremsstrom regelt anh\u00e4ngig von der Zeit)<\/li>\n<li>Intelligente \u00dcberwachungs- und Steuerungsfunktionen<\/li>\n<li>Performance Level c \/ SIL 1 gem\u00e4\u00df DIN EN ISO 13849-1:2016-06 \/ DIN EN 61580-1:2011-02<\/li>\n<li>Bremsger\u00e4t mit Ger\u00e4teschutz optimiert automatisch den Bremsvorgang<\/li>\n<li>Verringerung mechanischer Belastung beim Bremsen (&lt;- ersetzt ganzen Satz!)<\/li>\n<li>Integrierte \u00dcberbr\u00fcckungsrelais<\/li>\n<li>Gleichstrombremse mit gesteuerter Thyristorbr\u00fccke<\/li>\n<li>Integriertes Bremssch\u00fctz<\/li>\n<li>Schutzart IP 00<\/li>\n<li>CAN-Schnittstellen<\/li>\n<li>Effiziente und schnelle Inbetriebnahme durch selbstoptimierenden Bremsvorgang<\/li>\n<li>Unterst\u00fctzung der Energieeffizienzklassen IE1, IE2 und IE3<\/li>\n<li><a href=\"https:\/\/www.peter-electronic.com\/wp-content\/uploads\/VersiBrake_Safe_LP_480_60_plc_Tuev_zertifikat_d.pdf\" target=\"_blank\" rel=\"noopener noreferrer\">T\u00dcV Zertifizierung<\/a><\/li>\n<\/ul>\n<p>&nbsp;<\/p>\n","protected":false},"excerpt":{"rendered":"<p>Das Bremsger\u00e4t VersiBrake Safe LP 480-60 PL c &#8211; Funktionale Sicherheit kombiniert mit selbstoptimierendem Bremsvorgang Das Bremsger\u00e4t erm\u00f6glicht innerhalb von maximal drei Bremsungen eine optimale Bremszeitregelung. Das T\u00dcV-zertifizierte Bremsger\u00e4t VersiBrake LP 480-60 PL c (Leiterplattenausf\u00fchrung) von PETER electronic ist das besonders kompakte Modell f\u00fcr den dezentralen Einbau in die Schalttafel der Maschine. Das VersiBrake LP [&hellip;]<\/p>\n","protected":false},"author":1,"featured_media":0,"parent":0,"menu_order":0,"comment_status":"closed","ping_status":"closed","template":"","meta":{"_acf_changed":false,"footnotes":""},"class_list":["post-5057","page","type-page","status-publish","hentry"],"acf":[],"yoast_head":"<!-- This site is optimized with the Yoast SEO plugin v23.9 - https:\/\/yoast.com\/wordpress\/plugins\/seo\/ -->\n<title>Bremsger\u00e4t f\u00fcr den Schaltschrankeinbau - VersiBrake Safe LP 480-60 Plc<\/title>\n<meta name=\"description\" content=\"Das neue Bremsger\u00e4t VersiBrake Safe LP 480-60 Plc mit selbstoptimierten Bremsvorgang, erm\u00f6glicht innerhalb von maximal 3 Bremsungen eine optimale Abbremsung.\" \/>\n<meta name=\"robots\" content=\"index, follow, max-snippet:-1, max-image-preview:large, max-video-preview:-1\" \/>\n<link rel=\"canonical\" href=\"https:\/\/www.peter-electronic.com\/nl_versibrake_safe_lp_480_60_plc\/\" \/>\n<script type=\"application\/ld+json\" class=\"yoast-schema-graph\">{\"@context\":\"https:\/\/schema.org\",\"@graph\":[{\"@type\":\"WebPage\",\"@id\":\"https:\/\/www.peter-electronic.com\/nl_versibrake_safe_lp_480_60_plc\/\",\"url\":\"https:\/\/www.peter-electronic.com\/nl_versibrake_safe_lp_480_60_plc\/\",\"name\":\"Bremsger\u00e4t f\u00fcr den Schaltschrankeinbau - VersiBrake Safe LP 480-60 Plc\",\"isPartOf\":{\"@id\":\"https:\/\/www.peter-electronic.com\/#website\"},\"primaryImageOfPage\":{\"@id\":\"https:\/\/www.peter-electronic.com\/nl_versibrake_safe_lp_480_60_plc\/#primaryimage\"},\"image\":{\"@id\":\"https:\/\/www.peter-electronic.com\/nl_versibrake_safe_lp_480_60_plc\/#primaryimage\"},\"thumbnailUrl\":\"https:\/\/www.peter-electronic.com\/wp-content\/uploads\/bremsgeraet-versibrake-safe-lp_02-2.png\",\"datePublished\":\"2022-12-06T08:45:36+00:00\",\"dateModified\":\"2022-12-06T08:45:36+00:00\",\"description\":\"Das neue Bremsger\u00e4t VersiBrake Safe LP 480-60 Plc mit selbstoptimierten Bremsvorgang, erm\u00f6glicht innerhalb von maximal 3 Bremsungen eine optimale Abbremsung.\",\"breadcrumb\":{\"@id\":\"https:\/\/www.peter-electronic.com\/nl_versibrake_safe_lp_480_60_plc\/#breadcrumb\"},\"inLanguage\":\"de\",\"potentialAction\":[{\"@type\":\"ReadAction\",\"target\":[\"https:\/\/www.peter-electronic.com\/nl_versibrake_safe_lp_480_60_plc\/\"]}]},{\"@type\":\"ImageObject\",\"inLanguage\":\"de\",\"@id\":\"https:\/\/www.peter-electronic.com\/nl_versibrake_safe_lp_480_60_plc\/#primaryimage\",\"url\":\"\",\"contentUrl\":\"\"},{\"@type\":\"BreadcrumbList\",\"@id\":\"https:\/\/www.peter-electronic.com\/nl_versibrake_safe_lp_480_60_plc\/#breadcrumb\",\"itemListElement\":[{\"@type\":\"ListItem\",\"position\":1,\"name\":\"Startseite\",\"item\":\"https:\/\/www.peter-electronic.com\/\"},{\"@type\":\"ListItem\",\"position\":2,\"name\":\"NL_Versibrake_Safe_LP_2022_12\"}]},{\"@type\":\"WebSite\",\"@id\":\"https:\/\/www.peter-electronic.com\/#website\",\"url\":\"https:\/\/www.peter-electronic.com\/\",\"name\":\"Frequenzumrichter, Softstarter und Bremsger\u00e4te direkt vom Hersteller\",\"description\":\"\",\"alternateName\":\"Frequenzumrichter, Softstarter und Bremsger\u00e4te direkt vom Hersteller\",\"potentialAction\":[{\"@type\":\"SearchAction\",\"target\":{\"@type\":\"EntryPoint\",\"urlTemplate\":\"https:\/\/www.peter-electronic.com\/?s={search_term_string}\"},\"query-input\":{\"@type\":\"PropertyValueSpecification\",\"valueRequired\":true,\"valueName\":\"search_term_string\"}}],\"inLanguage\":\"de\"}]}<\/script>\n<!-- \/ Yoast SEO plugin. -->","yoast_head_json":{"title":"Bremsger\u00e4t f\u00fcr den Schaltschrankeinbau - VersiBrake Safe LP 480-60 Plc","description":"Das neue Bremsger\u00e4t VersiBrake Safe LP 480-60 Plc mit selbstoptimierten Bremsvorgang, erm\u00f6glicht innerhalb von maximal 3 Bremsungen eine optimale Abbremsung.","robots":{"index":"index","follow":"follow","max-snippet":"max-snippet:-1","max-image-preview":"max-image-preview:large","max-video-preview":"max-video-preview:-1"},"canonical":"https:\/\/www.peter-electronic.com\/nl_versibrake_safe_lp_480_60_plc\/","schema":{"@context":"https:\/\/schema.org","@graph":[{"@type":"WebPage","@id":"https:\/\/www.peter-electronic.com\/nl_versibrake_safe_lp_480_60_plc\/","url":"https:\/\/www.peter-electronic.com\/nl_versibrake_safe_lp_480_60_plc\/","name":"Bremsger\u00e4t f\u00fcr den Schaltschrankeinbau - VersiBrake Safe LP 480-60 Plc","isPartOf":{"@id":"https:\/\/www.peter-electronic.com\/#website"},"primaryImageOfPage":{"@id":"https:\/\/www.peter-electronic.com\/nl_versibrake_safe_lp_480_60_plc\/#primaryimage"},"image":{"@id":"https:\/\/www.peter-electronic.com\/nl_versibrake_safe_lp_480_60_plc\/#primaryimage"},"thumbnailUrl":"https:\/\/www.peter-electronic.com\/wp-content\/uploads\/bremsgeraet-versibrake-safe-lp_02-2.png","datePublished":"2022-12-06T08:45:36+00:00","dateModified":"2022-12-06T08:45:36+00:00","description":"Das neue Bremsger\u00e4t VersiBrake Safe LP 480-60 Plc mit selbstoptimierten Bremsvorgang, erm\u00f6glicht innerhalb von maximal 3 Bremsungen eine optimale Abbremsung.","breadcrumb":{"@id":"https:\/\/www.peter-electronic.com\/nl_versibrake_safe_lp_480_60_plc\/#breadcrumb"},"inLanguage":"de","potentialAction":[{"@type":"ReadAction","target":["https:\/\/www.peter-electronic.com\/nl_versibrake_safe_lp_480_60_plc\/"]}]},{"@type":"ImageObject","inLanguage":"de","@id":"https:\/\/www.peter-electronic.com\/nl_versibrake_safe_lp_480_60_plc\/#primaryimage","url":"","contentUrl":""},{"@type":"BreadcrumbList","@id":"https:\/\/www.peter-electronic.com\/nl_versibrake_safe_lp_480_60_plc\/#breadcrumb","itemListElement":[{"@type":"ListItem","position":1,"name":"Startseite","item":"https:\/\/www.peter-electronic.com\/"},{"@type":"ListItem","position":2,"name":"NL_Versibrake_Safe_LP_2022_12"}]},{"@type":"WebSite","@id":"https:\/\/www.peter-electronic.com\/#website","url":"https:\/\/www.peter-electronic.com\/","name":"Frequenzumrichter, Softstarter und Bremsger\u00e4te direkt vom Hersteller","description":"","alternateName":"Frequenzumrichter, Softstarter und Bremsger\u00e4te direkt vom Hersteller","potentialAction":[{"@type":"SearchAction","target":{"@type":"EntryPoint","urlTemplate":"https:\/\/www.peter-electronic.com\/?s={search_term_string}"},"query-input":{"@type":"PropertyValueSpecification","valueRequired":true,"valueName":"search_term_string"}}],"inLanguage":"de"}]}},"_links":{"self":[{"href":"https:\/\/www.peter-electronic.com\/index.php?rest_route=\/wp\/v2\/pages\/5057","targetHints":{"allow":["GET"]}}],"collection":[{"href":"https:\/\/www.peter-electronic.com\/index.php?rest_route=\/wp\/v2\/pages"}],"about":[{"href":"https:\/\/www.peter-electronic.com\/index.php?rest_route=\/wp\/v2\/types\/page"}],"author":[{"embeddable":true,"href":"https:\/\/www.peter-electronic.com\/index.php?rest_route=\/wp\/v2\/users\/1"}],"replies":[{"embeddable":true,"href":"https:\/\/www.peter-electronic.com\/index.php?rest_route=%2Fwp%2Fv2%2Fcomments&post=5057"}],"version-history":[{"count":1,"href":"https:\/\/www.peter-electronic.com\/index.php?rest_route=\/wp\/v2\/pages\/5057\/revisions"}],"predecessor-version":[{"id":18759,"href":"https:\/\/www.peter-electronic.com\/index.php?rest_route=\/wp\/v2\/pages\/5057\/revisions\/18759"}],"wp:attachment":[{"href":"https:\/\/www.peter-electronic.com\/index.php?rest_route=%2Fwp%2Fv2%2Fmedia&parent=5057"}],"curies":[{"name":"wp","href":"https:\/\/api.w.org\/{rel}","templated":true}]}}