{"id":4933,"date":"2021-10-20T11:09:47","date_gmt":"2021-10-20T09:09:47","guid":{"rendered":"https:\/\/www.peter-electronic.com\/de\/?page_id=4933"},"modified":"2026-02-20T09:43:57","modified_gmt":"2026-02-20T08:43:57","slug":"automatisierungstechniker-m-w-d","status":"publish","type":"page","link":"https:\/\/www.peter-electronic.com\/ueber-uns\/karriere\/automatisierungstechniker-m-w-d\/","title":{"rendered":"Automatisierungstechniker (m\/w\/d)"},"content":{"rendered":"<h2><strong>Automatisierungstechniker (m\/w\/d)<br \/>\n<\/strong><\/h2>\n<h3><strong>Ihre Aufgaben:<\/strong><\/h3>\n<ul>\n<li>Test- und Pr\u00fcfkonzepte entwickeln<\/li>\n<li>Fertigungs\u00fcberleitung von Neuprodukten bez\u00fcglich der Test und Pr\u00fcftechnik<\/li>\n<li>Betreuung von innerbetrieblichen Pr\u00fcf- und Testeinrichtungen<\/li>\n<li>Selbst\u00e4ndige Konzeption, Planung und Aufbau von automatisierten Pr\u00fcfanlagen<\/li>\n<li>Implementierung von Benutzeroberfl\u00e4chen und Visualisierung (Human Machine Interface)<\/li>\n<li>Erstellen von Dokumentationen, Schaltpl\u00e4nen und Handb\u00fcchern<\/li>\n<\/ul>\n<h3><strong>Anforderungen an Sie:<\/strong><\/h3>\n<ul>\n<li>Abgeschlossene Berufsausbildung zum Elektroniker (m\/w\/d) f\u00fcr Automatisierungs-\/Betriebstechnik und eine abgeschlossene Weiterbildung zum Techniker (m\/w\/d) oder Vergleichbares<\/li>\n<li>Sehr gute Kenntnisse im Umgang und der Programmierung von g\u00e4ngigen SPS-Systemen (Schneider electronic, Siemens, Beckhoff)<\/li>\n<li>Erfahrung mit der Automatisierungssoftware CODESYS und Erfahrung mit Feldbussystemen (EtherNet\/IP)<\/li>\n<li>Gute Englischkenntnisse in Wort und Schrift<\/li>\n<li>Sicherer Umgang mit MS-Office<\/li>\n<\/ul>\n<h3><strong>Wir bieten Ihnen:<\/strong><\/h3>\n<ul>\n<li>Hohe Arbeitsplatzsicherheit: Wir stehen zu unseren Mitarbeitern \u2013 auch in Krisenzeiten.<\/li>\n<li>Individuelle Einarbeitung: Wir lassen Sie nicht im Stich \u2013 das beginnt schon mit unserem auf Sie ma\u00dfgeschneiderten Einarbeitungsprogramm.<\/li>\n<li>Einen abwechslungsreichen Arbeitsplatz mit viel Eigenverantwortung und attraktiven Entwicklungsperspektiven.<\/li>\n<li>Einen Arbeitgeber, der sich durch die Wertsch\u00e4tzung und Chancengleichheit seiner Mitarbeiter auszeichnet und dadurch seinen Erfolg generiert.<\/li>\n<li>Attraktive betriebliche Vorsorgeleistungen<\/li>\n<\/ul>\n<h3><\/h3>\n<p>Sie arbeiten gerne im Team und suchen einen abwechslungsreichen Arbeitsplatz mit viel Eigenverantwortung, attraktiven Entwicklungsperspektiven und haben das Engagement sich neuen Herausforderungen zu stellen?<\/p>\n<p>Dann nehmen Sie Kontakt mit uns auf. Wir freuen uns auf Ihre aussagekr\u00e4ftige Bewerbung, bevorzugt per E-Mail. F\u00fcr Vorabinformationen k\u00f6nnen Sie uns gerne anrufen!<\/p>\n<p>Ansprechpartner:<br \/>\nHerr Tischner<br \/>\nTelefon: +49 (0) 91 89 \/ 41 47-0<br \/>\n<a href=\"mailto:r.beesk@peter-electronic.de\">b.tischner@peter-electronic.de<\/a><\/p>\n<p>&nbsp;<\/p>\n<p>&nbsp;<\/p>\n","protected":false},"excerpt":{"rendered":"<p>Automatisierungstechniker (m\/w\/d) Ihre Aufgaben: Test- und Pr\u00fcfkonzepte entwickeln Fertigungs\u00fcberleitung von Neuprodukten bez\u00fcglich der Test und Pr\u00fcftechnik Betreuung von innerbetrieblichen Pr\u00fcf- und Testeinrichtungen Selbst\u00e4ndige Konzeption, Planung und Aufbau von automatisierten Pr\u00fcfanlagen Implementierung von Benutzeroberfl\u00e4chen und Visualisierung (Human Machine Interface) Erstellen von Dokumentationen, Schaltpl\u00e4nen und Handb\u00fcchern Anforderungen an Sie: Abgeschlossene Berufsausbildung zum Elektroniker (m\/w\/d) f\u00fcr Automatisierungs-\/Betriebstechnik und [&hellip;]<\/p>\n","protected":false},"author":1,"featured_media":0,"parent":3294,"menu_order":1,"comment_status":"closed","ping_status":"closed","template":"","meta":{"_acf_changed":false,"footnotes":""},"class_list":["post-4933","page","type-page","status-publish","hentry"],"acf":[],"yoast_head":"<!-- This site is optimized with the Yoast SEO plugin v23.9 - https:\/\/yoast.com\/wordpress\/plugins\/seo\/ -->\n<title>Automatisierungstechniker (m\/w\/d) - Frequenzumrichter, Softstarter und Bremsger\u00e4te direkt vom Hersteller<\/title>\n<meta name=\"robots\" content=\"index, follow, max-snippet:-1, max-image-preview:large, max-video-preview:-1\" \/>\n<link rel=\"canonical\" href=\"https:\/\/www.peter-electronic.com\/ueber-uns\/karriere\/automatisierungstechniker-m-w-d\/\" \/>\n<script type=\"application\/ld+json\" class=\"yoast-schema-graph\">{\"@context\":\"https:\/\/schema.org\",\"@graph\":[{\"@type\":\"WebPage\",\"@id\":\"https:\/\/www.peter-electronic.com\/ueber-uns\/karriere\/automatisierungstechniker-m-w-d\/\",\"url\":\"https:\/\/www.peter-electronic.com\/ueber-uns\/karriere\/automatisierungstechniker-m-w-d\/\",\"name\":\"Automatisierungstechniker (m\/w\/d) - Frequenzumrichter, Softstarter und Bremsger\u00e4te direkt vom Hersteller\",\"isPartOf\":{\"@id\":\"https:\/\/www.peter-electronic.com\/#website\"},\"datePublished\":\"2021-10-20T09:09:47+00:00\",\"dateModified\":\"2026-02-20T08:43:57+00:00\",\"breadcrumb\":{\"@id\":\"https:\/\/www.peter-electronic.com\/ueber-uns\/karriere\/automatisierungstechniker-m-w-d\/#breadcrumb\"},\"inLanguage\":\"de\",\"potentialAction\":[{\"@type\":\"ReadAction\",\"target\":[\"https:\/\/www.peter-electronic.com\/ueber-uns\/karriere\/automatisierungstechniker-m-w-d\/\"]}]},{\"@type\":\"BreadcrumbList\",\"@id\":\"https:\/\/www.peter-electronic.com\/ueber-uns\/karriere\/automatisierungstechniker-m-w-d\/#breadcrumb\",\"itemListElement\":[{\"@type\":\"ListItem\",\"position\":1,\"name\":\"Startseite\",\"item\":\"https:\/\/www.peter-electronic.com\/\"},{\"@type\":\"ListItem\",\"position\":2,\"name\":\"\u00dcber Uns\",\"item\":\"https:\/\/www.peter-electronic.com\/ueber-uns\/\"},{\"@type\":\"ListItem\",\"position\":3,\"name\":\"Karriere\",\"item\":\"https:\/\/www.peter-electronic.com\/ueber-uns\/karriere\/\"},{\"@type\":\"ListItem\",\"position\":4,\"name\":\"Automatisierungstechniker (m\/w\/d)\"}]},{\"@type\":\"WebSite\",\"@id\":\"https:\/\/www.peter-electronic.com\/#website\",\"url\":\"https:\/\/www.peter-electronic.com\/\",\"name\":\"Frequenzumrichter, Softstarter und Bremsger\u00e4te direkt vom Hersteller\",\"description\":\"\",\"alternateName\":\"Frequenzumrichter, Softstarter und Bremsger\u00e4te direkt vom Hersteller\",\"potentialAction\":[{\"@type\":\"SearchAction\",\"target\":{\"@type\":\"EntryPoint\",\"urlTemplate\":\"https:\/\/www.peter-electronic.com\/?s={search_term_string}\"},\"query-input\":{\"@type\":\"PropertyValueSpecification\",\"valueRequired\":true,\"valueName\":\"search_term_string\"}}],\"inLanguage\":\"de\"}]}<\/script>\n<!-- \/ Yoast SEO plugin. -->","yoast_head_json":{"title":"Automatisierungstechniker (m\/w\/d) - Frequenzumrichter, Softstarter und Bremsger\u00e4te direkt vom Hersteller","robots":{"index":"index","follow":"follow","max-snippet":"max-snippet:-1","max-image-preview":"max-image-preview:large","max-video-preview":"max-video-preview:-1"},"canonical":"https:\/\/www.peter-electronic.com\/ueber-uns\/karriere\/automatisierungstechniker-m-w-d\/","schema":{"@context":"https:\/\/schema.org","@graph":[{"@type":"WebPage","@id":"https:\/\/www.peter-electronic.com\/ueber-uns\/karriere\/automatisierungstechniker-m-w-d\/","url":"https:\/\/www.peter-electronic.com\/ueber-uns\/karriere\/automatisierungstechniker-m-w-d\/","name":"Automatisierungstechniker (m\/w\/d) - Frequenzumrichter, Softstarter und Bremsger\u00e4te direkt vom Hersteller","isPartOf":{"@id":"https:\/\/www.peter-electronic.com\/#website"},"datePublished":"2021-10-20T09:09:47+00:00","dateModified":"2026-02-20T08:43:57+00:00","breadcrumb":{"@id":"https:\/\/www.peter-electronic.com\/ueber-uns\/karriere\/automatisierungstechniker-m-w-d\/#breadcrumb"},"inLanguage":"de","potentialAction":[{"@type":"ReadAction","target":["https:\/\/www.peter-electronic.com\/ueber-uns\/karriere\/automatisierungstechniker-m-w-d\/"]}]},{"@type":"BreadcrumbList","@id":"https:\/\/www.peter-electronic.com\/ueber-uns\/karriere\/automatisierungstechniker-m-w-d\/#breadcrumb","itemListElement":[{"@type":"ListItem","position":1,"name":"Startseite","item":"https:\/\/www.peter-electronic.com\/"},{"@type":"ListItem","position":2,"name":"\u00dcber Uns","item":"https:\/\/www.peter-electronic.com\/ueber-uns\/"},{"@type":"ListItem","position":3,"name":"Karriere","item":"https:\/\/www.peter-electronic.com\/ueber-uns\/karriere\/"},{"@type":"ListItem","position":4,"name":"Automatisierungstechniker (m\/w\/d)"}]},{"@type":"WebSite","@id":"https:\/\/www.peter-electronic.com\/#website","url":"https:\/\/www.peter-electronic.com\/","name":"Frequenzumrichter, Softstarter und Bremsger\u00e4te direkt vom Hersteller","description":"","alternateName":"Frequenzumrichter, Softstarter und Bremsger\u00e4te direkt vom Hersteller","potentialAction":[{"@type":"SearchAction","target":{"@type":"EntryPoint","urlTemplate":"https:\/\/www.peter-electronic.com\/?s={search_term_string}"},"query-input":{"@type":"PropertyValueSpecification","valueRequired":true,"valueName":"search_term_string"}}],"inLanguage":"de"}]}},"_links":{"self":[{"href":"https:\/\/www.peter-electronic.com\/index.php?rest_route=\/wp\/v2\/pages\/4933","targetHints":{"allow":["GET"]}}],"collection":[{"href":"https:\/\/www.peter-electronic.com\/index.php?rest_route=\/wp\/v2\/pages"}],"about":[{"href":"https:\/\/www.peter-electronic.com\/index.php?rest_route=\/wp\/v2\/types\/page"}],"author":[{"embeddable":true,"href":"https:\/\/www.peter-electronic.com\/index.php?rest_route=\/wp\/v2\/users\/1"}],"replies":[{"embeddable":true,"href":"https:\/\/www.peter-electronic.com\/index.php?rest_route=%2Fwp%2Fv2%2Fcomments&post=4933"}],"version-history":[{"count":1,"href":"https:\/\/www.peter-electronic.com\/index.php?rest_route=\/wp\/v2\/pages\/4933\/revisions"}],"predecessor-version":[{"id":16800,"href":"https:\/\/www.peter-electronic.com\/index.php?rest_route=\/wp\/v2\/pages\/4933\/revisions\/16800"}],"up":[{"embeddable":true,"href":"https:\/\/www.peter-electronic.com\/index.php?rest_route=\/wp\/v2\/pages\/3294"}],"wp:attachment":[{"href":"https:\/\/www.peter-electronic.com\/index.php?rest_route=%2Fwp%2Fv2%2Fmedia&parent=4933"}],"curies":[{"name":"wp","href":"https:\/\/api.w.org\/{rel}","templated":true}]}}