{"id":4635,"date":"2020-07-31T14:10:47","date_gmt":"2020-07-31T12:10:47","guid":{"rendered":"https:\/\/www.peter-electronic.com\/de\/?page_id=4635"},"modified":"2020-07-31T14:10:47","modified_gmt":"2020-07-31T12:10:47","slug":"hardwaredesigner-w-m-d","status":"publish","type":"page","link":"https:\/\/www.peter-electronic.com\/ueber-uns\/karriere\/hardwaredesigner-w-m-d\/","title":{"rendered":"Hardwaredesigner (m\/w\/d)"},"content":{"rendered":"<h2><strong>Hardwaredesigner (m\/w\/d) f\u00fcr die Entwicklungsabteilung<br \/>\n<\/strong><\/h2>\n<h3><strong>Ihre Aufgaben:<\/strong><\/h3>\n<ul>\n<li>Spezifizierung und Auswahl von Bauteilen<\/li>\n<li>Anfertigen von (analogen und digitalen) Schaltpl\u00e4nen<\/li>\n<li>Entwerfen von Leiterplatten-Layouts<\/li>\n<li>Erstellen von Fertigungsunterlagen f\u00fcr die Produktion<\/li>\n<li>Programmierung von Mikrocontrollern<\/li>\n<li>Konstruieren \/ Entwerfen von neuen Produkten unter Ber\u00fccksichtigung der Spezifikationen und Einhalten der einschl\u00e4gigen Produktnormen<\/li>\n<li>Inbetriebnahme, Test und \u00dcberf\u00fchrung von Prototypen in die Serienfertigung<\/li>\n<li>Betreuen von Pr\u00fcfungen zur Produktzertifizierung (CE, UL und T\u00dcV)<\/li>\n<li>Verfassen der beiliegenden Produktdokumentation<\/li>\n<li>Technische Produktbetreuung \u00fcber die Serieneinf\u00fchrung hinaus<\/li>\n<li>Fachliche Betreuung von Schl\u00fcsselkunden<\/li>\n<\/ul>\n<h3><strong>Anforderungen an Sie:<\/strong><\/h3>\n<ul>\n<li>Abgeschlossenes Studium der Elektrotechnik oder staatlich gepr\u00fcfter Techniker (m\/w\/d)<\/li>\n<li>Erfahrung im Bereich Antriebstechnik und Leistungselektronik (Thyristortechnik)<\/li>\n<li>Fundierte Kenntnisse in Schaltungstechnik und Schaltungsdesign<\/li>\n<li>Erfahrung im Umgang mit Simulations- und Layout-Werkzeugen wie z.B. EAGLE<\/li>\n<li>Kenntnisse in der Hardware-Entwicklung leistungselektronischer Systeme<\/li>\n<li>Sehr gutes Verst\u00e4ndnis f\u00fcr konstruktive \/ mechanische Anforderungen<\/li>\n<li>Hardwarenahe Programmierkenntnisse (C\/C++)<\/li>\n<li>Verst\u00e4ndnis f\u00fcr EMV-gerechte Entwicklung<\/li>\n<li>Sicherer Umgang mit Mess- und Pr\u00fcftechnik<\/li>\n<li>Gute Englischkenntnisse in Wort und Schrift<\/li>\n<li>Sicherer Umgang mit MS-Office<\/li>\n<\/ul>\n<p>Eine analytische Arbeitsweise, ausgepr\u00e4gte L\u00f6sungsorientierung und absolute Genauigkeit sind selbstverst\u00e4ndlich f\u00fcr einen Hardwareentwickler.<\/p>\n<h3><strong>Wir bieten Ihnen:<\/strong><\/h3>\n<ul>\n<li>Hohe Arbeitsplatzsicherheit: Wir stehen zu unseren Mitarbeitern \u2013 auch in Krisenzeiten.<\/li>\n<li>Individuelle Einarbeitung: Wir lassen Sie nicht im Stich \u2013 das beginnt schon mit unserem auf Sie ma\u00dfgeschneiderten Einarbeitungsprogramm.<\/li>\n<li>Einen abwechslungsreichen Arbeitsplatz mit viel Eigenverantwortung und attraktiven Entwicklungsperspektiven.<\/li>\n<li>Einen Arbeitgeber, der sich durch die Wertsch\u00e4tzung und Chancengleichheit seiner Mitarbeiter auszeichnet und dadurch seinen Erfolg generiert.<\/li>\n<li>Attraktive betriebliche Vorsorgeleistungen<\/li>\n<\/ul>\n<h3><\/h3>\n<p>Sie arbeiten gerne im Team und suchen einen abwechslungsreichen Arbeitsplatz mit viel Eigenverantwortung, attraktiven Entwicklungsperspektiven und haben das Engagement sich neuen Herausforderungen zu stellen?<\/p>\n<p>Dann nehmen Sie Kontakt mit uns auf. Wir freuen uns auf Ihre aussagekr\u00e4ftige Bewerbung, bevorzugt per E-Mail. F\u00fcr Vorabinformationen k\u00f6nnen Sie uns gerne anrufen!<\/p>\n<p>Ansprechpartner:<br \/>\nHerr Tischner<br \/>\nTelefon: +49 (0) 91 89 \/ 41 47-0<br \/>\n<a href=\"mailto:r.beesk@peter-electronic.de\">b.tischner@peter-electronic.de<\/a><\/p>\n<p>&nbsp;<\/p>\n<p>&nbsp;<\/p>\n","protected":false},"excerpt":{"rendered":"<p>Hardwaredesigner (m\/w\/d) f\u00fcr die Entwicklungsabteilung Ihre Aufgaben: Spezifizierung und Auswahl von Bauteilen Anfertigen von (analogen und digitalen) Schaltpl\u00e4nen Entwerfen von Leiterplatten-Layouts Erstellen von Fertigungsunterlagen f\u00fcr die Produktion Programmierung von Mikrocontrollern Konstruieren \/ Entwerfen von neuen Produkten unter Ber\u00fccksichtigung der Spezifikationen und Einhalten der einschl\u00e4gigen Produktnormen Inbetriebnahme, Test und \u00dcberf\u00fchrung von Prototypen in die Serienfertigung Betreuen [&hellip;]<\/p>\n","protected":false},"author":1,"featured_media":0,"parent":3294,"menu_order":1,"comment_status":"closed","ping_status":"closed","template":"","meta":{"_acf_changed":false,"footnotes":""},"class_list":["post-4635","page","type-page","status-publish","hentry"],"acf":[],"yoast_head":"<!-- This site is optimized with the Yoast SEO plugin v23.9 - https:\/\/yoast.com\/wordpress\/plugins\/seo\/ -->\n<title>Hardwaredesigner (m\/w\/d) - Frequenzumrichter, Softstarter und Bremsger\u00e4te direkt vom Hersteller<\/title>\n<meta name=\"robots\" content=\"index, follow, max-snippet:-1, max-image-preview:large, max-video-preview:-1\" \/>\n<link rel=\"canonical\" href=\"https:\/\/www.peter-electronic.com\/ueber-uns\/karriere\/hardwaredesigner-w-m-d\/\" \/>\n<script type=\"application\/ld+json\" class=\"yoast-schema-graph\">{\"@context\":\"https:\/\/schema.org\",\"@graph\":[{\"@type\":\"WebPage\",\"@id\":\"https:\/\/www.peter-electronic.com\/ueber-uns\/karriere\/hardwaredesigner-w-m-d\/\",\"url\":\"https:\/\/www.peter-electronic.com\/ueber-uns\/karriere\/hardwaredesigner-w-m-d\/\",\"name\":\"Hardwaredesigner (m\/w\/d) - Frequenzumrichter, Softstarter und Bremsger\u00e4te direkt vom Hersteller\",\"isPartOf\":{\"@id\":\"https:\/\/www.peter-electronic.com\/#website\"},\"datePublished\":\"2020-07-31T12:10:47+00:00\",\"dateModified\":\"2020-07-31T12:10:47+00:00\",\"breadcrumb\":{\"@id\":\"https:\/\/www.peter-electronic.com\/ueber-uns\/karriere\/hardwaredesigner-w-m-d\/#breadcrumb\"},\"inLanguage\":\"de\",\"potentialAction\":[{\"@type\":\"ReadAction\",\"target\":[\"https:\/\/www.peter-electronic.com\/ueber-uns\/karriere\/hardwaredesigner-w-m-d\/\"]}]},{\"@type\":\"BreadcrumbList\",\"@id\":\"https:\/\/www.peter-electronic.com\/ueber-uns\/karriere\/hardwaredesigner-w-m-d\/#breadcrumb\",\"itemListElement\":[{\"@type\":\"ListItem\",\"position\":1,\"name\":\"Startseite\",\"item\":\"https:\/\/www.peter-electronic.com\/\"},{\"@type\":\"ListItem\",\"position\":2,\"name\":\"\u00dcber Uns\",\"item\":\"https:\/\/www.peter-electronic.com\/ueber-uns\/\"},{\"@type\":\"ListItem\",\"position\":3,\"name\":\"Karriere\",\"item\":\"https:\/\/www.peter-electronic.com\/ueber-uns\/karriere\/\"},{\"@type\":\"ListItem\",\"position\":4,\"name\":\"Hardwaredesigner (m\/w\/d)\"}]},{\"@type\":\"WebSite\",\"@id\":\"https:\/\/www.peter-electronic.com\/#website\",\"url\":\"https:\/\/www.peter-electronic.com\/\",\"name\":\"Frequenzumrichter, Softstarter und Bremsger\u00e4te direkt vom Hersteller\",\"description\":\"\",\"alternateName\":\"Frequenzumrichter, Softstarter und Bremsger\u00e4te direkt vom Hersteller\",\"potentialAction\":[{\"@type\":\"SearchAction\",\"target\":{\"@type\":\"EntryPoint\",\"urlTemplate\":\"https:\/\/www.peter-electronic.com\/?s={search_term_string}\"},\"query-input\":{\"@type\":\"PropertyValueSpecification\",\"valueRequired\":true,\"valueName\":\"search_term_string\"}}],\"inLanguage\":\"de\"}]}<\/script>\n<!-- \/ Yoast SEO plugin. -->","yoast_head_json":{"title":"Hardwaredesigner (m\/w\/d) - Frequenzumrichter, Softstarter und Bremsger\u00e4te direkt vom Hersteller","robots":{"index":"index","follow":"follow","max-snippet":"max-snippet:-1","max-image-preview":"max-image-preview:large","max-video-preview":"max-video-preview:-1"},"canonical":"https:\/\/www.peter-electronic.com\/ueber-uns\/karriere\/hardwaredesigner-w-m-d\/","schema":{"@context":"https:\/\/schema.org","@graph":[{"@type":"WebPage","@id":"https:\/\/www.peter-electronic.com\/ueber-uns\/karriere\/hardwaredesigner-w-m-d\/","url":"https:\/\/www.peter-electronic.com\/ueber-uns\/karriere\/hardwaredesigner-w-m-d\/","name":"Hardwaredesigner (m\/w\/d) - Frequenzumrichter, Softstarter und Bremsger\u00e4te direkt vom Hersteller","isPartOf":{"@id":"https:\/\/www.peter-electronic.com\/#website"},"datePublished":"2020-07-31T12:10:47+00:00","dateModified":"2020-07-31T12:10:47+00:00","breadcrumb":{"@id":"https:\/\/www.peter-electronic.com\/ueber-uns\/karriere\/hardwaredesigner-w-m-d\/#breadcrumb"},"inLanguage":"de","potentialAction":[{"@type":"ReadAction","target":["https:\/\/www.peter-electronic.com\/ueber-uns\/karriere\/hardwaredesigner-w-m-d\/"]}]},{"@type":"BreadcrumbList","@id":"https:\/\/www.peter-electronic.com\/ueber-uns\/karriere\/hardwaredesigner-w-m-d\/#breadcrumb","itemListElement":[{"@type":"ListItem","position":1,"name":"Startseite","item":"https:\/\/www.peter-electronic.com\/"},{"@type":"ListItem","position":2,"name":"\u00dcber Uns","item":"https:\/\/www.peter-electronic.com\/ueber-uns\/"},{"@type":"ListItem","position":3,"name":"Karriere","item":"https:\/\/www.peter-electronic.com\/ueber-uns\/karriere\/"},{"@type":"ListItem","position":4,"name":"Hardwaredesigner (m\/w\/d)"}]},{"@type":"WebSite","@id":"https:\/\/www.peter-electronic.com\/#website","url":"https:\/\/www.peter-electronic.com\/","name":"Frequenzumrichter, Softstarter und Bremsger\u00e4te direkt vom Hersteller","description":"","alternateName":"Frequenzumrichter, Softstarter und Bremsger\u00e4te direkt vom Hersteller","potentialAction":[{"@type":"SearchAction","target":{"@type":"EntryPoint","urlTemplate":"https:\/\/www.peter-electronic.com\/?s={search_term_string}"},"query-input":{"@type":"PropertyValueSpecification","valueRequired":true,"valueName":"search_term_string"}}],"inLanguage":"de"}]}},"_links":{"self":[{"href":"https:\/\/www.peter-electronic.com\/index.php?rest_route=\/wp\/v2\/pages\/4635","targetHints":{"allow":["GET"]}}],"collection":[{"href":"https:\/\/www.peter-electronic.com\/index.php?rest_route=\/wp\/v2\/pages"}],"about":[{"href":"https:\/\/www.peter-electronic.com\/index.php?rest_route=\/wp\/v2\/types\/page"}],"author":[{"embeddable":true,"href":"https:\/\/www.peter-electronic.com\/index.php?rest_route=\/wp\/v2\/users\/1"}],"replies":[{"embeddable":true,"href":"https:\/\/www.peter-electronic.com\/index.php?rest_route=%2Fwp%2Fv2%2Fcomments&post=4635"}],"version-history":[{"count":0,"href":"https:\/\/www.peter-electronic.com\/index.php?rest_route=\/wp\/v2\/pages\/4635\/revisions"}],"up":[{"embeddable":true,"href":"https:\/\/www.peter-electronic.com\/index.php?rest_route=\/wp\/v2\/pages\/3294"}],"wp:attachment":[{"href":"https:\/\/www.peter-electronic.com\/index.php?rest_route=%2Fwp%2Fv2%2Fmedia&parent=4635"}],"curies":[{"name":"wp","href":"https:\/\/api.w.org\/{rel}","templated":true}]}}