{"id":4448,"date":"2020-01-28T12:35:16","date_gmt":"2020-01-28T11:35:16","guid":{"rendered":"https:\/\/www.peter-electronic.com\/de\/?page_id=4448"},"modified":"2020-01-28T12:35:16","modified_gmt":"2020-01-28T11:35:16","slug":"lp_frequenzumrichter-versidrive-i-43-c2-e","status":"publish","type":"page","link":"https:\/\/www.peter-electronic.com\/lp_frequenzumrichter-versidrive-i-43-c2-e\/","title":{"rendered":"NL_VersiDrive_iC2_2020_01"},"content":{"rendered":"<div class=\"featured-image\"><img loading=\"lazy\" decoding=\"async\" class=\"alignnone wp-image-4446 size-full\" src=\"https:\/\/www.peter-electronic.com\/wp-content\/uploads\/frequenzumrichter-3-phasen-frequenzumrichter-versidrive.png\" width=\"1280\" height=\"666\" \/ alt=\"NL_VersiDrive_iC2_2020_01\"><\/div>\n<h2>Die C2-Serie \u2013 3 Phasen Frequenzumrichter mit leistungsstarken Funktionen und hoher Effizienz<\/h2>\n<p>Die 3 Phasen Frequenzumrichter der Serie VersiDrive i C2 von Peter Electronic bieten die effizienteste L\u00f6sung f\u00fcr alle Arten von Antriebsanwendungen. Die Ger\u00e4te mit einer 3 phasigen Spannungsversorgung von 230 V decken einen Leistungsbereich von 0,75 bis 90 kW ab sowie mit einer 3 phasigen Spannungsversorgung von 460 V einen Leistungsbereich von 0,75 bis 450 kW. Die Ger\u00e4te verf\u00fcgen \u00fcber hochgenaue Drehzahl-, Drehmoment- und Lageregelung f\u00fcr Synchron- und Asynchronmotoren sowohl mit, als auch ohne Impulsgeber. Hohe Flexibilit\u00e4t, gepaart mit Kompatibilit\u00e4t ergeben sich aus den zukunftsweisenden Eigenschaften, wie modularer Aufbau, schnelles Ansprechverhalten, Drehmomentregelung \u00fcber 4 Quadranten mit Begrenzung, SPS-Funktionalit\u00e4t, schneller Datenaustausch, CANopen-Master\/Slave-Erweiterung und zwei RJ45-Kommunikationsanschl\u00fcsse. Steckpl\u00e4tze f\u00fcr zus\u00e4tzlich erh\u00e4ltliche Impulsgeberkarten, E\/A-Erweiterungskarten, Relaiskarten, externe 24-V-Spannungsversorgung und Kommunikationskarten runden den Funktionsumfang ab.<\/p>\n<h2>Zahlreiche integrierte Funktionen reduzieren Kosten und Aufwand<\/h2>\n<p>Makros, die f\u00fcr spezielle Industrieanwendungen vorkonfiguriert sind, k\u00f6nnen direkt aufgerufen werden, was Zeit und Kosten beim Engineering erspart. Anwendungen sind beispielsweise f\u00fcr Kompressoren, L\u00fcfter, Pumpen und Klimager\u00e4te verf\u00fcgbar, bei denen spezifische Anpassungen einzelner Parameter an das Projekt nat\u00fcrlich weiterhin m\u00f6glich sind \u2013 diese Anpassungen stehen aber in keinem Verh\u00e4ltnis zum Aufwand einer kompletten Neukonfiguration. Konstruktionsbedingt bietet der Frequenzumrichter VersiDrive i C2 eine ausgezeichnete Anpassung an die Umgebung. Dazu z\u00e4hlen die integrierte Zwischenkreisdrossel zur Unterdr\u00fcckung von Harmonischen, ein zuschaltbares integriertes EMV-Filter, normkonforme Beschichtung der Leiterplatten, galvanische Trennung der elektronischen Komponenten des Frequenzumrichters vom K\u00fchlsystem zur reduzierten W\u00e4rmeentwicklung und Zertifizierungen gem\u00e4\u00df aller g\u00e4ngigen Normen.<br \/>\nEin weiterer Pluspunkt ist die Personensicherheit durch die integrierte Sicherheitsfunktion STO (sicher abgeschaltetes Moment), so dass hier der Aufwand f\u00fcr zus\u00e4tzlich angeschlossene Schaltsch\u00fctze von externen Sicherheitseinrichtungen entf\u00e4llt. Auch der Schutz des Antriebs vor mechanischen Sch\u00e4den wird von Peter Electronic nicht vernachl\u00e4ssigt. Hierzu dient die Bremsenergier\u00fcckgewinnung, die den Motor im Falle eines Netzausfalls gef\u00fchrt bis zum Stillstand abbremst. Sollte die Netzspannung w\u00e4hrend des Bremsvorgangs wieder bereitstehen, beschleunigt der Motor erneut auf die Sollfrequenz.<\/p>\n<h2>Kontaktfreudig bei der Netzwerkanbindung<\/h2>\n<p>Die Frequenzumrichter der VersiDrive i C2 Serie k\u00f6nnen \u00fcber zahlreiche Netzwerke bequem \u00fcberwacht und gesteuert werden. F\u00fcr die wichtigsten Netzwerke und \u00dcbertragungsprotokolle, wie Modbus\u00ae\/RTU, Modbus\u00ae\/TCP, Profibus, CANopen, DeviceNet\u00ae, EtherNet\/IP stehen Optionskarten zur Verf\u00fcgung. \u00dcber die CANopen-Master-Funktion lassen sich bis zu 8 Slaves steuern. Standardm\u00e4\u00dfig wird die Modbus-Kommunikation \u00fcber die RJ45-Anschl\u00fcsse unterst\u00fctzt.<\/p>\n<h2>Komfortable Plattform f\u00fcr das Management von Antriebssystemen<\/h2>\n<p>Peter Electronic stellt eine Software zum Download bereit, die zur schnellen Inbetriebnahme, Parameterbearbeitung und \u00dcberwachung des laufenden Betriebs, z. B. mit einem Echtzeit-Oszilloskop, Trendverl\u00e4ufen usw. dient und dem Anwender eine komplette Bedienplattform zur einfachen Steuerung und \u00dcberwachung \u00fcber einen PC bietet.<\/p>\n<p>Direkt am Ger\u00e4t steht eine abnehmbare LCD-Bedieneinheit zur Verf\u00fcgung. Sie ist mit einer Echtzeituhr ausgestattet, einfach und intuitiv zu bedienen und erm\u00f6glicht ebenfalls diverse \u00c4nderungs- und \u00dcberwachungsfunktionen. Mit der Kopierfunktion lassen sich Parametereinstellungen in der Bedieneinheit speichern und komfortabel auf einen anderen Frequenzumrichter \u00fcbertragen. Weitere Features sind ihre Hot-Plug-F\u00e4higkeit sowie der Schutz vor eindringendem Staub und Wasser bedingt durch die Schutzart IP66. Bei Einbau des Frequenzumrichters in einem Schaltschrank l\u00e4sst sich die Bedieneinheit bequem von au\u00dfen an die T\u00fcr des Schranks montieren und \u00fcber ein Kabel mit dem Frequenzumrichter verbinden, um stets alles im Blick zu behalten.<\/p>\n<p>Unvergleichliche Antriebspr\u00e4zision, schnelle Drehzahlregelung, einfache Inbetriebnahme und h\u00f6chste Flexibilit\u00e4t zeichnen die 3 Phasen Frequenzumrichter der Serie VersiDrive i C2 von Peter Electronic aus. Die besonderen Regelungseigenschaften sowie das schnelle Ansprechverhalten garantieren in einer Vielzahl von Anwendungen einen zuverl\u00e4ssigen und pr\u00e4zisen Betrieb.<\/p>\n<h3>Wichtige Merkmale im \u00dcberblick:<\/h3>\n<ul>\n<li>Feldorientierte Regelung<\/li>\n<li>Sicherheitsabschaltung nach IEC 61508 SIL2<\/li>\n<li>Automatische Energiesparfunktion<\/li>\n<li>Hohes Starmoment von bis zu 200 % mit R\u00fcckf\u00fchrung<\/li>\n<li>dEB (Bremsenergier\u00fcckgewinnung)<\/li>\n<li>Modulares Design f\u00fcr einfache Instandhaltung und Erweiterung<\/li>\n<li>Integrierte SPS-Funktionalit\u00e4t (10.000 Schritte)<\/li>\n<li>Sensorlose Vektorregelung<\/li>\n<li>Integrierter Brems-Chopper<\/li>\n<li>Integriertes EMV-Filter<\/li>\n<li>CANopen integriert (Master und Slave-Funktion)<\/li>\n<li>150 % \u00dcberlast f\u00fcr 60 s (Heavy Duty)<\/li>\n<li>Integrierte PID-Regelung<\/li>\n<li>Integrierte Modbus-Schnittstelle RS485<\/li>\n<li>Weitere Feldbusse optional wie Profibus, EtherNet\/IP, Modbus\u00ae\/RTU, Modbus\u00ae\/TCP<\/li>\n<li>Einfache Positionierfunktion<\/li>\n<\/ul>\n<h3 class=\"p1\">Weitere Details in unserem Online-Shop:<\/h3>\n<div class=\"test-device-block\"><a href=\"https:\/\/www.peter-electronic.com\/shop\/produkte\/frequenzumrichter\/frequenzumrichter-3-phasig-bis-30kw-versidrive-i-43c2-e-0-75-30kw\" class=\"button\"><img decoding=\"async\" alt=\"store\" class=\"image-icon\" width=\"18\" src=\"https:\/\/www.backup-peter.secondlevelserver.de\/skin\/frontend\/peterelectronic\/default\/images\/icon-cart-white.svg\"> Zum Online-Shop<\/a><\/div>\n<p>Eine Gesamt\u00fcbersicht der wichtigsten Produktmerkmale finden Sie auf unserem Datenblatt.<\/p>\n<h3>Downloads:<\/h3>\n","protected":false},"excerpt":{"rendered":"<p>Die C2-Serie \u2013 3 Phasen Frequenzumrichter mit leistungsstarken Funktionen und hoher Effizienz Die 3 Phasen Frequenzumrichter der Serie VersiDrive i C2 von Peter Electronic bieten die effizienteste L\u00f6sung f\u00fcr alle Arten von Antriebsanwendungen. Die Ger\u00e4te mit einer 3 phasigen Spannungsversorgung von 230 V decken einen Leistungsbereich von 0,75 bis 90 kW ab sowie mit einer [&hellip;]<\/p>\n","protected":false},"author":1,"featured_media":0,"parent":0,"menu_order":0,"comment_status":"closed","ping_status":"closed","template":"","meta":{"_acf_changed":false,"footnotes":""},"class_list":["post-4448","page","type-page","status-publish","hentry"],"acf":[],"yoast_head":"<!-- This site is optimized with the Yoast SEO plugin v23.9 - https:\/\/yoast.com\/wordpress\/plugins\/seo\/ -->\n<title>3 Phasen Frequenzumrichter: hohe Effizienz leistungsstarke Funktionen<\/title>\n<meta name=\"description\" content=\"Die 3 Phasen Frequenzumrichter VersiDrive i C2 von Peter Electronic bieten die effizienteste L\u00f6sung f\u00fcr alle Arten von Antriebsanwendungen. Sie verf\u00fcgen \u00fcber hochgenaue Drehzahl-, Drehmoment- und Lageregelung\" \/>\n<meta name=\"robots\" content=\"index, follow, max-snippet:-1, max-image-preview:large, max-video-preview:-1\" \/>\n<link rel=\"canonical\" href=\"https:\/\/www.peter-electronic.com\/lp_frequenzumrichter-versidrive-i-43-c2-e\/\" \/>\n<script type=\"application\/ld+json\" class=\"yoast-schema-graph\">{\"@context\":\"https:\/\/schema.org\",\"@graph\":[{\"@type\":\"WebPage\",\"@id\":\"https:\/\/www.peter-electronic.com\/lp_frequenzumrichter-versidrive-i-43-c2-e\/\",\"url\":\"https:\/\/www.peter-electronic.com\/lp_frequenzumrichter-versidrive-i-43-c2-e\/\",\"name\":\"3 Phasen Frequenzumrichter: hohe Effizienz leistungsstarke Funktionen\",\"isPartOf\":{\"@id\":\"https:\/\/www.peter-electronic.com\/#website\"},\"primaryImageOfPage\":{\"@id\":\"https:\/\/www.peter-electronic.com\/lp_frequenzumrichter-versidrive-i-43-c2-e\/#primaryimage\"},\"image\":{\"@id\":\"https:\/\/www.peter-electronic.com\/lp_frequenzumrichter-versidrive-i-43-c2-e\/#primaryimage\"},\"thumbnailUrl\":\"https:\/\/www.peter-electronic.com\/wp-content\/uploads\/frequenzumrichter-3-phasen-frequenzumrichter-versidrive.png\",\"datePublished\":\"2020-01-28T11:35:16+00:00\",\"dateModified\":\"2020-01-28T11:35:16+00:00\",\"description\":\"Die 3 Phasen Frequenzumrichter VersiDrive i C2 von Peter Electronic bieten die effizienteste L\u00f6sung f\u00fcr alle Arten von Antriebsanwendungen. Sie verf\u00fcgen \u00fcber hochgenaue Drehzahl-, Drehmoment- und Lageregelung\",\"breadcrumb\":{\"@id\":\"https:\/\/www.peter-electronic.com\/lp_frequenzumrichter-versidrive-i-43-c2-e\/#breadcrumb\"},\"inLanguage\":\"de\",\"potentialAction\":[{\"@type\":\"ReadAction\",\"target\":[\"https:\/\/www.peter-electronic.com\/lp_frequenzumrichter-versidrive-i-43-c2-e\/\"]}]},{\"@type\":\"ImageObject\",\"inLanguage\":\"de\",\"@id\":\"https:\/\/www.peter-electronic.com\/lp_frequenzumrichter-versidrive-i-43-c2-e\/#primaryimage\",\"url\":\"https:\/\/www.peter-electronic.com\/wp-content\/uploads\/2020\/01\/frequenzumrichter-3-phasen-frequenzumrichter-versidrive.png\",\"contentUrl\":\"https:\/\/www.peter-electronic.com\/wp-content\/uploads\/2020\/01\/frequenzumrichter-3-phasen-frequenzumrichter-versidrive.png\",\"width\":1280,\"height\":666},{\"@type\":\"BreadcrumbList\",\"@id\":\"https:\/\/www.peter-electronic.com\/lp_frequenzumrichter-versidrive-i-43-c2-e\/#breadcrumb\",\"itemListElement\":[{\"@type\":\"ListItem\",\"position\":1,\"name\":\"Startseite\",\"item\":\"https:\/\/www.peter-electronic.com\/\"},{\"@type\":\"ListItem\",\"position\":2,\"name\":\"NL_VersiDrive_iC2_2020_01\"}]},{\"@type\":\"WebSite\",\"@id\":\"https:\/\/www.peter-electronic.com\/#website\",\"url\":\"https:\/\/www.peter-electronic.com\/\",\"name\":\"Frequenzumrichter, Softstarter und Bremsger\u00e4te direkt vom Hersteller\",\"description\":\"\",\"alternateName\":\"Frequenzumrichter, Softstarter und Bremsger\u00e4te direkt vom Hersteller\",\"potentialAction\":[{\"@type\":\"SearchAction\",\"target\":{\"@type\":\"EntryPoint\",\"urlTemplate\":\"https:\/\/www.peter-electronic.com\/?s={search_term_string}\"},\"query-input\":{\"@type\":\"PropertyValueSpecification\",\"valueRequired\":true,\"valueName\":\"search_term_string\"}}],\"inLanguage\":\"de\"}]}<\/script>\n<!-- \/ Yoast SEO plugin. -->","yoast_head_json":{"title":"3 Phasen Frequenzumrichter: hohe Effizienz leistungsstarke Funktionen","description":"Die 3 Phasen Frequenzumrichter VersiDrive i C2 von Peter Electronic bieten die effizienteste L\u00f6sung f\u00fcr alle Arten von Antriebsanwendungen. Sie verf\u00fcgen \u00fcber hochgenaue Drehzahl-, Drehmoment- und Lageregelung","robots":{"index":"index","follow":"follow","max-snippet":"max-snippet:-1","max-image-preview":"max-image-preview:large","max-video-preview":"max-video-preview:-1"},"canonical":"https:\/\/www.peter-electronic.com\/lp_frequenzumrichter-versidrive-i-43-c2-e\/","schema":{"@context":"https:\/\/schema.org","@graph":[{"@type":"WebPage","@id":"https:\/\/www.peter-electronic.com\/lp_frequenzumrichter-versidrive-i-43-c2-e\/","url":"https:\/\/www.peter-electronic.com\/lp_frequenzumrichter-versidrive-i-43-c2-e\/","name":"3 Phasen Frequenzumrichter: hohe Effizienz leistungsstarke Funktionen","isPartOf":{"@id":"https:\/\/www.peter-electronic.com\/#website"},"primaryImageOfPage":{"@id":"https:\/\/www.peter-electronic.com\/lp_frequenzumrichter-versidrive-i-43-c2-e\/#primaryimage"},"image":{"@id":"https:\/\/www.peter-electronic.com\/lp_frequenzumrichter-versidrive-i-43-c2-e\/#primaryimage"},"thumbnailUrl":"https:\/\/www.peter-electronic.com\/wp-content\/uploads\/frequenzumrichter-3-phasen-frequenzumrichter-versidrive.png","datePublished":"2020-01-28T11:35:16+00:00","dateModified":"2020-01-28T11:35:16+00:00","description":"Die 3 Phasen Frequenzumrichter VersiDrive i C2 von Peter Electronic bieten die effizienteste L\u00f6sung f\u00fcr alle Arten von Antriebsanwendungen. Sie verf\u00fcgen \u00fcber hochgenaue Drehzahl-, Drehmoment- und Lageregelung","breadcrumb":{"@id":"https:\/\/www.peter-electronic.com\/lp_frequenzumrichter-versidrive-i-43-c2-e\/#breadcrumb"},"inLanguage":"de","potentialAction":[{"@type":"ReadAction","target":["https:\/\/www.peter-electronic.com\/lp_frequenzumrichter-versidrive-i-43-c2-e\/"]}]},{"@type":"ImageObject","inLanguage":"de","@id":"https:\/\/www.peter-electronic.com\/lp_frequenzumrichter-versidrive-i-43-c2-e\/#primaryimage","url":"https:\/\/www.peter-electronic.com\/wp-content\/uploads\/2020\/01\/frequenzumrichter-3-phasen-frequenzumrichter-versidrive.png","contentUrl":"https:\/\/www.peter-electronic.com\/wp-content\/uploads\/2020\/01\/frequenzumrichter-3-phasen-frequenzumrichter-versidrive.png","width":1280,"height":666},{"@type":"BreadcrumbList","@id":"https:\/\/www.peter-electronic.com\/lp_frequenzumrichter-versidrive-i-43-c2-e\/#breadcrumb","itemListElement":[{"@type":"ListItem","position":1,"name":"Startseite","item":"https:\/\/www.peter-electronic.com\/"},{"@type":"ListItem","position":2,"name":"NL_VersiDrive_iC2_2020_01"}]},{"@type":"WebSite","@id":"https:\/\/www.peter-electronic.com\/#website","url":"https:\/\/www.peter-electronic.com\/","name":"Frequenzumrichter, Softstarter und Bremsger\u00e4te direkt vom Hersteller","description":"","alternateName":"Frequenzumrichter, Softstarter und Bremsger\u00e4te direkt vom Hersteller","potentialAction":[{"@type":"SearchAction","target":{"@type":"EntryPoint","urlTemplate":"https:\/\/www.peter-electronic.com\/?s={search_term_string}"},"query-input":{"@type":"PropertyValueSpecification","valueRequired":true,"valueName":"search_term_string"}}],"inLanguage":"de"}]}},"_links":{"self":[{"href":"https:\/\/www.peter-electronic.com\/index.php?rest_route=\/wp\/v2\/pages\/4448","targetHints":{"allow":["GET"]}}],"collection":[{"href":"https:\/\/www.peter-electronic.com\/index.php?rest_route=\/wp\/v2\/pages"}],"about":[{"href":"https:\/\/www.peter-electronic.com\/index.php?rest_route=\/wp\/v2\/types\/page"}],"author":[{"embeddable":true,"href":"https:\/\/www.peter-electronic.com\/index.php?rest_route=\/wp\/v2\/users\/1"}],"replies":[{"embeddable":true,"href":"https:\/\/www.peter-electronic.com\/index.php?rest_route=%2Fwp%2Fv2%2Fcomments&post=4448"}],"version-history":[{"count":0,"href":"https:\/\/www.peter-electronic.com\/index.php?rest_route=\/wp\/v2\/pages\/4448\/revisions"}],"wp:attachment":[{"href":"https:\/\/www.peter-electronic.com\/index.php?rest_route=%2Fwp%2Fv2%2Fmedia&parent=4448"}],"curies":[{"name":"wp","href":"https:\/\/api.w.org\/{rel}","templated":true}]}}