{"id":429,"date":"2017-05-18T11:06:02","date_gmt":"2017-05-18T09:06:02","guid":{"rendered":"https:\/\/www.peter-electronic.com\/en\/?page_id=429"},"modified":"2023-02-28T09:19:10","modified_gmt":"2023-02-28T08:19:10","slug":"become-our-sales-partner","status":"publish","type":"page","link":"https:\/\/www.peter-electronic.com\/en\/become-our-sales-partner\/","title":{"rendered":"Become our sales partner"},"content":{"rendered":"\n<div class=\"wpcf7 no-js\" id=\"wpcf7-f1516-o1\" lang=\"de-DE\" dir=\"ltr\" data-wpcf7-id=\"1516\">\n<div class=\"screen-reader-response\"><p role=\"status\" aria-live=\"polite\" aria-atomic=\"true\"><\/p> <ul><\/ul><\/div>\n<form action=\"\/index.php?rest_route=%2Fwp%2Fv2%2Fpages%2F429#wpcf7-f1516-o1\" method=\"post\" class=\"wpcf7-form init\" aria-label=\"Kontaktformular\" novalidate=\"novalidate\" data-status=\"init\">\n<div style=\"display: none;\">\n<input type=\"hidden\" name=\"_wpcf7\" value=\"1516\" \/>\n<input type=\"hidden\" name=\"_wpcf7_version\" value=\"6.0\" \/>\n<input type=\"hidden\" name=\"_wpcf7_locale\" value=\"de_DE\" \/>\n<input type=\"hidden\" name=\"_wpcf7_unit_tag\" value=\"wpcf7-f1516-o1\" \/>\n<input type=\"hidden\" name=\"_wpcf7_container_post\" value=\"0\" \/>\n<input type=\"hidden\" name=\"_wpcf7_posted_data_hash\" value=\"\" \/>\n<\/div>\n<div class=\"inputs\">\n\t<div class=\"row\">\n\t<\/div>\n\t<div class=\"row\">\n\t\t<div class=\"col-half\">\n\t\t\t<p><span class=\"wpcf7-form-control-wrap\" data-name=\"anrede\"><select class=\"wpcf7-form-control wpcf7-select\" aria-invalid=\"false\" name=\"anrede\"><option value=\"Anrede\">Anrede<\/option><option value=\"Herr\">Herr<\/option><option value=\"Frau\">Frau<\/option><\/select><\/span>\n\t\t\t<\/p>\n\t\t<\/div>\n\t\t<div class=\"col-half\">\n\t\t<\/div>\n\t<\/div>\n\t<div class=\"row\">\n\t\t<div class=\"col-half\">\n\t\t\t<p><span class=\"wpcf7-form-control-wrap\" data-name=\"first-name\"><input size=\"40\" maxlength=\"400\" class=\"wpcf7-form-control wpcf7-text\" aria-invalid=\"false\" placeholder=\"Vorname\" value=\"\" type=\"text\" name=\"first-name\" \/><\/span>\n\t\t\t<\/p>\n\t\t<\/div>\n\t\t<div class=\"col-half\">\n\t\t\t<p><span class=\"wpcf7-form-control-wrap\" data-name=\"last-name\"><input size=\"40\" maxlength=\"400\" class=\"wpcf7-form-control wpcf7-text\" aria-invalid=\"false\" placeholder=\"Nachname\" value=\"\" type=\"text\" name=\"last-name\" \/><\/span>\n\t\t\t<\/p>\n\t\t<\/div>\n\t<\/div>\n\t<div class=\"row\">\n\t\t<div class=\"col-half\">\n\t\t\t<p><span class=\"wpcf7-form-control-wrap\" data-name=\"company\"><input size=\"40\" maxlength=\"400\" class=\"wpcf7-form-control wpcf7-text\" aria-invalid=\"false\" placeholder=\"Firma\" value=\"\" type=\"text\" name=\"company\" \/><\/span>\n\t\t\t<\/p>\n\t\t<\/div>\n\t\t<div class=\"col-half\">\n\t\t\t<p><span class=\"wpcf7-form-control-wrap\" data-name=\"strasse\"><input size=\"40\" maxlength=\"400\" class=\"wpcf7-form-control wpcf7-text\" aria-invalid=\"false\" placeholder=\"Stra\u00dfe\" value=\"\" type=\"text\" name=\"strasse\" \/><\/span>\n\t\t\t<\/p>\n\t\t<\/div>\n\t<\/div>\n\t<div class=\"row\">\n\t\t<div class=\"col-half\">\n\t\t\t<p><span class=\"wpcf7-form-control-wrap\" data-name=\"plz\"><input size=\"40\" maxlength=\"400\" class=\"wpcf7-form-control wpcf7-text\" aria-invalid=\"false\" placeholder=\"Postleitzahl\" value=\"\" type=\"text\" name=\"plz\" \/><\/span>\n\t\t\t<\/p>\n\t\t<\/div>\n\t\t<div class=\"col-half\">\n\t\t\t<p><span class=\"wpcf7-form-control-wrap\" data-name=\"ort\"><input size=\"40\" maxlength=\"400\" class=\"wpcf7-form-control wpcf7-text\" aria-invalid=\"false\" placeholder=\"Ort\" value=\"\" type=\"text\" name=\"ort\" \/><\/span>\n\t\t\t<\/p>\n\t\t<\/div>\n\t<\/div>\n\t<div class=\"row\">\n\t\t<div class=\"col-half\">\n\t\t\t<p><span class=\"wpcf7-form-control-wrap\" data-name=\"country\"><select class=\"wpcf7-form-control wpcf7-select wpcf7-validates-as-required\" aria-required=\"true\" aria-invalid=\"false\" name=\"country\"><option value=\"\">Land*<\/option><option value=\"Afghanistan\">Afghanistan<\/option><option value=\"Angola\">Angola<\/option><option value=\"Albanien\">Albanien<\/option><option value=\"Andorra\">Andorra<\/option><option value=\"Vereinigte Arabische Emirate\">Vereinigte Arabische Emirate<\/option><option value=\"Argentinien\">Argentinien<\/option><option value=\"Armenien\">Armenien<\/option><option value=\"Antigua und Barbuda\">Antigua und Barbuda<\/option><option value=\"Australien\">Australien<\/option><option value=\"\u00d6sterreich\">\u00d6sterreich<\/option><option value=\"Aserbaidschan\">Aserbaidschan<\/option><option value=\"Burundi\">Burundi<\/option><option value=\"Belgien\">Belgien<\/option><option value=\"Benin\">Benin<\/option><option value=\"Burkina Faso\">Burkina Faso<\/option><option value=\"Bangladesch\">Bangladesch<\/option><option value=\"Bulgarien\">Bulgarien<\/option><option value=\"Bahrain\">Bahrain<\/option><option value=\"Bahamas\">Bahamas<\/option><option value=\"Bosnien und Herzegowina\">Bosnien und Herzegowina<\/option><option value=\"Wei\u00dfrussland\">Wei\u00dfrussland<\/option><option value=\"Belize\">Belize<\/option><option value=\"Bolivien\">Bolivien<\/option><option value=\"Brasilien\">Brasilien<\/option><option value=\"Barbados\">Barbados<\/option><option value=\"Brunei\">Brunei<\/option><option value=\"Bhutan\">Bhutan<\/option><option value=\"Botswana\">Botswana<\/option><option value=\"Zentralafrikanische Republik\">Zentralafrikanische Republik<\/option><option value=\"Kanada\">Kanada<\/option><option value=\"Schweiz\">Schweiz<\/option><option value=\"Chile\">Chile<\/option><option value=\"China\">China<\/option><option value=\"Elfenbeink\u00fcste\">Elfenbeink\u00fcste<\/option><option value=\"Kamerun\">Kamerun<\/option><option value=\"Demokratische Republik Kongo\">Demokratische Republik Kongo<\/option><option value=\"Kongo\">Kongo<\/option><option value=\"Kolumbien\">Kolumbien<\/option><option value=\"Komoren\">Komoren<\/option><option value=\"Kap Verde\">Kap Verde<\/option><option value=\"Costa Rica\">Costa Rica<\/option><option value=\"Kuba\">Kuba<\/option><option value=\"Zypern\">Zypern<\/option><option value=\"Tschechien\">Tschechien<\/option><option value=\"Deutschland\">Deutschland<\/option><option value=\"Dschibuti\">Dschibuti<\/option><option value=\"Dominica\">Dominica<\/option><option value=\"D\u00e4nemark\">D\u00e4nemark<\/option><option value=\"Dominikanische Republik\">Dominikanische Republik<\/option><option value=\"Algerien\">Algerien<\/option><option value=\"Ecuador\">Ecuador<\/option><option value=\"\u00c4gypten\">\u00c4gypten<\/option><option value=\"Eritrea\">Eritrea<\/option><option value=\"Spanien\">Spanien<\/option><option value=\"Estland\">Estland<\/option><option value=\"\u00c4thiopien\">\u00c4thiopien<\/option><option value=\"Finnland\">Finnland<\/option><option value=\"Fidschi\">Fidschi<\/option><option value=\"Frankreich\">Frankreich<\/option><option value=\"Mikronesien, F\u00f6derierte Staaten von\">Mikronesien, F\u00f6derierte Staaten von<\/option><option value=\"Gabun\">Gabun<\/option><option value=\"Vereinigtes K\u00f6nigreich von Gro\u00dfbritannien und Nordirland\">Vereinigtes K\u00f6nigreich von Gro\u00dfbritannien und Nordirland<\/option><option value=\"Georgien\">Georgien<\/option><option value=\"Ghana\">Ghana<\/option><option value=\"Guinea\">Guinea<\/option><option value=\"Gambia\">Gambia<\/option><option value=\"Guinea-Bissau\">Guinea-Bissau<\/option><option value=\"\u00c4quatorialguinea\">\u00c4quatorialguinea<\/option><option value=\"Griechenland\">Griechenland<\/option><option value=\"Grenada\">Grenada<\/option><option value=\"Guatemala\">Guatemala<\/option><option value=\"Guyana\">Guyana<\/option><option value=\"Honduras\">Honduras<\/option><option value=\"Kroatien\">Kroatien<\/option><option value=\"Haiti\">Haiti<\/option><option value=\"Ungarn\">Ungarn<\/option><option value=\"Indonesien\">Indonesien<\/option><option value=\"Indien\">Indien<\/option><option value=\"Irland\">Irland<\/option><option value=\"Iran\">Iran<\/option><option value=\"Irak\">Irak<\/option><option value=\"Island\">Island<\/option><option value=\"Israel\">Israel<\/option><option value=\"Italien\">Italien<\/option><option value=\"Jamaika\">Jamaika<\/option><option value=\"Jordanien\">Jordanien<\/option><option value=\"Japan\">Japan<\/option><option value=\"Kasachstan\">Kasachstan<\/option><option value=\"Kenia\">Kenia<\/option><option value=\"Kirgisistan\">Kirgisistan<\/option><option value=\"Kambodscha\">Kambodscha<\/option><option value=\"Kiribati\">Kiribati<\/option><option value=\"St. Kitts und Nevis\">St. Kitts und Nevis<\/option><option value=\"S\u00fcdkorea\">S\u00fcdkorea<\/option><option value=\"Kuwait\">Kuwait<\/option><option value=\"Laos\">Laos<\/option><option value=\"Libanon\">Libanon<\/option><option value=\"Liberia\">Liberia<\/option><option value=\"Libyen\">Libyen<\/option><option value=\"St. Lucia\">St. Lucia<\/option><option value=\"Liechtenstein\">Liechtenstein<\/option><option value=\"Sri Lanka\">Sri Lanka<\/option><option value=\"Lesotho\">Lesotho<\/option><option value=\"Litauen\">Litauen<\/option><option value=\"Luxemburg\">Luxemburg<\/option><option value=\"Lettland\">Lettland<\/option><option value=\"Marokko\">Marokko<\/option><option value=\"Monaco\">Monaco<\/option><option value=\"Moldawien\">Moldawien<\/option><option value=\"Madagaskar\">Madagaskar<\/option><option value=\"Malediven\">Malediven<\/option><option value=\"Mexiko\">Mexiko<\/option><option value=\"Marshallinseln\">Marshallinseln<\/option><option value=\"Nordmazedonien\">Nordmazedonien<\/option><option value=\"Mali\">Mali<\/option><option value=\"Malta\">Malta<\/option><option value=\"Myanmar\">Myanmar<\/option><option value=\"Montenegro\">Montenegro<\/option><option value=\"Mongolei\">Mongolei<\/option><option value=\"Mosambik\">Mosambik<\/option><option value=\"Mauretanien\">Mauretanien<\/option><option value=\"Mauritius\">Mauritius<\/option><option value=\"Malawi\">Malawi<\/option><option value=\"Malaysia\">Malaysia<\/option><option value=\"Namibia\">Namibia<\/option><option value=\"Niger\">Niger<\/option><option value=\"Nigeria\">Nigeria<\/option><option value=\"Nicaragua\">Nicaragua<\/option><option value=\"K\u00f6nigreich der Niederlande\">K\u00f6nigreich der Niederlande<\/option><option value=\"Norwegen\">Norwegen<\/option><option value=\"Nepal\">Nepal<\/option><option value=\"Nauru\">Nauru<\/option><option value=\"Neuseeland\">Neuseeland<\/option><option value=\"Oman\">Oman<\/option><option value=\"Pakistan\">Pakistan<\/option><option value=\"Panama\">Panama<\/option><option value=\"Peru\">Peru<\/option><option value=\"Philippinen\">Philippinen<\/option><option value=\"Palau\">Palau<\/option><option value=\"Papua-Neuguinea\">Papua-Neuguinea<\/option><option value=\"Polen\">Polen<\/option><option value=\"Nordkorea\">Nordkorea<\/option><option value=\"Portugal\">Portugal<\/option><option value=\"Paraguay\">Paraguay<\/option><option value=\"Katar\">Katar<\/option><option value=\"Rum\u00e4nien\">Rum\u00e4nien<\/option><option value=\"Russland\">Russland<\/option><option value=\"Ruanda\">Ruanda<\/option><option value=\"Saudi-Arabien\">Saudi-Arabien<\/option><option value=\"Sudan\">Sudan<\/option><option value=\"Senegal\">Senegal<\/option><option value=\"Singapur\">Singapur<\/option><option value=\"Salomonen\">Salomonen<\/option><option value=\"Sierra Leone\">Sierra Leone<\/option><option value=\"El Salvador\">El Salvador<\/option><option value=\"San Marino\">San Marino<\/option><option value=\"Somalia\">Somalia<\/option><option value=\"Serbien\">Serbien<\/option><option value=\"S\u00fcdsudan\">S\u00fcdsudan<\/option><option value=\"S\u00e3o Tom\u00e9 und Pr\u00edncipe\">S\u00e3o Tom\u00e9 und Pr\u00edncipe<\/option><option value=\"Suriname\">Suriname<\/option><option value=\"Slowakei\">Slowakei<\/option><option value=\"Slowenien\">Slowenien<\/option><option value=\"Schweden\">Schweden<\/option><option value=\"Eswatini\">Eswatini<\/option><option value=\"Seychellen\">Seychellen<\/option><option value=\"Syrien\">Syrien<\/option><option value=\"Tschad\">Tschad<\/option><option value=\"Togo\">Togo<\/option><option value=\"Thailand\">Thailand<\/option><option value=\"Tadschikistan\">Tadschikistan<\/option><option value=\"Turkmenistan\">Turkmenistan<\/option><option value=\"Osttimor\">Osttimor<\/option><option value=\"Tonga\">Tonga<\/option><option value=\"Trinidad und Tobago\">Trinidad und Tobago<\/option><option value=\"Tunesien\">Tunesien<\/option><option value=\"T\u00fcrkei\">T\u00fcrkei<\/option><option value=\"Tuvalu\">Tuvalu<\/option><option value=\"Tansania\">Tansania<\/option><option value=\"Uganda\">Uganda<\/option><option value=\"Ukraine\">Ukraine<\/option><option value=\"Uruguay\">Uruguay<\/option><option value=\"Vereinigte Staaten von Amerika\">Vereinigte Staaten von Amerika<\/option><option value=\"Usbekistan\">Usbekistan<\/option><option value=\"St. Vincent und die Grenadinen\">St. Vincent und die Grenadinen<\/option><option value=\"Venezuela\">Venezuela<\/option><option value=\"Vietnam\">Vietnam<\/option><option value=\"Vanuatu\">Vanuatu<\/option><option value=\"Samoa\">Samoa<\/option><option value=\"Jemen\">Jemen<\/option><option value=\"S\u00fcdafrika\">S\u00fcdafrika<\/option><option value=\"Sambia\">Sambia<\/option><option value=\"Simbabwe\">Simbabwe<\/option><\/select><\/span>\n\t\t\t<\/p>\n\t\t<\/div>\n\t\t<div class=\"col-half\">\n\t\t\t<p><span class=\"wpcf7-form-control-wrap\" data-name=\"phone\"><input size=\"40\" maxlength=\"400\" class=\"wpcf7-form-control wpcf7-tel wpcf7-text wpcf7-validates-as-tel\" aria-invalid=\"false\" placeholder=\"Telefon\" value=\"\" type=\"tel\" name=\"phone\" \/><\/span>\n\t\t\t<\/p>\n\t\t<\/div>\n\t<\/div>\n\t<div class=\"row\">\n\t\t<div class=\"col-half\">\n\t\t\t<p><span class=\"wpcf7-form-control-wrap\" data-name=\"e-mail\"><input size=\"40\" maxlength=\"400\" class=\"wpcf7-form-control wpcf7-email wpcf7-validates-as-required wpcf7-text wpcf7-validates-as-email\" aria-required=\"true\" aria-invalid=\"false\" placeholder=\"E-Mail\" value=\"\" type=\"email\" name=\"e-mail\" \/><\/span>\n\t\t\t<\/p>\n\t\t<\/div>\n\t\t<div class=\"col-half\">\n\t\t<\/div>\n\t<\/div>\n\t<div class=\"row\">\n\t\t<div class=\"col-full\">\n\t\t\t<p><span class=\"wpcf7-form-control-wrap\" data-name=\"nachricht\"><textarea cols=\"40\" rows=\"10\" maxlength=\"2000\" class=\"wpcf7-form-control wpcf7-textarea\" aria-invalid=\"false\" placeholder=\"Ihre Nachricht\" name=\"nachricht\"><\/textarea><\/span>\n\t\t\t<\/p>\n\t\t<\/div>\n\t<\/div>\n\t<div class=\"col-full text-right\">\n\t\t<div style=\"height: 78px; overflow: hidden; margin-bottom: 20px;\">\n<!-- [recaptcha] \/\/-->\n\t\t<\/div>\n\t<\/div>\n\t<div class=\"row\">\n\t\t<div class=\"col-full\">\n\t\t\t<p>*Ihre Anfrage wird mit Ihren personenbezogenen Daten an einen Handelsvertreter in Ihrem Land weitergeleitet, falls vorhanden.\n\t\t\t<\/p>\n\t\t<\/div>\n\t<\/div>\n\t<div class=\"row\">\n\t\t<div class=\"col-half\">\n\t\t<\/div>\n\t\t<div class=\"col-full text-right submit\">\n\t\t\t<p><span id=\"wpcf7-69d0f0d152200-wrapper\" class=\"wpcf7-form-control-wrap e-mail-require-wrap\" style=\"display:none !important; visibility:hidden !important;\"><label for=\"wpcf7-69d0f0d152200-field\" class=\"hp-message\">Bitte lasse dieses Feld leer.<\/label><input id=\"wpcf7-69d0f0d152200-field\"  class=\"wpcf7-form-control wpcf7-text\" type=\"text\" name=\"e-mail-require\" value=\"\" size=\"40\" tabindex=\"-1\" autocomplete=\"new-password\" \/><\/span><br \/>\n<input class=\"wpcf7-form-control wpcf7-submit has-spinner\" type=\"submit\" value=\"Absenden\" \/>\n\t\t\t<\/p>\n\t\t<\/div>\n\t<\/div>\n<\/div>\n<div class=\"success\">\n\t<p>Vielen Dank f\u00fcr Ihre Anfrage. Wir werden uns umgehend darum k\u00fcmmern und uns bei Ihnen melden.\n\t<\/p>\n\t<p><a href=\"https:\/\/www.peter-electronic.com\" class=\"button\">Startseite<\/a>\n\t<\/p>\n<\/div><div class=\"wpcf7-response-output\" aria-hidden=\"true\"><\/div>\n<\/form>\n<\/div>\n\n","protected":false},"excerpt":{"rendered":"","protected":false},"author":1,"featured_media":0,"parent":0,"menu_order":0,"comment_status":"closed","ping_status":"closed","template":"","meta":{"_acf_changed":false,"footnotes":""},"class_list":["post-429","page","type-page","status-publish","hentry"],"acf":[],"yoast_head":"<!-- This site is optimized with the Yoast SEO plugin v23.9 - https:\/\/yoast.com\/wordpress\/plugins\/seo\/ -->\n<title>Become our sales partner - Frequenzumrichter, Softstarter und Bremsger\u00e4te direkt vom Hersteller<\/title>\n<meta name=\"robots\" content=\"index, follow, max-snippet:-1, max-image-preview:large, max-video-preview:-1\" \/>\n<link rel=\"canonical\" href=\"https:\/\/www.peter-electronic.com\/become-our-sales-partner\/\" \/>\n<script type=\"application\/ld+json\" class=\"yoast-schema-graph\">{\"@context\":\"https:\/\/schema.org\",\"@graph\":[{\"@type\":\"WebPage\",\"@id\":\"https:\/\/www.peter-electronic.com\/en\/become-our-sales-partner\/\",\"url\":\"https:\/\/www.peter-electronic.com\/en\/become-our-sales-partner\/\",\"name\":\"Become our sales partner - Frequenzumrichter, Softstarter und Bremsger\u00e4te direkt vom Hersteller\",\"isPartOf\":{\"@id\":\"https:\/\/www.peter-electronic.com\/#website\"},\"datePublished\":\"2017-05-18T09:06:02+00:00\",\"dateModified\":\"2023-02-28T08:19:10+00:00\",\"breadcrumb\":{\"@id\":\"https:\/\/www.peter-electronic.com\/en\/become-our-sales-partner\/#breadcrumb\"},\"inLanguage\":\"de\",\"potentialAction\":[{\"@type\":\"ReadAction\",\"target\":[\"https:\/\/www.peter-electronic.com\/en\/become-our-sales-partner\/\"]}]},{\"@type\":\"BreadcrumbList\",\"@id\":\"https:\/\/www.peter-electronic.com\/en\/become-our-sales-partner\/#breadcrumb\",\"itemListElement\":[{\"@type\":\"ListItem\",\"position\":1,\"name\":\"Startseite\",\"item\":\"https:\/\/www.peter-electronic.com\/\"},{\"@type\":\"ListItem\",\"position\":2,\"name\":\"Become our sales partner\"}]},{\"@type\":\"WebSite\",\"@id\":\"https:\/\/www.peter-electronic.com\/#website\",\"url\":\"https:\/\/www.peter-electronic.com\/\",\"name\":\"Frequenzumrichter, Softstarter und Bremsger\u00e4te direkt vom Hersteller\",\"description\":\"\",\"alternateName\":\"Frequenzumrichter, Softstarter und Bremsger\u00e4te direkt vom Hersteller\",\"potentialAction\":[{\"@type\":\"SearchAction\",\"target\":{\"@type\":\"EntryPoint\",\"urlTemplate\":\"https:\/\/www.peter-electronic.com\/?s={search_term_string}\"},\"query-input\":{\"@type\":\"PropertyValueSpecification\",\"valueRequired\":true,\"valueName\":\"search_term_string\"}}],\"inLanguage\":\"de\"}]}<\/script>\n<!-- \/ Yoast SEO plugin. -->","yoast_head_json":{"title":"Become our sales partner - Frequenzumrichter, Softstarter und Bremsger\u00e4te direkt vom Hersteller","robots":{"index":"index","follow":"follow","max-snippet":"max-snippet:-1","max-image-preview":"max-image-preview:large","max-video-preview":"max-video-preview:-1"},"canonical":"https:\/\/www.peter-electronic.com\/become-our-sales-partner\/","schema":{"@context":"https:\/\/schema.org","@graph":[{"@type":"WebPage","@id":"https:\/\/www.peter-electronic.com\/en\/become-our-sales-partner\/","url":"https:\/\/www.peter-electronic.com\/en\/become-our-sales-partner\/","name":"Become our sales partner - Frequenzumrichter, Softstarter und Bremsger\u00e4te direkt vom Hersteller","isPartOf":{"@id":"https:\/\/www.peter-electronic.com\/#website"},"datePublished":"2017-05-18T09:06:02+00:00","dateModified":"2023-02-28T08:19:10+00:00","breadcrumb":{"@id":"https:\/\/www.peter-electronic.com\/en\/become-our-sales-partner\/#breadcrumb"},"inLanguage":"de","potentialAction":[{"@type":"ReadAction","target":["https:\/\/www.peter-electronic.com\/en\/become-our-sales-partner\/"]}]},{"@type":"BreadcrumbList","@id":"https:\/\/www.peter-electronic.com\/en\/become-our-sales-partner\/#breadcrumb","itemListElement":[{"@type":"ListItem","position":1,"name":"Startseite","item":"https:\/\/www.peter-electronic.com\/"},{"@type":"ListItem","position":2,"name":"Become our sales partner"}]},{"@type":"WebSite","@id":"https:\/\/www.peter-electronic.com\/#website","url":"https:\/\/www.peter-electronic.com\/","name":"Frequenzumrichter, Softstarter und Bremsger\u00e4te direkt vom Hersteller","description":"","alternateName":"Frequenzumrichter, Softstarter und Bremsger\u00e4te direkt vom Hersteller","potentialAction":[{"@type":"SearchAction","target":{"@type":"EntryPoint","urlTemplate":"https:\/\/www.peter-electronic.com\/?s={search_term_string}"},"query-input":{"@type":"PropertyValueSpecification","valueRequired":true,"valueName":"search_term_string"}}],"inLanguage":"de"}]}},"_links":{"self":[{"href":"https:\/\/www.peter-electronic.com\/index.php?rest_route=\/wp\/v2\/pages\/429","targetHints":{"allow":["GET"]}}],"collection":[{"href":"https:\/\/www.peter-electronic.com\/index.php?rest_route=\/wp\/v2\/pages"}],"about":[{"href":"https:\/\/www.peter-electronic.com\/index.php?rest_route=\/wp\/v2\/types\/page"}],"author":[{"embeddable":true,"href":"https:\/\/www.peter-electronic.com\/index.php?rest_route=\/wp\/v2\/users\/1"}],"replies":[{"embeddable":true,"href":"https:\/\/www.peter-electronic.com\/index.php?rest_route=%2Fwp%2Fv2%2Fcomments&post=429"}],"version-history":[{"count":1,"href":"https:\/\/www.peter-electronic.com\/index.php?rest_route=\/wp\/v2\/pages\/429\/revisions"}],"predecessor-version":[{"id":10051,"href":"https:\/\/www.peter-electronic.com\/index.php?rest_route=\/wp\/v2\/pages\/429\/revisions\/10051"}],"wp:attachment":[{"href":"https:\/\/www.peter-electronic.com\/index.php?rest_route=%2Fwp%2Fv2%2Fmedia&parent=429"}],"curies":[{"name":"wp","href":"https:\/\/api.w.org\/{rel}","templated":true}]}}