{"id":4216,"date":"2019-07-04T11:44:12","date_gmt":"2019-07-04T09:44:12","guid":{"rendered":"https:\/\/www.peter-electronic.com\/de\/?page_id=4216"},"modified":"2019-07-04T11:44:12","modified_gmt":"2019-07-04T09:44:12","slug":"softstarter-gleichstrombremse-versicombsafe-tuev","status":"publish","type":"page","link":"https:\/\/www.peter-electronic.com\/softstarter-gleichstrombremse-versicombsafe-tuev\/","title":{"rendered":"NL_VersiComb_II_Safe_Tuev_Landingpage_2019_07"},"content":{"rendered":"<div class=\"featured-image\"><img loading=\"lazy\" decoding=\"async\" class=\"alignnone wp-image-4229 size-full\" src=\"https:\/\/www.peter-electronic.com\/wp-content\/uploads\/softstarter_gleichstrombremse_t\u00fcv_versicomb.png\" width=\"1280\" height=\"666\" \/ alt=\"NL_VersiComb_II_Safe_Tuev_Landingpage_2019_07\"><\/div>\n<h1>T\u00dcV Zertifizierung f\u00fcr VersiComb II Safe [5,5 - 30kW] Ger\u00e4teserie: Sicherheitsfunktionen erf\u00fcllen Anforderungen zu 100%<\/h1>\n<p>T\u00dcV Rheinland hat die VersiComb II Safe Ger\u00e4teserie getestet und zertifiziert: Die Sicherheitsfunktionen der leistungsstarken Sanftanlauf-Bremskombination mit thermischem \u00dcberlastschutz entsprechen den hohen Anforderungen an sicherheitstechnische Funktionen in der Maschinenindustrie nach ISO 13849-1:2015. Getestet wurden die Verhinderung eines unbeabsichtigten und st\u00f6rungsbedingten Anlaufens, das \u00fcberwachte und gesteuerte Stillsetzen, die Ansteuerung der T\u00fcrverriegelung und die externe Stillstands\u00fcberwachung.<\/p>\n<p>Die Sicherheitsfunktionen des Motorstart- \/ Bremssystems VersiComb II Safe entsprechen den Anforderungen der einschl\u00e4gigen Normen (Kat. 2 \/ PL c nach EN ISO 13849-1,<br \/>\nSIL CL 1 nach EN 62061 \/ IEC 61508). VersiComb II Safe kann in Anwendungen bis PL c und SIL 1 eingesetzt werden. Die Anwendung weiterer Schutzma\u00dfnahmen, z. B. Schutzt\u00fcre in Kombination mit den Stillstandsausgangskontakten (X1: 43, X1: 44) ist zwingend erforderlich. Die Verwendung eines Motorsch\u00fctzes ist empfohlen, aber nicht zwingend erforderlich.<\/p>\n<p>Besondere Anforderungen entsprechend den Montage- und Inbetriebnahmeanleitungen sind zu beachten.<\/p>\n<p>Es wird best\u00e4tigt, dass das VersiComb II Safe den Anforderungen f\u00fcr Maschinen gem\u00e4\u00df Anhang I der EG-Richtlinie entspricht 2006\/42\/EG.<\/p>\n<p>VersiComb II Safe verbindet in einem kompakten Geh\u00e4use ein Sanftanlaufger\u00e4t mit einer Motorbremse f\u00fcr Drehstrom Asynchronmotoren von 5 bis 30 KW. F\u00fcr erh\u00f6hte Sicherheit sorgt der integrierte thermische \u00dcberlastschutz f\u00fcr den Motor, der werkseitig zur Motortemperatur\u00fcberwachung aktiviert ist.<br \/>\nZum Einsatz kommt die h\u00f6chst wirkungsvolle Kombination an s\u00e4mtlichen Bearbeitungsanlagen, insbesondere an Holzbearbeitungsmaschinen wie S\u00e4gen, Fr\u00e4sen, Hobel, B\u00fcrsten und Schleifmaschinen \u2013 aber auch R\u00fcttler, L\u00fcfter, Siebmaschinen und Zentrifugen.<\/p>\n<h2>Doppelfunktion mit Mehrfachnutzen: Sanftanlauf mit elektronischer Gleichstrombremse<\/h2>\n<p>Die Sanftanlauf-Bremskombination VersiComb II Safe erm\u00f6glicht mit nur einem kosteng\u00fcnstigen Ger\u00e4t das kontrollierte, sanfte Starten sowie das sichere, verschlei\u00dffreie Abbremsen von Drehstrommotoren der Wirkungsklassen IE1 bis IE3.<br \/>\nNeben optimalen Anlauf- und Abbrems-Eigenschaften ist VersiComb II Safe mit intelligenten \u00dcberwachungs- und Steuerungsfunktionen ausgestattet, die nicht nur den Softstart und den Bremsvorgang automatisch optimieren sondern auch die maximale Schonung der Mechanik und Antriebskomponenten garantieren. OEM-Hersteller k\u00f6nnen mit VersiComb II Safe ihre Maschinen zu niedrigen Zusatzkosten optimieren und Kunden dadurch einen maximalen (Investitions-) Schutz ihrer Ger\u00e4te bieten. Die Sanftanlauf-Bremskombination l\u00e4sst sich einfach und platzsparend im Schaltschrank integrieren.<\/p>\n<h2>Hohe Sicherheit in allen Betriebssituationen<\/h2>\n<p>Durch die hohe Tr\u00e4gheitsmasse laufen viele Maschinen beim Ausschalten entsprechend lange nach. Ein unkontrolliertes Nachlaufen zum Beispiel des S\u00e4geblatts kann jedoch f\u00fcr Mensch und Maschine gef\u00e4hrlich sein. Daher sind unter anderem f\u00fcr Holzverarbeitungsmaschinen die Mindestanforderungen an die maximal zul\u00e4ssige Bremszeit durch die Berufsgenossenschaften geregelt.<br \/>\nVersiComb II Safe werden bei Antrieben eingesetzt, die zur Schonung der Komponenten ein sanftes Einschaltmoment erfordern und aus Sicherheits- und Funktionsgr\u00fcnden zuverl\u00e4ssig abgebremst werden m\u00fcssen. F\u00fcr den Einsatz in Holzverarbeitungsmaschinen erf\u00fcllen sie daher die Vorgaben nach DIN EN 12750:2013. Je nach Maschine k\u00f6nnen dabei die Abbremszeiten auf ein Minimum reduziert und gleichzeitig die Motoren geschont werden. Weitere Vorteile gegen\u00fcber Direkteinschaltung oder Stern- Dreieckanlauf sind unter anderen ein sto\u00dffreier Drehmomentanstieg sowie eine Stromreduzierung in der Startphase. Sowohl im Start- als auch Bremsvorgang wird der Motor exakt gesteuert \u2013 bis zum Erreichen der gew\u00fcnschten Nenndrehzahl beim Start und kontrollierten Motorstillstand beim Ausschalten.<\/p>\n<h2>Intelligente Steuerung &amp; Optimierung<\/h2>\n<p>Dank serieller CAN-Schnittstellen mit CAN-Open Protokoll lassen sich die VersiComb II Safe Ger\u00e4te m\u00fchelos in bestehende Maschinen integrieren. Zudem erm\u00f6glicht die Schnittstelle das Auslesen von Ger\u00e4teparametern und Meldungen, die mit einer \u00fcbergeordneten Steuerung ausgetauscht werden k\u00f6nnen. Auch die Parameter zum Anlauf mit Spannungsrampe f\u00fcr das ideale Startverhalten sind \u00fcber CAN-Bus individuell einstellbar. Ebenso ist es m\u00f6glich, den werkseitig eingestellten Start mit Stromgrenze und Boost kundenspezifisch festzulegen. Dank intelligenter On-Bord-Funktionen kontrolliert VersiComb II Safe elektrische Daten des angeschlossenen Motors und stimmt darauf die optimale Anlauf- und Bremszeit ab.<\/p>\n<p>Fordern Sie <a href=\"https:\/\/www.peter-electronic.com\/kontaktformular\/\">hier<\/a> ein unverbindliches Angebot an, um mit VersiComb II Safe von PETER electronic zu vergleichsweise niedrigen Investitionskosten ihr Maschinenportfolio zu optimieren. Ihren Kunden bieten Sie damit ein Plus an Motoschutz- und -Leistung sowie einen verbesserten Investitionsschutz.<\/p>\n<h3>Weitere Eigenschaften:<\/h3>\n<ul>\n<li>Kombination Sanftanlaufger\u00e4t mit Motorbremse<\/li>\n<li>F\u00fcr Drehstrom Asynchronmotoren von 5 bis 30 KW<\/li>\n<li>Microcontroller gesteuert<\/li>\n<li>Zweiphasengesteuertes Sanftanlaufger\u00e4t<\/li>\n<li>Integrierte \u00dcberbr\u00fcckungsrelais<\/li>\n<li>Reduzierung der Anlaufstromspitzen<\/li>\n<li>Gleichstrombremsung durch eine gesteuerte Thyristorbr\u00fccke<\/li>\n<li>Integriertes Bremssch\u00fctz<\/li>\n<li>Integrierte Stillstandserkennung<\/li>\n<li>Schutzart IP 20<\/li>\n<li>CAN-Schnittstellen<\/li>\n<li>Unterst\u00fctzung der Energieeffizienzklassen IE1, IE2 und IE3<\/li>\n<li>Einsatzbereiche: Holzverarbeitungsmaschinen, R\u00fcttler, Zentrifugen\u2026<\/li>\n<\/ul>\n<p style=\"margin-top: 1.5em\">Eine Gesamt\u00fcbersicht der wichtigsten Produktmerkmale finden Sie auf unserem Datenblatt.<\/p>\n<h3>Downloads:<\/h3>\n","protected":false},"excerpt":{"rendered":"<p>T\u00dcV Zertifizierung f\u00fcr VersiComb II Safe [5,5 &#8211; 30kW] Ger\u00e4teserie: Sicherheitsfunktionen erf\u00fcllen Anforderungen zu 100% T\u00dcV Rheinland hat die VersiComb II Safe Ger\u00e4teserie getestet und zertifiziert: Die Sicherheitsfunktionen der leistungsstarken Sanftanlauf-Bremskombination mit thermischem \u00dcberlastschutz entsprechen den hohen Anforderungen an sicherheitstechnische Funktionen in der Maschinenindustrie nach ISO 13849-1:2015. Getestet wurden die Verhinderung eines unbeabsichtigten und st\u00f6rungsbedingten [&hellip;]<\/p>\n","protected":false},"author":1,"featured_media":0,"parent":0,"menu_order":0,"comment_status":"closed","ping_status":"closed","template":"","meta":{"_acf_changed":false,"footnotes":""},"class_list":["post-4216","page","type-page","status-publish","hentry"],"acf":[],"yoast_head":"<!-- This site is optimized with the Yoast SEO plugin v23.9 - https:\/\/yoast.com\/wordpress\/plugins\/seo\/ -->\n<title>Softstarter &amp; Gleichstrombremse VersiComb II Safe mit T\u00dcV Zertifizierung<\/title>\n<meta name=\"description\" content=\"Sicherheitsfunktionen entsprechen ISO 13849-1:2015: T\u00dcV Zertifizierung f\u00fcr Softstarter &amp; Gleichstrombremse VersiComb II Safe.\" \/>\n<meta name=\"robots\" content=\"index, follow, max-snippet:-1, max-image-preview:large, max-video-preview:-1\" \/>\n<link rel=\"canonical\" href=\"https:\/\/www.peter-electronic.com\/softstarter-gleichstrombremse-versicombsafe-tuev\/\" \/>\n<script type=\"application\/ld+json\" class=\"yoast-schema-graph\">{\"@context\":\"https:\/\/schema.org\",\"@graph\":[{\"@type\":\"WebPage\",\"@id\":\"https:\/\/www.peter-electronic.com\/softstarter-gleichstrombremse-versicombsafe-tuev\/\",\"url\":\"https:\/\/www.peter-electronic.com\/softstarter-gleichstrombremse-versicombsafe-tuev\/\",\"name\":\"Softstarter & Gleichstrombremse VersiComb II Safe mit T\u00dcV Zertifizierung\",\"isPartOf\":{\"@id\":\"https:\/\/www.peter-electronic.com\/#website\"},\"datePublished\":\"2019-07-04T09:44:12+00:00\",\"dateModified\":\"2019-07-04T09:44:12+00:00\",\"description\":\"Sicherheitsfunktionen entsprechen ISO 13849-1:2015: T\u00dcV Zertifizierung f\u00fcr Softstarter & Gleichstrombremse VersiComb II Safe.\",\"breadcrumb\":{\"@id\":\"https:\/\/www.peter-electronic.com\/softstarter-gleichstrombremse-versicombsafe-tuev\/#breadcrumb\"},\"inLanguage\":\"de\",\"potentialAction\":[{\"@type\":\"ReadAction\",\"target\":[\"https:\/\/www.peter-electronic.com\/softstarter-gleichstrombremse-versicombsafe-tuev\/\"]}]},{\"@type\":\"BreadcrumbList\",\"@id\":\"https:\/\/www.peter-electronic.com\/softstarter-gleichstrombremse-versicombsafe-tuev\/#breadcrumb\",\"itemListElement\":[{\"@type\":\"ListItem\",\"position\":1,\"name\":\"Startseite\",\"item\":\"https:\/\/www.peter-electronic.com\/\"},{\"@type\":\"ListItem\",\"position\":2,\"name\":\"NL_VersiComb_II_Safe_Tuev_Landingpage_2019_07\"}]},{\"@type\":\"WebSite\",\"@id\":\"https:\/\/www.peter-electronic.com\/#website\",\"url\":\"https:\/\/www.peter-electronic.com\/\",\"name\":\"Frequenzumrichter, Softstarter und Bremsger\u00e4te direkt vom Hersteller\",\"description\":\"\",\"alternateName\":\"Frequenzumrichter, Softstarter und Bremsger\u00e4te direkt vom Hersteller\",\"potentialAction\":[{\"@type\":\"SearchAction\",\"target\":{\"@type\":\"EntryPoint\",\"urlTemplate\":\"https:\/\/www.peter-electronic.com\/?s={search_term_string}\"},\"query-input\":{\"@type\":\"PropertyValueSpecification\",\"valueRequired\":true,\"valueName\":\"search_term_string\"}}],\"inLanguage\":\"de\"}]}<\/script>\n<!-- \/ Yoast SEO plugin. -->","yoast_head_json":{"title":"Softstarter & Gleichstrombremse VersiComb II Safe mit T\u00dcV Zertifizierung","description":"Sicherheitsfunktionen entsprechen ISO 13849-1:2015: T\u00dcV Zertifizierung f\u00fcr Softstarter & Gleichstrombremse VersiComb II Safe.","robots":{"index":"index","follow":"follow","max-snippet":"max-snippet:-1","max-image-preview":"max-image-preview:large","max-video-preview":"max-video-preview:-1"},"canonical":"https:\/\/www.peter-electronic.com\/softstarter-gleichstrombremse-versicombsafe-tuev\/","schema":{"@context":"https:\/\/schema.org","@graph":[{"@type":"WebPage","@id":"https:\/\/www.peter-electronic.com\/softstarter-gleichstrombremse-versicombsafe-tuev\/","url":"https:\/\/www.peter-electronic.com\/softstarter-gleichstrombremse-versicombsafe-tuev\/","name":"Softstarter & Gleichstrombremse VersiComb II Safe mit T\u00dcV Zertifizierung","isPartOf":{"@id":"https:\/\/www.peter-electronic.com\/#website"},"datePublished":"2019-07-04T09:44:12+00:00","dateModified":"2019-07-04T09:44:12+00:00","description":"Sicherheitsfunktionen entsprechen ISO 13849-1:2015: T\u00dcV Zertifizierung f\u00fcr Softstarter & Gleichstrombremse VersiComb II Safe.","breadcrumb":{"@id":"https:\/\/www.peter-electronic.com\/softstarter-gleichstrombremse-versicombsafe-tuev\/#breadcrumb"},"inLanguage":"de","potentialAction":[{"@type":"ReadAction","target":["https:\/\/www.peter-electronic.com\/softstarter-gleichstrombremse-versicombsafe-tuev\/"]}]},{"@type":"BreadcrumbList","@id":"https:\/\/www.peter-electronic.com\/softstarter-gleichstrombremse-versicombsafe-tuev\/#breadcrumb","itemListElement":[{"@type":"ListItem","position":1,"name":"Startseite","item":"https:\/\/www.peter-electronic.com\/"},{"@type":"ListItem","position":2,"name":"NL_VersiComb_II_Safe_Tuev_Landingpage_2019_07"}]},{"@type":"WebSite","@id":"https:\/\/www.peter-electronic.com\/#website","url":"https:\/\/www.peter-electronic.com\/","name":"Frequenzumrichter, Softstarter und Bremsger\u00e4te direkt vom Hersteller","description":"","alternateName":"Frequenzumrichter, Softstarter und Bremsger\u00e4te direkt vom Hersteller","potentialAction":[{"@type":"SearchAction","target":{"@type":"EntryPoint","urlTemplate":"https:\/\/www.peter-electronic.com\/?s={search_term_string}"},"query-input":{"@type":"PropertyValueSpecification","valueRequired":true,"valueName":"search_term_string"}}],"inLanguage":"de"}]}},"_links":{"self":[{"href":"https:\/\/www.peter-electronic.com\/index.php?rest_route=\/wp\/v2\/pages\/4216","targetHints":{"allow":["GET"]}}],"collection":[{"href":"https:\/\/www.peter-electronic.com\/index.php?rest_route=\/wp\/v2\/pages"}],"about":[{"href":"https:\/\/www.peter-electronic.com\/index.php?rest_route=\/wp\/v2\/types\/page"}],"author":[{"embeddable":true,"href":"https:\/\/www.peter-electronic.com\/index.php?rest_route=\/wp\/v2\/users\/1"}],"replies":[{"embeddable":true,"href":"https:\/\/www.peter-electronic.com\/index.php?rest_route=%2Fwp%2Fv2%2Fcomments&post=4216"}],"version-history":[{"count":0,"href":"https:\/\/www.peter-electronic.com\/index.php?rest_route=\/wp\/v2\/pages\/4216\/revisions"}],"wp:attachment":[{"href":"https:\/\/www.peter-electronic.com\/index.php?rest_route=%2Fwp%2Fv2%2Fmedia&parent=4216"}],"curies":[{"name":"wp","href":"https:\/\/api.w.org\/{rel}","templated":true}]}}