{"id":414,"date":"2017-02-09T13:32:36","date_gmt":"2017-02-09T12:32:36","guid":{"rendered":"https:\/\/www.peter-electronic.com\/de\/?page_id=414"},"modified":"2026-04-07T11:51:00","modified_gmt":"2026-04-07T09:51:00","slug":"qualitaet","status":"publish","type":"page","link":"https:\/\/www.peter-electronic.com\/ueber-uns\/qualitaet\/","title":{"rendered":"Qualit\u00e4tsanspruch"},"content":{"rendered":"<h2>H\u00f6chste Qualit\u00e4t ist unser Anspruch<\/h2>\n<p>Die Zufriedenheit unserer Kunden hat den dauerhaften Erfolg unseres Unternehmens erm\u00f6glicht. Zu unserem 25-j\u00e4hrigen Firmenjubil\u00e4um im Jahr 2001 haben wir uns deshalb selbst beschenkt: Durch unsere Zertifizierung nach ISO 9001:2015 wurde von uns ein weiterer Meilenstein f\u00fcr noch besseren Service und h\u00f6chste Qualit\u00e4t gesetzt. Diesen Vorsprung werden Sie sp\u00fcren.<\/p>\n<p><img loading=\"lazy\" decoding=\"async\" class=\"alignnone size-full wp-image-10011\" src=\"https:\/\/www.peter-electronic.com\/wp-content\/uploads\/2023\/02\/lga_007_20151112-300x145-1.png\" alt=\"quali\" width=\"137\" height=\"66\" \/><\/p>\n<h2>Wir setzen neue Ma\u00dfst\u00e4be<\/h2>\n<p>Unser Anspruch ist es, die Erwartungen und W\u00fcnsche unserer Kunden zu \u00fcbertreffen. So arbeiten wir st\u00e4ndig und konsequent an Ihrer umfassenden Zufriedenheit und der kontinuierlichen Steigerung unserer Leistungsf\u00e4higkeit und Effektivit\u00e4t. So bieten wir Ihnen immer ein optimales Preis- Leistungsverh\u00e4ltnis.<\/p>\n<h2>Fixpunkte f\u00fcr unseren Qualit\u00e4tsanspruch<\/h2>\n<p>Um unsere Ziele zu verwirklichen, arbeitet unser Qualit\u00e4tsmanagement an folgenden Fixpunkten:<\/p>\n<ul>\n<li>konsequente Kundenorientierung<\/li>\n<li>spezifikationsgerechte Produkte h\u00f6chster Qualit\u00e4t<\/li>\n<li>Einhaltung aller relevanten Gesetze und Vorschriften<\/li>\n<li>Termintreue und hohe Zuverl\u00e4ssigkeit<\/li>\n<li>permanente Weiterbildung unserer Mitarbeiter<\/li>\n<\/ul>\n","protected":false},"excerpt":{"rendered":"<p>H\u00f6chste Qualit\u00e4t ist unser Anspruch Die Zufriedenheit unserer Kunden hat den dauerhaften Erfolg unseres Unternehmens erm\u00f6glicht. Zu unserem 25-j\u00e4hrigen Firmenjubil\u00e4um im Jahr 2001 haben wir uns deshalb selbst beschenkt: Durch unsere Zertifizierung nach ISO 9001:2015 wurde von uns ein weiterer Meilenstein f\u00fcr noch besseren Service und h\u00f6chste Qualit\u00e4t gesetzt. Diesen Vorsprung werden Sie sp\u00fcren. Wir [&hellip;]<\/p>\n","protected":false},"author":1,"featured_media":0,"parent":68,"menu_order":0,"comment_status":"closed","ping_status":"closed","template":"","meta":{"_acf_changed":false,"footnotes":""},"class_list":["post-414","page","type-page","status-publish","hentry"],"acf":[],"yoast_head":"<!-- This site is optimized with the Yoast SEO plugin v23.9 - https:\/\/yoast.com\/wordpress\/plugins\/seo\/ -->\n<title>Qualit\u00e4tsanspruch - Frequenzumrichter, Softstarter und Bremsger\u00e4te direkt vom Hersteller<\/title>\n<meta name=\"robots\" content=\"index, follow, max-snippet:-1, max-image-preview:large, max-video-preview:-1\" \/>\n<link rel=\"canonical\" href=\"https:\/\/www.peter-electronic.com\/ueber-uns\/qualitaet\/\" \/>\n<script type=\"application\/ld+json\" class=\"yoast-schema-graph\">{\"@context\":\"https:\/\/schema.org\",\"@graph\":[{\"@type\":\"WebPage\",\"@id\":\"https:\/\/www.peter-electronic.com\/ueber-uns\/qualitaet\/\",\"url\":\"https:\/\/www.peter-electronic.com\/ueber-uns\/qualitaet\/\",\"name\":\"Qualit\u00e4tsanspruch - Frequenzumrichter, Softstarter und Bremsger\u00e4te direkt vom Hersteller\",\"isPartOf\":{\"@id\":\"https:\/\/www.peter-electronic.com\/#website\"},\"primaryImageOfPage\":{\"@id\":\"https:\/\/www.peter-electronic.com\/ueber-uns\/qualitaet\/#primaryimage\"},\"image\":{\"@id\":\"https:\/\/www.peter-electronic.com\/ueber-uns\/qualitaet\/#primaryimage\"},\"thumbnailUrl\":\"https:\/\/www.peter-electronic.com\/wp-content\/uploads\/2023\/02\/lga_007_20151112-300x145-1.png\",\"datePublished\":\"2017-02-09T12:32:36+00:00\",\"dateModified\":\"2026-04-07T09:51:00+00:00\",\"breadcrumb\":{\"@id\":\"https:\/\/www.peter-electronic.com\/ueber-uns\/qualitaet\/#breadcrumb\"},\"inLanguage\":\"de\",\"potentialAction\":[{\"@type\":\"ReadAction\",\"target\":[\"https:\/\/www.peter-electronic.com\/ueber-uns\/qualitaet\/\"]}]},{\"@type\":\"ImageObject\",\"inLanguage\":\"de\",\"@id\":\"https:\/\/www.peter-electronic.com\/ueber-uns\/qualitaet\/#primaryimage\",\"url\":\"https:\/\/www.peter-electronic.com\/wp-content\/uploads\/2023\/02\/lga_007_20151112-300x145-1.png\",\"contentUrl\":\"https:\/\/www.peter-electronic.com\/wp-content\/uploads\/2023\/02\/lga_007_20151112-300x145-1.png\",\"width\":300,\"height\":145},{\"@type\":\"BreadcrumbList\",\"@id\":\"https:\/\/www.peter-electronic.com\/ueber-uns\/qualitaet\/#breadcrumb\",\"itemListElement\":[{\"@type\":\"ListItem\",\"position\":1,\"name\":\"Startseite\",\"item\":\"https:\/\/www.peter-electronic.com\/\"},{\"@type\":\"ListItem\",\"position\":2,\"name\":\"\u00dcber Uns\",\"item\":\"https:\/\/www.peter-electronic.com\/ueber-uns\/\"},{\"@type\":\"ListItem\",\"position\":3,\"name\":\"Qualit\u00e4tsanspruch\"}]},{\"@type\":\"WebSite\",\"@id\":\"https:\/\/www.peter-electronic.com\/#website\",\"url\":\"https:\/\/www.peter-electronic.com\/\",\"name\":\"Frequenzumrichter, Softstarter und Bremsger\u00e4te direkt vom Hersteller\",\"description\":\"\",\"alternateName\":\"Frequenzumrichter, Softstarter und Bremsger\u00e4te direkt vom Hersteller\",\"potentialAction\":[{\"@type\":\"SearchAction\",\"target\":{\"@type\":\"EntryPoint\",\"urlTemplate\":\"https:\/\/www.peter-electronic.com\/?s={search_term_string}\"},\"query-input\":{\"@type\":\"PropertyValueSpecification\",\"valueRequired\":true,\"valueName\":\"search_term_string\"}}],\"inLanguage\":\"de\"}]}<\/script>\n<!-- \/ Yoast SEO plugin. -->","yoast_head_json":{"title":"Qualit\u00e4tsanspruch - Frequenzumrichter, Softstarter und Bremsger\u00e4te direkt vom Hersteller","robots":{"index":"index","follow":"follow","max-snippet":"max-snippet:-1","max-image-preview":"max-image-preview:large","max-video-preview":"max-video-preview:-1"},"canonical":"https:\/\/www.peter-electronic.com\/ueber-uns\/qualitaet\/","schema":{"@context":"https:\/\/schema.org","@graph":[{"@type":"WebPage","@id":"https:\/\/www.peter-electronic.com\/ueber-uns\/qualitaet\/","url":"https:\/\/www.peter-electronic.com\/ueber-uns\/qualitaet\/","name":"Qualit\u00e4tsanspruch - Frequenzumrichter, Softstarter und Bremsger\u00e4te direkt vom Hersteller","isPartOf":{"@id":"https:\/\/www.peter-electronic.com\/#website"},"primaryImageOfPage":{"@id":"https:\/\/www.peter-electronic.com\/ueber-uns\/qualitaet\/#primaryimage"},"image":{"@id":"https:\/\/www.peter-electronic.com\/ueber-uns\/qualitaet\/#primaryimage"},"thumbnailUrl":"https:\/\/www.peter-electronic.com\/wp-content\/uploads\/2023\/02\/lga_007_20151112-300x145-1.png","datePublished":"2017-02-09T12:32:36+00:00","dateModified":"2026-04-07T09:51:00+00:00","breadcrumb":{"@id":"https:\/\/www.peter-electronic.com\/ueber-uns\/qualitaet\/#breadcrumb"},"inLanguage":"de","potentialAction":[{"@type":"ReadAction","target":["https:\/\/www.peter-electronic.com\/ueber-uns\/qualitaet\/"]}]},{"@type":"ImageObject","inLanguage":"de","@id":"https:\/\/www.peter-electronic.com\/ueber-uns\/qualitaet\/#primaryimage","url":"https:\/\/www.peter-electronic.com\/wp-content\/uploads\/2023\/02\/lga_007_20151112-300x145-1.png","contentUrl":"https:\/\/www.peter-electronic.com\/wp-content\/uploads\/2023\/02\/lga_007_20151112-300x145-1.png","width":300,"height":145},{"@type":"BreadcrumbList","@id":"https:\/\/www.peter-electronic.com\/ueber-uns\/qualitaet\/#breadcrumb","itemListElement":[{"@type":"ListItem","position":1,"name":"Startseite","item":"https:\/\/www.peter-electronic.com\/"},{"@type":"ListItem","position":2,"name":"\u00dcber Uns","item":"https:\/\/www.peter-electronic.com\/ueber-uns\/"},{"@type":"ListItem","position":3,"name":"Qualit\u00e4tsanspruch"}]},{"@type":"WebSite","@id":"https:\/\/www.peter-electronic.com\/#website","url":"https:\/\/www.peter-electronic.com\/","name":"Frequenzumrichter, Softstarter und Bremsger\u00e4te direkt vom Hersteller","description":"","alternateName":"Frequenzumrichter, Softstarter und Bremsger\u00e4te direkt vom Hersteller","potentialAction":[{"@type":"SearchAction","target":{"@type":"EntryPoint","urlTemplate":"https:\/\/www.peter-electronic.com\/?s={search_term_string}"},"query-input":{"@type":"PropertyValueSpecification","valueRequired":true,"valueName":"search_term_string"}}],"inLanguage":"de"}]}},"_links":{"self":[{"href":"https:\/\/www.peter-electronic.com\/index.php?rest_route=\/wp\/v2\/pages\/414","targetHints":{"allow":["GET"]}}],"collection":[{"href":"https:\/\/www.peter-electronic.com\/index.php?rest_route=\/wp\/v2\/pages"}],"about":[{"href":"https:\/\/www.peter-electronic.com\/index.php?rest_route=\/wp\/v2\/types\/page"}],"author":[{"embeddable":true,"href":"https:\/\/www.peter-electronic.com\/index.php?rest_route=\/wp\/v2\/users\/1"}],"replies":[{"embeddable":true,"href":"https:\/\/www.peter-electronic.com\/index.php?rest_route=%2Fwp%2Fv2%2Fcomments&post=414"}],"version-history":[{"count":4,"href":"https:\/\/www.peter-electronic.com\/index.php?rest_route=\/wp\/v2\/pages\/414\/revisions"}],"predecessor-version":[{"id":18925,"href":"https:\/\/www.peter-electronic.com\/index.php?rest_route=\/wp\/v2\/pages\/414\/revisions\/18925"}],"up":[{"embeddable":true,"href":"https:\/\/www.peter-electronic.com\/index.php?rest_route=\/wp\/v2\/pages\/68"}],"wp:attachment":[{"href":"https:\/\/www.peter-electronic.com\/index.php?rest_route=%2Fwp%2Fv2%2Fmedia&parent=414"}],"curies":[{"name":"wp","href":"https:\/\/api.w.org\/{rel}","templated":true}]}}