{"id":3579,"date":"2018-04-30T13:16:19","date_gmt":"2018-04-30T11:16:19","guid":{"rendered":"https:\/\/www.peter-electronic.com\/de\/?page_id=3579"},"modified":"2018-04-30T13:16:19","modified_gmt":"2018-04-30T11:16:19","slug":"produktvideos","status":"publish","type":"page","link":"https:\/\/www.peter-electronic.com\/service\/produktvideos\/","title":{"rendered":"Produktvideos"},"content":{"rendered":"<p><iframe loading=\"lazy\" src=\"https:\/\/www.youtube.com\/embed\/JMREH5cy8y0?rel=0\" width=\"560\" height=\"315\" frameborder=\"0\" allowfullscreen=\"allowfullscreen\"><\/iframe><\/p>\n<hr \/>\n<h2>Frequenzumrichter Serie - VersiDrive i E3\/3E3<\/h2>\n<p>Die neue Frequenzumrichter Serie VersiDrive i E3\/3E3 mit punktgenauer, bedarfsgerechter Drehzahlregelung bringt Ihre Elektroantriebe energiesparend auf Touren. Durch intuitive Bedienung und anwenderfreundliche Tools ist eine unglaublich schnelle Inbetriebnahme gew\u00e4hrleistet. F\u00fcr einen individuellen Einsatz nach Ihren Anforderungen stehen unterschiedliche Leistungs- und Baugr\u00f6\u00dfen zur Verf\u00fcgung.<\/p>\n<hr \/>\n<p>&nbsp;<\/p>\n<p><iframe loading=\"lazy\" src=\"https:\/\/www.youtube.com\/embed\/U6N5QUdvt1E?rel=0\" width=\"560\" height=\"315\" frameborder=\"0\" allowfullscreen=\"allowfullscreen\"><\/iframe><\/p>\n<hr \/>\n<h2>Softstarter - VersiStart p<\/h2>\n<p>Der neu definierte Softstarter VersiStart p startet und stoppt Ihre Maschinen pr\u00e4zise, steigert die Produktivit\u00e4t Ihrer Applikation und spart Energiekosten. Aussagekr\u00e4ftige Daten werden an Betreiber und Automatisierungssysteme im Werk geliefert. F\u00fcr einen individuellen Einsatz nach Ihren Anforderungen stehen unterschiedliche Leistungs- und Baugr\u00f6\u00dfen zur Verf\u00fcgung.<\/p>\n<hr \/>\n<p><iframe loading=\"lazy\" src=\"https:\/\/www.youtube.com\/embed\/KtnoNbJ28H4?rel=0\" width=\"560\" height=\"315\" frameborder=\"0\" allowfullscreen=\"allowfullscreen\"><\/iframe><\/p>\n<hr \/>\n<h2>Motorstart-Bremskombination - VersiComb II Safe<\/h2>\n<p>Die neue Motorstart-Bremskombination VersiComb II Safe erf\u00fcllt heute schon die Anforderungen f\u00fcr Motoren der Effizienzklasse IE3. Die Sicherheitsfunktionen nach Kategorie 2, PLc und SIL 1 sind bereits implementiert. F\u00fcr einen individuellen Einsatz nach Ihren Anforderungen stehen unterschiedliche Leistungs- und Baugr\u00f6\u00dfen zur Verf\u00fcgung.<\/p>\n<hr \/>\n","protected":false},"excerpt":{"rendered":"<p>Frequenzumrichter Serie &#8211; VersiDrive i E3\/3E3 Die neue Frequenzumrichter Serie VersiDrive i E3\/3E3 mit punktgenauer, bedarfsgerechter Drehzahlregelung bringt Ihre Elektroantriebe energiesparend auf Touren. Durch intuitive Bedienung und anwenderfreundliche Tools ist eine unglaublich schnelle Inbetriebnahme gew\u00e4hrleistet. F\u00fcr einen individuellen Einsatz nach Ihren Anforderungen stehen unterschiedliche Leistungs- und Baugr\u00f6\u00dfen zur Verf\u00fcgung. &nbsp; Softstarter &#8211; VersiStart p Der [&hellip;]<\/p>\n","protected":false},"author":1,"featured_media":0,"parent":52,"menu_order":0,"comment_status":"closed","ping_status":"closed","template":"","meta":{"_acf_changed":false,"footnotes":""},"class_list":["post-3579","page","type-page","status-publish","hentry"],"acf":[],"yoast_head":"<!-- This site is optimized with the Yoast SEO plugin v23.9 - https:\/\/yoast.com\/wordpress\/plugins\/seo\/ -->\n<title>Produktvideos f\u00fcr Frequenzumrichter, Softstarter, Bremsger\u00e4te<\/title>\n<meta name=\"description\" content=\"In unseren Produktvideos erhalten Sie weitere detaillierte, technische Informationen zu Frequenzumrichter, Softstarter und Bremsger\u00e4te.\" \/>\n<meta name=\"robots\" content=\"index, follow, max-snippet:-1, max-image-preview:large, max-video-preview:-1\" \/>\n<link rel=\"canonical\" href=\"https:\/\/www.peter-electronic.com\/service\/produktvideos\/\" \/>\n<script type=\"application\/ld+json\" class=\"yoast-schema-graph\">{\"@context\":\"https:\/\/schema.org\",\"@graph\":[{\"@type\":\"WebPage\",\"@id\":\"https:\/\/www.peter-electronic.com\/service\/produktvideos\/\",\"url\":\"https:\/\/www.peter-electronic.com\/service\/produktvideos\/\",\"name\":\"Produktvideos f\u00fcr Frequenzumrichter, Softstarter, Bremsger\u00e4te\",\"isPartOf\":{\"@id\":\"https:\/\/www.peter-electronic.com\/#website\"},\"datePublished\":\"2018-04-30T11:16:19+00:00\",\"dateModified\":\"2018-04-30T11:16:19+00:00\",\"description\":\"In unseren Produktvideos erhalten Sie weitere detaillierte, technische Informationen zu Frequenzumrichter, Softstarter und Bremsger\u00e4te.\",\"breadcrumb\":{\"@id\":\"https:\/\/www.peter-electronic.com\/service\/produktvideos\/#breadcrumb\"},\"inLanguage\":\"de\",\"potentialAction\":[{\"@type\":\"ReadAction\",\"target\":[\"https:\/\/www.peter-electronic.com\/service\/produktvideos\/\"]}]},{\"@type\":\"BreadcrumbList\",\"@id\":\"https:\/\/www.peter-electronic.com\/service\/produktvideos\/#breadcrumb\",\"itemListElement\":[{\"@type\":\"ListItem\",\"position\":1,\"name\":\"Startseite\",\"item\":\"https:\/\/www.peter-electronic.com\/\"},{\"@type\":\"ListItem\",\"position\":2,\"name\":\"Service\",\"item\":\"https:\/\/www.peter-electronic.com\/service\/\"},{\"@type\":\"ListItem\",\"position\":3,\"name\":\"Produktvideos\"}]},{\"@type\":\"WebSite\",\"@id\":\"https:\/\/www.peter-electronic.com\/#website\",\"url\":\"https:\/\/www.peter-electronic.com\/\",\"name\":\"Frequenzumrichter, Softstarter und Bremsger\u00e4te direkt vom Hersteller\",\"description\":\"\",\"alternateName\":\"Frequenzumrichter, Softstarter und Bremsger\u00e4te direkt vom Hersteller\",\"potentialAction\":[{\"@type\":\"SearchAction\",\"target\":{\"@type\":\"EntryPoint\",\"urlTemplate\":\"https:\/\/www.peter-electronic.com\/?s={search_term_string}\"},\"query-input\":{\"@type\":\"PropertyValueSpecification\",\"valueRequired\":true,\"valueName\":\"search_term_string\"}}],\"inLanguage\":\"de\"}]}<\/script>\n<!-- \/ Yoast SEO plugin. -->","yoast_head_json":{"title":"Produktvideos f\u00fcr Frequenzumrichter, Softstarter, Bremsger\u00e4te","description":"In unseren Produktvideos erhalten Sie weitere detaillierte, technische Informationen zu Frequenzumrichter, Softstarter und Bremsger\u00e4te.","robots":{"index":"index","follow":"follow","max-snippet":"max-snippet:-1","max-image-preview":"max-image-preview:large","max-video-preview":"max-video-preview:-1"},"canonical":"https:\/\/www.peter-electronic.com\/service\/produktvideos\/","schema":{"@context":"https:\/\/schema.org","@graph":[{"@type":"WebPage","@id":"https:\/\/www.peter-electronic.com\/service\/produktvideos\/","url":"https:\/\/www.peter-electronic.com\/service\/produktvideos\/","name":"Produktvideos f\u00fcr Frequenzumrichter, Softstarter, Bremsger\u00e4te","isPartOf":{"@id":"https:\/\/www.peter-electronic.com\/#website"},"datePublished":"2018-04-30T11:16:19+00:00","dateModified":"2018-04-30T11:16:19+00:00","description":"In unseren Produktvideos erhalten Sie weitere detaillierte, technische Informationen zu Frequenzumrichter, Softstarter und Bremsger\u00e4te.","breadcrumb":{"@id":"https:\/\/www.peter-electronic.com\/service\/produktvideos\/#breadcrumb"},"inLanguage":"de","potentialAction":[{"@type":"ReadAction","target":["https:\/\/www.peter-electronic.com\/service\/produktvideos\/"]}]},{"@type":"BreadcrumbList","@id":"https:\/\/www.peter-electronic.com\/service\/produktvideos\/#breadcrumb","itemListElement":[{"@type":"ListItem","position":1,"name":"Startseite","item":"https:\/\/www.peter-electronic.com\/"},{"@type":"ListItem","position":2,"name":"Service","item":"https:\/\/www.peter-electronic.com\/service\/"},{"@type":"ListItem","position":3,"name":"Produktvideos"}]},{"@type":"WebSite","@id":"https:\/\/www.peter-electronic.com\/#website","url":"https:\/\/www.peter-electronic.com\/","name":"Frequenzumrichter, Softstarter und Bremsger\u00e4te direkt vom Hersteller","description":"","alternateName":"Frequenzumrichter, Softstarter und Bremsger\u00e4te direkt vom Hersteller","potentialAction":[{"@type":"SearchAction","target":{"@type":"EntryPoint","urlTemplate":"https:\/\/www.peter-electronic.com\/?s={search_term_string}"},"query-input":{"@type":"PropertyValueSpecification","valueRequired":true,"valueName":"search_term_string"}}],"inLanguage":"de"}]}},"_links":{"self":[{"href":"https:\/\/www.peter-electronic.com\/index.php?rest_route=\/wp\/v2\/pages\/3579","targetHints":{"allow":["GET"]}}],"collection":[{"href":"https:\/\/www.peter-electronic.com\/index.php?rest_route=\/wp\/v2\/pages"}],"about":[{"href":"https:\/\/www.peter-electronic.com\/index.php?rest_route=\/wp\/v2\/types\/page"}],"author":[{"embeddable":true,"href":"https:\/\/www.peter-electronic.com\/index.php?rest_route=\/wp\/v2\/users\/1"}],"replies":[{"embeddable":true,"href":"https:\/\/www.peter-electronic.com\/index.php?rest_route=%2Fwp%2Fv2%2Fcomments&post=3579"}],"version-history":[{"count":0,"href":"https:\/\/www.peter-electronic.com\/index.php?rest_route=\/wp\/v2\/pages\/3579\/revisions"}],"up":[{"embeddable":true,"href":"https:\/\/www.peter-electronic.com\/index.php?rest_route=\/wp\/v2\/pages\/52"}],"wp:attachment":[{"href":"https:\/\/www.peter-electronic.com\/index.php?rest_route=%2Fwp%2Fv2%2Fmedia&parent=3579"}],"curies":[{"name":"wp","href":"https:\/\/api.w.org\/{rel}","templated":true}]}}