{"id":3294,"date":"2018-04-30T15:19:43","date_gmt":"2018-04-30T13:19:43","guid":{"rendered":"https:\/\/www.peter-electronic.com\/de\/?page_id=3294"},"modified":"2026-02-23T09:02:36","modified_gmt":"2026-02-23T08:02:36","slug":"karriere","status":"publish","type":"page","link":"https:\/\/www.peter-electronic.com\/ueber-uns\/karriere\/","title":{"rendered":"Karriere"},"content":{"rendered":"<p>PETER electronic ist seit 1976 konsequent auf die Entwicklung und Produktion von elektronischen Komponenten zur Steuerung und Regelung von Elektromotoren spezialisiert. Unser innovatives Produktspektrum wird st\u00e4ndig \u00fcberarbeitet und setzt so Akzente am Puls der Technik. Zu unserem Angebot von Steuer- und Regelger\u00e4ten f\u00fcr Drehstrom-, Asynchron- und Gleichstrommotoren geh\u00f6ren Sanftanlaufger\u00e4te, Gleichstrombremsen, Frequenzumrichter, Sanftanlauf-Bremskombinationen, Thyristor- und Transistorregler sowie Ger\u00e4te f\u00fcr die Sicherheitstechnik.<\/p>\n<p>Unser Unternehmen z\u00e4hlt auf kundenorientierten Service, der von engagierten und motivierten Mitarbeitern lebt. Deshalb suchen wir Sie!<\/p>\n<h2>Bewerben Sie sich bei uns<\/h2>\n<div class=\"spacer\">\n<hr \/>\n<\/div>\n<p><!-- Aktuell haben wir folgende Stellen zu besetzen: \/\/--><br \/>\nAktuell haben wir keine Stellen zu besetzen<br \/>\n<!-- \n\n<h3><a href=\"https:\/\/www.peter-electronic.com\/ueber-uns\/karriere\/elektroniker\/\">Elektroniker f\u00fcr Ger\u00e4te und Systeme (m\/w\/d)<\/a><\/h3>\n\n\n\n\n<h3><a href=\"https:\/\/www.peter-electronic.com\/ueber-uns\/karriere\/automatisierungstechniker-m-w-d\/\">Automatisierungstechniker (m\/w\/d)<\/a><\/h3>\n\n\n\n\n<h3><a href=\"https:\/\/www.peter-electronic.com\/ueber-uns\/karriere\/hardwaredesigner-w-m-d\/\">Hardwaredesigner (m\/w\/d) f\u00fcr die Entwicklungsabteilung<\/a><\/h3>\n\n\n\n\n<h3><a href=\"https:\/\/www.peter-electronic.com\/ueber-uns\/karriere\/kaufmaennisch-angestellter\/\">Kaufm\u00e4nnischer Angestellter (m\/w\/d)<\/a><\/h3>\n\n \/\/--><br \/>\n&nbsp;<\/p>\n<p><!--Aktuell sind leider keine Stellen vakant. F\u00fcr qualifizierte Arbeitskr\u00e4fte sind wir allerdings immer offen. Schreiben Sie uns einfach!--><\/p>\n<div class=\"spacer\">\n<hr \/>\n<\/div>\n<p>F\u00fcr qualifizierte Arbeitskr\u00e4fte sind wir immer offen. Schreiben Sie uns einfach!<\/p>\n<p><a href=\"mailto:s.kastl@peter-electronic.com\">Jetzt initiativ bewerben<\/a><\/p>\n<h2><\/h2>\n","protected":false},"excerpt":{"rendered":"<p>PETER electronic ist seit 1976 konsequent auf die Entwicklung und Produktion von elektronischen Komponenten zur Steuerung und Regelung von Elektromotoren spezialisiert. Unser innovatives Produktspektrum wird st\u00e4ndig \u00fcberarbeitet und setzt so Akzente am Puls der Technik. Zu unserem Angebot von Steuer- und Regelger\u00e4ten f\u00fcr Drehstrom-, Asynchron- und Gleichstrommotoren geh\u00f6ren Sanftanlaufger\u00e4te, Gleichstrombremsen, Frequenzumrichter, Sanftanlauf-Bremskombinationen, Thyristor- und Transistorregler [&hellip;]<\/p>\n","protected":false},"author":1,"featured_media":0,"parent":68,"menu_order":1,"comment_status":"closed","ping_status":"closed","template":"","meta":{"_acf_changed":false,"footnotes":""},"class_list":["post-3294","page","type-page","status-publish","hentry"],"acf":[],"yoast_head":"<!-- This site is optimized with the Yoast SEO plugin v23.9 - https:\/\/yoast.com\/wordpress\/plugins\/seo\/ -->\n<title>Karriere - Frequenzumrichter, Softstarter und Bremsger\u00e4te direkt vom Hersteller<\/title>\n<meta name=\"robots\" content=\"index, follow, max-snippet:-1, max-image-preview:large, max-video-preview:-1\" \/>\n<link rel=\"canonical\" href=\"https:\/\/www.peter-electronic.com\/ueber-uns\/karriere\/\" \/>\n<script type=\"application\/ld+json\" class=\"yoast-schema-graph\">{\"@context\":\"https:\/\/schema.org\",\"@graph\":[{\"@type\":\"WebPage\",\"@id\":\"https:\/\/www.peter-electronic.com\/ueber-uns\/karriere\/\",\"url\":\"https:\/\/www.peter-electronic.com\/ueber-uns\/karriere\/\",\"name\":\"Karriere - Frequenzumrichter, Softstarter und Bremsger\u00e4te direkt vom Hersteller\",\"isPartOf\":{\"@id\":\"https:\/\/www.peter-electronic.com\/#website\"},\"datePublished\":\"2018-04-30T13:19:43+00:00\",\"dateModified\":\"2026-02-23T08:02:36+00:00\",\"breadcrumb\":{\"@id\":\"https:\/\/www.peter-electronic.com\/ueber-uns\/karriere\/#breadcrumb\"},\"inLanguage\":\"de\",\"potentialAction\":[{\"@type\":\"ReadAction\",\"target\":[\"https:\/\/www.peter-electronic.com\/ueber-uns\/karriere\/\"]}]},{\"@type\":\"BreadcrumbList\",\"@id\":\"https:\/\/www.peter-electronic.com\/ueber-uns\/karriere\/#breadcrumb\",\"itemListElement\":[{\"@type\":\"ListItem\",\"position\":1,\"name\":\"Startseite\",\"item\":\"https:\/\/www.peter-electronic.com\/\"},{\"@type\":\"ListItem\",\"position\":2,\"name\":\"\u00dcber Uns\",\"item\":\"https:\/\/www.peter-electronic.com\/ueber-uns\/\"},{\"@type\":\"ListItem\",\"position\":3,\"name\":\"Karriere\"}]},{\"@type\":\"WebSite\",\"@id\":\"https:\/\/www.peter-electronic.com\/#website\",\"url\":\"https:\/\/www.peter-electronic.com\/\",\"name\":\"Frequenzumrichter, Softstarter und Bremsger\u00e4te direkt vom Hersteller\",\"description\":\"\",\"alternateName\":\"Frequenzumrichter, Softstarter und Bremsger\u00e4te direkt vom Hersteller\",\"potentialAction\":[{\"@type\":\"SearchAction\",\"target\":{\"@type\":\"EntryPoint\",\"urlTemplate\":\"https:\/\/www.peter-electronic.com\/?s={search_term_string}\"},\"query-input\":{\"@type\":\"PropertyValueSpecification\",\"valueRequired\":true,\"valueName\":\"search_term_string\"}}],\"inLanguage\":\"de\"}]}<\/script>\n<!-- \/ Yoast SEO plugin. -->","yoast_head_json":{"title":"Karriere - Frequenzumrichter, Softstarter und Bremsger\u00e4te direkt vom Hersteller","robots":{"index":"index","follow":"follow","max-snippet":"max-snippet:-1","max-image-preview":"max-image-preview:large","max-video-preview":"max-video-preview:-1"},"canonical":"https:\/\/www.peter-electronic.com\/ueber-uns\/karriere\/","schema":{"@context":"https:\/\/schema.org","@graph":[{"@type":"WebPage","@id":"https:\/\/www.peter-electronic.com\/ueber-uns\/karriere\/","url":"https:\/\/www.peter-electronic.com\/ueber-uns\/karriere\/","name":"Karriere - Frequenzumrichter, Softstarter und Bremsger\u00e4te direkt vom Hersteller","isPartOf":{"@id":"https:\/\/www.peter-electronic.com\/#website"},"datePublished":"2018-04-30T13:19:43+00:00","dateModified":"2026-02-23T08:02:36+00:00","breadcrumb":{"@id":"https:\/\/www.peter-electronic.com\/ueber-uns\/karriere\/#breadcrumb"},"inLanguage":"de","potentialAction":[{"@type":"ReadAction","target":["https:\/\/www.peter-electronic.com\/ueber-uns\/karriere\/"]}]},{"@type":"BreadcrumbList","@id":"https:\/\/www.peter-electronic.com\/ueber-uns\/karriere\/#breadcrumb","itemListElement":[{"@type":"ListItem","position":1,"name":"Startseite","item":"https:\/\/www.peter-electronic.com\/"},{"@type":"ListItem","position":2,"name":"\u00dcber Uns","item":"https:\/\/www.peter-electronic.com\/ueber-uns\/"},{"@type":"ListItem","position":3,"name":"Karriere"}]},{"@type":"WebSite","@id":"https:\/\/www.peter-electronic.com\/#website","url":"https:\/\/www.peter-electronic.com\/","name":"Frequenzumrichter, Softstarter und Bremsger\u00e4te direkt vom Hersteller","description":"","alternateName":"Frequenzumrichter, Softstarter und Bremsger\u00e4te direkt vom Hersteller","potentialAction":[{"@type":"SearchAction","target":{"@type":"EntryPoint","urlTemplate":"https:\/\/www.peter-electronic.com\/?s={search_term_string}"},"query-input":{"@type":"PropertyValueSpecification","valueRequired":true,"valueName":"search_term_string"}}],"inLanguage":"de"}]}},"_links":{"self":[{"href":"https:\/\/www.peter-electronic.com\/index.php?rest_route=\/wp\/v2\/pages\/3294","targetHints":{"allow":["GET"]}}],"collection":[{"href":"https:\/\/www.peter-electronic.com\/index.php?rest_route=\/wp\/v2\/pages"}],"about":[{"href":"https:\/\/www.peter-electronic.com\/index.php?rest_route=\/wp\/v2\/types\/page"}],"author":[{"embeddable":true,"href":"https:\/\/www.peter-electronic.com\/index.php?rest_route=\/wp\/v2\/users\/1"}],"replies":[{"embeddable":true,"href":"https:\/\/www.peter-electronic.com\/index.php?rest_route=%2Fwp%2Fv2%2Fcomments&post=3294"}],"version-history":[{"count":5,"href":"https:\/\/www.peter-electronic.com\/index.php?rest_route=\/wp\/v2\/pages\/3294\/revisions"}],"predecessor-version":[{"id":16807,"href":"https:\/\/www.peter-electronic.com\/index.php?rest_route=\/wp\/v2\/pages\/3294\/revisions\/16807"}],"up":[{"embeddable":true,"href":"https:\/\/www.peter-electronic.com\/index.php?rest_route=\/wp\/v2\/pages\/68"}],"wp:attachment":[{"href":"https:\/\/www.peter-electronic.com\/index.php?rest_route=%2Fwp%2Fv2%2Fmedia&parent=3294"}],"curies":[{"name":"wp","href":"https:\/\/api.w.org\/{rel}","templated":true}]}}